{"id":16,"date":"2025-04-09T11:59:10","date_gmt":"2025-04-09T11:59:10","guid":{"rendered":"https:\/\/blog.pilapk.com\/?page_id=16"},"modified":"2025-04-09T11:59:12","modified_gmt":"2025-04-09T11:59:12","slug":"zasady-ochrany-osobnich-udaju","status":"publish","type":"page","link":"https:\/\/blog.pilapk.com\/cs\/privacy-policy\/","title":{"rendered":"Z\u00e1sady ochrany osobn\u00edch \u00fadaj\u016f"},"content":{"rendered":"<p>Va\u0161e soukrom\u00ed je pro n\u00e1s d\u016fle\u017eit\u00e9. Z\u00e1sadou spole\u010dnosti pilapk je respektovat va\u0161e soukrom\u00ed, pokud jde o ve\u0161ker\u00e9 informace, kter\u00e9 od v\u00e1s m\u016f\u017eeme shroma\u017e\u010fovat na na\u0161ich webov\u00fdch str\u00e1nk\u00e1ch. <a href=\"https:\/\/blog.pilapk.com\/cs\/\">pilap<\/a>a dal\u0161\u00ed weby, kter\u00e9 vlastn\u00edme a provozujeme.<\/p>\n\n\n\n<p>Osobn\u00ed \u00fadaje po\u017eadujeme pouze tehdy, kdy\u017e je skute\u010dn\u011b pot\u0159ebujeme k poskytnut\u00ed slu\u017eby. Shroma\u017e\u010fujeme je spravedliv\u00fdmi a z\u00e1konn\u00fdmi prost\u0159edky s va\u0161\u00edm v\u011bdom\u00edm a souhlasem. Tak\u00e9 v\u00e1s informujeme, pro\u010d je shroma\u017e\u010fujeme a jak budou pou\u017eity.<\/p>\n\n\n\n<p>Shrom\u00e1\u017ed\u011bn\u00e9 informace uchov\u00e1v\u00e1me pouze po dobu nezbytn\u011b nutnou k poskytnut\u00ed po\u017eadovan\u00e9 slu\u017eby. Uchov\u00e1van\u00e9 \u00fadaje budeme chr\u00e1nit komer\u010dn\u011b p\u0159ijateln\u00fdmi prost\u0159edky, abychom zabr\u00e1nili jejich ztr\u00e1t\u011b a kr\u00e1de\u017ei, jako\u017e i neopr\u00e1vn\u011bn\u00e9mu p\u0159\u00edstupu, zve\u0159ejn\u011bn\u00ed, kop\u00edrov\u00e1n\u00ed, pou\u017eit\u00ed nebo \u00faprav\u011b.<\/p>\n\n\n\n<p>Nesd\u00edl\u00edme \u017e\u00e1dn\u00e9 osobn\u00ed \u00fadaje ve\u0159ejn\u011b ani s t\u0159et\u00edmi stranami, s v\u00fdjimkou p\u0159\u00edpad\u016f, kdy to vy\u017eaduje z\u00e1kon.<\/p>\n\n\n\n<p>Na\u0161e webov\u00e9 str\u00e1nky mohou odkazovat na extern\u00ed str\u00e1nky, kter\u00e9 neprovozujeme. Upozor\u0148ujeme, \u017ee nem\u00e1me \u017e\u00e1dnou kontrolu nad obsahem a postupy t\u011bchto str\u00e1nek a nem\u016f\u017eeme n\u00e9st odpov\u011bdnost za jejich p\u0159\u00edslu\u0161n\u00e9 z\u00e1sady ochrany osobn\u00edch \u00fadaj\u016f.<\/p>\n\n\n\n<p>\u017d\u00e1dost o va\u0161e osobn\u00ed \u00fadaje m\u016f\u017eete odm\u00edtnout s t\u00edm, \u017ee v\u00e1m mo\u017en\u00e1 nebudeme moci poskytnout n\u011bkter\u00e9 z v\u00e1mi po\u017eadovan\u00fdch slu\u017eeb.<\/p>\n\n\n\n<p>Va\u0161e dal\u0161\u00ed pou\u017e\u00edv\u00e1n\u00ed na\u0161ich webov\u00fdch str\u00e1nek bude pova\u017eov\u00e1no za souhlas s na\u0161imi postupy t\u00fdkaj\u00edc\u00edmi se ochrany osobn\u00edch \u00fadaj\u016f a osobn\u00edch \u00fadaj\u016f. M\u00e1te-li jak\u00e9koli dotazy ohledn\u011b toho, jak nakl\u00e1d\u00e1me s u\u017eivatelsk\u00fdmi \u00fadaji a osobn\u00edmi \u00fadaji, nev\u00e1hejte n\u00e1s kontaktovat.<\/p>\n\n\n\n<h2 class=\"wp-block-heading\">Z\u00e1sady pou\u017e\u00edv\u00e1n\u00ed soubor\u016f cookie pro pilapk<\/h2>\n\n\n\n<p>Toto jsou Z\u00e1sady pou\u017e\u00edv\u00e1n\u00ed soubor\u016f cookie pro pilapk, kter\u00e9 jsou dostupn\u00e9 z URL adresy https:\/\/blog.pilapk.com\/.<\/p>\n\n\n\n<h3 class=\"wp-block-heading\">Co jsou soubory cookie<\/h3>\n\n\n\n<p>Jak je b\u011b\u017enou prax\u00ed u t\u00e9m\u011b\u0159 v\u0161ech profesion\u00e1ln\u00edch webov\u00fdch str\u00e1nek, i tyto str\u00e1nky pou\u017e\u00edvaj\u00ed soubory cookie, co\u017e jsou mal\u00e9 soubory, kter\u00e9 se stahuj\u00ed do va\u0161eho po\u010d\u00edta\u010de, aby se zlep\u0161il v\u00e1\u0161 z\u00e1\u017eitek. Tato str\u00e1nka popisuje, jak\u00e9 informace shroma\u017e\u010fuj\u00ed, jak je pou\u017e\u00edv\u00e1me a pro\u010d n\u011bkdy pot\u0159ebujeme tyto soubory cookie ukl\u00e1dat. Tak\u00e9 se pod\u011bl\u00edme o to, jak m\u016f\u017eete ukl\u00e1d\u00e1n\u00ed t\u011bchto soubor\u016f cookie zabr\u00e1nit, nicm\u00e9n\u011b to m\u016f\u017ee sn\u00ed\u017eit nebo naru\u0161it funk\u010dnost n\u011bkter\u00fdch prvk\u016f str\u00e1nek.<\/p>\n\n\n\n<h3 class=\"wp-block-heading\">Jak pou\u017e\u00edv\u00e1me soubory cookie<\/h3>\n\n\n\n<p>Soubory cookie pou\u017e\u00edv\u00e1me z r\u016fzn\u00fdch d\u016fvod\u016f, kter\u00e9 jsou podrobn\u011bji pops\u00e1ny n\u00ed\u017ee. Bohu\u017eel ve v\u011bt\u0161in\u011b p\u0159\u00edpad\u016f neexistuj\u00ed \u017e\u00e1dn\u00e9 standardn\u00ed mo\u017enosti pro zak\u00e1z\u00e1n\u00ed soubor\u016f cookie bez \u00fapln\u00e9ho zak\u00e1z\u00e1n\u00ed funkc\u00ed a vlastnost\u00ed, kter\u00e9 na tento web p\u0159id\u00e1vaj\u00ed. Doporu\u010duje se ponechat v\u0161echny soubory cookie zapnut\u00e9, pokud si nejste jisti, zda je pot\u0159ebujete, \u010di nikoli, v p\u0159\u00edpad\u011b, \u017ee se pou\u017e\u00edvaj\u00ed k poskytov\u00e1n\u00ed slu\u017eby, kterou pou\u017e\u00edv\u00e1te.<\/p>\n\n\n\n<h3 class=\"wp-block-heading\">Zak\u00e1z\u00e1n\u00ed soubor\u016f cookie<\/h3>\n\n\n\n<p>Nastaven\u00ed soubor\u016f cookie m\u016f\u017eete zabr\u00e1nit \u00fapravou nastaven\u00ed ve va\u0161em prohl\u00ed\u017ee\u010di (postup naleznete v n\u00e1pov\u011bd\u011b k va\u0161emu prohl\u00ed\u017ee\u010di). Upozor\u0148ujeme, \u017ee zak\u00e1z\u00e1n\u00ed soubor\u016f cookie ovlivn\u00ed funk\u010dnost tohoto a mnoha dal\u0161\u00edch webov\u00fdch str\u00e1nek, kter\u00e9 nav\u0161t\u011bvujete. Zak\u00e1z\u00e1n\u00ed soubor\u016f cookie obvykle vede tak\u00e9 k zak\u00e1z\u00e1n\u00ed ur\u010dit\u00fdch funkc\u00ed a vlastnost\u00ed tohoto webu. Proto se doporu\u010duje soubory cookie nezakazovat.<\/p>\n\n\n\n<h3 class=\"wp-block-heading\">Soubory cookie, kter\u00e9 nastavujeme<\/h3>\n\n\n\n<h3 class=\"wp-block-heading\">Soubory cookie t\u0159et\u00edch stran<\/h3>\n\n\n\n<p>V n\u011bkter\u00fdch zvl\u00e1\u0161tn\u00edch p\u0159\u00edpadech pou\u017e\u00edv\u00e1me tak\u00e9 soubory cookie poskytovan\u00e9 d\u016fv\u011bryhodn\u00fdmi t\u0159et\u00edmi stranami. N\u00e1sleduj\u00edc\u00ed \u010d\u00e1st podrobn\u011b popisuje, se kter\u00fdmi soubory cookie t\u0159et\u00edch stran se m\u016f\u017eete na t\u011bchto str\u00e1nk\u00e1ch setkat.<\/p>\n\n\n\n<ul class=\"wp-block-list\">\n<li>Slu\u017eba Google AdSense, kterou pou\u017e\u00edv\u00e1me k zobrazov\u00e1n\u00ed reklamy, pou\u017e\u00edv\u00e1 soubor cookie DoubleClick k zobrazov\u00e1n\u00ed relevantn\u011bj\u0161\u00edch reklam na webu a k omezen\u00ed po\u010dtu zobrazen\u00ed dan\u00e9 reklamy.<\/li>\n\n\n\n<li>V\u00edce informac\u00ed o slu\u017eb\u011b Google AdSense naleznete v ofici\u00e1ln\u00edch \u010casto kladen\u00fdch ot\u00e1zk\u00e1ch ochrany osobn\u00edch \u00fadaj\u016f v Google AdSense.<\/li>\n\n\n\n<li>Reklamy pou\u017e\u00edv\u00e1me k pokryt\u00ed n\u00e1klad\u016f na provoz t\u011bchto str\u00e1nek a k zaji\u0161t\u011bn\u00ed financov\u00e1n\u00ed jejich dal\u0161\u00edho rozvoje. Soubory cookie pro behavior\u00e1ln\u00ed reklamu pou\u017e\u00edvan\u00e9 t\u011bmito str\u00e1nkami jsou navr\u017eeny tak, abychom v\u00e1m poskytovali co nejrelevantn\u011bj\u0161\u00ed reklamy, a to anonymn\u00edm sledov\u00e1n\u00edm va\u0161ich z\u00e1jm\u016f a prezentac\u00ed podobn\u00fdch v\u011bc\u00ed, kter\u00e9 by v\u00e1s mohly zaj\u00edmat.<\/li>\n\n\n\n<li>N\u011bkolik partner\u016f inzeruje na\u0161\u00edm jm\u00e9nem a soubory cookie pro sledov\u00e1n\u00ed affiliate partner\u016f n\u00e1m jednodu\u0161e umo\u017e\u0148uj\u00ed zjistit, zda na\u0161i z\u00e1kazn\u00edci p\u0159i\u0161li na web prost\u0159ednictv\u00edm jednoho z na\u0161ich partnersk\u00fdch web\u016f, abychom jim mohli odpov\u00eddaj\u00edc\u00edm zp\u016fsobem p\u0159ipsat kredit a p\u0159\u00edpadn\u011b umo\u017enit na\u0161im affiliate partner\u016fm poskytnout v\u00e1m bonus, kter\u00fd v\u00e1m mohou poskytnout za proveden\u00ed n\u00e1kupu.<\/li>\n<\/ul>\n\n\n\n<h3 class=\"wp-block-heading\">Povinnosti u\u017eivatele<\/h3>\n\n\n\n<p>U\u017eivatel se zavazuje pou\u017e\u00edvat obsah a informace nab\u00edzen\u00e9 na str\u00e1nk\u00e1ch vhodn\u00fdm zp\u016fsobem, a to s formula\u010dn\u00edm, nikoli v\u0161ak napodobovac\u00edm chov\u00e1n\u00edm:<\/p>\n\n\n\n<ul class=\"wp-block-list\">\n<li>A) Nezapojovat se do \u010dinnost\u00ed, kter\u00e9 jsou nez\u00e1konn\u00e9 nebo v rozporu s dobrou v\u00edrou a ve\u0159ejn\u00fdm po\u0159\u00e1dkem;<\/li>\n\n\n\n<li>B) Ne\u0161\u00ed\u0159it propagandu ani obsah rasistick\u00e9, xenofobn\u00ed nebo hazardn\u00ed povahy, jak\u00fdkoli druh neleg\u00e1ln\u00ed pornografie, teroristick\u00e1 tvrzen\u00ed nebo tvrzen\u00ed proti lidsk\u00fdm pr\u00e1v\u016fm;<\/li>\n\n\n\n<li>C) Nepo\u0161kozujte fyzick\u00e9 syst\u00e9my (hardware) a nedosa\u017eiteln\u00e9 syst\u00e9my (software) spole\u010dnosti pilapk, jej\u00edch dodavatel\u016f nebo t\u0159et\u00edch stran, zav\u00e1d\u011bjte ani \u0161\u00ed\u0159te po\u010d\u00edta\u010dov\u00e9 viry nebo jak\u00e9koli jin\u00e9 hardwarov\u00e9 nebo softwarov\u00e9 syst\u00e9my, kter\u00e9 by mohly zp\u016fsobit v\u00fd\u0161e uveden\u00e9 \u0161kody.<\/li>\n<\/ul>\n\n\n\n<h3 class=\"wp-block-heading\">V\u00edce informac\u00ed<\/h3>\n\n\n\n<p>Douf\u00e1m, \u017ee v\u00e1m to objasnilo situaci, a jak ji\u017e bylo zm\u00edn\u011bno, pokud si nejste jisti, zda n\u011bco pot\u0159ebujete, je obvykle bezpe\u010dn\u011bj\u0161\u00ed ponechat soubory cookie povolen\u00e9 pro p\u0159\u00edpad, \u017ee by to interagovalo s n\u011bkterou z funkc\u00ed, kter\u00e9 na na\u0161ich str\u00e1nk\u00e1ch pou\u017e\u00edv\u00e1te.<\/p>\n\n\n\n<p>Tato politika je \u00fa\u010dinn\u00e1 od 9. dubna 2025 11:57.<\/p>","protected":false},"excerpt":{"rendered":"<p>Your privacy is important to us. It is pilapk&#8217;s policy to respect your privacy regarding any information we may collect [&hellip;]<\/p>\n","protected":false},"author":1,"featured_media":0,"parent":0,"menu_order":0,"comment_status":"closed","ping_status":"closed","template":"","meta":{"site-sidebar-layout":"default","site-content-layout":"","ast-site-content-layout":"default","site-content-style":"default","site-sidebar-style":"default","ast-global-header-display":"","ast-banner-title-visibility":"","ast-main-header-display":"","ast-hfb-above-header-display":"","ast-hfb-below-header-display":"","ast-hfb-mobile-header-display":"","site-post-title":"","ast-breadcrumbs-content":"","ast-featured-img":"","footer-sml-layout":"","theme-transparent-header-meta":"","adv-header-id-meta":"","stick-header-meta":"","header-above-stick-meta":"","header-main-stick-meta":"","header-below-stick-meta":"","astra-migrate-meta-layouts":"default","ast-page-background-enabled":"default","ast-page-background-meta":{"desktop":{"background-color":"var(--ast-global-color-4)","background-image":"","background-repeat":"repeat","background-position":"center center","background-size":"auto","background-attachment":"scroll","background-type":"","background-media":"","overlay-type":"","overlay-color":"","overlay-opacity":"","overlay-gradient":""},"tablet":{"background-color":"","background-image":"","background-repeat":"repeat","background-position":"center center","background-size":"auto","background-attachment":"scroll","background-type":"","background-media":"","overlay-type":"","overlay-color":"","overlay-opacity":"","overlay-gradient":""},"mobile":{"background-color":"","background-image":"","background-repeat":"repeat","background-position":"center center","background-size":"auto","background-attachment":"scroll","background-type":"","background-media":"","overlay-type":"","overlay-color":"","overlay-opacity":"","overlay-gradient":""}},"ast-content-background-meta":{"desktop":{"background-color":"var(--ast-global-color-5)","background-image":"","background-repeat":"repeat","background-position":"center center","background-size":"auto","background-attachment":"scroll","background-type":"","background-media":"","overlay-type":"","overlay-color":"","overlay-opacity":"","overlay-gradient":""},"tablet":{"background-color":"var(--ast-global-color-5)","background-image":"","background-repeat":"repeat","background-position":"center center","background-size":"auto","background-attachment":"scroll","background-type":"","background-media":"","overlay-type":"","overlay-color":"","overlay-opacity":"","overlay-gradient":""},"mobile":{"background-color":"var(--ast-global-color-5)","background-image":"","background-repeat":"repeat","background-position":"center center","background-size":"auto","background-attachment":"scroll","background-type":"","background-media":"","overlay-type":"","overlay-color":"","overlay-opacity":"","overlay-gradient":""}},"footnotes":""},"class_list":["post-16","page","type-page","status-publish","hentry"],"_links":{"self":[{"href":"https:\/\/blog.pilapk.com\/cs\/wp-json\/wp\/v2\/pages\/16","targetHints":{"allow":["GET"]}}],"collection":[{"href":"https:\/\/blog.pilapk.com\/cs\/wp-json\/wp\/v2\/pages"}],"about":[{"href":"https:\/\/blog.pilapk.com\/cs\/wp-json\/wp\/v2\/types\/page"}],"author":[{"embeddable":true,"href":"https:\/\/blog.pilapk.com\/cs\/wp-json\/wp\/v2\/users\/1"}],"replies":[{"embeddable":true,"href":"https:\/\/blog.pilapk.com\/cs\/wp-json\/wp\/v2\/comments?post=16"}],"version-history":[{"count":1,"href":"https:\/\/blog.pilapk.com\/cs\/wp-json\/wp\/v2\/pages\/16\/revisions"}],"predecessor-version":[{"id":17,"href":"https:\/\/blog.pilapk.com\/cs\/wp-json\/wp\/v2\/pages\/16\/revisions\/17"}],"wp:attachment":[{"href":"https:\/\/blog.pilapk.com\/cs\/wp-json\/wp\/v2\/media?parent=16"}],"curies":[{"name":"wp","href":"https:\/\/api.w.org\/{rel}","templated":true}]}}