{"id":76,"date":"2025-05-26T18:01:31","date_gmt":"2025-05-26T18:01:31","guid":{"rendered":"https:\/\/blog.pilapk.com\/?page_id=76"},"modified":"2025-10-27T20:33:38","modified_gmt":"2025-10-27T20:33:38","slug":"om-os","status":"publish","type":"page","link":"https:\/\/blog.pilapk.com\/da\/about-us\/","title":{"rendered":"Om os"},"content":{"rendered":"<p><strong>blog.pilapk.com<\/strong> blev bygget med et enkelt form\u00e5l: at levere hurtigt, relevant og p\u00e5lideligt indhold til digitale m\u00e5lgrupper, der s\u00f8ger brugbar information. Uanset om du udforsker nye mobilapps, leder efter jobmuligheder, administrerer din \u00f8konomi eller dykker ned i moderne parr\u00e5dgivning - er vores m\u00e5l at bringe internettets mest nyttige indhold direkte til din sk\u00e6rm.<\/p>\n\n\n\n<p>Vi forst\u00e5r, hvor v\u00e6rdifuld din tid er. Derfor fokuserer vi p\u00e5 at udgive indhold, der er klart, tilg\u00e6ngeligt og designet til at im\u00f8dekomme onlinel\u00e6sernes virkelige behov.<\/p>\n\n\n\n<hr class=\"wp-block-separator has-alpha-channel-opacity\"\/>\n\n\n\n<h3 class=\"wp-block-heading\">\ud83c\udf10 Vores tilgang<\/h3>\n\n\n\n<p>P\u00e5 <strong>Blog Pilapk<\/strong>Vi udgiver ikke bare artikler \u2013 vi kuraterer oplevelser. Vores redaktionelle proces kombinerer digital trendanalyse med menneskelig indholdsgennemgang for at sikre, at hvert opslag tilf\u00f8rer v\u00e6rdi. Vi overv\u00e5ger konstant, hvad brugerne s\u00f8ger efter, og svarer med pr\u00e6cist, h\u00f8jtydende indhold, der er optimeret til alle enheder.<\/p>\n\n\n\n<hr class=\"wp-block-separator has-alpha-channel-opacity\"\/>\n\n\n\n<h3 class=\"wp-block-heading\">\ud83d\udcca S\u00e5dan fungerer vi<\/h3>\n\n\n\n<ul class=\"wp-block-list\">\n<li>Vi udgiver i kategorier som f.eks. <strong>Apps<\/strong>, <strong>Dating<\/strong>, <strong>Finansiere<\/strong>, <strong>Job<\/strong>, og <strong>Livsstil<\/strong>.<\/li>\n\n\n\n<li>Vores trafikkilder omfatter sociale platforme, native annoncer og s\u00f8gemaskiner.<\/li>\n\n\n\n<li>Vi tjener penge ansvarligt gennem reklamepartnerskaber med <strong>Google Annonceadministrator<\/strong>, <strong>ADX<\/strong>og andre betroede SSP&#039;er.<\/li>\n<\/ul>\n\n\n\n<hr class=\"wp-block-separator has-alpha-channel-opacity\"\/>\n\n\n\n<h3 class=\"wp-block-heading\">\ud83d\udd12 Gennemsigtighed og integritet<\/h3>\n\n\n\n<p>Vi er forpligtet til gennemsigtighed. Reklamer p\u00e5virker aldrig den redaktionelle tone i vores artikler, og vi overholder alle vigtige privatlivsregler, herunder <strong>GDPR<\/strong>, <strong>CCPA<\/strong>, og <strong>Googles udgiverpolitikker<\/strong>.<\/p>\n\n\n\n<hr class=\"wp-block-separator has-alpha-channel-opacity\"\/>\n\n\n\n<h3 class=\"wp-block-heading\">\ud83d\udcac Kontakt os<\/h3>\n\n\n\n<p>Har du feedback, forretningsforesp\u00f8rgsler eller forslag til indhold?<br>Kontakt os n\u00e5r som helst p\u00e5: <strong><a>contact@blog.pilapk.com<\/a><\/strong><\/p>\n\n\n\n<p>Tak fordi du er en del af Pilapk-f\u00e6llesskabet.<\/p>","protected":false},"excerpt":{"rendered":"<p>blog.pilapk.com was built with a simple purpose: to deliver fast, relevant, and reliable content to digital audiences seeking actionable information. [&hellip;]<\/p>\n","protected":false},"author":1,"featured_media":0,"parent":0,"menu_order":0,"comment_status":"closed","ping_status":"closed","template":"","meta":{"site-sidebar-layout":"default","site-content-layout":"","ast-site-content-layout":"","site-content-style":"default","site-sidebar-style":"default","ast-global-header-display":"","ast-banner-title-visibility":"","ast-main-header-display":"","ast-hfb-above-header-display":"","ast-hfb-below-header-display":"","ast-hfb-mobile-header-display":"","site-post-title":"","ast-breadcrumbs-content":"","ast-featured-img":"","footer-sml-layout":"","theme-transparent-header-meta":"","adv-header-id-meta":"","stick-header-meta":"","header-above-stick-meta":"","header-main-stick-meta":"","header-below-stick-meta":"","astra-migrate-meta-layouts":"default","ast-page-background-enabled":"default","ast-page-background-meta":{"desktop":{"background-color":"var(--ast-global-color-4)","background-image":"","background-repeat":"repeat","background-position":"center center","background-size":"auto","background-attachment":"scroll","background-type":"","background-media":"","overlay-type":"","overlay-color":"","overlay-gradient":""},"tablet":{"background-color":"","background-image":"","background-repeat":"repeat","background-position":"center center","background-size":"auto","background-attachment":"scroll","background-type":"","background-media":"","overlay-type":"","overlay-color":"","overlay-gradient":""},"mobile":{"background-color":"","background-image":"","background-repeat":"repeat","background-position":"center center","background-size":"auto","background-attachment":"scroll","background-type":"","background-media":"","overlay-type":"","overlay-color":"","overlay-gradient":""}},"ast-content-background-meta":{"desktop":{"background-color":"var(--ast-global-color-5)","background-image":"","background-repeat":"repeat","background-position":"center center","background-size":"auto","background-attachment":"scroll","background-type":"","background-media":"","overlay-type":"","overlay-color":"","overlay-gradient":""},"tablet":{"background-color":"var(--ast-global-color-5)","background-image":"","background-repeat":"repeat","background-position":"center center","background-size":"auto","background-attachment":"scroll","background-type":"","background-media":"","overlay-type":"","overlay-color":"","overlay-gradient":""},"mobile":{"background-color":"var(--ast-global-color-5)","background-image":"","background-repeat":"repeat","background-position":"center center","background-size":"auto","background-attachment":"scroll","background-type":"","background-media":"","overlay-type":"","overlay-color":"","overlay-gradient":""}},"footnotes":""},"class_list":["post-76","page","type-page","status-publish","hentry"],"_links":{"self":[{"href":"https:\/\/blog.pilapk.com\/da\/wp-json\/wp\/v2\/pages\/76","targetHints":{"allow":["GET"]}}],"collection":[{"href":"https:\/\/blog.pilapk.com\/da\/wp-json\/wp\/v2\/pages"}],"about":[{"href":"https:\/\/blog.pilapk.com\/da\/wp-json\/wp\/v2\/types\/page"}],"author":[{"embeddable":true,"href":"https:\/\/blog.pilapk.com\/da\/wp-json\/wp\/v2\/users\/1"}],"replies":[{"embeddable":true,"href":"https:\/\/blog.pilapk.com\/da\/wp-json\/wp\/v2\/comments?post=76"}],"version-history":[{"count":2,"href":"https:\/\/blog.pilapk.com\/da\/wp-json\/wp\/v2\/pages\/76\/revisions"}],"predecessor-version":[{"id":405,"href":"https:\/\/blog.pilapk.com\/da\/wp-json\/wp\/v2\/pages\/76\/revisions\/405"}],"wp:attachment":[{"href":"https:\/\/blog.pilapk.com\/da\/wp-json\/wp\/v2\/media?parent=76"}],"curies":[{"name":"wp","href":"https:\/\/api.w.org\/{rel}","templated":true}]}}