{"id":78,"date":"2025-05-26T18:02:34","date_gmt":"2025-05-26T18:02:34","guid":{"rendered":"https:\/\/blog.pilapk.com\/?page_id=78"},"modified":"2025-05-26T18:02:36","modified_gmt":"2025-05-26T18:02:36","slug":"cookiepolitik","status":"publish","type":"page","link":"https:\/\/blog.pilapk.com\/da\/cookie-policy\/","title":{"rendered":"Cookiepolitik"},"content":{"rendered":"<p><strong>Ikrafttr\u00e6delsesdato:<\/strong> 26. maj 2025<br><strong>Hjemmeside:<\/strong> <a class=\"\" href=\"https:\/\/blog.pilapk.com\/da\/\">https:\/\/blog.pilapk.com<\/a><\/p>\n\n\n\n<p>P\u00e5 <strong>Pilapk.com<\/strong>, gennemsigtighed er et af vores kerneprincipper. Denne cookiepolitik beskriver, hvordan vi bruger cookies og relaterede teknologier til at levere en hurtig, sikker og personlig browsingoplevelse. Den forklarer ogs\u00e5, hvordan du kan kontrollere disse teknologier i overensstemmelse med globale privatlivsregler.<\/p>\n\n\n\n<hr class=\"wp-block-separator has-alpha-channel-opacity\"\/>\n\n\n\n<h3 class=\"wp-block-heading\">1. <strong>Forst\u00e5else af cookies<\/strong><\/h3>\n\n\n\n<p>Cookies er sm\u00e5 tekstfiler, der gemmes p\u00e5 din computer eller mobilenhed, n\u00e5r du bes\u00f8ger et websted. De tjener flere funktioner, herunder:<\/p>\n\n\n\n<ul class=\"wp-block-list\">\n<li>Husker brugerpr\u00e6ferencer<\/li>\n\n\n\n<li>Aktivering af sikker adgang til sider<\/li>\n\n\n\n<li>Analyse af trafikadf\u00e6rd<\/li>\n\n\n\n<li>Underst\u00f8ttelse af relevant annoncelevering<\/li>\n<\/ul>\n\n\n\n<p>Vi kan placere cookies (\u201c<strong>f\u00f8rstepartscookies<\/strong>\u201c) eller af tredjeparter, hvis tjenester vi bruger (\u201c<strong>tredjepartscookies<\/strong>&#8220;).<\/p>\n\n\n\n<hr class=\"wp-block-separator has-alpha-channel-opacity\"\/>\n\n\n\n<h3 class=\"wp-block-heading\">2. <strong>Hvorfor vi bruger cookies<\/strong><\/h3>\n\n\n\n<p>Vi bruger cookies til at:<\/p>\n\n\n\n<ul class=\"wp-block-list\">\n<li><strong>S\u00f8rg for korrekt hjemmesidefunktionalitet<\/strong><\/li>\n\n\n\n<li><strong>Analys\u00e9r ydeevne<\/strong> gennem v\u00e6rkt\u00f8jer som Google Analytics<\/li>\n\n\n\n<li><strong>Lever m\u00e5lrettet annoncering<\/strong> via programmatiske platforme som Google Ad Manager, AdSense og partnere p\u00e5 eftersp\u00f8rgselssiden<\/li>\n\n\n\n<li><strong>Overhold juridiske forpligtelser<\/strong> vedr\u00f8rende datah\u00e5ndtering og brugersamtykke<\/li>\n<\/ul>\n\n\n\n<hr class=\"wp-block-separator has-alpha-channel-opacity\"\/>\n\n\n\n<h3 class=\"wp-block-heading\">3. <strong>Kategorier af anvendte cookies<\/strong><\/h3>\n\n\n\n<h4 class=\"wp-block-heading\">en. <strong>Strengt n\u00f8dvendige cookies<\/strong><\/h4>\n\n\n\n<p>Disse cookies er n\u00f8dvendige for at webstedet kan fungere og kan ikke deaktiveres i vores systemer.<\/p>\n\n\n\n<h4 class=\"wp-block-heading\">b. <strong>Ydelses- og analysecookies<\/strong><\/h4>\n\n\n\n<p>Bruges til at spore sidebes\u00f8g, brugerflow og adf\u00e6rd anonymt for at forbedre ydeevnen.<\/p>\n\n\n\n<h4 class=\"wp-block-heading\">c. <strong>Funktionelle cookies<\/strong><\/h4>\n\n\n\n<p>Aktiv\u00e9r forbedrede funktioner som f.eks. sprogvalg eller huskning af loginoplysninger.<\/p>\n\n\n\n<h4 class=\"wp-block-heading\">d. <strong>Reklamecookies<\/strong><\/h4>\n\n\n\n<p>Bruges af vores annoncepartnere til at vise interessebaserede annoncer, administrere visningsfrekvens og spore annoncers effektivitet p\u00e5 tv\u00e6rs af websteder.<\/p>\n\n\n\n<hr class=\"wp-block-separator has-alpha-channel-opacity\"\/>\n\n\n\n<h3 class=\"wp-block-heading\">4. <strong>Tredjepartscookies<\/strong><\/h3>\n\n\n\n<p>Nogle cookies placeres af tjenester, vi integrerer, s\u00e5som:<\/p>\n\n\n\n<ul class=\"wp-block-list\">\n<li><strong>Google Analytics<\/strong><\/li>\n\n\n\n<li><strong>Google Annoncemanager \/ AdSense<\/strong><\/li>\n\n\n\n<li><strong>JoinAds, SSP&#039;er og RTB-partnere<\/strong><\/li>\n\n\n\n<li><strong>Samtykkeh\u00e5ndteringsplatforme (CMP&#039;er)<\/strong><\/li>\n<\/ul>\n\n\n\n<p>Disse tredjeparter kan bruge cookies til at indsamle brugsdata, enhedsoplysninger og anonymiserede identifikatorer.<\/p>\n\n\n\n<p>Du kan f\u00e5 mere at vide via deres respektive privatlivspolitikker.<\/p>\n\n\n\n<hr class=\"wp-block-separator has-alpha-channel-opacity\"\/>\n\n\n\n<h3 class=\"wp-block-heading\">5. <strong>Samtykke og brugerkontrol<\/strong><\/h3>\n\n\n\n<p>Ved dit f\u00f8rste bes\u00f8g p\u00e5 vores hjemmeside vil du blive pr\u00e6senteret for et cookie-samtykkebanner.<\/p>\n\n\n\n<p>Du kan:<\/p>\n\n\n\n<ul class=\"wp-block-list\">\n<li>Accepter alle cookies<\/li>\n\n\n\n<li>Afvis ikke-essentielle cookies<\/li>\n\n\n\n<li>Tilpas dine pr\u00e6ferencer<\/li>\n<\/ul>\n\n\n\n<p>Du kan til enhver tid opdatere dine pr\u00e6ferencer via <strong>&quot;Cookie-indstillinger&quot;<\/strong> link i sidefoden.<\/p>\n\n\n\n<hr class=\"wp-block-separator has-alpha-channel-opacity\"\/>\n\n\n\n<h3 class=\"wp-block-heading\">6. <strong>Administration af cookies i din browser<\/strong><\/h3>\n\n\n\n<p>Du kan ogs\u00e5 kontrollere cookies via din browser. Her er nogle ressourcer:<\/p>\n\n\n\n<ul class=\"wp-block-list\">\n<li><a>Krom<\/a><\/li>\n\n\n\n<li><a class=\"\" href=\"https:\/\/support.mozilla.org\/en-US\/kb\/enable-and-disable-cookies\">Firefox<\/a><\/li>\n\n\n\n<li><a class=\"\" href=\"https:\/\/support.apple.com\/en-us\/HT201265\">Safari<\/a><\/li>\n\n\n\n<li><a class=\"\" href=\"https:\/\/support.microsoft.com\/en-us\/microsoft-edge\/delete-cookies-in-microsoft-edge-63947406-40ac-c3b8-57b9-2a946a29ae09\">Kant<\/a><\/li>\n<\/ul>\n\n\n\n<hr class=\"wp-block-separator has-alpha-channel-opacity\"\/>\n\n\n\n<h3 class=\"wp-block-heading\">7. <strong>Overholdelse af globale love<\/strong><\/h3>\n\n\n\n<p>Vi overholder f\u00f8lgende regler:<\/p>\n\n\n\n<ul class=\"wp-block-list\">\n<li><strong>GDPR<\/strong> (EU) \u2013 Udtrykkeligt samtykke kr\u00e6ves for ikke-essentielle cookies.<\/li>\n\n\n\n<li><strong>CCPA<\/strong> (Californien) \u2013 Ret til at frav\u00e6lge datadeling og -salg.<\/li>\n\n\n\n<li><strong>LGPD<\/strong> (Brasilien) \u2013 Gennemsigtighed omkring dataindsamling og lovlig brug.<\/li>\n<\/ul>\n\n\n\n<p>Beboere i relevante regioner kan ud\u00f8ve deres rettigheder via dedikerede links eller ved at kontakte os direkte.<\/p>\n\n\n\n<hr class=\"wp-block-separator has-alpha-channel-opacity\"\/>\n\n\n\n<h3 class=\"wp-block-heading\">8. <strong>Opdateringer til denne politik<\/strong><\/h3>\n\n\n\n<p>Denne cookiepolitik kan revideres med j\u00e6vne mellemrum for at afspejle \u00e6ndringer i juridiske forpligtelser eller teknologi. Eventuelle \u00e6ndringer vil blive offentliggjort her med en opdateret &quot;Ikrafttr\u00e6delsesdato&quot;.<\/p>\n\n\n\n<hr class=\"wp-block-separator has-alpha-channel-opacity\"\/>\n\n\n\n<h3 class=\"wp-block-heading\">9. <strong>Kontakt os<\/strong><\/h3>\n\n\n\n<p>For sp\u00f8rgsm\u00e5l eller anmodninger vedr\u00f8rende denne politik:<\/p>\n\n\n\n<p>\ud83d\udce7 <strong>E-mail<\/strong>: <a>contact@blog.pilapk.com<\/a><br>\ud83c\udf10 <strong>Hjemmeside<\/strong>: <a class=\"\" href=\"https:\/\/blog.pilapk.com\/da\/\">https:\/\/blog.pilapk.com<\/a><\/p>","protected":false},"excerpt":{"rendered":"<p>Effective Date: May 26, 2025Website: https:\/\/blog.pilapk.com At Pilapk.com, transparency is one of our core principles. This Cookie Policy outlines how [&hellip;]<\/p>\n","protected":false},"author":1,"featured_media":0,"parent":0,"menu_order":0,"comment_status":"closed","ping_status":"closed","template":"","meta":{"site-sidebar-layout":"default","site-content-layout":"","ast-site-content-layout":"","site-content-style":"default","site-sidebar-style":"default","ast-global-header-display":"","ast-banner-title-visibility":"","ast-main-header-display":"","ast-hfb-above-header-display":"","ast-hfb-below-header-display":"","ast-hfb-mobile-header-display":"","site-post-title":"","ast-breadcrumbs-content":"","ast-featured-img":"","footer-sml-layout":"","theme-transparent-header-meta":"","adv-header-id-meta":"","stick-header-meta":"","header-above-stick-meta":"","header-main-stick-meta":"","header-below-stick-meta":"","astra-migrate-meta-layouts":"default","ast-page-background-enabled":"default","ast-page-background-meta":{"desktop":{"background-color":"var(--ast-global-color-4)","background-image":"","background-repeat":"repeat","background-position":"center center","background-size":"auto","background-attachment":"scroll","background-type":"","background-media":"","overlay-type":"","overlay-color":"","overlay-gradient":""},"tablet":{"background-color":"","background-image":"","background-repeat":"repeat","background-position":"center center","background-size":"auto","background-attachment":"scroll","background-type":"","background-media":"","overlay-type":"","overlay-color":"","overlay-gradient":""},"mobile":{"background-color":"","background-image":"","background-repeat":"repeat","background-position":"center center","background-size":"auto","background-attachment":"scroll","background-type":"","background-media":"","overlay-type":"","overlay-color":"","overlay-gradient":""}},"ast-content-background-meta":{"desktop":{"background-color":"var(--ast-global-color-5)","background-image":"","background-repeat":"repeat","background-position":"center center","background-size":"auto","background-attachment":"scroll","background-type":"","background-media":"","overlay-type":"","overlay-color":"","overlay-gradient":""},"tablet":{"background-color":"var(--ast-global-color-5)","background-image":"","background-repeat":"repeat","background-position":"center center","background-size":"auto","background-attachment":"scroll","background-type":"","background-media":"","overlay-type":"","overlay-color":"","overlay-gradient":""},"mobile":{"background-color":"var(--ast-global-color-5)","background-image":"","background-repeat":"repeat","background-position":"center center","background-size":"auto","background-attachment":"scroll","background-type":"","background-media":"","overlay-type":"","overlay-color":"","overlay-gradient":""}},"footnotes":""},"class_list":["post-78","page","type-page","status-publish","hentry"],"_links":{"self":[{"href":"https:\/\/blog.pilapk.com\/da\/wp-json\/wp\/v2\/pages\/78","targetHints":{"allow":["GET"]}}],"collection":[{"href":"https:\/\/blog.pilapk.com\/da\/wp-json\/wp\/v2\/pages"}],"about":[{"href":"https:\/\/blog.pilapk.com\/da\/wp-json\/wp\/v2\/types\/page"}],"author":[{"embeddable":true,"href":"https:\/\/blog.pilapk.com\/da\/wp-json\/wp\/v2\/users\/1"}],"replies":[{"embeddable":true,"href":"https:\/\/blog.pilapk.com\/da\/wp-json\/wp\/v2\/comments?post=78"}],"version-history":[{"count":1,"href":"https:\/\/blog.pilapk.com\/da\/wp-json\/wp\/v2\/pages\/78\/revisions"}],"predecessor-version":[{"id":79,"href":"https:\/\/blog.pilapk.com\/da\/wp-json\/wp\/v2\/pages\/78\/revisions\/79"}],"wp:attachment":[{"href":"https:\/\/blog.pilapk.com\/da\/wp-json\/wp\/v2\/media?parent=78"}],"curies":[{"name":"wp","href":"https:\/\/api.w.org\/{rel}","templated":true}]}}