{"id":76,"date":"2025-05-26T18:01:31","date_gmt":"2025-05-26T18:01:31","guid":{"rendered":"https:\/\/blog.pilapk.com\/?page_id=76"},"modified":"2025-10-27T20:33:38","modified_gmt":"2025-10-27T20:33:38","slug":"uber-uns","status":"publish","type":"page","link":"https:\/\/blog.pilapk.com\/de\/about-us\/","title":{"rendered":"\u00dcber uns"},"content":{"rendered":"<p><strong>blog.pilapk.com<\/strong> wurde mit einem einfachen Ziel entwickelt: digitale Zielgruppen, die nach verwertbaren Informationen suchen, schnell relevante und zuverl\u00e4ssige Inhalte bereitzustellen. Ob Sie neue mobile Apps entdecken, nach Stellenangeboten suchen, Ihre Finanzen verwalten oder sich mit modernen Beziehungsratschl\u00e4gen besch\u00e4ftigen \u2013 unser Ziel ist es, die n\u00fctzlichsten Inhalte des Internets direkt auf Ihren Bildschirm zu bringen.<\/p>\n\n\n\n<p>Wir wissen, wie wertvoll Ihre Zeit ist. Deshalb legen wir Wert auf klare, verst\u00e4ndliche und auf die Bed\u00fcrfnisse von Online-Lesern zugeschnittene Inhalte.<\/p>\n\n\n\n<hr class=\"wp-block-separator has-alpha-channel-opacity\"\/>\n\n\n\n<h3 class=\"wp-block-heading\">\ud83c\udf10 Unser Ansatz<\/h3>\n\n\n\n<p>Bei <strong>Blog Pilapk<\/strong>Wir ver\u00f6ffentlichen nicht nur Artikel \u2013 wir kuratieren Erlebnisse. Unser redaktioneller Prozess kombiniert digitale Trendanalysen mit menschlicher Inhaltspr\u00fcfung, um sicherzustellen, dass jeder Beitrag einen Mehrwert bietet. Wir beobachten st\u00e4ndig, wonach Nutzer suchen, und reagieren mit pr\u00e4gnanten, leistungsstarken Inhalten, die f\u00fcr alle Ger\u00e4te optimiert sind.<\/p>\n\n\n\n<hr class=\"wp-block-separator has-alpha-channel-opacity\"\/>\n\n\n\n<h3 class=\"wp-block-heading\">\ud83d\udcca Wie wir arbeiten<\/h3>\n\n\n\n<ul class=\"wp-block-list\">\n<li>Wir ver\u00f6ffentlichen in Kategorien wie <strong>Apps<\/strong>, <strong>Verabredungen<\/strong>, <strong>Finanzen<\/strong>, <strong>Jobs<\/strong>, Und <strong>Lebensstil<\/strong>.<\/li>\n\n\n\n<li>Zu unseren Traffic-Quellen z\u00e4hlen soziale Plattformen, native Anzeigen und Suchmaschinen.<\/li>\n\n\n\n<li>Wir monetarisieren verantwortungsvoll durch Werbepartnerschaften mit <strong>Google Ad Manager<\/strong>, <strong>ADX<\/strong>und andere vertrauensw\u00fcrdige SSPs.<\/li>\n<\/ul>\n\n\n\n<hr class=\"wp-block-separator has-alpha-channel-opacity\"\/>\n\n\n\n<h3 class=\"wp-block-heading\">\ud83d\udd12 Transparenz und Integrit\u00e4t<\/h3>\n\n\n\n<p>Wir verpflichten uns zur Transparenz. Werbung beeinflusst niemals den redaktionellen Ton unserer Artikel und wir halten alle wichtigen Datenschutzbestimmungen ein, einschlie\u00dflich <strong>DSGVO<\/strong>, <strong>CCPA<\/strong>, Und <strong>Google-Richtlinien f\u00fcr Publisher<\/strong>.<\/p>\n\n\n\n<hr class=\"wp-block-separator has-alpha-channel-opacity\"\/>\n\n\n\n<h3 class=\"wp-block-heading\">\ud83d\udcac Kontakt aufnehmen<\/h3>\n\n\n\n<p>Haben Sie Feedback, gesch\u00e4ftliche Anfragen oder Inhaltsvorschl\u00e4ge?<br>Sie erreichen uns jederzeit unter: <strong><a>contact@blog.pilapk.com<\/a><\/strong><\/p>\n\n\n\n<p>Vielen Dank, dass Sie Teil der Pilapk-Community sind.<\/p>","protected":false},"excerpt":{"rendered":"<p>blog.pilapk.com was built with a simple purpose: to deliver fast, relevant, and reliable content to digital audiences seeking actionable information. [&hellip;]<\/p>\n","protected":false},"author":1,"featured_media":0,"parent":0,"menu_order":0,"comment_status":"closed","ping_status":"closed","template":"","meta":{"site-sidebar-layout":"default","site-content-layout":"","ast-site-content-layout":"","site-content-style":"default","site-sidebar-style":"default","ast-global-header-display":"","ast-banner-title-visibility":"","ast-main-header-display":"","ast-hfb-above-header-display":"","ast-hfb-below-header-display":"","ast-hfb-mobile-header-display":"","site-post-title":"","ast-breadcrumbs-content":"","ast-featured-img":"","footer-sml-layout":"","theme-transparent-header-meta":"","adv-header-id-meta":"","stick-header-meta":"","header-above-stick-meta":"","header-main-stick-meta":"","header-below-stick-meta":"","astra-migrate-meta-layouts":"default","ast-page-background-enabled":"default","ast-page-background-meta":{"desktop":{"background-color":"var(--ast-global-color-4)","background-image":"","background-repeat":"repeat","background-position":"center center","background-size":"auto","background-attachment":"scroll","background-type":"","background-media":"","overlay-type":"","overlay-color":"","overlay-gradient":""},"tablet":{"background-color":"","background-image":"","background-repeat":"repeat","background-position":"center center","background-size":"auto","background-attachment":"scroll","background-type":"","background-media":"","overlay-type":"","overlay-color":"","overlay-gradient":""},"mobile":{"background-color":"","background-image":"","background-repeat":"repeat","background-position":"center center","background-size":"auto","background-attachment":"scroll","background-type":"","background-media":"","overlay-type":"","overlay-color":"","overlay-gradient":""}},"ast-content-background-meta":{"desktop":{"background-color":"var(--ast-global-color-5)","background-image":"","background-repeat":"repeat","background-position":"center center","background-size":"auto","background-attachment":"scroll","background-type":"","background-media":"","overlay-type":"","overlay-color":"","overlay-gradient":""},"tablet":{"background-color":"var(--ast-global-color-5)","background-image":"","background-repeat":"repeat","background-position":"center center","background-size":"auto","background-attachment":"scroll","background-type":"","background-media":"","overlay-type":"","overlay-color":"","overlay-gradient":""},"mobile":{"background-color":"var(--ast-global-color-5)","background-image":"","background-repeat":"repeat","background-position":"center center","background-size":"auto","background-attachment":"scroll","background-type":"","background-media":"","overlay-type":"","overlay-color":"","overlay-gradient":""}},"footnotes":""},"class_list":["post-76","page","type-page","status-publish","hentry"],"_links":{"self":[{"href":"https:\/\/blog.pilapk.com\/de\/wp-json\/wp\/v2\/pages\/76","targetHints":{"allow":["GET"]}}],"collection":[{"href":"https:\/\/blog.pilapk.com\/de\/wp-json\/wp\/v2\/pages"}],"about":[{"href":"https:\/\/blog.pilapk.com\/de\/wp-json\/wp\/v2\/types\/page"}],"author":[{"embeddable":true,"href":"https:\/\/blog.pilapk.com\/de\/wp-json\/wp\/v2\/users\/1"}],"replies":[{"embeddable":true,"href":"https:\/\/blog.pilapk.com\/de\/wp-json\/wp\/v2\/comments?post=76"}],"version-history":[{"count":2,"href":"https:\/\/blog.pilapk.com\/de\/wp-json\/wp\/v2\/pages\/76\/revisions"}],"predecessor-version":[{"id":405,"href":"https:\/\/blog.pilapk.com\/de\/wp-json\/wp\/v2\/pages\/76\/revisions\/405"}],"wp:attachment":[{"href":"https:\/\/blog.pilapk.com\/de\/wp-json\/wp\/v2\/media?parent=76"}],"curies":[{"name":"wp","href":"https:\/\/api.w.org\/{rel}","templated":true}]}}