{"id":78,"date":"2025-05-26T18:02:34","date_gmt":"2025-05-26T18:02:34","guid":{"rendered":"https:\/\/blog.pilapk.com\/?page_id=78"},"modified":"2025-05-26T18:02:36","modified_gmt":"2025-05-26T18:02:36","slug":"cookie-richtlinie","status":"publish","type":"page","link":"https:\/\/blog.pilapk.com\/de\/cookie-policy\/","title":{"rendered":"Cookie-Richtlinie"},"content":{"rendered":"<p><strong>Datum des Inkrafttretens:<\/strong> 26. Mai 2025<br><strong>Webseite:<\/strong> <a class=\"\" href=\"https:\/\/blog.pilapk.com\/de\/\">https:\/\/blog.pilapk.com<\/a><\/p>\n\n\n\n<p>Bei <strong>Pilapk.com<\/strong>Transparenz ist eines unserer Grundprinzipien. Diese Cookie-Richtlinie beschreibt, wie wir Cookies und verwandte Technologien verwenden, um ein schnelles, sicheres und personalisiertes Surferlebnis zu bieten. Sie erkl\u00e4rt auch, wie Sie diese Technologien gem\u00e4\u00df den globalen Datenschutzbestimmungen steuern k\u00f6nnen.<\/p>\n\n\n\n<hr class=\"wp-block-separator has-alpha-channel-opacity\"\/>\n\n\n\n<h3 class=\"wp-block-heading\">1. <strong>Cookies verstehen<\/strong><\/h3>\n\n\n\n<p>Cookies sind kleine Textdateien, die beim Besuch einer Website auf Ihrem Computer oder Mobilger\u00e4t gespeichert werden. Sie erf\u00fcllen verschiedene Funktionen, darunter:<\/p>\n\n\n\n<ul class=\"wp-block-list\">\n<li>Merken von Benutzereinstellungen<\/li>\n\n\n\n<li>Sicheren Zugriff auf Seiten erm\u00f6glichen<\/li>\n\n\n\n<li>Analyse des Verkehrsverhaltens<\/li>\n\n\n\n<li>Unterst\u00fctzung der Bereitstellung relevanter Anzeigen<\/li>\n<\/ul>\n\n\n\n<p>Cookies k\u00f6nnen von uns platziert werden (\u201e<strong>Erstanbieter-Cookies<\/strong>\u201c) oder von Dritten, deren Dienste wir nutzen (\u201e<strong>Cookies von Drittanbietern<\/strong>&#8220;).<\/p>\n\n\n\n<hr class=\"wp-block-separator has-alpha-channel-opacity\"\/>\n\n\n\n<h3 class=\"wp-block-heading\">2. <strong>Warum wir Cookies verwenden<\/strong><\/h3>\n\n\n\n<p>Wir verwenden Cookies, um:<\/p>\n\n\n\n<ul class=\"wp-block-list\">\n<li><strong>Gew\u00e4hrleistung der ordnungsgem\u00e4\u00dfen Website-Funktionalit\u00e4t<\/strong><\/li>\n\n\n\n<li><strong>Leistung analysieren<\/strong> durch Tools wie Google Analytics<\/li>\n\n\n\n<li><strong>Liefern Sie zielgerichtete Werbung<\/strong> \u00fcber programmatische Plattformen wie Google Ad Manager, AdSense und Demand-Side-Partner<\/li>\n\n\n\n<li><strong>Einhaltung gesetzlicher Verpflichtungen<\/strong> zum Umgang mit Daten und zur Einwilligung des Nutzers<\/li>\n<\/ul>\n\n\n\n<hr class=\"wp-block-separator has-alpha-channel-opacity\"\/>\n\n\n\n<h3 class=\"wp-block-heading\">3. <strong>Kategorien der verwendeten Cookies<\/strong><\/h3>\n\n\n\n<h4 class=\"wp-block-heading\">A. <strong>Unbedingt erforderliche Cookies<\/strong><\/h4>\n\n\n\n<p>Diese Cookies sind f\u00fcr das Funktionieren der Website unerl\u00e4sslich und k\u00f6nnen in unseren Systemen nicht deaktiviert werden.<\/p>\n\n\n\n<h4 class=\"wp-block-heading\">B. <strong>Leistungs- und Analyse-Cookies<\/strong><\/h4>\n\n\n\n<p>Wird verwendet, um Seitenbesuche, Benutzerfluss und Verhalten anonym zu verfolgen und so die Leistung zu verbessern.<\/p>\n\n\n\n<h4 class=\"wp-block-heading\">C. <strong>Funktionelle Cookies<\/strong><\/h4>\n\n\n\n<p>Aktivieren Sie erweiterte Funktionen wie die Sprachauswahl oder das Speichern von Anmeldeinformationen.<\/p>\n\n\n\n<h4 class=\"wp-block-heading\">D. <strong>Werbe-Cookies<\/strong><\/h4>\n\n\n\n<p>Wird von unseren Werbepartnern verwendet, um interessenbasierte Werbung zu schalten, die Impressionsh\u00e4ufigkeit zu verwalten und die Werbewirksamkeit auf allen Websites zu verfolgen.<\/p>\n\n\n\n<hr class=\"wp-block-separator has-alpha-channel-opacity\"\/>\n\n\n\n<h3 class=\"wp-block-heading\">4. <strong>Cookies von Drittanbietern<\/strong><\/h3>\n\n\n\n<p>Einige Cookies werden von den von uns integrierten Diensten platziert, beispielsweise:<\/p>\n\n\n\n<ul class=\"wp-block-list\">\n<li><strong>Google Analytics<\/strong><\/li>\n\n\n\n<li><strong>Google Ad Manager \/ AdSense<\/strong><\/li>\n\n\n\n<li><strong>JoinAds, SSPs und RTB-Partner<\/strong><\/li>\n\n\n\n<li><strong>Consent-Management-Plattformen (CMPs)<\/strong><\/li>\n<\/ul>\n\n\n\n<p>Diese Drittanbieter k\u00f6nnen Cookies verwenden, um Nutzungsdaten, Ger\u00e4teinformationen und anonymisierte Kennungen zu sammeln.<\/p>\n\n\n\n<p>Weitere Informationen finden Sie in den jeweiligen Datenschutzrichtlinien.<\/p>\n\n\n\n<hr class=\"wp-block-separator has-alpha-channel-opacity\"\/>\n\n\n\n<h3 class=\"wp-block-heading\">5. <strong>Zustimmung und Benutzerkontrolle<\/strong><\/h3>\n\n\n\n<p>Bei Ihrem ersten Besuch auf unserer Website wird Ihnen ein Cookie-Einwilligungsbanner angezeigt.<\/p>\n\n\n\n<p>Sie k\u00f6nnen:<\/p>\n\n\n\n<ul class=\"wp-block-list\">\n<li>Alle Cookies akzeptieren<\/li>\n\n\n\n<li>Nicht notwendige Cookies ablehnen<\/li>\n\n\n\n<li>Passen Sie Ihre Pr\u00e4ferenzen an<\/li>\n<\/ul>\n\n\n\n<p>Sie k\u00f6nnen Ihre Einstellungen jederzeit \u00fcber die <strong>\u201eCookie-Einstellungen\u201c<\/strong> Link in der Fu\u00dfzeile.<\/p>\n\n\n\n<hr class=\"wp-block-separator has-alpha-channel-opacity\"\/>\n\n\n\n<h3 class=\"wp-block-heading\">6. <strong>Verwalten von Cookies in Ihrem Browser<\/strong><\/h3>\n\n\n\n<p>Sie k\u00f6nnen Cookies auch \u00fcber Ihren Browser steuern. Hier sind einige Ressourcen:<\/p>\n\n\n\n<ul class=\"wp-block-list\">\n<li><a>Chrom<\/a><\/li>\n\n\n\n<li><a class=\"\" href=\"https:\/\/support.mozilla.org\/en-US\/kb\/enable-and-disable-cookies\">Feuerfuchs<\/a><\/li>\n\n\n\n<li><a class=\"\" href=\"https:\/\/support.apple.com\/en-us\/HT201265\">Safari<\/a><\/li>\n\n\n\n<li><a class=\"\" href=\"https:\/\/support.microsoft.com\/en-us\/microsoft-edge\/delete-cookies-in-microsoft-edge-63947406-40ac-c3b8-57b9-2a946a29ae09\">Rand<\/a><\/li>\n<\/ul>\n\n\n\n<hr class=\"wp-block-separator has-alpha-channel-opacity\"\/>\n\n\n\n<h3 class=\"wp-block-heading\">7. <strong>Einhaltung globaler Gesetze<\/strong><\/h3>\n\n\n\n<p>Wir halten uns an folgende Vorschriften:<\/p>\n\n\n\n<ul class=\"wp-block-list\">\n<li><strong>DSGVO<\/strong> (EU) \u2013 F\u00fcr nicht unbedingt erforderliche Cookies ist eine ausdr\u00fcckliche Zustimmung erforderlich.<\/li>\n\n\n\n<li><strong>CCPA<\/strong> (Kalifornien) \u2013 Recht auf Widerspruch gegen die Weitergabe und den Verkauf von Daten.<\/li>\n\n\n\n<li><strong>LGPD<\/strong> (Brasilien) \u2013 Transparenz bei der Datenerfassung und rechtm\u00e4\u00dfigen Verwendung.<\/li>\n<\/ul>\n\n\n\n<p>Einwohner der betreffenden Regionen k\u00f6nnen ihre Rechte \u00fcber spezielle Links oder durch direkte Kontaktaufnahme mit uns aus\u00fcben.<\/p>\n\n\n\n<hr class=\"wp-block-separator has-alpha-channel-opacity\"\/>\n\n\n\n<h3 class=\"wp-block-heading\">8. <strong>Aktualisierungen dieser Richtlinie<\/strong><\/h3>\n\n\n\n<p>Diese Cookie-Richtlinie kann regelm\u00e4\u00dfig \u00fcberarbeitet werden, um \u00c4nderungen der gesetzlichen Verpflichtungen oder der Technologie Rechnung zu tragen. Alle \u00c4nderungen werden hier mit einem aktualisierten \u201eDatum des Inkrafttretens\u201c ver\u00f6ffentlicht.<\/p>\n\n\n\n<hr class=\"wp-block-separator has-alpha-channel-opacity\"\/>\n\n\n\n<h3 class=\"wp-block-heading\">9. <strong>Kontaktieren Sie uns<\/strong><\/h3>\n\n\n\n<p>Bei Fragen oder Anfragen im Zusammenhang mit dieser Richtlinie:<\/p>\n\n\n\n<p>\ud83d\udce7 <strong>E-Mail<\/strong>: <a>contact@blog.pilapk.com<\/a><br>\ud83c\udf10 <strong>Webseite<\/strong>: <a class=\"\" href=\"https:\/\/blog.pilapk.com\/de\/\">https:\/\/blog.pilapk.com<\/a><\/p>","protected":false},"excerpt":{"rendered":"<p>Effective Date: May 26, 2025Website: https:\/\/blog.pilapk.com At Pilapk.com, transparency is one of our core principles. This Cookie Policy outlines how [&hellip;]<\/p>\n","protected":false},"author":1,"featured_media":0,"parent":0,"menu_order":0,"comment_status":"closed","ping_status":"closed","template":"","meta":{"site-sidebar-layout":"default","site-content-layout":"","ast-site-content-layout":"","site-content-style":"default","site-sidebar-style":"default","ast-global-header-display":"","ast-banner-title-visibility":"","ast-main-header-display":"","ast-hfb-above-header-display":"","ast-hfb-below-header-display":"","ast-hfb-mobile-header-display":"","site-post-title":"","ast-breadcrumbs-content":"","ast-featured-img":"","footer-sml-layout":"","theme-transparent-header-meta":"","adv-header-id-meta":"","stick-header-meta":"","header-above-stick-meta":"","header-main-stick-meta":"","header-below-stick-meta":"","astra-migrate-meta-layouts":"default","ast-page-background-enabled":"default","ast-page-background-meta":{"desktop":{"background-color":"var(--ast-global-color-4)","background-image":"","background-repeat":"repeat","background-position":"center center","background-size":"auto","background-attachment":"scroll","background-type":"","background-media":"","overlay-type":"","overlay-color":"","overlay-gradient":""},"tablet":{"background-color":"","background-image":"","background-repeat":"repeat","background-position":"center center","background-size":"auto","background-attachment":"scroll","background-type":"","background-media":"","overlay-type":"","overlay-color":"","overlay-gradient":""},"mobile":{"background-color":"","background-image":"","background-repeat":"repeat","background-position":"center center","background-size":"auto","background-attachment":"scroll","background-type":"","background-media":"","overlay-type":"","overlay-color":"","overlay-gradient":""}},"ast-content-background-meta":{"desktop":{"background-color":"var(--ast-global-color-5)","background-image":"","background-repeat":"repeat","background-position":"center center","background-size":"auto","background-attachment":"scroll","background-type":"","background-media":"","overlay-type":"","overlay-color":"","overlay-gradient":""},"tablet":{"background-color":"var(--ast-global-color-5)","background-image":"","background-repeat":"repeat","background-position":"center center","background-size":"auto","background-attachment":"scroll","background-type":"","background-media":"","overlay-type":"","overlay-color":"","overlay-gradient":""},"mobile":{"background-color":"var(--ast-global-color-5)","background-image":"","background-repeat":"repeat","background-position":"center center","background-size":"auto","background-attachment":"scroll","background-type":"","background-media":"","overlay-type":"","overlay-color":"","overlay-gradient":""}},"footnotes":""},"class_list":["post-78","page","type-page","status-publish","hentry"],"_links":{"self":[{"href":"https:\/\/blog.pilapk.com\/de\/wp-json\/wp\/v2\/pages\/78","targetHints":{"allow":["GET"]}}],"collection":[{"href":"https:\/\/blog.pilapk.com\/de\/wp-json\/wp\/v2\/pages"}],"about":[{"href":"https:\/\/blog.pilapk.com\/de\/wp-json\/wp\/v2\/types\/page"}],"author":[{"embeddable":true,"href":"https:\/\/blog.pilapk.com\/de\/wp-json\/wp\/v2\/users\/1"}],"replies":[{"embeddable":true,"href":"https:\/\/blog.pilapk.com\/de\/wp-json\/wp\/v2\/comments?post=78"}],"version-history":[{"count":1,"href":"https:\/\/blog.pilapk.com\/de\/wp-json\/wp\/v2\/pages\/78\/revisions"}],"predecessor-version":[{"id":79,"href":"https:\/\/blog.pilapk.com\/de\/wp-json\/wp\/v2\/pages\/78\/revisions\/79"}],"wp:attachment":[{"href":"https:\/\/blog.pilapk.com\/de\/wp-json\/wp\/v2\/media?parent=78"}],"curies":[{"name":"wp","href":"https:\/\/api.w.org\/{rel}","templated":true}]}}