{"id":76,"date":"2025-05-26T18:01:31","date_gmt":"2025-05-26T18:01:31","guid":{"rendered":"https:\/\/blog.pilapk.com\/?page_id=76"},"modified":"2025-10-27T20:33:38","modified_gmt":"2025-10-27T20:33:38","slug":"sobre-nosotros","status":"publish","type":"page","link":"https:\/\/blog.pilapk.com\/es\/about-us\/","title":{"rendered":"Sobre nosotros"},"content":{"rendered":"<p><strong>blog.pilapk.com<\/strong> Se cre\u00f3 con un prop\u00f3sito simple: ofrecer contenido r\u00e1pido, relevante y confiable a audiencias digitales que buscan informaci\u00f3n pr\u00e1ctica. Ya sea que est\u00e9s explorando nuevas aplicaciones m\u00f3viles, buscando oportunidades de trabajo, administrando tus finanzas o adentr\u00e1ndote en consejos modernos sobre relaciones, nuestro objetivo es llevar el contenido m\u00e1s \u00fatil de internet directamente a tu pantalla.<\/p>\n\n\n\n<p>Entendemos lo valioso que es su tiempo. Por eso nos enfocamos en publicar contenido claro, accesible y dise\u00f1ado para satisfacer las necesidades reales de los lectores en l\u00ednea.<\/p>\n\n\n\n<hr class=\"wp-block-separator has-alpha-channel-opacity\"\/>\n\n\n\n<h3 class=\"wp-block-heading\">\ud83c\udf10 Nuestro enfoque<\/h3>\n\n\n\n<p>En <strong>Blog Pilapk<\/strong>No solo publicamos art\u00edculos, sino que tambi\u00e9n creamos experiencias. Nuestro proceso editorial combina el an\u00e1lisis de tendencias digitales con la revisi\u00f3n de contenido humano para garantizar que cada publicaci\u00f3n aporte valor. Monitoreamos constantemente las b\u00fasquedas de los usuarios y respondemos con contenido conciso, de alto rendimiento y optimizado para todos los dispositivos.<\/p>\n\n\n\n<hr class=\"wp-block-separator has-alpha-channel-opacity\"\/>\n\n\n\n<h3 class=\"wp-block-heading\">\ud83d\udcca C\u00f3mo operamos<\/h3>\n\n\n\n<ul class=\"wp-block-list\">\n<li>Publicamos en categor\u00edas como <strong>Aplicaciones<\/strong>, <strong>Tener una cita<\/strong>, <strong>Finanzas<\/strong>, <strong>Empleos<\/strong>, y <strong>Estilo de vida<\/strong>.<\/li>\n\n\n\n<li>Nuestras fuentes de tr\u00e1fico incluyen plataformas sociales, anuncios nativos y motores de b\u00fasqueda.<\/li>\n\n\n\n<li>Monetizamos de manera responsable a trav\u00e9s de asociaciones publicitarias con <strong>Administrador de anuncios de Google<\/strong>, <strong>ADX<\/strong>y otros SSP de confianza.<\/li>\n<\/ul>\n\n\n\n<hr class=\"wp-block-separator has-alpha-channel-opacity\"\/>\n\n\n\n<h3 class=\"wp-block-heading\">\ud83d\udd12 Transparencia e Integridad<\/h3>\n\n\n\n<p>Nos comprometemos con la transparencia. La publicidad nunca influye en el tono editorial de nuestros art\u00edculos y cumplimos con todas las principales normativas de privacidad, incluyendo <strong>RGPD<\/strong>, <strong>Ley de Privacidad del Consumidor de California (CCPA)<\/strong>, y <strong>Pol\u00edticas de editores de Google<\/strong>.<\/p>\n\n\n\n<hr class=\"wp-block-separator has-alpha-channel-opacity\"\/>\n\n\n\n<h3 class=\"wp-block-heading\">\ud83d\udcac Ponte en contacto con nosotros<\/h3>\n\n\n\n<p>\u00bfTiene comentarios, consultas comerciales o sugerencias de contenido?<br>Cont\u00e1ctenos en cualquier momento a: <strong><a>contact@blog.pilapk.com<\/a><\/strong><\/p>\n\n\n\n<p>Gracias por ser parte de la comunidad Pilapk.<\/p>","protected":false},"excerpt":{"rendered":"<p>blog.pilapk.com was built with a simple purpose: to deliver fast, relevant, and reliable content to digital audiences seeking actionable information. [&hellip;]<\/p>\n","protected":false},"author":1,"featured_media":0,"parent":0,"menu_order":0,"comment_status":"closed","ping_status":"closed","template":"","meta":{"site-sidebar-layout":"default","site-content-layout":"","ast-site-content-layout":"","site-content-style":"default","site-sidebar-style":"default","ast-global-header-display":"","ast-banner-title-visibility":"","ast-main-header-display":"","ast-hfb-above-header-display":"","ast-hfb-below-header-display":"","ast-hfb-mobile-header-display":"","site-post-title":"","ast-breadcrumbs-content":"","ast-featured-img":"","footer-sml-layout":"","theme-transparent-header-meta":"","adv-header-id-meta":"","stick-header-meta":"","header-above-stick-meta":"","header-main-stick-meta":"","header-below-stick-meta":"","astra-migrate-meta-layouts":"default","ast-page-background-enabled":"default","ast-page-background-meta":{"desktop":{"background-color":"var(--ast-global-color-4)","background-image":"","background-repeat":"repeat","background-position":"center center","background-size":"auto","background-attachment":"scroll","background-type":"","background-media":"","overlay-type":"","overlay-color":"","overlay-gradient":""},"tablet":{"background-color":"","background-image":"","background-repeat":"repeat","background-position":"center center","background-size":"auto","background-attachment":"scroll","background-type":"","background-media":"","overlay-type":"","overlay-color":"","overlay-gradient":""},"mobile":{"background-color":"","background-image":"","background-repeat":"repeat","background-position":"center center","background-size":"auto","background-attachment":"scroll","background-type":"","background-media":"","overlay-type":"","overlay-color":"","overlay-gradient":""}},"ast-content-background-meta":{"desktop":{"background-color":"var(--ast-global-color-5)","background-image":"","background-repeat":"repeat","background-position":"center center","background-size":"auto","background-attachment":"scroll","background-type":"","background-media":"","overlay-type":"","overlay-color":"","overlay-gradient":""},"tablet":{"background-color":"var(--ast-global-color-5)","background-image":"","background-repeat":"repeat","background-position":"center center","background-size":"auto","background-attachment":"scroll","background-type":"","background-media":"","overlay-type":"","overlay-color":"","overlay-gradient":""},"mobile":{"background-color":"var(--ast-global-color-5)","background-image":"","background-repeat":"repeat","background-position":"center center","background-size":"auto","background-attachment":"scroll","background-type":"","background-media":"","overlay-type":"","overlay-color":"","overlay-gradient":""}},"footnotes":""},"class_list":["post-76","page","type-page","status-publish","hentry"],"_links":{"self":[{"href":"https:\/\/blog.pilapk.com\/es\/wp-json\/wp\/v2\/pages\/76","targetHints":{"allow":["GET"]}}],"collection":[{"href":"https:\/\/blog.pilapk.com\/es\/wp-json\/wp\/v2\/pages"}],"about":[{"href":"https:\/\/blog.pilapk.com\/es\/wp-json\/wp\/v2\/types\/page"}],"author":[{"embeddable":true,"href":"https:\/\/blog.pilapk.com\/es\/wp-json\/wp\/v2\/users\/1"}],"replies":[{"embeddable":true,"href":"https:\/\/blog.pilapk.com\/es\/wp-json\/wp\/v2\/comments?post=76"}],"version-history":[{"count":2,"href":"https:\/\/blog.pilapk.com\/es\/wp-json\/wp\/v2\/pages\/76\/revisions"}],"predecessor-version":[{"id":405,"href":"https:\/\/blog.pilapk.com\/es\/wp-json\/wp\/v2\/pages\/76\/revisions\/405"}],"wp:attachment":[{"href":"https:\/\/blog.pilapk.com\/es\/wp-json\/wp\/v2\/media?parent=76"}],"curies":[{"name":"wp","href":"https:\/\/api.w.org\/{rel}","templated":true}]}}