{"id":78,"date":"2025-05-26T18:02:34","date_gmt":"2025-05-26T18:02:34","guid":{"rendered":"https:\/\/blog.pilapk.com\/?page_id=78"},"modified":"2025-05-26T18:02:36","modified_gmt":"2025-05-26T18:02:36","slug":"politica-de-cookies","status":"publish","type":"page","link":"https:\/\/blog.pilapk.com\/es\/cookie-policy\/","title":{"rendered":"Pol\u00edtica de cookies"},"content":{"rendered":"<p><strong>Fecha de entrada en vigor:<\/strong> 26 de mayo de 2025<br><strong>Sitio web:<\/strong> <a class=\"\" href=\"https:\/\/blog.pilapk.com\/es\/\">https:\/\/blog.pilapk.com<\/a><\/p>\n\n\n\n<p>En <strong>Pilapk.com<\/strong>, La transparencia es uno de nuestros principios fundamentales. Esta Pol\u00edtica de Cookies describe c\u00f3mo utilizamos las cookies y tecnolog\u00edas relacionadas para ofrecer una experiencia de navegaci\u00f3n r\u00e1pida, segura y personalizada. Tambi\u00e9n explica c\u00f3mo puede controlar estas tecnolog\u00edas de acuerdo con la normativa global de privacidad.<\/p>\n\n\n\n<hr class=\"wp-block-separator has-alpha-channel-opacity\"\/>\n\n\n\n<h3 class=\"wp-block-heading\">1. <strong>Entendiendo las Cookies<\/strong><\/h3>\n\n\n\n<p>Las cookies son peque\u00f1os archivos de texto que se almacenan en su ordenador o dispositivo m\u00f3vil cuando visita un sitio web. Cumplen diversas funciones, entre ellas:<\/p>\n\n\n\n<ul class=\"wp-block-list\">\n<li>Recordar las preferencias del usuario<\/li>\n\n\n\n<li>Habilitar el acceso seguro a las p\u00e1ginas<\/li>\n\n\n\n<li>An\u00e1lisis del comportamiento del tr\u00e1fico<\/li>\n\n\n\n<li>Apoyando la entrega de anuncios relevantes<\/li>\n<\/ul>\n\n\n\n<p>Podemos colocar cookies (\u201c<strong>cookies de origen<\/strong>\u201c) o por terceros cuyos servicios utilizamos (\u201c<strong>cookies de terceros<\/strong>&#8220;).<\/p>\n\n\n\n<hr class=\"wp-block-separator has-alpha-channel-opacity\"\/>\n\n\n\n<h3 class=\"wp-block-heading\">2. <strong>\u00bfPor qu\u00e9 utilizamos cookies?<\/strong><\/h3>\n\n\n\n<p>Utilizamos cookies para:<\/p>\n\n\n\n<ul class=\"wp-block-list\">\n<li><strong>Garantizar el correcto funcionamiento del sitio web<\/strong><\/li>\n\n\n\n<li><strong>Analizar el rendimiento<\/strong> a trav\u00e9s de herramientas como Google Analytics<\/li>\n\n\n\n<li><strong>Ofrecer publicidad dirigida<\/strong> a trav\u00e9s de plataformas program\u00e1ticas como Google Ad Manager, AdSense y socios del lado de la demanda<\/li>\n\n\n\n<li><strong>Cumplir con las obligaciones legales<\/strong> sobre el tratamiento de datos y el consentimiento del usuario<\/li>\n<\/ul>\n\n\n\n<hr class=\"wp-block-separator has-alpha-channel-opacity\"\/>\n\n\n\n<h3 class=\"wp-block-heading\">3. <strong>Categor\u00edas de cookies utilizadas<\/strong><\/h3>\n\n\n\n<h4 class=\"wp-block-heading\">a. <strong>Cookies estrictamente necesarias<\/strong><\/h4>\n\n\n\n<p>Estas cookies son esenciales para que el sitio funcione y no se pueden desactivar en nuestros sistemas.<\/p>\n\n\n\n<h4 class=\"wp-block-heading\">b. <strong>Cookies de rendimiento y an\u00e1lisis<\/strong><\/h4>\n\n\n\n<p>Se utiliza para rastrear las visitas a la p\u00e1gina, el flujo de usuarios y el comportamiento de forma an\u00f3nima para mejorar el rendimiento.<\/p>\n\n\n\n<h4 class=\"wp-block-heading\">do. <strong>Cookies funcionales<\/strong><\/h4>\n\n\n\n<p>Habilite funciones mejoradas como la selecci\u00f3n de idioma o recordar credenciales de inicio de sesi\u00f3n.<\/p>\n\n\n\n<h4 class=\"wp-block-heading\">d. <strong>Cookies publicitarias<\/strong><\/h4>\n\n\n\n<p>Nuestros socios publicitarios lo utilizan para ofrecer anuncios basados en intereses, administrar la frecuencia de impresiones y realizar un seguimiento de la eficacia de los anuncios en todos los sitios web.<\/p>\n\n\n\n<hr class=\"wp-block-separator has-alpha-channel-opacity\"\/>\n\n\n\n<h3 class=\"wp-block-heading\">4. <strong>Cookies de terceros<\/strong><\/h3>\n\n\n\n<p>Algunas cookies son colocadas por servicios que integramos, como:<\/p>\n\n\n\n<ul class=\"wp-block-list\">\n<li><strong>Google Analytics<\/strong><\/li>\n\n\n\n<li><strong>Administrador de anuncios de Google \/ AdSense<\/strong><\/li>\n\n\n\n<li><strong>JoinAds, SSP y socios RTB<\/strong><\/li>\n\n\n\n<li><strong>Plataformas de gesti\u00f3n del consentimiento (CMP)<\/strong><\/li>\n<\/ul>\n\n\n\n<p>Estos terceros pueden utilizar cookies para recopilar datos de uso, informaci\u00f3n del dispositivo e identificadores an\u00f3nimos.<\/p>\n\n\n\n<p>Puede obtener m\u00e1s informaci\u00f3n a trav\u00e9s de sus respectivas pol\u00edticas de privacidad.<\/p>\n\n\n\n<hr class=\"wp-block-separator has-alpha-channel-opacity\"\/>\n\n\n\n<h3 class=\"wp-block-heading\">5. <strong>Consentimiento y control del usuario<\/strong><\/h3>\n\n\n\n<p>En su primera visita a nuestro sitio web, se le presentar\u00e1 un banner de consentimiento de cookies.<\/p>\n\n\n\n<p>Puedes:<\/p>\n\n\n\n<ul class=\"wp-block-list\">\n<li>Aceptar todas las cookies<\/li>\n\n\n\n<li>Rechazar cookies no esenciales<\/li>\n\n\n\n<li>Personaliza tus preferencias<\/li>\n<\/ul>\n\n\n\n<p>Puede actualizar sus preferencias en cualquier momento a trav\u00e9s del <strong>\u201cConfiguraci\u00f3n de cookies\u201d<\/strong> Enlace en el pie de p\u00e1gina.<\/p>\n\n\n\n<hr class=\"wp-block-separator has-alpha-channel-opacity\"\/>\n\n\n\n<h3 class=\"wp-block-heading\">6. <strong>Administrar las cookies en su navegador<\/strong><\/h3>\n\n\n\n<p>Tambi\u00e9n puede controlar las cookies a trav\u00e9s de su navegador. Aqu\u00ed tiene algunos recursos:<\/p>\n\n\n\n<ul class=\"wp-block-list\">\n<li><a>Cromo<\/a><\/li>\n\n\n\n<li><a class=\"\" href=\"https:\/\/support.mozilla.org\/en-US\/kb\/enable-and-disable-cookies\">Firefox<\/a><\/li>\n\n\n\n<li><a class=\"\" href=\"https:\/\/support.apple.com\/en-us\/HT201265\">Safari<\/a><\/li>\n\n\n\n<li><a class=\"\" href=\"https:\/\/support.microsoft.com\/en-us\/microsoft-edge\/delete-cookies-in-microsoft-edge-63947406-40ac-c3b8-57b9-2a946a29ae09\">Borde<\/a><\/li>\n<\/ul>\n\n\n\n<hr class=\"wp-block-separator has-alpha-channel-opacity\"\/>\n\n\n\n<h3 class=\"wp-block-heading\">7. <strong>Cumplimiento de las leyes globales<\/strong><\/h3>\n\n\n\n<p>Cumplimos con las siguientes normativas:<\/p>\n\n\n\n<ul class=\"wp-block-list\">\n<li><strong>RGPD<\/strong> (UE) \u2013 Se requiere consentimiento expl\u00edcito para las cookies no esenciales.<\/li>\n\n\n\n<li><strong>Ley de Privacidad del Consumidor de California (CCPA)<\/strong> (California) \u2013 Derecho a optar por no compartir ni vender datos.<\/li>\n\n\n\n<li><strong>Polic\u00eda de LGPD<\/strong> (Brasil) \u2013 Transparencia en la recolecci\u00f3n de datos y uso l\u00edcito.<\/li>\n<\/ul>\n\n\n\n<p>Los residentes de las regiones aplicables pueden ejercer sus derechos a trav\u00e9s de enlaces dedicados o contact\u00e1ndonos directamente.<\/p>\n\n\n\n<hr class=\"wp-block-separator has-alpha-channel-opacity\"\/>\n\n\n\n<h3 class=\"wp-block-heading\">8. <strong>Actualizaciones de esta pol\u00edtica<\/strong><\/h3>\n\n\n\n<p>Esta Pol\u00edtica de Cookies puede revisarse peri\u00f3dicamente para reflejar cambios en las obligaciones legales o la tecnolog\u00eda. Cualquier modificaci\u00f3n se publicar\u00e1 aqu\u00ed con una fecha de entrada en vigor actualizada.<\/p>\n\n\n\n<hr class=\"wp-block-separator has-alpha-channel-opacity\"\/>\n\n\n\n<h3 class=\"wp-block-heading\">9. <strong>Cont\u00e1ctenos<\/strong><\/h3>\n\n\n\n<p>Para preguntas o solicitudes relacionadas con esta pol\u00edtica:<\/p>\n\n\n\n<p>\ud83d\udce7 <strong>Correo electr\u00f3nico<\/strong>: <a>contact@blog.pilapk.com<\/a><br>\ud83c\udf10 <strong>Sitio web<\/strong>: <a class=\"\" href=\"https:\/\/blog.pilapk.com\/es\/\">https:\/\/blog.pilapk.com<\/a><\/p>","protected":false},"excerpt":{"rendered":"<p>Effective Date: May 26, 2025Website: https:\/\/blog.pilapk.com At Pilapk.com, transparency is one of our core principles. This Cookie Policy outlines how [&hellip;]<\/p>\n","protected":false},"author":1,"featured_media":0,"parent":0,"menu_order":0,"comment_status":"closed","ping_status":"closed","template":"","meta":{"site-sidebar-layout":"default","site-content-layout":"","ast-site-content-layout":"","site-content-style":"default","site-sidebar-style":"default","ast-global-header-display":"","ast-banner-title-visibility":"","ast-main-header-display":"","ast-hfb-above-header-display":"","ast-hfb-below-header-display":"","ast-hfb-mobile-header-display":"","site-post-title":"","ast-breadcrumbs-content":"","ast-featured-img":"","footer-sml-layout":"","theme-transparent-header-meta":"","adv-header-id-meta":"","stick-header-meta":"","header-above-stick-meta":"","header-main-stick-meta":"","header-below-stick-meta":"","astra-migrate-meta-layouts":"default","ast-page-background-enabled":"default","ast-page-background-meta":{"desktop":{"background-color":"var(--ast-global-color-4)","background-image":"","background-repeat":"repeat","background-position":"center center","background-size":"auto","background-attachment":"scroll","background-type":"","background-media":"","overlay-type":"","overlay-color":"","overlay-gradient":""},"tablet":{"background-color":"","background-image":"","background-repeat":"repeat","background-position":"center center","background-size":"auto","background-attachment":"scroll","background-type":"","background-media":"","overlay-type":"","overlay-color":"","overlay-gradient":""},"mobile":{"background-color":"","background-image":"","background-repeat":"repeat","background-position":"center center","background-size":"auto","background-attachment":"scroll","background-type":"","background-media":"","overlay-type":"","overlay-color":"","overlay-gradient":""}},"ast-content-background-meta":{"desktop":{"background-color":"var(--ast-global-color-5)","background-image":"","background-repeat":"repeat","background-position":"center center","background-size":"auto","background-attachment":"scroll","background-type":"","background-media":"","overlay-type":"","overlay-color":"","overlay-gradient":""},"tablet":{"background-color":"var(--ast-global-color-5)","background-image":"","background-repeat":"repeat","background-position":"center center","background-size":"auto","background-attachment":"scroll","background-type":"","background-media":"","overlay-type":"","overlay-color":"","overlay-gradient":""},"mobile":{"background-color":"var(--ast-global-color-5)","background-image":"","background-repeat":"repeat","background-position":"center center","background-size":"auto","background-attachment":"scroll","background-type":"","background-media":"","overlay-type":"","overlay-color":"","overlay-gradient":""}},"footnotes":""},"class_list":["post-78","page","type-page","status-publish","hentry"],"_links":{"self":[{"href":"https:\/\/blog.pilapk.com\/es\/wp-json\/wp\/v2\/pages\/78","targetHints":{"allow":["GET"]}}],"collection":[{"href":"https:\/\/blog.pilapk.com\/es\/wp-json\/wp\/v2\/pages"}],"about":[{"href":"https:\/\/blog.pilapk.com\/es\/wp-json\/wp\/v2\/types\/page"}],"author":[{"embeddable":true,"href":"https:\/\/blog.pilapk.com\/es\/wp-json\/wp\/v2\/users\/1"}],"replies":[{"embeddable":true,"href":"https:\/\/blog.pilapk.com\/es\/wp-json\/wp\/v2\/comments?post=78"}],"version-history":[{"count":1,"href":"https:\/\/blog.pilapk.com\/es\/wp-json\/wp\/v2\/pages\/78\/revisions"}],"predecessor-version":[{"id":79,"href":"https:\/\/blog.pilapk.com\/es\/wp-json\/wp\/v2\/pages\/78\/revisions\/79"}],"wp:attachment":[{"href":"https:\/\/blog.pilapk.com\/es\/wp-json\/wp\/v2\/media?parent=78"}],"curies":[{"name":"wp","href":"https:\/\/api.w.org\/{rel}","templated":true}]}}