{"id":14,"date":"2025-04-09T11:58:20","date_gmt":"2025-04-09T11:58:20","guid":{"rendered":"https:\/\/blog.pilapk.com\/?page_id=14"},"modified":"2025-04-09T11:58:21","modified_gmt":"2025-04-09T11:58:21","slug":"teenusetingimused","status":"publish","type":"page","link":"https:\/\/blog.pilapk.com\/et\/terms-of-service\/","title":{"rendered":"Teenusetingimused"},"content":{"rendered":"<h3 class=\"wp-block-heading\">1. Tingimused<\/h3>\n\n\n\n<p>Veebisaidi k\u00fclastades aadressil <a href=\"https:\/\/blog.pilapk.com\/et\/\">pilapp<\/a> N\u00f5ustute j\u00e4rgima neid teenuse osutamise tingimusi, k\u00f5iki kohaldatavaid seadusi ja m\u00e4\u00e4rusi ning vastutate k\u00f5igi kohaldatavate kohalike seaduste j\u00e4rgimise eest. Kui te ei n\u00f5ustu m\u00f5ne nende tingimustega, on teil keelatud seda saiti kasutada v\u00f5i sellele juurde p\u00e4\u00e4seda. Sellel veebisaidil sisalduvad materjalid on kaitstud kohaldatavate autori\u00f5iguse ja kaubam\u00e4rgiseadustega.<\/p>\n\n\n\n<h3 class=\"wp-block-heading\">2. Kasutuslitsents<\/h3>\n\n\n\n<ol class=\"wp-block-list\">\n<li>Antakse luba ajutiselt alla laadida \u00fcks koopia pilapki veebisaidilt isiklikuks, mitte\u00e4riliseks ja ajutiseks vaatamiseks. See on litsentsi andmine, mitte omandi\u00f5iguse \u00fcleandmine, ja selle litsentsi alusel ei tohi te:<\/li>\n\n\n\n<li>materjale muuta v\u00f5i kopeerida;<\/li>\n\n\n\n<li>kasutada materjale mis tahes \u00e4rilisel eesm\u00e4rgil v\u00f5i avalikuks esitlemiseks (\u00e4riliseks v\u00f5i mitte\u00e4riliseks);<\/li>\n\n\n\n<li>proovida pilapki veebisaidil sisalduvat tarkvara dekompileerida v\u00f5i p\u00f6\u00f6rdprojekteerida;<\/li>\n\n\n\n<li>eemaldada materjalidest autori\u00f5iguse v\u00f5i muud omandi\u00f5iguse m\u00e4rked v\u00f5i<\/li>\n\n\n\n<li>materjale teisele isikule \u00fcle anda v\u00f5i materjale mis tahes muul serveril \u201epeegeldada\u201c.<\/li>\n\n\n\n<li>See litsents l\u00f5peb automaatselt, kui te rikute m\u00f5nda neist piirangutest, ja pilapk v\u00f5ib selle igal ajal l\u00f5petada. Nende materjalide vaatamise l\u00f5petamisel v\u00f5i k\u00e4esoleva litsentsi l\u00f5ppemisel peate h\u00e4vitama k\u00f5ik teie valduses olevad allalaaditud materjalid nii elektroonilisel kui ka tr\u00fckitud kujul.<\/li>\n<\/ol>\n\n\n\n<h3 class=\"wp-block-heading\">3. Lahti\u00fctlus<\/h3>\n\n\n\n<ol class=\"wp-block-list\">\n<li>Pilapki veebisaidil olevad materjalid pakutakse olemasoleval kujul. Pilapk ei anna mingeid otseseid ega kaudseid garantiisid ning k\u00e4esolevaga loobub ja eitab k\u00f5iki muid garantiisid, sealhulgas, kuid mitte ainult, kaudseid garantiisid v\u00f5i tingimusi m\u00fc\u00fcgik\u00f5lblikkuse, konkreetseks otstarbeks sobivuse v\u00f5i intellektuaalomandi \u00f5iguste rikkumise puudumise v\u00f5i muude \u00f5iguste rikkumise kohta.<\/li>\n\n\n\n<li>Lisaks ei garanteeri ega anna pilapk mingeid kinnitusi oma veebisaidil olevate materjalide t\u00e4psuse, t\u00f5en\u00e4oliste tulemuste ega usaldusv\u00e4\u00e4rsuse kohta ega muul viisil selliste materjalidega seoses v\u00f5i selle saidiga lingitud saitidel.<\/li>\n<\/ol>\n\n\n\n<h3 class=\"wp-block-heading\">4. Piirangud<\/h3>\n\n\n\n<p>Pilapk ega tema tarnijad ei vastuta mingil juhul kahjude eest (sealhulgas, kuid mitte ainult, andmete v\u00f5i kasumi kaotuse v\u00f5i \u00e4ritegevuse katkemisega seotud kahjude eest), mis tulenevad Pilapki veebisaidil olevate materjalide kasutamisest v\u00f5i v\u00f5imetusest neid kasutada, isegi kui Pilapki v\u00f5i Pilapki volitatud esindajat on sellise kahju v\u00f5imalikkusest suuliselt v\u00f5i kirjalikult teavitatud. Kuna m\u00f5ned jurisdiktsioonid ei luba kaudsete garantiide piiramist ega vastutuse piiramist kaudsete v\u00f5i juhuslike kahjude eest, ei pruugi need piirangud teie suhtes kehtida.<\/p>\n\n\n\n<h3 class=\"wp-block-heading\">5. Materjalide t\u00e4psus<\/h3>\n\n\n\n<p>Pilapki veebisaidil kuvatavad materjalid v\u00f5ivad sisaldada tehnilisi, tr\u00fckivigu v\u00f5i fotograafilisi vigu. Pilapk ei garanteeri, et \u00fckski tema veebisaidil olevatest materjalidest on t\u00e4pne, t\u00e4ielik v\u00f5i ajakohane. Pilapk v\u00f5ib oma veebisaidil olevaid materjale igal ajal ette teatamata muuta. Pilapk ei v\u00f5ta aga endale kohustust materjale ajakohastada.<\/p>\n\n\n\n<h3 class=\"wp-block-heading\">6. Lingid<\/h3>\n\n\n\n<p>pilapk ei ole \u00fcle vaadanud k\u00f5iki oma veebisaidile lingitud saite ega vastuta \u00fchegi sellise lingitud saidi sisu eest. Lingi lisamine ei t\u00e4henda pilapki poolt saidi heakskiitu. Mis tahes sellise lingitud veebisaidi kasutamine toimub kasutaja enda vastutusel.<\/p>\n\n\n\n<h3 class=\"wp-block-heading\">7. Muudatused<\/h3>\n\n\n\n<p>pilapk v\u00f5ib neid oma veebisaidi teenusetingimusi igal ajal ette teatamata muuta. Selle veebisaidi kasutamisega n\u00f5ustute j\u00e4rgima nende teenusetingimuste kehtivat versiooni.<\/p>\n\n\n\n<h3 class=\"wp-block-heading\">8. Kohaldatav \u00f5igus<\/h3>\n\n\n\n<p>K\u00e4esolevatele tingimustele kohaldatakse ja neid t\u00f5lgendatakse vastavalt Pillapki seadustele ning te n\u00f5ustute p\u00f6\u00f6rdumatult selle osariigi v\u00f5i asukoha kohtute ainup\u00e4devusega.<\/p>","protected":false},"excerpt":{"rendered":"<p>1. Terms By accessing the website at pilapk you are agreeing to be bound by these terms of service, all [&hellip;]<\/p>\n","protected":false},"author":1,"featured_media":0,"parent":0,"menu_order":0,"comment_status":"closed","ping_status":"closed","template":"","meta":{"site-sidebar-layout":"default","site-content-layout":"","ast-site-content-layout":"default","site-content-style":"default","site-sidebar-style":"default","ast-global-header-display":"","ast-banner-title-visibility":"","ast-main-header-display":"","ast-hfb-above-header-display":"","ast-hfb-below-header-display":"","ast-hfb-mobile-header-display":"","site-post-title":"","ast-breadcrumbs-content":"","ast-featured-img":"","footer-sml-layout":"","theme-transparent-header-meta":"","adv-header-id-meta":"","stick-header-meta":"","header-above-stick-meta":"","header-main-stick-meta":"","header-below-stick-meta":"","astra-migrate-meta-layouts":"default","ast-page-background-enabled":"default","ast-page-background-meta":{"desktop":{"background-color":"var(--ast-global-color-4)","background-image":"","background-repeat":"repeat","background-position":"center center","background-size":"auto","background-attachment":"scroll","background-type":"","background-media":"","overlay-type":"","overlay-color":"","overlay-opacity":"","overlay-gradient":""},"tablet":{"background-color":"","background-image":"","background-repeat":"repeat","background-position":"center center","background-size":"auto","background-attachment":"scroll","background-type":"","background-media":"","overlay-type":"","overlay-color":"","overlay-opacity":"","overlay-gradient":""},"mobile":{"background-color":"","background-image":"","background-repeat":"repeat","background-position":"center center","background-size":"auto","background-attachment":"scroll","background-type":"","background-media":"","overlay-type":"","overlay-color":"","overlay-opacity":"","overlay-gradient":""}},"ast-content-background-meta":{"desktop":{"background-color":"var(--ast-global-color-5)","background-image":"","background-repeat":"repeat","background-position":"center center","background-size":"auto","background-attachment":"scroll","background-type":"","background-media":"","overlay-type":"","overlay-color":"","overlay-opacity":"","overlay-gradient":""},"tablet":{"background-color":"var(--ast-global-color-5)","background-image":"","background-repeat":"repeat","background-position":"center center","background-size":"auto","background-attachment":"scroll","background-type":"","background-media":"","overlay-type":"","overlay-color":"","overlay-opacity":"","overlay-gradient":""},"mobile":{"background-color":"var(--ast-global-color-5)","background-image":"","background-repeat":"repeat","background-position":"center center","background-size":"auto","background-attachment":"scroll","background-type":"","background-media":"","overlay-type":"","overlay-color":"","overlay-opacity":"","overlay-gradient":""}},"footnotes":""},"class_list":["post-14","page","type-page","status-publish","hentry"],"_links":{"self":[{"href":"https:\/\/blog.pilapk.com\/et\/wp-json\/wp\/v2\/pages\/14","targetHints":{"allow":["GET"]}}],"collection":[{"href":"https:\/\/blog.pilapk.com\/et\/wp-json\/wp\/v2\/pages"}],"about":[{"href":"https:\/\/blog.pilapk.com\/et\/wp-json\/wp\/v2\/types\/page"}],"author":[{"embeddable":true,"href":"https:\/\/blog.pilapk.com\/et\/wp-json\/wp\/v2\/users\/1"}],"replies":[{"embeddable":true,"href":"https:\/\/blog.pilapk.com\/et\/wp-json\/wp\/v2\/comments?post=14"}],"version-history":[{"count":1,"href":"https:\/\/blog.pilapk.com\/et\/wp-json\/wp\/v2\/pages\/14\/revisions"}],"predecessor-version":[{"id":15,"href":"https:\/\/blog.pilapk.com\/et\/wp-json\/wp\/v2\/pages\/14\/revisions\/15"}],"wp:attachment":[{"href":"https:\/\/blog.pilapk.com\/et\/wp-json\/wp\/v2\/media?parent=14"}],"curies":[{"name":"wp","href":"https:\/\/api.w.org\/{rel}","templated":true}]}}