{"id":16,"date":"2025-04-09T11:59:10","date_gmt":"2025-04-09T11:59:10","guid":{"rendered":"https:\/\/blog.pilapk.com\/?page_id=16"},"modified":"2025-04-09T11:59:12","modified_gmt":"2025-04-09T11:59:12","slug":"privaatsuspoliitika","status":"publish","type":"page","link":"https:\/\/blog.pilapk.com\/et\/privacy-policy\/","title":{"rendered":"Privaatsuspoliitika"},"content":{"rendered":"<p>Teie privaatsus on meile oluline. Pilapki poliitika on austada teie privaatsust seoses mis tahes teabega, mida me teilt meie veebisaidil kogume. <a href=\"https:\/\/blog.pilapk.com\/et\/\">pilapp<\/a>ja teised saidid, mis on meie omandis ja mida me haldame.<\/p>\n\n\n\n<p>K\u00fcsime isikuandmeid ainult siis, kui neid teile teenuse osutamiseks t\u00f5esti vajame. Kogume neid \u00f5iglastel ja seaduslikel viisidel, teie teadmisel ja n\u00f5usolekul. Samuti teavitame teid, miks me neid kogume ja kuidas neid kasutame.<\/p>\n\n\n\n<p>Kogutud teavet s\u00e4ilitame ainult nii kaua, kui see on vajalik teie soovitud teenuse osutamiseks. Kaitseme s\u00e4ilitatavaid andmeid kaubanduslikult vastuv\u00f5etavate vahenditega, et v\u00e4ltida kadumist ja vargust, samuti volitamata juurdep\u00e4\u00e4su, avalikustamist, kopeerimist, kasutamist v\u00f5i muutmist.<\/p>\n\n\n\n<p>Me ei jaga isikut tuvastavat teavet avalikult ega kolmandate osapooltega, v\u00e4lja arvatud juhul, kui see on seadusega n\u00f5utud.<\/p>\n\n\n\n<p>Meie veebisait v\u00f5ib linkida v\u00e4listele saitidele, mida meie ei halda. Pidage meeles, et meil puudub kontroll nende saitide sisu ja tavade \u00fcle ning me ei saa v\u00f5tta vastutust nende vastavate privaatsuspoliitikate eest.<\/p>\n\n\n\n<p>Teil on \u00f5igus keelduda meie isikuandmete taotlusest, m\u00f5istes, et me ei pruugi olla v\u00f5imelised teile osutama m\u00f5nda teie soovitud teenust.<\/p>\n\n\n\n<p>Meie veebisaidi edasist kasutamist loetakse meie privaatsus- ja isikuandmete kaitse tavade aktsepteerimiseks. Kui teil on k\u00fcsimusi selle kohta, kuidas me kasutajaandmeid ja isikuandmeid k\u00e4sitleme, v\u00f5tke meiega julgelt \u00fchendust.<\/p>\n\n\n\n<h2 class=\"wp-block-heading\">Pilappi k\u00fcpsiste kasutamise p\u00f5him\u00f5tted<\/h2>\n\n\n\n<p>See on pilapki k\u00fcpsiste kasutamise p\u00f5him\u00f5tted, millele p\u00e4\u00e4seb ligi aadressilt https:\/\/blog.pilapk.com\/.<\/p>\n\n\n\n<h3 class=\"wp-block-heading\">Mis on k\u00fcpsised<\/h3>\n\n\n\n<p>Nagu peaaegu k\u00f5ik professionaalsed veebisaidid, kasutab ka see sait k\u00fcpsiseid, mis on teie arvutisse alla laaditud pisikesed failid teie kogemuse parandamiseks. See leht kirjeldab, millist teavet nad koguvad, kuidas me seda kasutame ja miks me m\u00f5nikord peame neid k\u00fcpsiseid salvestama. Samuti jagame, kuidas saate nende k\u00fcpsiste salvestamist takistada, kuid see v\u00f5ib teatud saidi funktsionaalsuse elemente halvendada v\u00f5i rikkuda.<\/p>\n\n\n\n<h3 class=\"wp-block-heading\">Kuidas me k\u00fcpsiseid kasutame<\/h3>\n\n\n\n<p>Kasutame k\u00fcpsiseid mitmesugustel allpool \u00fcksikasjalikult kirjeldatud p\u00f5hjustel. Kahjuks puuduvad enamikul juhtudel t\u00f6\u00f6stusstandardile vastavad valikud k\u00fcpsiste keelamiseks ilma nende saidile lisatavaid funktsioone ja v\u00f5imalusi t\u00e4ielikult keelamata. Soovitatav on j\u00e4tta k\u00f5ik k\u00fcpsised sisse l\u00fclitatuks, kui te pole kindel, kas neid vajate v\u00f5i mitte, juhul kui neid kasutatakse teie kasutatava teenuse osutamiseks.<\/p>\n\n\n\n<h3 class=\"wp-block-heading\">K\u00fcpsiste keelamine<\/h3>\n\n\n\n<p>K\u00fcpsiste seadistamist saate keelata oma brauseri seadeid muutes (selle kohta leiate teavet oma brauseri abist). Pidage meeles, et k\u00fcpsiste keelamine m\u00f5jutab selle ja paljude teiste k\u00fclastatavate veebisaitide funktsionaalsust. K\u00fcpsiste keelamine toob tavaliselt kaasa ka selle saidi teatud funktsioonide ja funktsioonide keelamise. Seet\u00f5ttu on soovitatav k\u00fcpsiseid mitte keelata.<\/p>\n\n\n\n<h3 class=\"wp-block-heading\">Meie seatud k\u00fcpsised<\/h3>\n\n\n\n<h3 class=\"wp-block-heading\">Kolmandate osapoolte k\u00fcpsised<\/h3>\n\n\n\n<p>M\u00f5nel erijuhul kasutame ka usaldusv\u00e4\u00e4rsete kolmandate osapoolte pakutavaid k\u00fcpsiseid. J\u00e4rgmises jaotises on \u00fcksikasjalikult kirjeldatud, milliste kolmandate osapoolte k\u00fcpsistega v\u00f5ite sellel saidil kokku puutuda.<\/p>\n\n\n\n<ul class=\"wp-block-list\">\n<li>Reklaamide kuvamiseks kasutatav Google AdSense&#039;i teenus kasutab DoubleClicki k\u00fcpsist, et kuvada veebis asjakohasemaid reklaame ja piirata seda, mitu korda teile \u00fchte reklaami kuvatakse.<\/li>\n\n\n\n<li>Lisateavet Google AdSense&#039;i kohta leiate ametlikust Google AdSense&#039;i privaatsusk\u00fcsimuste KKK-st.<\/li>\n\n\n\n<li>Selle saidi k\u00e4itamiskulude katmiseks ja edasise arenduse rahastamiseks kasutame reklaame. Selle saidi k\u00e4itumusliku reklaami k\u00fcpsised on loodud selleks, et pakkuda teile v\u00f5imalikult asjakohaseid reklaame, j\u00e4lgides anon\u00fc\u00fcmselt teie huvisid ja esitades sarnaseid asju, mis v\u00f5ivad teile huvi pakkuda.<\/li>\n\n\n\n<li>Mitmed partnerid reklaamivad meie nimel ja sidusreklaami k\u00fcpsised v\u00f5imaldavad meil lihtsalt n\u00e4ha, kas meie kliendid on saidile tulnud m\u00f5ne meie partnersaidi kaudu, et saaksime neid vastavalt krediteerida ja vajaduse korral v\u00f5imaldada oma sidusreklaami partneritel pakkuda boonuseid, mida nad teile ostu sooritamise eest pakuvad.<\/li>\n<\/ul>\n\n\n\n<h3 class=\"wp-block-heading\">Kasutaja kohustused<\/h3>\n\n\n\n<p>Kasutaja kohustub kasutama saidil pakutavat sisu ja teavet asjakohaselt, k\u00e4itudes s\u00f5naselgelt, kuid mitte matkivalt:<\/p>\n\n\n\n<ul class=\"wp-block-list\">\n<li>A) Mitte tegeleda tegevusega, mis on ebaseaduslik v\u00f5i vastuolus hea usu ja avaliku korraga;<\/li>\n\n\n\n<li>B) Mitte levitada rassistlikku, ksenofoobset v\u00f5i hasartm\u00e4ngudega seotud propagandat v\u00f5i sisu, mis tahes ebaseaduslikku pornograafiat, terroristlikke v\u00f5i inim\u00f5iguste vastaseid v\u00e4iteid;<\/li>\n\n\n\n<li>C) Mitte kahjustada pilapki, selle tarnijate v\u00f5i kolmandate isikute f\u00fc\u00fcsilisi s\u00fcsteeme (riistvara) ja k\u00e4ttesaamatuid komponente (tarkvara), mitte levitada arvutiviirusi ega muid riist- v\u00f5i tarkvaras\u00fcsteeme, mis on v\u00f5imelised tekitama eelnevalt mainitud kahju.<\/li>\n<\/ul>\n\n\n\n<h3 class=\"wp-block-heading\">Lisateave<\/h3>\n\n\n\n<p>Loodetavasti on see asjad teie jaoks selgemaks teinud ja nagu varem mainitud, kui on midagi, mille vajalikkuses te pole kindel, on tavaliselt turvalisem k\u00fcpsised lubada, juhuks kui need m\u00f5jutavad m\u00f5nda meie saidil kasutatavat funktsiooni.<\/p>\n\n\n\n<p>See poliitika j\u00f5ustub 9. aprillil 2025 kell 11:57.<\/p>","protected":false},"excerpt":{"rendered":"<p>Your privacy is important to us. It is pilapk&#8217;s policy to respect your privacy regarding any information we may collect [&hellip;]<\/p>\n","protected":false},"author":1,"featured_media":0,"parent":0,"menu_order":0,"comment_status":"closed","ping_status":"closed","template":"","meta":{"site-sidebar-layout":"default","site-content-layout":"","ast-site-content-layout":"default","site-content-style":"default","site-sidebar-style":"default","ast-global-header-display":"","ast-banner-title-visibility":"","ast-main-header-display":"","ast-hfb-above-header-display":"","ast-hfb-below-header-display":"","ast-hfb-mobile-header-display":"","site-post-title":"","ast-breadcrumbs-content":"","ast-featured-img":"","footer-sml-layout":"","theme-transparent-header-meta":"","adv-header-id-meta":"","stick-header-meta":"","header-above-stick-meta":"","header-main-stick-meta":"","header-below-stick-meta":"","astra-migrate-meta-layouts":"default","ast-page-background-enabled":"default","ast-page-background-meta":{"desktop":{"background-color":"var(--ast-global-color-4)","background-image":"","background-repeat":"repeat","background-position":"center center","background-size":"auto","background-attachment":"scroll","background-type":"","background-media":"","overlay-type":"","overlay-color":"","overlay-opacity":"","overlay-gradient":""},"tablet":{"background-color":"","background-image":"","background-repeat":"repeat","background-position":"center center","background-size":"auto","background-attachment":"scroll","background-type":"","background-media":"","overlay-type":"","overlay-color":"","overlay-opacity":"","overlay-gradient":""},"mobile":{"background-color":"","background-image":"","background-repeat":"repeat","background-position":"center center","background-size":"auto","background-attachment":"scroll","background-type":"","background-media":"","overlay-type":"","overlay-color":"","overlay-opacity":"","overlay-gradient":""}},"ast-content-background-meta":{"desktop":{"background-color":"var(--ast-global-color-5)","background-image":"","background-repeat":"repeat","background-position":"center center","background-size":"auto","background-attachment":"scroll","background-type":"","background-media":"","overlay-type":"","overlay-color":"","overlay-opacity":"","overlay-gradient":""},"tablet":{"background-color":"var(--ast-global-color-5)","background-image":"","background-repeat":"repeat","background-position":"center center","background-size":"auto","background-attachment":"scroll","background-type":"","background-media":"","overlay-type":"","overlay-color":"","overlay-opacity":"","overlay-gradient":""},"mobile":{"background-color":"var(--ast-global-color-5)","background-image":"","background-repeat":"repeat","background-position":"center center","background-size":"auto","background-attachment":"scroll","background-type":"","background-media":"","overlay-type":"","overlay-color":"","overlay-opacity":"","overlay-gradient":""}},"footnotes":""},"class_list":["post-16","page","type-page","status-publish","hentry"],"_links":{"self":[{"href":"https:\/\/blog.pilapk.com\/et\/wp-json\/wp\/v2\/pages\/16","targetHints":{"allow":["GET"]}}],"collection":[{"href":"https:\/\/blog.pilapk.com\/et\/wp-json\/wp\/v2\/pages"}],"about":[{"href":"https:\/\/blog.pilapk.com\/et\/wp-json\/wp\/v2\/types\/page"}],"author":[{"embeddable":true,"href":"https:\/\/blog.pilapk.com\/et\/wp-json\/wp\/v2\/users\/1"}],"replies":[{"embeddable":true,"href":"https:\/\/blog.pilapk.com\/et\/wp-json\/wp\/v2\/comments?post=16"}],"version-history":[{"count":1,"href":"https:\/\/blog.pilapk.com\/et\/wp-json\/wp\/v2\/pages\/16\/revisions"}],"predecessor-version":[{"id":17,"href":"https:\/\/blog.pilapk.com\/et\/wp-json\/wp\/v2\/pages\/16\/revisions\/17"}],"wp:attachment":[{"href":"https:\/\/blog.pilapk.com\/et\/wp-json\/wp\/v2\/media?parent=16"}],"curies":[{"name":"wp","href":"https:\/\/api.w.org\/{rel}","templated":true}]}}