{"id":76,"date":"2025-05-26T18:01:31","date_gmt":"2025-05-26T18:01:31","guid":{"rendered":"https:\/\/blog.pilapk.com\/?page_id=76"},"modified":"2025-10-27T20:33:38","modified_gmt":"2025-10-27T20:33:38","slug":"meist","status":"publish","type":"page","link":"https:\/\/blog.pilapk.com\/et\/about-us\/","title":{"rendered":"Meist"},"content":{"rendered":"<p><strong>blog.pilapk.com<\/strong> loodi lihtsa eesm\u00e4rgiga: pakkuda kiiret, asjakohast ja usaldusv\u00e4\u00e4rset sisu digitaalsele publikule, kes otsib praktilist teavet. Olenemata sellest, kas uurite uusi mobiilirakendusi, otsite t\u00f6\u00f6pakkumisi, haldate oma rahaasju v\u00f5i sukeldute kaasaegsete suhten\u00f5uannete maailma \u2013 meie eesm\u00e4rk on tuua interneti k\u00f5ige kasulikum sisu otse teie ekraanile.<\/p>\n\n\n\n<p>Me m\u00f5istame, kui v\u00e4\u00e4rtuslik on teie aeg. Seet\u00f5ttu keskendume sisu avaldamisele, mis on selge, ligip\u00e4\u00e4setav ja loodud vastama veebilugejate reaalsetele vajadustele.<\/p>\n\n\n\n<hr class=\"wp-block-separator has-alpha-channel-opacity\"\/>\n\n\n\n<h3 class=\"wp-block-heading\">\ud83c\udf10 Meie l\u00e4henemine<\/h3>\n\n\n\n<p>Kell <strong>Blog Pilapk<\/strong>Me ei avalda ainult artikleid \u2013 me kureerime kogemusi. Meie toimetusprotsess \u00fchendab digitaalse trendianal\u00fc\u00fcsi inimese tehtud sisu \u00fclevaatamisega, et tagada iga postituse lisav\u00e4\u00e4rtus. J\u00e4lgime pidevalt, mida kasutajad otsivad, ja vastame sisutiheda, t\u00f5husa ja k\u00f5igile seadmetele optimeeritud sisuga.<\/p>\n\n\n\n<hr class=\"wp-block-separator has-alpha-channel-opacity\"\/>\n\n\n\n<h3 class=\"wp-block-heading\">\ud83d\udcca Kuidas me tegutseme<\/h3>\n\n\n\n<ul class=\"wp-block-list\">\n<li>Avaldame erinevates kategooriates, n\u00e4iteks <strong>Rakendused<\/strong>, <strong>Tutvumine<\/strong>, <strong>Rahandus<\/strong>, <strong>T\u00f6\u00f6kohad<\/strong>ja <strong>Eluviis<\/strong>.<\/li>\n\n\n\n<li>Meie liikluse allikate hulka kuuluvad sotsiaalmeedia platvormid, natiivreklaamid ja otsingumootorid.<\/li>\n\n\n\n<li>Me teenime raha vastutustundlikult reklaamipartnerluste kaudu ettev\u00f5ttega <strong>Google&#039;i reklaamihaldur<\/strong>, <strong>ADX<\/strong>ja teised usaldusv\u00e4\u00e4rsed \u00fchisplatvormi pakkujad.<\/li>\n<\/ul>\n\n\n\n<hr class=\"wp-block-separator has-alpha-channel-opacity\"\/>\n\n\n\n<h3 class=\"wp-block-heading\">\ud83d\udd12 L\u00e4bipaistvus ja ausus<\/h3>\n\n\n\n<p>Oleme p\u00fchendunud l\u00e4bipaistvusele. Reklaam ei m\u00f5juta kunagi meie artiklite toimetuslikku tooni ja j\u00e4rgime k\u00f5iki peamisi privaatsuseeskirju, sh <strong>GDPR<\/strong>, <strong>CCPA<\/strong>ja <strong>Google&#039;i v\u00e4ljaandjate eeskirjad<\/strong>.<\/p>\n\n\n\n<hr class=\"wp-block-separator has-alpha-channel-opacity\"\/>\n\n\n\n<h3 class=\"wp-block-heading\">\ud83d\udcac V\u00f5ta \u00fchendust<\/h3>\n\n\n\n<p>Kas teil on tagasisidet, \u00e4rip\u00e4ringuid v\u00f5i sisuettepanekuid?<br>V\u00f5tke meiega igal ajal \u00fchendust aadressil: <strong><a>contact@blog.pilapk.com<\/a><\/strong><\/p>\n\n\n\n<p>T\u00e4name teid, et olete osa Pilapki kogukonnast.<\/p>","protected":false},"excerpt":{"rendered":"<p>blog.pilapk.com was built with a simple purpose: to deliver fast, relevant, and reliable content to digital audiences seeking actionable information. [&hellip;]<\/p>\n","protected":false},"author":1,"featured_media":0,"parent":0,"menu_order":0,"comment_status":"closed","ping_status":"closed","template":"","meta":{"site-sidebar-layout":"default","site-content-layout":"","ast-site-content-layout":"","site-content-style":"default","site-sidebar-style":"default","ast-global-header-display":"","ast-banner-title-visibility":"","ast-main-header-display":"","ast-hfb-above-header-display":"","ast-hfb-below-header-display":"","ast-hfb-mobile-header-display":"","site-post-title":"","ast-breadcrumbs-content":"","ast-featured-img":"","footer-sml-layout":"","theme-transparent-header-meta":"","adv-header-id-meta":"","stick-header-meta":"","header-above-stick-meta":"","header-main-stick-meta":"","header-below-stick-meta":"","astra-migrate-meta-layouts":"default","ast-page-background-enabled":"default","ast-page-background-meta":{"desktop":{"background-color":"var(--ast-global-color-4)","background-image":"","background-repeat":"repeat","background-position":"center center","background-size":"auto","background-attachment":"scroll","background-type":"","background-media":"","overlay-type":"","overlay-color":"","overlay-gradient":""},"tablet":{"background-color":"","background-image":"","background-repeat":"repeat","background-position":"center center","background-size":"auto","background-attachment":"scroll","background-type":"","background-media":"","overlay-type":"","overlay-color":"","overlay-gradient":""},"mobile":{"background-color":"","background-image":"","background-repeat":"repeat","background-position":"center center","background-size":"auto","background-attachment":"scroll","background-type":"","background-media":"","overlay-type":"","overlay-color":"","overlay-gradient":""}},"ast-content-background-meta":{"desktop":{"background-color":"var(--ast-global-color-5)","background-image":"","background-repeat":"repeat","background-position":"center center","background-size":"auto","background-attachment":"scroll","background-type":"","background-media":"","overlay-type":"","overlay-color":"","overlay-gradient":""},"tablet":{"background-color":"var(--ast-global-color-5)","background-image":"","background-repeat":"repeat","background-position":"center center","background-size":"auto","background-attachment":"scroll","background-type":"","background-media":"","overlay-type":"","overlay-color":"","overlay-gradient":""},"mobile":{"background-color":"var(--ast-global-color-5)","background-image":"","background-repeat":"repeat","background-position":"center center","background-size":"auto","background-attachment":"scroll","background-type":"","background-media":"","overlay-type":"","overlay-color":"","overlay-gradient":""}},"footnotes":""},"class_list":["post-76","page","type-page","status-publish","hentry"],"_links":{"self":[{"href":"https:\/\/blog.pilapk.com\/et\/wp-json\/wp\/v2\/pages\/76","targetHints":{"allow":["GET"]}}],"collection":[{"href":"https:\/\/blog.pilapk.com\/et\/wp-json\/wp\/v2\/pages"}],"about":[{"href":"https:\/\/blog.pilapk.com\/et\/wp-json\/wp\/v2\/types\/page"}],"author":[{"embeddable":true,"href":"https:\/\/blog.pilapk.com\/et\/wp-json\/wp\/v2\/users\/1"}],"replies":[{"embeddable":true,"href":"https:\/\/blog.pilapk.com\/et\/wp-json\/wp\/v2\/comments?post=76"}],"version-history":[{"count":2,"href":"https:\/\/blog.pilapk.com\/et\/wp-json\/wp\/v2\/pages\/76\/revisions"}],"predecessor-version":[{"id":405,"href":"https:\/\/blog.pilapk.com\/et\/wp-json\/wp\/v2\/pages\/76\/revisions\/405"}],"wp:attachment":[{"href":"https:\/\/blog.pilapk.com\/et\/wp-json\/wp\/v2\/media?parent=76"}],"curies":[{"name":"wp","href":"https:\/\/api.w.org\/{rel}","templated":true}]}}