{"id":78,"date":"2025-05-26T18:02:34","date_gmt":"2025-05-26T18:02:34","guid":{"rendered":"https:\/\/blog.pilapk.com\/?page_id=78"},"modified":"2025-05-26T18:02:36","modified_gmt":"2025-05-26T18:02:36","slug":"kupsiste-poliitika","status":"publish","type":"page","link":"https:\/\/blog.pilapk.com\/et\/cookie-policy\/","title":{"rendered":"K\u00fcpsiste poliitika"},"content":{"rendered":"<p><strong>J\u00f5ustumiskuup\u00e4ev:<\/strong> 26. mai 2025<br><strong>Veebisait:<\/strong> <a class=\"\" href=\"https:\/\/blog.pilapk.com\/et\/\">https:\/\/blog.pilapk.com<\/a><\/p>\n\n\n\n<p>Kell <strong>Pilapk.com<\/strong>L\u00e4bipaistvus on \u00fcks meie p\u00f5hiprintsiipe. See k\u00fcpsiste kasutamise poliitika kirjeldab, kuidas me k\u00fcpsiseid ja nendega seotud tehnoloogiaid kasutame kiire, turvalise ja isikup\u00e4rastatud sirvimiskogemuse pakkumiseks. Samuti selgitab see, kuidas saate neid tehnoloogiaid vastavalt \u00fclemaailmsetele privaatsusm\u00e4\u00e4rustele hallata.<\/p>\n\n\n\n<hr class=\"wp-block-separator has-alpha-channel-opacity\"\/>\n\n\n\n<h3 class=\"wp-block-heading\">1. <strong>K\u00fcpsiste m\u00f5istmine<\/strong><\/h3>\n\n\n\n<p>K\u00fcpsised on v\u00e4ikesed tekstifailid, mis salvestatakse teie arvutisse v\u00f5i mobiilseadmesse, kui k\u00fclastate veebisaiti. Neil on mitu funktsiooni, sealhulgas:<\/p>\n\n\n\n<ul class=\"wp-block-list\">\n<li>Kasutaja eelistuste meeldej\u00e4tmine<\/li>\n\n\n\n<li>Lehtedele turvalise juurdep\u00e4\u00e4su lubamine<\/li>\n\n\n\n<li>Liiklusk\u00e4itumise anal\u00fc\u00fcsimine<\/li>\n\n\n\n<li>Asjakohase reklaami edastamise toetamine<\/li>\n<\/ul>\n\n\n\n<p>Meie v\u00f5ime k\u00fcpsiseid paigutada (\u201e<strong>esimese osapoole k\u00fcpsised<\/strong>\u201e) v\u00f5i kolmandate osapoolte poolt, kelle teenuseid me kasutame (\u201e<strong>kolmanda osapoole k\u00fcpsised<\/strong>&#8220;).<\/p>\n\n\n\n<hr class=\"wp-block-separator has-alpha-channel-opacity\"\/>\n\n\n\n<h3 class=\"wp-block-heading\">2. <strong>Miks me k\u00fcpsiseid kasutame<\/strong><\/h3>\n\n\n\n<p>Me kasutame k\u00fcpsiseid j\u00e4rgmistel eesm\u00e4rkidel:<\/p>\n\n\n\n<ul class=\"wp-block-list\">\n<li><strong>Tagage veebisaidi n\u00f5uetekohane toimimine<\/strong><\/li>\n\n\n\n<li><strong>Anal\u00fc\u00fcsige toimivust<\/strong> selliste t\u00f6\u00f6riistade kaudu nagu Google Analytics<\/li>\n\n\n\n<li><strong>Paku suunatud reklaami<\/strong> programmiliste platvormide, n\u00e4iteks Google Ad Manageri, AdSense&#039;i ja n\u00f5udluspoolsete partnerite kaudu<\/li>\n\n\n\n<li><strong>J\u00e4rgige seadusest tulenevaid kohustusi<\/strong> andmet\u00f6\u00f6tluse ja kasutaja n\u00f5usoleku kohta<\/li>\n<\/ul>\n\n\n\n<hr class=\"wp-block-separator has-alpha-channel-opacity\"\/>\n\n\n\n<h3 class=\"wp-block-heading\">3. <strong>Kasutatavate k\u00fcpsiste kategooriad<\/strong><\/h3>\n\n\n\n<h4 class=\"wp-block-heading\">a. <strong>Rangelt vajalikud k\u00fcpsised<\/strong><\/h4>\n\n\n\n<p>Need k\u00fcpsised on saidi toimimiseks h\u00e4davajalikud ja neid ei saa meie s\u00fcsteemides keelata.<\/p>\n\n\n\n<h4 class=\"wp-block-heading\">b. <strong>Toimivus- ja anal\u00fc\u00fcsik\u00fcpsised<\/strong><\/h4>\n\n\n\n<p>Kasutatakse lehek\u00fclastuste, kasutajavoo ja k\u00e4itumise anon\u00fc\u00fcmseks j\u00e4lgimiseks, et parandada j\u00f5udlust.<\/p>\n\n\n\n<h4 class=\"wp-block-heading\">c. <strong>Funktsionaalsed k\u00fcpsised<\/strong><\/h4>\n\n\n\n<p>Lubage t\u00e4iustatud funktsioonid, n\u00e4iteks keele valik v\u00f5i sisselogimisandmete meeldej\u00e4tmine.<\/p>\n\n\n\n<h4 class=\"wp-block-heading\">d. <strong>Reklaamik\u00fcpsised<\/strong><\/h4>\n\n\n\n<p>Meie reklaamipartnerid kasutavad seda huvip\u00f5histe reklaamide kuvamiseks, n\u00e4itamiste sageduse haldamiseks ja reklaamide t\u00f5hususe j\u00e4lgimiseks veebisaitidel.<\/p>\n\n\n\n<hr class=\"wp-block-separator has-alpha-channel-opacity\"\/>\n\n\n\n<h3 class=\"wp-block-heading\">4. <strong>Kolmandate osapoolte k\u00fcpsised<\/strong><\/h3>\n\n\n\n<p>M\u00f5ned k\u00fcpsised paigutavad meie integreeritud teenused, n\u00e4iteks:<\/p>\n\n\n\n<ul class=\"wp-block-list\">\n<li><strong>Google Analytics<\/strong><\/li>\n\n\n\n<li><strong>Google Ad Manager \/ AdSense<\/strong><\/li>\n\n\n\n<li><strong>JoinAds, SSP-d ja RTB-partnerid<\/strong><\/li>\n\n\n\n<li><strong>N\u00f5usoleku haldamise platvormid (CMP-d)<\/strong><\/li>\n<\/ul>\n\n\n\n<p>Need kolmandad osapooled v\u00f5ivad k\u00fcpsiseid kasutada kasutusandmete, seadmeteabe ja anon\u00fc\u00fcmsete identifikaatorite kogumiseks.<\/p>\n\n\n\n<p>Lisateavet leiate nende vastavatest privaatsuspoliitikatest.<\/p>\n\n\n\n<hr class=\"wp-block-separator has-alpha-channel-opacity\"\/>\n\n\n\n<h3 class=\"wp-block-heading\">5. <strong>N\u00f5usolek ja kasutaja kontroll<\/strong><\/h3>\n\n\n\n<p>Esimesel k\u00fclastusel meie veebisaidil kuvatakse teile k\u00fcpsiste n\u00f5usoleku ribareklaam.<\/p>\n\n\n\n<p>Te v\u00f5ite:<\/p>\n\n\n\n<ul class=\"wp-block-list\">\n<li>N\u00f5ustu k\u00f5igi k\u00fcpsistega<\/li>\n\n\n\n<li>Keeldu mittevajalikest k\u00fcpsistest<\/li>\n\n\n\n<li>Kohanda oma eelistusi<\/li>\n<\/ul>\n\n\n\n<p>Saate oma eelistusi igal ajal v\u00e4rskendada, kasutades <strong>\u201eK\u00fcpsiste seaded\u201d<\/strong> link jaluses.<\/p>\n\n\n\n<hr class=\"wp-block-separator has-alpha-channel-opacity\"\/>\n\n\n\n<h3 class=\"wp-block-heading\">6. <strong>K\u00fcpsiste haldamine brauseris<\/strong><\/h3>\n\n\n\n<p>Samuti saate k\u00fcpsiseid oma brauseri kaudu hallata. Siin on m\u00f5ned ressursid:<\/p>\n\n\n\n<ul class=\"wp-block-list\">\n<li><a>Kroom<\/a><\/li>\n\n\n\n<li><a class=\"\" href=\"https:\/\/support.mozilla.org\/en-US\/kb\/enable-and-disable-cookies\">Firefox<\/a><\/li>\n\n\n\n<li><a class=\"\" href=\"https:\/\/support.apple.com\/en-us\/HT201265\">Safari<\/a><\/li>\n\n\n\n<li><a class=\"\" href=\"https:\/\/support.microsoft.com\/en-us\/microsoft-edge\/delete-cookies-in-microsoft-edge-63947406-40ac-c3b8-57b9-2a946a29ae09\">\u00c4\u00e4r<\/a><\/li>\n<\/ul>\n\n\n\n<hr class=\"wp-block-separator has-alpha-channel-opacity\"\/>\n\n\n\n<h3 class=\"wp-block-heading\">7. <strong>Vastavus \u00fclemaailmsetele seadustele<\/strong><\/h3>\n\n\n\n<p>J\u00e4rgime j\u00e4rgmisi eeskirju:<\/p>\n\n\n\n<ul class=\"wp-block-list\">\n<li><strong>GDPR<\/strong> (EL) \u2013 Mittevajalike k\u00fcpsiste jaoks on vaja selges\u00f5nalist n\u00f5usolekut.<\/li>\n\n\n\n<li><strong>CCPA<\/strong> (California) \u2013 \u00d5igus keelduda andmete jagamisest ja m\u00fc\u00fcgist.<\/li>\n\n\n\n<li><strong>LGPD<\/strong> (Brasiilia) \u2013 L\u00e4bipaistvus andmete kogumisel ja seaduslikul kasutamisel.<\/li>\n<\/ul>\n\n\n\n<p>Asjaomaste piirkondade elanikud saavad oma \u00f5igusi teostada spetsiaalsete linkide kaudu v\u00f5i meiega otse \u00fchendust v\u00f5ttes.<\/p>\n\n\n\n<hr class=\"wp-block-separator has-alpha-channel-opacity\"\/>\n\n\n\n<h3 class=\"wp-block-heading\">8. <strong>Selle poliitika uuendused<\/strong><\/h3>\n\n\n\n<p>K\u00e4esolevaid k\u00fcpsiste kasutamise p\u00f5him\u00f5tteid v\u00f5idakse perioodiliselt muuta, et kajastada muudatusi juriidilistes kohustustes v\u00f5i tehnoloogias. K\u00f5ik muudatused avaldatakse siin koos ajakohastatud j\u00f5ustumiskuup\u00e4evaga.<\/p>\n\n\n\n<hr class=\"wp-block-separator has-alpha-channel-opacity\"\/>\n\n\n\n<h3 class=\"wp-block-heading\">9. <strong>V\u00f5ta meiega \u00fchendust<\/strong><\/h3>\n\n\n\n<p>Selle poliitikaga seotud k\u00fcsimuste v\u00f5i taotluste korral:<\/p>\n\n\n\n<p>\ud83d\udce7 <strong>E-post<\/strong>: <a>contact@blog.pilapk.com<\/a><br>\ud83c\udf10 <strong>Veebisait<\/strong>: <a class=\"\" href=\"https:\/\/blog.pilapk.com\/et\/\">https:\/\/blog.pilapk.com<\/a><\/p>","protected":false},"excerpt":{"rendered":"<p>Effective Date: May 26, 2025Website: https:\/\/blog.pilapk.com At Pilapk.com, transparency is one of our core principles. This Cookie Policy outlines how [&hellip;]<\/p>\n","protected":false},"author":1,"featured_media":0,"parent":0,"menu_order":0,"comment_status":"closed","ping_status":"closed","template":"","meta":{"site-sidebar-layout":"default","site-content-layout":"","ast-site-content-layout":"","site-content-style":"default","site-sidebar-style":"default","ast-global-header-display":"","ast-banner-title-visibility":"","ast-main-header-display":"","ast-hfb-above-header-display":"","ast-hfb-below-header-display":"","ast-hfb-mobile-header-display":"","site-post-title":"","ast-breadcrumbs-content":"","ast-featured-img":"","footer-sml-layout":"","theme-transparent-header-meta":"","adv-header-id-meta":"","stick-header-meta":"","header-above-stick-meta":"","header-main-stick-meta":"","header-below-stick-meta":"","astra-migrate-meta-layouts":"default","ast-page-background-enabled":"default","ast-page-background-meta":{"desktop":{"background-color":"var(--ast-global-color-4)","background-image":"","background-repeat":"repeat","background-position":"center center","background-size":"auto","background-attachment":"scroll","background-type":"","background-media":"","overlay-type":"","overlay-color":"","overlay-gradient":""},"tablet":{"background-color":"","background-image":"","background-repeat":"repeat","background-position":"center center","background-size":"auto","background-attachment":"scroll","background-type":"","background-media":"","overlay-type":"","overlay-color":"","overlay-gradient":""},"mobile":{"background-color":"","background-image":"","background-repeat":"repeat","background-position":"center center","background-size":"auto","background-attachment":"scroll","background-type":"","background-media":"","overlay-type":"","overlay-color":"","overlay-gradient":""}},"ast-content-background-meta":{"desktop":{"background-color":"var(--ast-global-color-5)","background-image":"","background-repeat":"repeat","background-position":"center center","background-size":"auto","background-attachment":"scroll","background-type":"","background-media":"","overlay-type":"","overlay-color":"","overlay-gradient":""},"tablet":{"background-color":"var(--ast-global-color-5)","background-image":"","background-repeat":"repeat","background-position":"center center","background-size":"auto","background-attachment":"scroll","background-type":"","background-media":"","overlay-type":"","overlay-color":"","overlay-gradient":""},"mobile":{"background-color":"var(--ast-global-color-5)","background-image":"","background-repeat":"repeat","background-position":"center center","background-size":"auto","background-attachment":"scroll","background-type":"","background-media":"","overlay-type":"","overlay-color":"","overlay-gradient":""}},"footnotes":""},"class_list":["post-78","page","type-page","status-publish","hentry"],"_links":{"self":[{"href":"https:\/\/blog.pilapk.com\/et\/wp-json\/wp\/v2\/pages\/78","targetHints":{"allow":["GET"]}}],"collection":[{"href":"https:\/\/blog.pilapk.com\/et\/wp-json\/wp\/v2\/pages"}],"about":[{"href":"https:\/\/blog.pilapk.com\/et\/wp-json\/wp\/v2\/types\/page"}],"author":[{"embeddable":true,"href":"https:\/\/blog.pilapk.com\/et\/wp-json\/wp\/v2\/users\/1"}],"replies":[{"embeddable":true,"href":"https:\/\/blog.pilapk.com\/et\/wp-json\/wp\/v2\/comments?post=78"}],"version-history":[{"count":1,"href":"https:\/\/blog.pilapk.com\/et\/wp-json\/wp\/v2\/pages\/78\/revisions"}],"predecessor-version":[{"id":79,"href":"https:\/\/blog.pilapk.com\/et\/wp-json\/wp\/v2\/pages\/78\/revisions\/79"}],"wp:attachment":[{"href":"https:\/\/blog.pilapk.com\/et\/wp-json\/wp\/v2\/media?parent=78"}],"curies":[{"name":"wp","href":"https:\/\/api.w.org\/{rel}","templated":true}]}}