{"id":78,"date":"2025-05-26T18:02:34","date_gmt":"2025-05-26T18:02:34","guid":{"rendered":"https:\/\/blog.pilapk.com\/?page_id=78"},"modified":"2025-05-26T18:02:36","modified_gmt":"2025-05-26T18:02:36","slug":"evastekaytanto","status":"publish","type":"page","link":"https:\/\/blog.pilapk.com\/fi\/cookie-policy\/","title":{"rendered":"Ev\u00e4stek\u00e4yt\u00e4nt\u00f6"},"content":{"rendered":"<p><strong>Voimaantulop\u00e4iv\u00e4:<\/strong> 26. toukokuuta 2025<br><strong>Verkkosivusto:<\/strong> <a class=\"\" href=\"https:\/\/blog.pilapk.com\/fi\/\">https:\/\/blog.pilapk.com<\/a><\/p>\n\n\n\n<p>Klo <strong>Pilapk.com<\/strong>L\u00e4pin\u00e4kyvyys on yksi keskeisist\u00e4 periaatteistamme. T\u00e4ss\u00e4 ev\u00e4stek\u00e4yt\u00e4nn\u00f6ss\u00e4 kuvataan, miten k\u00e4yt\u00e4mme ev\u00e4steit\u00e4 ja niihin liittyvi\u00e4 teknologioita tarjotaksemme nopean, turvallisen ja yksil\u00f6llisen selauskokemuksen. Se selitt\u00e4\u00e4 my\u00f6s, miten voit hallita n\u00e4it\u00e4 teknologioita maailmanlaajuisten tietosuojam\u00e4\u00e4r\u00e4ysten mukaisesti.<\/p>\n\n\n\n<hr class=\"wp-block-separator has-alpha-channel-opacity\"\/>\n\n\n\n<h3 class=\"wp-block-heading\">1. <strong>Ev\u00e4steiden ymm\u00e4rt\u00e4minen<\/strong><\/h3>\n\n\n\n<p>Ev\u00e4steet ovat pieni\u00e4 tekstitiedostoja, jotka tallennetaan tietokoneellesi tai mobiililaitteellesi, kun vierailet verkkosivustolla. Niill\u00e4 on useita toimintoja, mukaan lukien:<\/p>\n\n\n\n<ul class=\"wp-block-list\">\n<li>K\u00e4ytt\u00e4j\u00e4n asetusten muistaminen<\/li>\n\n\n\n<li>Sivujen suojatun k\u00e4yt\u00f6n mahdollistaminen<\/li>\n\n\n\n<li>Liikennek\u00e4ytt\u00e4ytymisen analysointi<\/li>\n\n\n\n<li>Relevanttien mainosten n\u00e4ytt\u00e4misen tukeminen<\/li>\n<\/ul>\n\n\n\n<p>Saatamme asettaa ev\u00e4steit\u00e4 (&quot;<strong>ensimm\u00e4isen osapuolen ev\u00e4steet<\/strong>&quot;) tai kolmansien osapuolten, joiden palveluita k\u00e4yt\u00e4mme (&quot;<strong>kolmannen osapuolen ev\u00e4steet<\/strong>&#8220;).<\/p>\n\n\n\n<hr class=\"wp-block-separator has-alpha-channel-opacity\"\/>\n\n\n\n<h3 class=\"wp-block-heading\">2. <strong>Miksi k\u00e4yt\u00e4mme ev\u00e4steit\u00e4<\/strong><\/h3>\n\n\n\n<p>K\u00e4yt\u00e4mme ev\u00e4steit\u00e4 seuraaviin tarkoituksiin:<\/p>\n\n\n\n<ul class=\"wp-block-list\">\n<li><strong>Varmista verkkosivuston asianmukainen toimivuus<\/strong><\/li>\n\n\n\n<li><strong>Analysoi suorituskyky\u00e4<\/strong> ty\u00f6kalujen, kuten Google Analyticsin, avulla<\/li>\n\n\n\n<li><strong>Toimita kohdennettua mainontaa<\/strong> ohjelmallisten alustojen, kuten Google Ad Managerin, AdSensen ja kysynt\u00e4puolen kumppaneiden kautta<\/li>\n\n\n\n<li><strong>Noudata lakis\u00e4\u00e4teisi\u00e4 velvoitteita<\/strong> tietojen k\u00e4sittelyst\u00e4 ja k\u00e4ytt\u00e4j\u00e4n suostumuksesta<\/li>\n<\/ul>\n\n\n\n<hr class=\"wp-block-separator has-alpha-channel-opacity\"\/>\n\n\n\n<h3 class=\"wp-block-heading\">3. <strong>K\u00e4ytettyjen ev\u00e4steiden luokat<\/strong><\/h3>\n\n\n\n<h4 class=\"wp-block-heading\">a. <strong>Ehdottoman v\u00e4ltt\u00e4m\u00e4tt\u00f6m\u00e4t ev\u00e4steet<\/strong><\/h4>\n\n\n\n<p>N\u00e4m\u00e4 ev\u00e4steet ovat v\u00e4ltt\u00e4m\u00e4tt\u00f6mi\u00e4 sivuston toiminnan kannalta, eik\u00e4 niit\u00e4 voi poistaa k\u00e4yt\u00f6st\u00e4 j\u00e4rjestelmiss\u00e4mme.<\/p>\n\n\n\n<h4 class=\"wp-block-heading\">b. <strong>Suorituskyky- ja analytiikkaev\u00e4steet<\/strong><\/h4>\n\n\n\n<p>K\u00e4ytet\u00e4\u00e4n sivuvierailujen, k\u00e4ytt\u00e4j\u00e4virran ja k\u00e4ytt\u00e4ytymisen seuraamiseen nimett\u00f6m\u00e4sti suorituskyvyn parantamiseksi.<\/p>\n\n\n\n<h4 class=\"wp-block-heading\">n. <strong>Toiminnalliset ev\u00e4steet<\/strong><\/h4>\n\n\n\n<p>Ota k\u00e4ytt\u00f6\u00f6n parannetut ominaisuudet, kuten kielen valinta tai kirjautumistietojen muistaminen.<\/p>\n\n\n\n<h4 class=\"wp-block-heading\">d. <strong>Mainosev\u00e4steet<\/strong><\/h4>\n\n\n\n<p>Mainoskumppanimme k\u00e4ytt\u00e4v\u00e4t ev\u00e4steit\u00e4 kiinnostuksen kohteisiin perustuvien mainosten n\u00e4ytt\u00e4miseen, n\u00e4ytt\u00f6kertojen tiheyden hallintaan ja mainosten tehokkuuden seuraamiseen eri verkkosivustoilla.<\/p>\n\n\n\n<hr class=\"wp-block-separator has-alpha-channel-opacity\"\/>\n\n\n\n<h3 class=\"wp-block-heading\">4. <strong>Kolmannen osapuolen ev\u00e4steet<\/strong><\/h3>\n\n\n\n<p>Jotkin ev\u00e4steet ovat integroimiemme palveluiden asettamia, kuten:<\/p>\n\n\n\n<ul class=\"wp-block-list\">\n<li><strong>Google Analytics<\/strong><\/li>\n\n\n\n<li><strong>Google Ad Manager \/ AdSense<\/strong><\/li>\n\n\n\n<li><strong>JoinAds-, SSP- ja RTB-kumppanit<\/strong><\/li>\n\n\n\n<li><strong>Suostumustenhallintaj\u00e4rjestelm\u00e4t (CMP:t)<\/strong><\/li>\n<\/ul>\n\n\n\n<p>N\u00e4m\u00e4 kolmannet osapuolet voivat k\u00e4ytt\u00e4\u00e4 ev\u00e4steit\u00e4 k\u00e4ytt\u00f6tietojen, laitetietojen ja anonymisoitujen tunnisteiden ker\u00e4\u00e4miseen.<\/p>\n\n\n\n<p>Voit lukea lis\u00e4\u00e4 heid\u00e4n omista tietosuojak\u00e4yt\u00e4nn\u00f6ist\u00e4\u00e4n.<\/p>\n\n\n\n<hr class=\"wp-block-separator has-alpha-channel-opacity\"\/>\n\n\n\n<h3 class=\"wp-block-heading\">5. <strong>Suostumus ja k\u00e4ytt\u00e4j\u00e4n hallinta<\/strong><\/h3>\n\n\n\n<p>Kun vierailet verkkosivustollamme ensimm\u00e4ist\u00e4 kertaa, sinulle n\u00e4ytet\u00e4\u00e4n ev\u00e4steiden suostumusbanneri.<\/p>\n\n\n\n<p>Voit:<\/p>\n\n\n\n<ul class=\"wp-block-list\">\n<li>Hyv\u00e4ksy kaikki ev\u00e4steet<\/li>\n\n\n\n<li>Hylk\u00e4\u00e4 ei-v\u00e4ltt\u00e4m\u00e4tt\u00f6m\u00e4t ev\u00e4steet<\/li>\n\n\n\n<li>Mukauta asetuksiasi<\/li>\n<\/ul>\n\n\n\n<p>Voit p\u00e4ivitt\u00e4\u00e4 asetuksiasi milloin tahansa osoitteessa <strong>\u201dEv\u00e4steasetukset\u201d<\/strong> linkki alatunnisteessa.<\/p>\n\n\n\n<hr class=\"wp-block-separator has-alpha-channel-opacity\"\/>\n\n\n\n<h3 class=\"wp-block-heading\">6. <strong>Ev\u00e4steiden hallinta selaimessasi<\/strong><\/h3>\n\n\n\n<p>Voit hallita ev\u00e4steit\u00e4 my\u00f6s selaimesi kautta. T\u00e4ss\u00e4 on joitakin resursseja:<\/p>\n\n\n\n<ul class=\"wp-block-list\">\n<li><a>Kromi<\/a><\/li>\n\n\n\n<li><a class=\"\" href=\"https:\/\/support.mozilla.org\/en-US\/kb\/enable-and-disable-cookies\">Firefox<\/a><\/li>\n\n\n\n<li><a class=\"\" href=\"https:\/\/support.apple.com\/en-us\/HT201265\">Safari<\/a><\/li>\n\n\n\n<li><a class=\"\" href=\"https:\/\/support.microsoft.com\/en-us\/microsoft-edge\/delete-cookies-in-microsoft-edge-63947406-40ac-c3b8-57b9-2a946a29ae09\">Reuna<\/a><\/li>\n<\/ul>\n\n\n\n<hr class=\"wp-block-separator has-alpha-channel-opacity\"\/>\n\n\n\n<h3 class=\"wp-block-heading\">7. <strong>Maailmanlaajuisten lakien noudattaminen<\/strong><\/h3>\n\n\n\n<p>Noudatamme seuraavia m\u00e4\u00e4r\u00e4yksi\u00e4:<\/p>\n\n\n\n<ul class=\"wp-block-list\">\n<li><strong>GDPR<\/strong> (EU) \u2013 Ei-v\u00e4ltt\u00e4m\u00e4tt\u00f6mien ev\u00e4steiden k\u00e4ytt\u00f6\u00f6n vaaditaan nimenomainen suostumus.<\/li>\n\n\n\n<li><strong>CCPA<\/strong> (Kalifornia) \u2013 Oikeus kielt\u00e4\u00e4 tietojen jakaminen ja myynti.<\/li>\n\n\n\n<li><strong>LGPD<\/strong> (Brasilia) \u2013 Tiedonkeruun ja laillisen k\u00e4yt\u00f6n l\u00e4pin\u00e4kyvyys.<\/li>\n<\/ul>\n\n\n\n<p>Sovellettavien alueiden asukkaat voivat k\u00e4ytt\u00e4\u00e4 oikeuksiaan erillisten linkkien kautta tai ottamalla meihin suoraan yhteytt\u00e4.<\/p>\n\n\n\n<hr class=\"wp-block-separator has-alpha-channel-opacity\"\/>\n\n\n\n<h3 class=\"wp-block-heading\">8. <strong>T\u00e4m\u00e4n k\u00e4yt\u00e4nn\u00f6n p\u00e4ivitykset<\/strong><\/h3>\n\n\n\n<p>T\u00e4t\u00e4 ev\u00e4stek\u00e4yt\u00e4nt\u00f6\u00e4 voidaan tarkistaa ajoittain lakis\u00e4\u00e4teisten velvoitteiden tai teknologian muutosten vastaamiseksi. Kaikki muutokset julkaistaan t\u00e4\u00e4ll\u00e4 p\u00e4ivitetyll\u00e4 voimaantulop\u00e4iv\u00e4m\u00e4\u00e4r\u00e4ll\u00e4.<\/p>\n\n\n\n<hr class=\"wp-block-separator has-alpha-channel-opacity\"\/>\n\n\n\n<h3 class=\"wp-block-heading\">9. <strong>Ota yhteytt\u00e4<\/strong><\/h3>\n\n\n\n<p>T\u00e4h\u00e4n k\u00e4yt\u00e4nt\u00f6\u00f6n liittyv\u00e4t kysymykset tai pyynn\u00f6t:<\/p>\n\n\n\n<p>\ud83d\udce7 <strong>S\u00e4hk\u00f6posti<\/strong>: <a>contact@blog.pilapk.com<\/a><br>\ud83c\udf10 <strong>Verkkosivusto<\/strong>: <a class=\"\" href=\"https:\/\/blog.pilapk.com\/fi\/\">https:\/\/blog.pilapk.com<\/a><\/p>","protected":false},"excerpt":{"rendered":"<p>Effective Date: May 26, 2025Website: https:\/\/blog.pilapk.com At Pilapk.com, transparency is one of our core principles. This Cookie Policy outlines how [&hellip;]<\/p>\n","protected":false},"author":1,"featured_media":0,"parent":0,"menu_order":0,"comment_status":"closed","ping_status":"closed","template":"","meta":{"site-sidebar-layout":"default","site-content-layout":"","ast-site-content-layout":"","site-content-style":"default","site-sidebar-style":"default","ast-global-header-display":"","ast-banner-title-visibility":"","ast-main-header-display":"","ast-hfb-above-header-display":"","ast-hfb-below-header-display":"","ast-hfb-mobile-header-display":"","site-post-title":"","ast-breadcrumbs-content":"","ast-featured-img":"","footer-sml-layout":"","theme-transparent-header-meta":"","adv-header-id-meta":"","stick-header-meta":"","header-above-stick-meta":"","header-main-stick-meta":"","header-below-stick-meta":"","astra-migrate-meta-layouts":"default","ast-page-background-enabled":"default","ast-page-background-meta":{"desktop":{"background-color":"var(--ast-global-color-4)","background-image":"","background-repeat":"repeat","background-position":"center center","background-size":"auto","background-attachment":"scroll","background-type":"","background-media":"","overlay-type":"","overlay-color":"","overlay-gradient":""},"tablet":{"background-color":"","background-image":"","background-repeat":"repeat","background-position":"center center","background-size":"auto","background-attachment":"scroll","background-type":"","background-media":"","overlay-type":"","overlay-color":"","overlay-gradient":""},"mobile":{"background-color":"","background-image":"","background-repeat":"repeat","background-position":"center center","background-size":"auto","background-attachment":"scroll","background-type":"","background-media":"","overlay-type":"","overlay-color":"","overlay-gradient":""}},"ast-content-background-meta":{"desktop":{"background-color":"var(--ast-global-color-5)","background-image":"","background-repeat":"repeat","background-position":"center center","background-size":"auto","background-attachment":"scroll","background-type":"","background-media":"","overlay-type":"","overlay-color":"","overlay-gradient":""},"tablet":{"background-color":"var(--ast-global-color-5)","background-image":"","background-repeat":"repeat","background-position":"center center","background-size":"auto","background-attachment":"scroll","background-type":"","background-media":"","overlay-type":"","overlay-color":"","overlay-gradient":""},"mobile":{"background-color":"var(--ast-global-color-5)","background-image":"","background-repeat":"repeat","background-position":"center center","background-size":"auto","background-attachment":"scroll","background-type":"","background-media":"","overlay-type":"","overlay-color":"","overlay-gradient":""}},"footnotes":""},"class_list":["post-78","page","type-page","status-publish","hentry"],"_links":{"self":[{"href":"https:\/\/blog.pilapk.com\/fi\/wp-json\/wp\/v2\/pages\/78","targetHints":{"allow":["GET"]}}],"collection":[{"href":"https:\/\/blog.pilapk.com\/fi\/wp-json\/wp\/v2\/pages"}],"about":[{"href":"https:\/\/blog.pilapk.com\/fi\/wp-json\/wp\/v2\/types\/page"}],"author":[{"embeddable":true,"href":"https:\/\/blog.pilapk.com\/fi\/wp-json\/wp\/v2\/users\/1"}],"replies":[{"embeddable":true,"href":"https:\/\/blog.pilapk.com\/fi\/wp-json\/wp\/v2\/comments?post=78"}],"version-history":[{"count":1,"href":"https:\/\/blog.pilapk.com\/fi\/wp-json\/wp\/v2\/pages\/78\/revisions"}],"predecessor-version":[{"id":79,"href":"https:\/\/blog.pilapk.com\/fi\/wp-json\/wp\/v2\/pages\/78\/revisions\/79"}],"wp:attachment":[{"href":"https:\/\/blog.pilapk.com\/fi\/wp-json\/wp\/v2\/media?parent=78"}],"curies":[{"name":"wp","href":"https:\/\/api.w.org\/{rel}","templated":true}]}}