{"id":76,"date":"2025-05-26T18:01:31","date_gmt":"2025-05-26T18:01:31","guid":{"rendered":"https:\/\/blog.pilapk.com\/?page_id=76"},"modified":"2025-10-27T20:33:38","modified_gmt":"2025-10-27T20:33:38","slug":"a-propos-de-nous","status":"publish","type":"page","link":"https:\/\/blog.pilapk.com\/fr\/about-us\/","title":{"rendered":"\u00c0 propos de nous"},"content":{"rendered":"<p><strong>blog.pilapk.com<\/strong> a \u00e9t\u00e9 cr\u00e9\u00e9 avec un objectif simple\u00a0: proposer un contenu rapide, pertinent et fiable aux audiences num\u00e9riques en qu\u00eate d&#039;informations exploitables. Que vous exploriez de nouvelles applications mobiles, cherchiez des opportunit\u00e9s d&#039;emploi, g\u00e9riez vos finances ou vous int\u00e9ressiez aux conseils relationnels modernes, notre objectif est de vous apporter le contenu le plus utile d&#039;Internet directement sur votre \u00e9cran.<\/p>\n\n\n\n<p>Nous comprenons la valeur de votre temps. C&#039;est pourquoi nous nous effor\u00e7ons de publier un contenu clair, accessible et con\u00e7u pour r\u00e9pondre aux besoins r\u00e9els des lecteurs en ligne.<\/p>\n\n\n\n<hr class=\"wp-block-separator has-alpha-channel-opacity\"\/>\n\n\n\n<h3 class=\"wp-block-heading\">\ud83c\udf10 Notre approche<\/h3>\n\n\n\n<p>\u00c0 <strong>Blog Pilapk<\/strong>Nous ne nous contentons pas de publier des articles\u00a0: nous organisons des exp\u00e9riences. Notre processus \u00e9ditorial combine l&#039;analyse des tendances num\u00e9riques et la r\u00e9vision du contenu par des experts pour garantir la valeur ajout\u00e9e de chaque publication. Nous suivons en permanence les recherches des utilisateurs et leur proposons un contenu concis et performant, optimis\u00e9 pour tous les appareils.<\/p>\n\n\n\n<hr class=\"wp-block-separator has-alpha-channel-opacity\"\/>\n\n\n\n<h3 class=\"wp-block-heading\">\ud83d\udcca Comment nous op\u00e9rons<\/h3>\n\n\n\n<ul class=\"wp-block-list\">\n<li>Nous publions dans des cat\u00e9gories telles que <strong>Applications<\/strong>, <strong>Datation<\/strong>, <strong>Finance<\/strong>, <strong>Emplois<\/strong>, et <strong>Style de vie<\/strong>.<\/li>\n\n\n\n<li>Nos sources de trafic incluent les plateformes sociales, les publicit\u00e9s natives et les moteurs de recherche.<\/li>\n\n\n\n<li>Nous mon\u00e9tisons de mani\u00e8re responsable gr\u00e2ce \u00e0 des partenariats publicitaires avec <strong>Gestionnaire d&#039;annonces Google<\/strong>, <strong>ADX<\/strong>, et d\u2019autres SSP de confiance.<\/li>\n<\/ul>\n\n\n\n<hr class=\"wp-block-separator has-alpha-channel-opacity\"\/>\n\n\n\n<h3 class=\"wp-block-heading\">\ud83d\udd12 Transparence et int\u00e9grit\u00e9<\/h3>\n\n\n\n<p>Nous nous engageons \u00e0 la transparence. La publicit\u00e9 n&#039;influence jamais le ton \u00e9ditorial de nos articles et nous respectons toutes les principales r\u00e9glementations en mati\u00e8re de confidentialit\u00e9, notamment <strong>RGPD<\/strong>, <strong>CCPA<\/strong>, et <strong>Politiques des \u00e9diteurs de Google<\/strong>.<\/p>\n\n\n\n<hr class=\"wp-block-separator has-alpha-channel-opacity\"\/>\n\n\n\n<h3 class=\"wp-block-heading\">\ud83d\udcac Contactez-nous<\/h3>\n\n\n\n<p>Vous avez des commentaires, des demandes commerciales ou des suggestions de contenu ?<br>Contactez-nous \u00e0 tout moment \u00e0 : <strong><a>contact@blog.pilapk.com<\/a><\/strong><\/p>\n\n\n\n<p>Merci de faire partie de la communaut\u00e9 Pilapk.<\/p>","protected":false},"excerpt":{"rendered":"<p>blog.pilapk.com was built with a simple purpose: to deliver fast, relevant, and reliable content to digital audiences seeking actionable information. [&hellip;]<\/p>\n","protected":false},"author":1,"featured_media":0,"parent":0,"menu_order":0,"comment_status":"closed","ping_status":"closed","template":"","meta":{"site-sidebar-layout":"default","site-content-layout":"","ast-site-content-layout":"","site-content-style":"default","site-sidebar-style":"default","ast-global-header-display":"","ast-banner-title-visibility":"","ast-main-header-display":"","ast-hfb-above-header-display":"","ast-hfb-below-header-display":"","ast-hfb-mobile-header-display":"","site-post-title":"","ast-breadcrumbs-content":"","ast-featured-img":"","footer-sml-layout":"","theme-transparent-header-meta":"","adv-header-id-meta":"","stick-header-meta":"","header-above-stick-meta":"","header-main-stick-meta":"","header-below-stick-meta":"","astra-migrate-meta-layouts":"default","ast-page-background-enabled":"default","ast-page-background-meta":{"desktop":{"background-color":"var(--ast-global-color-4)","background-image":"","background-repeat":"repeat","background-position":"center center","background-size":"auto","background-attachment":"scroll","background-type":"","background-media":"","overlay-type":"","overlay-color":"","overlay-gradient":""},"tablet":{"background-color":"","background-image":"","background-repeat":"repeat","background-position":"center center","background-size":"auto","background-attachment":"scroll","background-type":"","background-media":"","overlay-type":"","overlay-color":"","overlay-gradient":""},"mobile":{"background-color":"","background-image":"","background-repeat":"repeat","background-position":"center center","background-size":"auto","background-attachment":"scroll","background-type":"","background-media":"","overlay-type":"","overlay-color":"","overlay-gradient":""}},"ast-content-background-meta":{"desktop":{"background-color":"var(--ast-global-color-5)","background-image":"","background-repeat":"repeat","background-position":"center center","background-size":"auto","background-attachment":"scroll","background-type":"","background-media":"","overlay-type":"","overlay-color":"","overlay-gradient":""},"tablet":{"background-color":"var(--ast-global-color-5)","background-image":"","background-repeat":"repeat","background-position":"center center","background-size":"auto","background-attachment":"scroll","background-type":"","background-media":"","overlay-type":"","overlay-color":"","overlay-gradient":""},"mobile":{"background-color":"var(--ast-global-color-5)","background-image":"","background-repeat":"repeat","background-position":"center center","background-size":"auto","background-attachment":"scroll","background-type":"","background-media":"","overlay-type":"","overlay-color":"","overlay-gradient":""}},"footnotes":""},"class_list":["post-76","page","type-page","status-publish","hentry"],"_links":{"self":[{"href":"https:\/\/blog.pilapk.com\/fr\/wp-json\/wp\/v2\/pages\/76","targetHints":{"allow":["GET"]}}],"collection":[{"href":"https:\/\/blog.pilapk.com\/fr\/wp-json\/wp\/v2\/pages"}],"about":[{"href":"https:\/\/blog.pilapk.com\/fr\/wp-json\/wp\/v2\/types\/page"}],"author":[{"embeddable":true,"href":"https:\/\/blog.pilapk.com\/fr\/wp-json\/wp\/v2\/users\/1"}],"replies":[{"embeddable":true,"href":"https:\/\/blog.pilapk.com\/fr\/wp-json\/wp\/v2\/comments?post=76"}],"version-history":[{"count":2,"href":"https:\/\/blog.pilapk.com\/fr\/wp-json\/wp\/v2\/pages\/76\/revisions"}],"predecessor-version":[{"id":405,"href":"https:\/\/blog.pilapk.com\/fr\/wp-json\/wp\/v2\/pages\/76\/revisions\/405"}],"wp:attachment":[{"href":"https:\/\/blog.pilapk.com\/fr\/wp-json\/wp\/v2\/media?parent=76"}],"curies":[{"name":"wp","href":"https:\/\/api.w.org\/{rel}","templated":true}]}}