{"id":78,"date":"2025-05-26T18:02:34","date_gmt":"2025-05-26T18:02:34","guid":{"rendered":"https:\/\/blog.pilapk.com\/?page_id=78"},"modified":"2025-05-26T18:02:36","modified_gmt":"2025-05-26T18:02:36","slug":"politique-de-cookies","status":"publish","type":"page","link":"https:\/\/blog.pilapk.com\/fr\/cookie-policy\/","title":{"rendered":"Politique relative aux cookies"},"content":{"rendered":"<p><strong>Date d&#039;entr\u00e9e en vigueur :<\/strong> 26 mai 2025<br><strong>Site web:<\/strong> <a class=\"\" href=\"https:\/\/blog.pilapk.com\/fr\/\">https:\/\/blog.pilapk.com<\/a><\/p>\n\n\n\n<p>\u00c0 <strong>Pilapk.com<\/strong>La transparence est l&#039;un de nos principes fondamentaux. Cette politique relative aux cookies d\u00e9crit comment nous utilisons les cookies et les technologies associ\u00e9es pour vous offrir une exp\u00e9rience de navigation rapide, s\u00e9curis\u00e9e et personnalis\u00e9e. Elle explique \u00e9galement comment vous pouvez contr\u00f4ler ces technologies conform\u00e9ment aux r\u00e9glementations mondiales en mati\u00e8re de confidentialit\u00e9.<\/p>\n\n\n\n<hr class=\"wp-block-separator has-alpha-channel-opacity\"\/>\n\n\n\n<h3 class=\"wp-block-heading\">1. <strong>Comprendre les cookies<\/strong><\/h3>\n\n\n\n<p>Les cookies sont de petits fichiers texte stock\u00e9s sur votre ordinateur ou appareil mobile lorsque vous consultez un site web. Ils remplissent plusieurs fonctions, notamment\u00a0:<\/p>\n\n\n\n<ul class=\"wp-block-list\">\n<li>M\u00e9moriser les pr\u00e9f\u00e9rences de l&#039;utilisateur<\/li>\n\n\n\n<li>Activer l&#039;acc\u00e8s s\u00e9curis\u00e9 aux pages<\/li>\n\n\n\n<li>Analyser le comportement du trafic<\/li>\n\n\n\n<li>Soutenir la diffusion d&#039;annonces pertinentes<\/li>\n<\/ul>\n\n\n\n<p>Des cookies peuvent \u00eatre plac\u00e9s par nos soins (\u00ab<strong>cookies propri\u00e9taires<\/strong>\u00ab ) ou par des tiers dont nous utilisons les services (\u00ab<strong>cookies tiers<\/strong>&#8220;).<\/p>\n\n\n\n<hr class=\"wp-block-separator has-alpha-channel-opacity\"\/>\n\n\n\n<h3 class=\"wp-block-heading\">2. <strong>Pourquoi nous utilisons des cookies<\/strong><\/h3>\n\n\n\n<p>Nous utilisons des cookies pour :<\/p>\n\n\n\n<ul class=\"wp-block-list\">\n<li><strong>Assurer le bon fonctionnement du site Web<\/strong><\/li>\n\n\n\n<li><strong>Analyser les performances<\/strong> gr\u00e2ce \u00e0 des outils comme Google Analytics<\/li>\n\n\n\n<li><strong>Diffuser des publicit\u00e9s cibl\u00e9es<\/strong> via des plateformes programmatiques telles que Google Ad Manager, AdSense et des partenaires c\u00f4t\u00e9 demande<\/li>\n\n\n\n<li><strong>Se conformer aux obligations l\u00e9gales<\/strong> concernant le traitement des donn\u00e9es et le consentement de l&#039;utilisateur<\/li>\n<\/ul>\n\n\n\n<hr class=\"wp-block-separator has-alpha-channel-opacity\"\/>\n\n\n\n<h3 class=\"wp-block-heading\">3. <strong>Cat\u00e9gories de cookies utilis\u00e9s<\/strong><\/h3>\n\n\n\n<h4 class=\"wp-block-heading\">un. <strong>Cookies strictement n\u00e9cessaires<\/strong><\/h4>\n\n\n\n<p>Ces cookies sont essentiels au fonctionnement du site et ne peuvent pas \u00eatre d\u00e9sactiv\u00e9s dans nos syst\u00e8mes.<\/p>\n\n\n\n<h4 class=\"wp-block-heading\">b. <strong>Cookies de performance et d&#039;analyse<\/strong><\/h4>\n\n\n\n<p>Utilis\u00e9 pour suivre les visites de pages, le flux d&#039;utilisateurs et le comportement de mani\u00e8re anonyme afin d&#039;am\u00e9liorer les performances.<\/p>\n\n\n\n<h4 class=\"wp-block-heading\">c. <strong>Cookies fonctionnels<\/strong><\/h4>\n\n\n\n<p>Activez des fonctionnalit\u00e9s am\u00e9lior\u00e9es telles que la s\u00e9lection de la langue ou la m\u00e9morisation des informations de connexion.<\/p>\n\n\n\n<h4 class=\"wp-block-heading\">d. <strong>Cookies publicitaires<\/strong><\/h4>\n\n\n\n<p>Utilis\u00e9 par nos partenaires publicitaires pour diffuser des publicit\u00e9s bas\u00e9es sur les centres d&#039;int\u00e9r\u00eat, g\u00e9rer la fr\u00e9quence d&#039;impression et suivre l&#039;efficacit\u00e9 des publicit\u00e9s sur les sites Web.<\/p>\n\n\n\n<hr class=\"wp-block-separator has-alpha-channel-opacity\"\/>\n\n\n\n<h3 class=\"wp-block-heading\">4. <strong>Cookies tiers<\/strong><\/h3>\n\n\n\n<p>Certains cookies sont plac\u00e9s par des services que nous int\u00e9grons, tels que :<\/p>\n\n\n\n<ul class=\"wp-block-list\">\n<li><strong>Google Analytics<\/strong><\/li>\n\n\n\n<li><strong>Gestionnaire d&#039;annonces Google \/ AdSense<\/strong><\/li>\n\n\n\n<li><strong>Partenaires JoinAds, SSP et RTB<\/strong><\/li>\n\n\n\n<li><strong>Plateformes de gestion du consentement (CMP)<\/strong><\/li>\n<\/ul>\n\n\n\n<p>Ces tiers peuvent utiliser des cookies pour collecter des donn\u00e9es d\u2019utilisation, des informations sur l\u2019appareil et des identifiants anonymis\u00e9s.<\/p>\n\n\n\n<p>Vous pouvez en apprendre davantage via leurs politiques de confidentialit\u00e9 respectives.<\/p>\n\n\n\n<hr class=\"wp-block-separator has-alpha-channel-opacity\"\/>\n\n\n\n<h3 class=\"wp-block-heading\">5. <strong>Consentement et contr\u00f4le de l&#039;utilisateur<\/strong><\/h3>\n\n\n\n<p>Lors de votre premi\u00e8re visite sur notre site Web, une banni\u00e8re de consentement aux cookies vous sera pr\u00e9sent\u00e9e.<\/p>\n\n\n\n<p>Vous pouvez:<\/p>\n\n\n\n<ul class=\"wp-block-list\">\n<li>Accepter tous les cookies<\/li>\n\n\n\n<li>Refuser les cookies non essentiels<\/li>\n\n\n\n<li>Personnalisez vos pr\u00e9f\u00e9rences<\/li>\n<\/ul>\n\n\n\n<p>Vous pouvez mettre \u00e0 jour vos pr\u00e9f\u00e9rences \u00e0 tout moment via le <strong>\u00ab\u00a0Param\u00e8tres des cookies\u00a0\u00bb<\/strong> lien dans le pied de page.<\/p>\n\n\n\n<hr class=\"wp-block-separator has-alpha-channel-opacity\"\/>\n\n\n\n<h3 class=\"wp-block-heading\">6. <strong>G\u00e9rer les cookies dans votre navigateur<\/strong><\/h3>\n\n\n\n<p>Vous pouvez \u00e9galement contr\u00f4ler les cookies via votre navigateur. Voici quelques ressources\u00a0:<\/p>\n\n\n\n<ul class=\"wp-block-list\">\n<li><a>Chrome<\/a><\/li>\n\n\n\n<li><a class=\"\" href=\"https:\/\/support.mozilla.org\/en-US\/kb\/enable-and-disable-cookies\">Firefox<\/a><\/li>\n\n\n\n<li><a class=\"\" href=\"https:\/\/support.apple.com\/en-us\/HT201265\">Safari<\/a><\/li>\n\n\n\n<li><a class=\"\" href=\"https:\/\/support.microsoft.com\/en-us\/microsoft-edge\/delete-cookies-in-microsoft-edge-63947406-40ac-c3b8-57b9-2a946a29ae09\">Bord<\/a><\/li>\n<\/ul>\n\n\n\n<hr class=\"wp-block-separator has-alpha-channel-opacity\"\/>\n\n\n\n<h3 class=\"wp-block-heading\">7. <strong>Conformit\u00e9 aux lois mondiales<\/strong><\/h3>\n\n\n\n<p>Nous respectons les r\u00e9glementations suivantes :<\/p>\n\n\n\n<ul class=\"wp-block-list\">\n<li><strong>RGPD<\/strong> (UE) \u2013 Consentement explicite requis pour les cookies non essentiels.<\/li>\n\n\n\n<li><strong>CCPA<\/strong> (Californie) \u2013 Droit de refuser le partage et la vente de donn\u00e9es.<\/li>\n\n\n\n<li><strong>LGPD<\/strong> (Br\u00e9sil) \u2013 Transparence sur la collecte et l\u2019utilisation l\u00e9gale des donn\u00e9es.<\/li>\n<\/ul>\n\n\n\n<p>Les r\u00e9sidents des r\u00e9gions concern\u00e9es peuvent exercer leurs droits via des liens d\u00e9di\u00e9s ou en nous contactant directement.<\/p>\n\n\n\n<hr class=\"wp-block-separator has-alpha-channel-opacity\"\/>\n\n\n\n<h3 class=\"wp-block-heading\">8. <strong>Mises \u00e0 jour de cette politique<\/strong><\/h3>\n\n\n\n<p>Cette politique relative aux cookies peut \u00eatre r\u00e9vis\u00e9e p\u00e9riodiquement afin de refl\u00e9ter l&#039;\u00e9volution des obligations l\u00e9gales ou technologiques. Toute modification sera publi\u00e9e ici avec une date d&#039;entr\u00e9e en vigueur actualis\u00e9e.<\/p>\n\n\n\n<hr class=\"wp-block-separator has-alpha-channel-opacity\"\/>\n\n\n\n<h3 class=\"wp-block-heading\">9. <strong>Contactez-nous<\/strong><\/h3>\n\n\n\n<p>Pour toute question ou demande relative \u00e0 cette politique :<\/p>\n\n\n\n<p>\ud83d\udce7 <strong>E-mail<\/strong>: <a>contact@blog.pilapk.com<\/a><br>\ud83c\udf10 <strong>Site web<\/strong>: <a class=\"\" href=\"https:\/\/blog.pilapk.com\/fr\/\">https:\/\/blog.pilapk.com<\/a><\/p>","protected":false},"excerpt":{"rendered":"<p>Effective Date: May 26, 2025Website: https:\/\/blog.pilapk.com At Pilapk.com, transparency is one of our core principles. This Cookie Policy outlines how [&hellip;]<\/p>\n","protected":false},"author":1,"featured_media":0,"parent":0,"menu_order":0,"comment_status":"closed","ping_status":"closed","template":"","meta":{"site-sidebar-layout":"default","site-content-layout":"","ast-site-content-layout":"","site-content-style":"default","site-sidebar-style":"default","ast-global-header-display":"","ast-banner-title-visibility":"","ast-main-header-display":"","ast-hfb-above-header-display":"","ast-hfb-below-header-display":"","ast-hfb-mobile-header-display":"","site-post-title":"","ast-breadcrumbs-content":"","ast-featured-img":"","footer-sml-layout":"","theme-transparent-header-meta":"","adv-header-id-meta":"","stick-header-meta":"","header-above-stick-meta":"","header-main-stick-meta":"","header-below-stick-meta":"","astra-migrate-meta-layouts":"default","ast-page-background-enabled":"default","ast-page-background-meta":{"desktop":{"background-color":"var(--ast-global-color-4)","background-image":"","background-repeat":"repeat","background-position":"center center","background-size":"auto","background-attachment":"scroll","background-type":"","background-media":"","overlay-type":"","overlay-color":"","overlay-gradient":""},"tablet":{"background-color":"","background-image":"","background-repeat":"repeat","background-position":"center center","background-size":"auto","background-attachment":"scroll","background-type":"","background-media":"","overlay-type":"","overlay-color":"","overlay-gradient":""},"mobile":{"background-color":"","background-image":"","background-repeat":"repeat","background-position":"center center","background-size":"auto","background-attachment":"scroll","background-type":"","background-media":"","overlay-type":"","overlay-color":"","overlay-gradient":""}},"ast-content-background-meta":{"desktop":{"background-color":"var(--ast-global-color-5)","background-image":"","background-repeat":"repeat","background-position":"center center","background-size":"auto","background-attachment":"scroll","background-type":"","background-media":"","overlay-type":"","overlay-color":"","overlay-gradient":""},"tablet":{"background-color":"var(--ast-global-color-5)","background-image":"","background-repeat":"repeat","background-position":"center center","background-size":"auto","background-attachment":"scroll","background-type":"","background-media":"","overlay-type":"","overlay-color":"","overlay-gradient":""},"mobile":{"background-color":"var(--ast-global-color-5)","background-image":"","background-repeat":"repeat","background-position":"center center","background-size":"auto","background-attachment":"scroll","background-type":"","background-media":"","overlay-type":"","overlay-color":"","overlay-gradient":""}},"footnotes":""},"class_list":["post-78","page","type-page","status-publish","hentry"],"_links":{"self":[{"href":"https:\/\/blog.pilapk.com\/fr\/wp-json\/wp\/v2\/pages\/78","targetHints":{"allow":["GET"]}}],"collection":[{"href":"https:\/\/blog.pilapk.com\/fr\/wp-json\/wp\/v2\/pages"}],"about":[{"href":"https:\/\/blog.pilapk.com\/fr\/wp-json\/wp\/v2\/types\/page"}],"author":[{"embeddable":true,"href":"https:\/\/blog.pilapk.com\/fr\/wp-json\/wp\/v2\/users\/1"}],"replies":[{"embeddable":true,"href":"https:\/\/blog.pilapk.com\/fr\/wp-json\/wp\/v2\/comments?post=78"}],"version-history":[{"count":1,"href":"https:\/\/blog.pilapk.com\/fr\/wp-json\/wp\/v2\/pages\/78\/revisions"}],"predecessor-version":[{"id":79,"href":"https:\/\/blog.pilapk.com\/fr\/wp-json\/wp\/v2\/pages\/78\/revisions\/79"}],"wp:attachment":[{"href":"https:\/\/blog.pilapk.com\/fr\/wp-json\/wp\/v2\/media?parent=78"}],"curies":[{"name":"wp","href":"https:\/\/api.w.org\/{rel}","templated":true}]}}