{"id":14,"date":"2025-04-09T11:58:20","date_gmt":"2025-04-09T11:58:20","guid":{"rendered":"https:\/\/blog.pilapk.com\/?page_id=14"},"modified":"2025-04-09T11:58:21","modified_gmt":"2025-04-09T11:58:21","slug":"termini-di-servizio","status":"publish","type":"page","link":"https:\/\/blog.pilapk.com\/it\/terms-of-service\/","title":{"rendered":"Termini di servizio"},"content":{"rendered":"<h3 class=\"wp-block-heading\">1. Termini<\/h3>\n\n\n\n<p>Accedendo al sito web all&#039;indirizzo <a href=\"https:\/\/blog.pilapk.com\/it\/\">pilapk<\/a> L&#039;utente accetta di essere vincolato dai presenti termini di servizio, da tutte le leggi e i regolamenti applicabili e di essere responsabile del rispetto di tutte le leggi locali applicabili. Se non si accetta uno qualsiasi di questi termini, \u00e8 vietato utilizzare o accedere a questo sito. I materiali contenuti in questo sito web sono protetti dalle leggi applicabili in materia di copyright e marchi.<\/p>\n\n\n\n<h3 class=\"wp-block-heading\">2. Licenza d&#039;uso<\/h3>\n\n\n\n<ol class=\"wp-block-list\">\n<li>\u00c8 concesso il permesso di scaricare temporaneamente una copia dei materiali (informazioni o software) presenti sul sito web di pilapk esclusivamente per la visualizzazione temporanea personale e non commerciale. Questa costituisce la concessione di una licenza, non un trasferimento di propriet\u00e0, e in base a questa licenza non \u00e8 consentito:<\/li>\n\n\n\n<li>modificare o copiare i materiali;<\/li>\n\n\n\n<li>utilizzare i materiali per qualsiasi scopo commerciale o per qualsiasi esposizione pubblica (commerciale o non commerciale);<\/li>\n\n\n\n<li>tentare di decompilare o sottoporre a reverse engineering qualsiasi software contenuto nel sito web pilapk;<\/li>\n\n\n\n<li>rimuovere qualsiasi copyright o altre annotazioni proprietarie dai materiali; o<\/li>\n\n\n\n<li>trasferire i materiali a un&#039;altra persona o &quot;rispecchiare&quot; i materiali su un altro server.<\/li>\n\n\n\n<li>La presente licenza cesser\u00e0 automaticamente in caso di violazione di una qualsiasi di queste restrizioni e potr\u00e0 essere revocata da pilapk in qualsiasi momento. Al termine della visualizzazione di questi materiali o alla scadenza della presente licenza, l&#039;utente \u00e8 tenuto a distruggere qualsiasi materiale scaricato in suo possesso, sia in formato elettronico che cartaceo.<\/li>\n<\/ol>\n\n\n\n<h3 class=\"wp-block-heading\">3. Dichiarazione di esclusione di responsabilit\u00e0<\/h3>\n\n\n\n<ol class=\"wp-block-list\">\n<li>I materiali presenti sul sito web di pilapk sono forniti &quot;cos\u00ec come sono&quot;. pilapk non fornisce alcuna garanzia, espressa o implicita, e con la presente declina e nega tutte le altre garanzie, incluse, senza limitazioni, garanzie o condizioni implicite di commerciabilit\u00e0, idoneit\u00e0 per uno scopo particolare o non violazione della propriet\u00e0 intellettuale o altra violazione dei diritti.<\/li>\n\n\n\n<li>Inoltre, pilapk non garantisce n\u00e9 rilascia alcuna dichiarazione in merito all&#039;accuratezza, ai probabili risultati o all&#039;affidabilit\u00e0 dell&#039;uso dei materiali presenti sul suo sito web o altrimenti correlati a tali materiali o su qualsiasi sito collegato a questo sito.<\/li>\n<\/ol>\n\n\n\n<h3 class=\"wp-block-heading\">4. Limitazioni<\/h3>\n\n\n\n<p>In nessun caso pilapk o i suoi fornitori saranno ritenuti responsabili per eventuali danni (inclusi, a titolo esemplificativo ma non esaustivo, danni per perdita di dati o profitti, o dovuti a interruzione dell&#039;attivit\u00e0) derivanti dall&#039;utilizzo o dall&#039;impossibilit\u00e0 di utilizzare i materiali presenti sul sito web di pilapk, anche qualora pilapk o un rappresentante autorizzato di pilapk sia stato informato oralmente o per iscritto della possibilit\u00e0 di tale danno. Poich\u00e9 alcune giurisdizioni non consentono limitazioni alle garanzie implicite o limitazioni di responsabilit\u00e0 per danni consequenziali o incidentali, tali limitazioni potrebbero non essere applicabili.<\/p>\n\n\n\n<h3 class=\"wp-block-heading\">5. Precisione dei materiali<\/h3>\n\n\n\n<p>I materiali presenti sul sito web di pilapk potrebbero contenere errori tecnici, tipografici o fotografici. pilapk non garantisce che i materiali presenti sul suo sito web siano accurati, completi o aggiornati. pilapk pu\u00f2 apportare modifiche ai materiali presenti sul suo sito web in qualsiasi momento e senza preavviso. Tuttavia, pilapk non si impegna ad aggiornare i materiali.<\/p>\n\n\n\n<h3 class=\"wp-block-heading\">6. Collegamenti<\/h3>\n\n\n\n<p>pilapk non ha esaminato tutti i siti collegati al proprio sito web e non \u00e8 responsabile del contenuto di tali siti. L&#039;inclusione di qualsiasi collegamento non implica l&#039;approvazione del sito da parte di pilapk. L&#039;utilizzo di tali siti web collegati \u00e8 a rischio e pericolo dell&#039;utente.<\/p>\n\n\n\n<h3 class=\"wp-block-heading\">7. Modifiche<\/h3>\n\n\n\n<p>pilapk si riserva il diritto di modificare i presenti termini di servizio per il proprio sito web in qualsiasi momento e senza preavviso. Utilizzando questo sito web, l&#039;utente accetta di essere vincolato dalla versione corrente dei presenti termini di servizio.<\/p>\n\n\n\n<h3 class=\"wp-block-heading\">8. Legge applicabile<\/h3>\n\n\n\n<p>I presenti termini e condizioni sono regolati e interpretati in conformit\u00e0 con le leggi di pilapk e l&#039;utente si sottopone irrevocabilmente alla giurisdizione esclusiva dei tribunali di tale Stato o localit\u00e0.<\/p>","protected":false},"excerpt":{"rendered":"<p>1. Terms By accessing the website at pilapk you are agreeing to be bound by these terms of service, all [&hellip;]<\/p>\n","protected":false},"author":1,"featured_media":0,"parent":0,"menu_order":0,"comment_status":"closed","ping_status":"closed","template":"","meta":{"site-sidebar-layout":"default","site-content-layout":"","ast-site-content-layout":"default","site-content-style":"default","site-sidebar-style":"default","ast-global-header-display":"","ast-banner-title-visibility":"","ast-main-header-display":"","ast-hfb-above-header-display":"","ast-hfb-below-header-display":"","ast-hfb-mobile-header-display":"","site-post-title":"","ast-breadcrumbs-content":"","ast-featured-img":"","footer-sml-layout":"","theme-transparent-header-meta":"","adv-header-id-meta":"","stick-header-meta":"","header-above-stick-meta":"","header-main-stick-meta":"","header-below-stick-meta":"","astra-migrate-meta-layouts":"default","ast-page-background-enabled":"default","ast-page-background-meta":{"desktop":{"background-color":"var(--ast-global-color-4)","background-image":"","background-repeat":"repeat","background-position":"center center","background-size":"auto","background-attachment":"scroll","background-type":"","background-media":"","overlay-type":"","overlay-color":"","overlay-opacity":"","overlay-gradient":""},"tablet":{"background-color":"","background-image":"","background-repeat":"repeat","background-position":"center center","background-size":"auto","background-attachment":"scroll","background-type":"","background-media":"","overlay-type":"","overlay-color":"","overlay-opacity":"","overlay-gradient":""},"mobile":{"background-color":"","background-image":"","background-repeat":"repeat","background-position":"center center","background-size":"auto","background-attachment":"scroll","background-type":"","background-media":"","overlay-type":"","overlay-color":"","overlay-opacity":"","overlay-gradient":""}},"ast-content-background-meta":{"desktop":{"background-color":"var(--ast-global-color-5)","background-image":"","background-repeat":"repeat","background-position":"center center","background-size":"auto","background-attachment":"scroll","background-type":"","background-media":"","overlay-type":"","overlay-color":"","overlay-opacity":"","overlay-gradient":""},"tablet":{"background-color":"var(--ast-global-color-5)","background-image":"","background-repeat":"repeat","background-position":"center center","background-size":"auto","background-attachment":"scroll","background-type":"","background-media":"","overlay-type":"","overlay-color":"","overlay-opacity":"","overlay-gradient":""},"mobile":{"background-color":"var(--ast-global-color-5)","background-image":"","background-repeat":"repeat","background-position":"center center","background-size":"auto","background-attachment":"scroll","background-type":"","background-media":"","overlay-type":"","overlay-color":"","overlay-opacity":"","overlay-gradient":""}},"footnotes":""},"class_list":["post-14","page","type-page","status-publish","hentry"],"_links":{"self":[{"href":"https:\/\/blog.pilapk.com\/it\/wp-json\/wp\/v2\/pages\/14","targetHints":{"allow":["GET"]}}],"collection":[{"href":"https:\/\/blog.pilapk.com\/it\/wp-json\/wp\/v2\/pages"}],"about":[{"href":"https:\/\/blog.pilapk.com\/it\/wp-json\/wp\/v2\/types\/page"}],"author":[{"embeddable":true,"href":"https:\/\/blog.pilapk.com\/it\/wp-json\/wp\/v2\/users\/1"}],"replies":[{"embeddable":true,"href":"https:\/\/blog.pilapk.com\/it\/wp-json\/wp\/v2\/comments?post=14"}],"version-history":[{"count":1,"href":"https:\/\/blog.pilapk.com\/it\/wp-json\/wp\/v2\/pages\/14\/revisions"}],"predecessor-version":[{"id":15,"href":"https:\/\/blog.pilapk.com\/it\/wp-json\/wp\/v2\/pages\/14\/revisions\/15"}],"wp:attachment":[{"href":"https:\/\/blog.pilapk.com\/it\/wp-json\/wp\/v2\/media?parent=14"}],"curies":[{"name":"wp","href":"https:\/\/api.w.org\/{rel}","templated":true}]}}