{"id":16,"date":"2025-04-09T11:59:10","date_gmt":"2025-04-09T11:59:10","guid":{"rendered":"https:\/\/blog.pilapk.com\/?page_id=16"},"modified":"2025-04-09T11:59:12","modified_gmt":"2025-04-09T11:59:12","slug":"politica-sulla-riservatezza","status":"publish","type":"page","link":"https:\/\/blog.pilapk.com\/it\/privacy-policy\/","title":{"rendered":"politica sulla riservatezza"},"content":{"rendered":"<p>La tua privacy \u00e8 importante per noi. La politica di pilapk \u00e8 quella di rispettare la tua privacy in merito a qualsiasi informazione che potremmo raccogliere da te attraverso il nostro sito web. <a href=\"https:\/\/blog.pilapk.com\/it\/\">pilapk<\/a>e altri siti di nostra propriet\u00e0 e gestione.<\/p>\n\n\n\n<p>Richiediamo informazioni personali solo quando ne abbiamo realmente bisogno per fornirti un servizio. Le raccogliamo con mezzi equi e leciti, con la tua conoscenza e il tuo consenso. Ti informiamo inoltre sul motivo per cui le raccogliamo e su come verranno utilizzate.<\/p>\n\n\n\n<p>Conserviamo le informazioni raccolte solo per il tempo necessario a fornirti il servizio richiesto. I dati che conserviamo saranno protetti con mezzi commercialmente accettabili per prevenirne la perdita e il furto, nonch\u00e9 l&#039;accesso, la divulgazione, la copia, l&#039;uso o la modifica non autorizzati.<\/p>\n\n\n\n<p>Non condividiamo alcuna informazione personale n\u00e9 pubblicamente n\u00e9 con terze parti, salvo quando richiesto dalla legge.<\/p>\n\n\n\n<p>Il nostro sito web potrebbe contenere link a siti esterni non gestiti da noi. Si prega di notare che non abbiamo alcun controllo sui contenuti e sulle pratiche di questi siti e non possiamo assumerci alcuna responsabilit\u00e0 per le rispettive informative sulla privacy.<\/p>\n\n\n\n<p>Puoi rifiutare la nostra richiesta di informazioni personali, con la consapevolezza che potremmo non essere in grado di fornirti alcuni dei servizi desiderati.<\/p>\n\n\n\n<p>L&#039;utilizzo continuato del nostro sito web sar\u00e0 considerato come accettazione delle nostre pratiche in materia di privacy e trattamento dei dati personali. Per qualsiasi domanda su come gestiamo i dati degli utenti e le informazioni personali, non esitate a contattarci.<\/p>\n\n\n\n<h2 class=\"wp-block-heading\">Informativa sui cookie per pilapk<\/h2>\n\n\n\n<p>Questa \u00e8 la Cookie Policy per pilapk, accessibile dall&#039;URL https:\/\/blog.pilapk.com\/.<\/p>\n\n\n\n<h3 class=\"wp-block-heading\">Cosa sono i cookie<\/h3>\n\n\n\n<p>Come prassi comune per quasi tutti i siti web professionali, questo sito utilizza i cookie, piccoli file che vengono scaricati sul tuo computer per migliorare la tua esperienza. Questa pagina descrive quali informazioni raccolgono, come le utilizziamo e perch\u00e9 a volte abbiamo bisogno di memorizzare questi cookie. Ti spiegheremo anche come puoi impedire che questi cookie vengano memorizzati, tuttavia ci\u00f2 potrebbe compromettere o compromettere alcune funzionalit\u00e0 del sito.<\/p>\n\n\n\n<h3 class=\"wp-block-heading\">Come utilizziamo i cookie<\/h3>\n\n\n\n<p>Utilizziamo i cookie per una serie di motivi, descritti di seguito. Purtroppo, nella maggior parte dei casi, non esistono opzioni standard di settore per disabilitare i cookie senza disattivare completamente le funzionalit\u00e0 e le caratteristiche che aggiungono a questo sito. Si consiglia di lasciare attivi tutti i cookie se non si \u00e8 sicuri di averne bisogno o meno, nel caso in cui vengano utilizzati per fornire un servizio di cui si usufruisce.<\/p>\n\n\n\n<h3 class=\"wp-block-heading\">Disabilitazione dei cookie<\/h3>\n\n\n\n<p>\u00c8 possibile impedire l&#039;installazione dei cookie modificando le impostazioni del browser (consultare la Guida del browser per informazioni su come procedere). Si tenga presente che la disattivazione dei cookie influir\u00e0 sulla funzionalit\u00e0 di questo e di molti altri siti web visitati. La disattivazione dei cookie comporta solitamente anche la disattivazione di alcune funzionalit\u00e0 e caratteristiche di questo sito. Pertanto, si consiglia di non disattivare i cookie.<\/p>\n\n\n\n<h3 class=\"wp-block-heading\">I cookie che impostiamo<\/h3>\n\n\n\n<h3 class=\"wp-block-heading\">Cookie di terze parti<\/h3>\n\n\n\n<p>In alcuni casi particolari utilizziamo anche cookie forniti da terze parti fidate. La sezione seguente descrive in dettaglio quali cookie di terze parti potresti incontrare su questo sito.<\/p>\n\n\n\n<ul class=\"wp-block-list\">\n<li>Il servizio Google AdSense che utilizziamo per pubblicare annunci pubblicitari utilizza un cookie DoubleClick per pubblicare annunci pi\u00f9 pertinenti sul Web e limitare il numero di volte in cui un determinato annuncio ti viene mostrato.<\/li>\n\n\n\n<li>Per maggiori informazioni su Google AdSense, consulta le FAQ ufficiali sulla privacy di Google AdSense.<\/li>\n\n\n\n<li>Utilizziamo annunci pubblicitari per compensare i costi di gestione di questo sito e fornire finanziamenti per ulteriori sviluppi. I cookie di pubblicit\u00e0 comportamentale utilizzati da questo sito sono progettati per garantire che ti forniamo gli annunci pubblicitari pi\u00f9 pertinenti, ove possibile, monitorando in forma anonima i tuoi interessi e presentando contenuti simili che potrebbero interessarti.<\/li>\n\n\n\n<li>Diversi partner pubblicizzano per nostro conto e i cookie di tracciamento degli affiliati ci consentono semplicemente di verificare se i nostri clienti sono arrivati sul sito tramite uno dei nostri siti partner, in modo da poterli accreditare in modo appropriato e, ove applicabile, consentire ai nostri partner affiliati di fornire eventuali bonus che potrebbero offrirti per aver effettuato un acquisto.<\/li>\n<\/ul>\n\n\n\n<h3 class=\"wp-block-heading\">Responsabilit\u00e0 dell&#039;utente<\/h3>\n\n\n\n<p>L&#039;utente si assume la responsabilit\u00e0 di fare un uso appropriato dei contenuti e delle informazioni offerti sul sito con un comportamento enunciativo, ma non imitativo:<\/p>\n\n\n\n<ul class=\"wp-block-list\">\n<li>A) Non intraprendere attivit\u00e0 illegali o contrarie alla buona fede e all&#039;ordine pubblico;<\/li>\n\n\n\n<li>B) Non diffondere propaganda o contenuti di natura razzista, xenofoba o legati al gioco d&#039;azzardo, qualsiasi tipo di pornografia illegale, affermazioni terroristiche o contrarie ai diritti umani;<\/li>\n\n\n\n<li>C) Non causare danni ai sistemi fisici (hardware) e inaccessibili (software) di pilapk, dei suoi fornitori o di terze parti, n\u00e9 introdurre o diffondere virus informatici o altri sistemi hardware o software in grado di causare i danni precedentemente menzionati.<\/li>\n<\/ul>\n\n\n\n<h3 class=\"wp-block-heading\">Ulteriori informazioni<\/h3>\n\n\n\n<p>Speriamo che questo ti abbia chiarito le cose e, come detto in precedenza, se c&#039;\u00e8 qualcosa di cui non sei sicuro se ti serve o meno, di solito \u00e8 pi\u00f9 sicuro lasciare i cookie abilitati nel caso in cui interagiscano con una delle funzionalit\u00e0 che utilizzi sul nostro sito.<\/p>\n\n\n\n<p>La presente politica \u00e8 in vigore a partire dal 9 aprile 2025 alle ore 11:57.<\/p>","protected":false},"excerpt":{"rendered":"<p>Your privacy is important to us. It is pilapk&#8217;s policy to respect your privacy regarding any information we may collect [&hellip;]<\/p>\n","protected":false},"author":1,"featured_media":0,"parent":0,"menu_order":0,"comment_status":"closed","ping_status":"closed","template":"","meta":{"site-sidebar-layout":"default","site-content-layout":"","ast-site-content-layout":"default","site-content-style":"default","site-sidebar-style":"default","ast-global-header-display":"","ast-banner-title-visibility":"","ast-main-header-display":"","ast-hfb-above-header-display":"","ast-hfb-below-header-display":"","ast-hfb-mobile-header-display":"","site-post-title":"","ast-breadcrumbs-content":"","ast-featured-img":"","footer-sml-layout":"","theme-transparent-header-meta":"","adv-header-id-meta":"","stick-header-meta":"","header-above-stick-meta":"","header-main-stick-meta":"","header-below-stick-meta":"","astra-migrate-meta-layouts":"default","ast-page-background-enabled":"default","ast-page-background-meta":{"desktop":{"background-color":"var(--ast-global-color-4)","background-image":"","background-repeat":"repeat","background-position":"center center","background-size":"auto","background-attachment":"scroll","background-type":"","background-media":"","overlay-type":"","overlay-color":"","overlay-opacity":"","overlay-gradient":""},"tablet":{"background-color":"","background-image":"","background-repeat":"repeat","background-position":"center center","background-size":"auto","background-attachment":"scroll","background-type":"","background-media":"","overlay-type":"","overlay-color":"","overlay-opacity":"","overlay-gradient":""},"mobile":{"background-color":"","background-image":"","background-repeat":"repeat","background-position":"center center","background-size":"auto","background-attachment":"scroll","background-type":"","background-media":"","overlay-type":"","overlay-color":"","overlay-opacity":"","overlay-gradient":""}},"ast-content-background-meta":{"desktop":{"background-color":"var(--ast-global-color-5)","background-image":"","background-repeat":"repeat","background-position":"center center","background-size":"auto","background-attachment":"scroll","background-type":"","background-media":"","overlay-type":"","overlay-color":"","overlay-opacity":"","overlay-gradient":""},"tablet":{"background-color":"var(--ast-global-color-5)","background-image":"","background-repeat":"repeat","background-position":"center center","background-size":"auto","background-attachment":"scroll","background-type":"","background-media":"","overlay-type":"","overlay-color":"","overlay-opacity":"","overlay-gradient":""},"mobile":{"background-color":"var(--ast-global-color-5)","background-image":"","background-repeat":"repeat","background-position":"center center","background-size":"auto","background-attachment":"scroll","background-type":"","background-media":"","overlay-type":"","overlay-color":"","overlay-opacity":"","overlay-gradient":""}},"footnotes":""},"class_list":["post-16","page","type-page","status-publish","hentry"],"_links":{"self":[{"href":"https:\/\/blog.pilapk.com\/it\/wp-json\/wp\/v2\/pages\/16","targetHints":{"allow":["GET"]}}],"collection":[{"href":"https:\/\/blog.pilapk.com\/it\/wp-json\/wp\/v2\/pages"}],"about":[{"href":"https:\/\/blog.pilapk.com\/it\/wp-json\/wp\/v2\/types\/page"}],"author":[{"embeddable":true,"href":"https:\/\/blog.pilapk.com\/it\/wp-json\/wp\/v2\/users\/1"}],"replies":[{"embeddable":true,"href":"https:\/\/blog.pilapk.com\/it\/wp-json\/wp\/v2\/comments?post=16"}],"version-history":[{"count":1,"href":"https:\/\/blog.pilapk.com\/it\/wp-json\/wp\/v2\/pages\/16\/revisions"}],"predecessor-version":[{"id":17,"href":"https:\/\/blog.pilapk.com\/it\/wp-json\/wp\/v2\/pages\/16\/revisions\/17"}],"wp:attachment":[{"href":"https:\/\/blog.pilapk.com\/it\/wp-json\/wp\/v2\/media?parent=16"}],"curies":[{"name":"wp","href":"https:\/\/api.w.org\/{rel}","templated":true}]}}