{"id":76,"date":"2025-05-26T18:01:31","date_gmt":"2025-05-26T18:01:31","guid":{"rendered":"https:\/\/blog.pilapk.com\/?page_id=76"},"modified":"2025-10-27T20:33:38","modified_gmt":"2025-10-27T20:33:38","slug":"apie-mus","status":"publish","type":"page","link":"https:\/\/blog.pilapk.com\/lt\/about-us\/","title":{"rendered":"Apie mus"},"content":{"rendered":"<p><strong>blog.pilapk.com<\/strong> buvo sukurtas turint paprast\u0105 tiksl\u0105: teikti greit\u0105, aktual\u0173 ir patikim\u0105 turin\u012f skaitmeninei auditorijai, ie\u0161kan\u010diai veiksmingos informacijos. Nesvarbu, ar tyrin\u0117jate naujas mobili\u0105sias program\u0117les, ie\u0161kote darbo pasi\u016blym\u0173, tvarkote savo finansus ar pasineriate \u012f \u0161iuolaikinius santyki\u0173 patarimus \u2013 m\u016bs\u0173 tikslas \u2013 pateikti naudingiausi\u0105 interneto turin\u012f tiesiai \u012f j\u016bs\u0173 ekran\u0105.<\/p>\n\n\n\n<p>Suprantame, koks brangus yra j\u016bs\u0173 laikas. Tod\u0117l daugiausia d\u0117mesio skiriame ai\u0161kaus, prieinamo ir realius internetini\u0173 skaitytoj\u0173 poreikius atitinkan\u010dio turinio publikavimui.<\/p>\n\n\n\n<hr class=\"wp-block-separator has-alpha-channel-opacity\"\/>\n\n\n\n<h3 class=\"wp-block-heading\">\ud83c\udf10 M\u016bs\u0173 po\u017ei\u016bris<\/h3>\n\n\n\n<p>Prie <strong>Blog Pilapk<\/strong>Mes ne tik publikuojame straipsnius \u2013 mes kuruojame patirtis. M\u016bs\u0173 redagavimo procesas derina skaitmenini\u0173 tendencij\u0173 analiz\u0119 su \u017emoni\u0173 atliekamu turinio per\u017ei\u016br\u0117jimu, siekiant u\u017etikrinti, kad kiekvienas \u012fra\u0161as b\u016bt\u0173 vertingas. Mes nuolat stebime, ko ie\u0161ko vartotojai, ir atsakome glaustu, na\u0161iu turiniu, optimizuotu visiems \u012frenginiams.<\/p>\n\n\n\n<hr class=\"wp-block-separator has-alpha-channel-opacity\"\/>\n\n\n\n<h3 class=\"wp-block-heading\">\ud83d\udcca Kaip mes dirbame<\/h3>\n\n\n\n<ul class=\"wp-block-list\">\n<li>Skelbiame \u012fvairiose kategorijose, tokiose kaip <strong>Program\u0117l\u0117s<\/strong>, <strong>Pasimatymai<\/strong>, <strong>Finansai<\/strong>, <strong>Darbai<\/strong>ir <strong>Gyvenimo b\u016bdas<\/strong>.<\/li>\n\n\n\n<li>M\u016bs\u0173 srauto \u0161altiniai apima socialines platformas, vietinius skelbimus ir paie\u0161kos sistemas.<\/li>\n\n\n\n<li>Mes atsakingai gauname pajam\u0173 per reklamos partnerystes su <strong>\u201eGoogle\u201c skelbim\u0173 tvarkykl\u0117<\/strong>, <strong>ADX<\/strong>ir kiti patikimi SSP.<\/li>\n<\/ul>\n\n\n\n<hr class=\"wp-block-separator has-alpha-channel-opacity\"\/>\n\n\n\n<h3 class=\"wp-block-heading\">\ud83d\udd12 Skaidrumas ir s\u0105\u017einingumas<\/h3>\n\n\n\n<p>Esame \u012fsipareigoj\u0119 skaidrumui. Reklama niekada neturi \u012ftakos m\u016bs\u0173 straipsni\u0173 redakciniam tonui ir laikom\u0117s vis\u0173 pagrindini\u0173 privatumo taisykli\u0173, \u012fskaitant <strong>BDAR<\/strong>, <strong>CCPA<\/strong>ir <strong>\u201eGoogle\u201c leid\u0117j\u0173 politika<\/strong>.<\/p>\n\n\n\n<hr class=\"wp-block-separator has-alpha-channel-opacity\"\/>\n\n\n\n<h3 class=\"wp-block-heading\">\ud83d\udcac Susisiekite<\/h3>\n\n\n\n<p>Turite atsiliepim\u0173, verslo klausim\u0173 ar turinio pasi\u016blym\u0173?<br>Susisiekite su mumis bet kuriuo metu adresu: <strong><a>contact@blog.pilapk.com<\/a><\/strong><\/p>\n\n\n\n<p>A\u010di\u016b, kad esate Pilapko bendruomen\u0117s dalimi.<\/p>","protected":false},"excerpt":{"rendered":"<p>blog.pilapk.com was built with a simple purpose: to deliver fast, relevant, and reliable content to digital audiences seeking actionable information. [&hellip;]<\/p>\n","protected":false},"author":1,"featured_media":0,"parent":0,"menu_order":0,"comment_status":"closed","ping_status":"closed","template":"","meta":{"site-sidebar-layout":"default","site-content-layout":"","ast-site-content-layout":"","site-content-style":"default","site-sidebar-style":"default","ast-global-header-display":"","ast-banner-title-visibility":"","ast-main-header-display":"","ast-hfb-above-header-display":"","ast-hfb-below-header-display":"","ast-hfb-mobile-header-display":"","site-post-title":"","ast-breadcrumbs-content":"","ast-featured-img":"","footer-sml-layout":"","theme-transparent-header-meta":"","adv-header-id-meta":"","stick-header-meta":"","header-above-stick-meta":"","header-main-stick-meta":"","header-below-stick-meta":"","astra-migrate-meta-layouts":"default","ast-page-background-enabled":"default","ast-page-background-meta":{"desktop":{"background-color":"var(--ast-global-color-4)","background-image":"","background-repeat":"repeat","background-position":"center center","background-size":"auto","background-attachment":"scroll","background-type":"","background-media":"","overlay-type":"","overlay-color":"","overlay-gradient":""},"tablet":{"background-color":"","background-image":"","background-repeat":"repeat","background-position":"center center","background-size":"auto","background-attachment":"scroll","background-type":"","background-media":"","overlay-type":"","overlay-color":"","overlay-gradient":""},"mobile":{"background-color":"","background-image":"","background-repeat":"repeat","background-position":"center center","background-size":"auto","background-attachment":"scroll","background-type":"","background-media":"","overlay-type":"","overlay-color":"","overlay-gradient":""}},"ast-content-background-meta":{"desktop":{"background-color":"var(--ast-global-color-5)","background-image":"","background-repeat":"repeat","background-position":"center center","background-size":"auto","background-attachment":"scroll","background-type":"","background-media":"","overlay-type":"","overlay-color":"","overlay-gradient":""},"tablet":{"background-color":"var(--ast-global-color-5)","background-image":"","background-repeat":"repeat","background-position":"center center","background-size":"auto","background-attachment":"scroll","background-type":"","background-media":"","overlay-type":"","overlay-color":"","overlay-gradient":""},"mobile":{"background-color":"var(--ast-global-color-5)","background-image":"","background-repeat":"repeat","background-position":"center center","background-size":"auto","background-attachment":"scroll","background-type":"","background-media":"","overlay-type":"","overlay-color":"","overlay-gradient":""}},"footnotes":""},"class_list":["post-76","page","type-page","status-publish","hentry"],"_links":{"self":[{"href":"https:\/\/blog.pilapk.com\/lt\/wp-json\/wp\/v2\/pages\/76","targetHints":{"allow":["GET"]}}],"collection":[{"href":"https:\/\/blog.pilapk.com\/lt\/wp-json\/wp\/v2\/pages"}],"about":[{"href":"https:\/\/blog.pilapk.com\/lt\/wp-json\/wp\/v2\/types\/page"}],"author":[{"embeddable":true,"href":"https:\/\/blog.pilapk.com\/lt\/wp-json\/wp\/v2\/users\/1"}],"replies":[{"embeddable":true,"href":"https:\/\/blog.pilapk.com\/lt\/wp-json\/wp\/v2\/comments?post=76"}],"version-history":[{"count":2,"href":"https:\/\/blog.pilapk.com\/lt\/wp-json\/wp\/v2\/pages\/76\/revisions"}],"predecessor-version":[{"id":405,"href":"https:\/\/blog.pilapk.com\/lt\/wp-json\/wp\/v2\/pages\/76\/revisions\/405"}],"wp:attachment":[{"href":"https:\/\/blog.pilapk.com\/lt\/wp-json\/wp\/v2\/media?parent=76"}],"curies":[{"name":"wp","href":"https:\/\/api.w.org\/{rel}","templated":true}]}}