{"id":14,"date":"2025-04-09T11:58:20","date_gmt":"2025-04-09T11:58:20","guid":{"rendered":"https:\/\/blog.pilapk.com\/?page_id=14"},"modified":"2025-04-09T11:58:21","modified_gmt":"2025-04-09T11:58:21","slug":"pakalpojumu-sniegsanas-noteikumi","status":"publish","type":"page","link":"https:\/\/blog.pilapk.com\/lv\/terms-of-service\/","title":{"rendered":"Pakalpojumu snieg\u0161anas noteikumi"},"content":{"rendered":"<h3 class=\"wp-block-heading\">1. Noteikumi<\/h3>\n\n\n\n<p>Apmekl\u0113jot t\u012bmek\u013ca vietni, kas atrodas <a href=\"https:\/\/blog.pilapk.com\/lv\/\">pilaps<\/a> J\u016bs piekr\u012btat iev\u0113rot \u0161os pakalpojumu snieg\u0161anas noteikumus, visus piem\u0113rojamos likumus un noteikumus, k\u0101 ar\u012b piekr\u012btat, ka esat atbild\u012bgs par atbilst\u012bbu visiem piem\u0113rojamajiem viet\u0113jiem likumiem. Ja nepiekr\u012btat k\u0101dam no \u0161iem noteikumiem, jums ir aizliegts izmantot \u0161o vietni vai piek\u013c\u016bt tai. \u0160aj\u0101 vietn\u0113 ietvertie materi\u0101li ir aizsarg\u0101ti ar piem\u0113rojamajiem autorties\u012bbu un pre\u010du z\u012bmju likumiem.<\/p>\n\n\n\n<h3 class=\"wp-block-heading\">2. Licences lieto\u0161ana<\/h3>\n\n\n\n<ol class=\"wp-block-list\">\n<li>Ir at\u013cauts \u012bslaic\u012bgi lejupiel\u0101d\u0113t vienu pilapk t\u012bmek\u013ca vietnes materi\u0101lu (inform\u0101cijas vai programmat\u016bras) kopiju tikai person\u012bgai, nekomerci\u0101lai un \u012bslaic\u012bgai apskatei. \u0160\u012b ir licences pie\u0161\u0137ir\u0161ana, nevis \u012bpa\u0161umties\u012bbu nodo\u0161ana, un saska\u0146\u0101 ar \u0161o licenci j\u016bs nedr\u012bkstat:<\/li>\n\n\n\n<li>modific\u0113t vai kop\u0113t materi\u0101lus;<\/li>\n\n\n\n<li>izmantot materi\u0101lus jebk\u0101diem komerci\u0101liem m\u0113r\u0137iem vai publiskai demonstr\u0113\u0161anai (komerci\u0101lai vai nekomerci\u0101lai);<\/li>\n\n\n\n<li>m\u0113\u0123in\u0101t dekompil\u0113t vai revers\u0113t jebkuru programmat\u016bru, kas atrodas pilapk t\u012bmek\u013ca vietn\u0113;<\/li>\n\n\n\n<li>no\u0146emt no materi\u0101liem jebk\u0101das autorties\u012bbu vai citas \u012bpa\u0161umties\u012bbu atz\u012bmes; vai<\/li>\n\n\n\n<li>p\u0101rs\u016bt\u012bt materi\u0101lus citai personai vai &quot;spogu\u013cot&quot; materi\u0101lus jebkur\u0101 cit\u0101 server\u012b.<\/li>\n\n\n\n<li>\u0160\u012b licence tiks autom\u0101tiski izbeigta, ja j\u016bs p\u0101rk\u0101psiet k\u0101du no \u0161iem ierobe\u017eojumiem, un pilapk to var izbeigt jebkur\u0101 laik\u0101. P\u0113c \u0161o materi\u0101lu apskates p\u0101rtrauk\u0161anas vai p\u0113c \u0161\u012bs licences izbeig\u0161anas jums ir j\u0101izn\u012bcina visi j\u016bsu r\u012bc\u012bb\u0101 eso\u0161ie lejupiel\u0101d\u0113tie materi\u0101li neatkar\u012bgi no t\u0101, vai tie ir elektronisk\u0101 vai druk\u0101t\u0101 form\u0101t\u0101.<\/li>\n<\/ol>\n\n\n\n<h3 class=\"wp-block-heading\">3. Atruna<\/h3>\n\n\n\n<ol class=\"wp-block-list\">\n<li>Pilapk t\u012bmek\u013ca vietn\u0113 eso\u0161ie materi\u0101li tiek sniegti \u201ct\u0101di, k\u0101di tie ir\u201d. Pilapk nesniedz nek\u0101das tie\u0161as vai netie\u0161as garantijas un ar \u0161o atsak\u0101s no vis\u0101m p\u0101r\u0113j\u0101m garantij\u0101m, tostarp, bet ne tikai, netie\u0161\u0101m garantij\u0101m vai nosac\u012bjumiem par piem\u0113rot\u012bbu p\u0101rdo\u0161anai, piem\u0113rot\u012bbu noteiktam m\u0113r\u0137im vai intelektu\u0101l\u0101 \u012bpa\u0161uma ties\u012bbu vai citu ties\u012bbu neaizsk\u0101rumu.<\/li>\n\n\n\n<li>Turkl\u0101t pilapk negarant\u0113 un nesniedz nek\u0101das garantijas attiec\u012bb\u0101 uz materi\u0101lu precizit\u0101ti, iesp\u0113jamiem rezult\u0101tiem vai uzticam\u012bbu, izmantojot tos sav\u0101 t\u012bmek\u013ca vietn\u0113 vai cit\u0101di saist\u012bb\u0101 ar \u0161\u0101diem materi\u0101liem vai jebkur\u0101s vietn\u0113s, kas saist\u012btas ar \u0161o vietni.<\/li>\n<\/ol>\n\n\n\n<h3 class=\"wp-block-heading\">4. Ierobe\u017eojumi<\/h3>\n\n\n\n<p>Nek\u0101d\u0101 gad\u012bjum\u0101 pilapk vai t\u0101 pieg\u0101d\u0101t\u0101ji neb\u016bs atbild\u012bgi par jebk\u0101diem zaud\u0113jumiem (tostarp, bet ne tikai, zaud\u0113jumiem datu vai pe\u013c\u0146as zaud\u0113\u0161anas vai uz\u0146\u0113m\u0113jdarb\u012bbas p\u0101rtrauk\u0161anas d\u0113\u013c), kas radu\u0161ies pilapk t\u012bmek\u013ca vietn\u0113 eso\u0161o materi\u0101lu lieto\u0161anas vai nesp\u0113jas tos izmantot rezult\u0101t\u0101, pat ja pilapk vai pilapk pilnvarots p\u0101rst\u0101vis ir mutiski vai rakstiski inform\u0113ts par \u0161\u0101du zaud\u0113jumu iesp\u0113jam\u012bbu. T\u0101 k\u0101 da\u017e\u0101s jurisdikcij\u0101s nav at\u013cauti netie\u0161o garantiju ierobe\u017eojumi vai atbild\u012bbas ierobe\u017eojumi par izrieto\u0161iem vai nejau\u0161iem zaud\u0113jumiem, \u0161ie ierobe\u017eojumi var neattiekties uz jums.<\/p>\n\n\n\n<h3 class=\"wp-block-heading\">5. Materi\u0101lu precizit\u0101te<\/h3>\n\n\n\n<p>Pilapk t\u012bmek\u013ca vietn\u0113 redzamajos materi\u0101los var b\u016bt tehniskas, tipogr\u0101fiskas vai fotogr\u0101fiskas k\u013c\u016bdas. pilapk negarant\u0113, ka k\u0101ds no t\u012bmek\u013ca vietn\u0113 eso\u0161ajiem materi\u0101liem ir prec\u012bzs, piln\u012bgs vai aktu\u0101ls. pilapk jebkur\u0101 laik\u0101 bez iepriek\u0161\u0113ja br\u012bdin\u0101juma var veikt izmai\u0146as t\u012bmek\u013ca vietn\u0113 ietvertajos materi\u0101los. Tom\u0113r pilapk neuz\u0146emas nek\u0101das saist\u012bbas atjaunin\u0101t materi\u0101lus.<\/p>\n\n\n\n<h3 class=\"wp-block-heading\">6. Saites<\/h3>\n\n\n\n<p>pilapk nav p\u0101rskat\u012bjis visas vietnes, uz kur\u0101m ir saites uz t\u0101 t\u012bmek\u013ca vietni, un nav atbild\u012bgs par jebkuras \u0161\u0101das saist\u012bt\u0101s vietnes saturu. Jebkuras saites iek\u013cau\u0161ana nenoz\u012bm\u0113, ka pilapk atbalsta attiec\u012bgo vietni. Jebkuras \u0161\u0101das saist\u012bt\u0101s t\u012bmek\u013ca vietnes izmanto\u0161ana notiek uz lietot\u0101ja pa\u0161a risku.<\/p>\n\n\n\n<h3 class=\"wp-block-heading\">7. Modifik\u0101cijas<\/h3>\n\n\n\n<p>pilapk jebkur\u0101 laik\u0101 bez iepriek\u0161\u0113ja br\u012bdin\u0101juma var p\u0101rskat\u012bt \u0161os savas t\u012bmek\u013ca vietnes pakalpojumu snieg\u0161anas noteikumus. Izmantojot \u0161o t\u012bmek\u013ca vietni, j\u016bs piekr\u012btat iev\u0113rot tobr\u012bd sp\u0113k\u0101 eso\u0161o pakalpojumu snieg\u0161anas noteikumu versiju.<\/p>\n\n\n\n<h3 class=\"wp-block-heading\">8. Piem\u0113rojamie ties\u012bbu akti<\/h3>\n\n\n\n<p>\u0160os noteikumus un nosac\u012bjumus regul\u0113 un interpret\u0113 saska\u0146\u0101 ar Pilso\u0146u likumiem, un j\u016bs neatsaucami pak\u013caujaties \u0161\u012bs valsts vai atra\u0161an\u0101s vietas tiesu ekskluz\u012bvai jurisdikcijai.<\/p>","protected":false},"excerpt":{"rendered":"<p>1. Terms By accessing the website at pilapk you are agreeing to be bound by these terms of service, all [&hellip;]<\/p>\n","protected":false},"author":1,"featured_media":0,"parent":0,"menu_order":0,"comment_status":"closed","ping_status":"closed","template":"","meta":{"site-sidebar-layout":"default","site-content-layout":"","ast-site-content-layout":"default","site-content-style":"default","site-sidebar-style":"default","ast-global-header-display":"","ast-banner-title-visibility":"","ast-main-header-display":"","ast-hfb-above-header-display":"","ast-hfb-below-header-display":"","ast-hfb-mobile-header-display":"","site-post-title":"","ast-breadcrumbs-content":"","ast-featured-img":"","footer-sml-layout":"","theme-transparent-header-meta":"","adv-header-id-meta":"","stick-header-meta":"","header-above-stick-meta":"","header-main-stick-meta":"","header-below-stick-meta":"","astra-migrate-meta-layouts":"default","ast-page-background-enabled":"default","ast-page-background-meta":{"desktop":{"background-color":"var(--ast-global-color-4)","background-image":"","background-repeat":"repeat","background-position":"center center","background-size":"auto","background-attachment":"scroll","background-type":"","background-media":"","overlay-type":"","overlay-color":"","overlay-opacity":"","overlay-gradient":""},"tablet":{"background-color":"","background-image":"","background-repeat":"repeat","background-position":"center center","background-size":"auto","background-attachment":"scroll","background-type":"","background-media":"","overlay-type":"","overlay-color":"","overlay-opacity":"","overlay-gradient":""},"mobile":{"background-color":"","background-image":"","background-repeat":"repeat","background-position":"center center","background-size":"auto","background-attachment":"scroll","background-type":"","background-media":"","overlay-type":"","overlay-color":"","overlay-opacity":"","overlay-gradient":""}},"ast-content-background-meta":{"desktop":{"background-color":"var(--ast-global-color-5)","background-image":"","background-repeat":"repeat","background-position":"center center","background-size":"auto","background-attachment":"scroll","background-type":"","background-media":"","overlay-type":"","overlay-color":"","overlay-opacity":"","overlay-gradient":""},"tablet":{"background-color":"var(--ast-global-color-5)","background-image":"","background-repeat":"repeat","background-position":"center center","background-size":"auto","background-attachment":"scroll","background-type":"","background-media":"","overlay-type":"","overlay-color":"","overlay-opacity":"","overlay-gradient":""},"mobile":{"background-color":"var(--ast-global-color-5)","background-image":"","background-repeat":"repeat","background-position":"center center","background-size":"auto","background-attachment":"scroll","background-type":"","background-media":"","overlay-type":"","overlay-color":"","overlay-opacity":"","overlay-gradient":""}},"footnotes":""},"class_list":["post-14","page","type-page","status-publish","hentry"],"_links":{"self":[{"href":"https:\/\/blog.pilapk.com\/lv\/wp-json\/wp\/v2\/pages\/14","targetHints":{"allow":["GET"]}}],"collection":[{"href":"https:\/\/blog.pilapk.com\/lv\/wp-json\/wp\/v2\/pages"}],"about":[{"href":"https:\/\/blog.pilapk.com\/lv\/wp-json\/wp\/v2\/types\/page"}],"author":[{"embeddable":true,"href":"https:\/\/blog.pilapk.com\/lv\/wp-json\/wp\/v2\/users\/1"}],"replies":[{"embeddable":true,"href":"https:\/\/blog.pilapk.com\/lv\/wp-json\/wp\/v2\/comments?post=14"}],"version-history":[{"count":1,"href":"https:\/\/blog.pilapk.com\/lv\/wp-json\/wp\/v2\/pages\/14\/revisions"}],"predecessor-version":[{"id":15,"href":"https:\/\/blog.pilapk.com\/lv\/wp-json\/wp\/v2\/pages\/14\/revisions\/15"}],"wp:attachment":[{"href":"https:\/\/blog.pilapk.com\/lv\/wp-json\/wp\/v2\/media?parent=14"}],"curies":[{"name":"wp","href":"https:\/\/api.w.org\/{rel}","templated":true}]}}