{"id":76,"date":"2025-05-26T18:01:31","date_gmt":"2025-05-26T18:01:31","guid":{"rendered":"https:\/\/blog.pilapk.com\/?page_id=76"},"modified":"2025-10-27T20:33:38","modified_gmt":"2025-10-27T20:33:38","slug":"par-mums","status":"publish","type":"page","link":"https:\/\/blog.pilapk.com\/lv\/about-us\/","title":{"rendered":"Par mums"},"content":{"rendered":"<p><strong>blog.pilapk.com<\/strong> tika izveidots ar vienk\u0101r\u0161u m\u0113r\u0137i: sniegt \u0101tru, atbilsto\u0161u un uzticamu saturu digit\u0101lajai auditorijai, kas mekl\u0113 noder\u012bgu inform\u0101ciju. Neatkar\u012bgi no t\u0101, vai j\u016bs izp\u0113t\u0101t jaunas mobil\u0101s lietotnes, mekl\u0113jat darba pied\u0101v\u0101jumus, p\u0101rvald\u0101t savas finanses vai iedzi\u013cin\u0101ties m\u016bsdien\u012bgos attiec\u012bbu padomos \u2014 m\u016bsu m\u0113r\u0137is ir par\u0101d\u012bt visnoder\u012bg\u0101ko saturu internet\u0101 tie\u0161i j\u016bsu ekr\u0101n\u0101.<\/p>\n\n\n\n<p>M\u0113s saprotam, cik v\u0113rt\u012bgs ir j\u016bsu laiks. T\u0101p\u0113c m\u0113s koncentr\u0113jamies uz t\u0101da satura public\u0113\u0161anu, kas ir skaidrs, pieejams un izstr\u0101d\u0101ts, lai apmierin\u0101tu tie\u0161saistes las\u012bt\u0101ju re\u0101l\u0101s vajadz\u012bbas.<\/p>\n\n\n\n<hr class=\"wp-block-separator has-alpha-channel-opacity\"\/>\n\n\n\n<h3 class=\"wp-block-heading\">\ud83c\udf10 M\u016bsu pieeja<\/h3>\n\n\n\n<p>Plkst. <strong>Blog Pilapk<\/strong>M\u0113s ne tikai public\u0113jam rakstus \u2014 m\u0113s veidojam pieredzi. M\u016bsu redakcijas process apvieno digit\u0101lo tenden\u010du anal\u012bzi ar cilv\u0113ka veiktu satura p\u0101rskat\u012b\u0161anu, lai nodro\u0161in\u0101tu, ka katrs ieraksts sniedz pievienoto v\u0113rt\u012bbu. M\u0113s past\u0101v\u012bgi uzraug\u0101m, ko lietot\u0101ji mekl\u0113, un atbildam ar kodol\u012bgu, augstas veiktsp\u0113jas saturu, kas ir optimiz\u0113ts vis\u0101m ier\u012bc\u0113m.<\/p>\n\n\n\n<hr class=\"wp-block-separator has-alpha-channel-opacity\"\/>\n\n\n\n<h3 class=\"wp-block-heading\">\ud83d\udcca K\u0101 m\u0113s str\u0101d\u0101jam<\/h3>\n\n\n\n<ul class=\"wp-block-list\">\n<li>M\u0113s public\u0113jam da\u017e\u0101d\u0101s kategorij\u0101s, piem\u0113ram <strong>Lietotnes<\/strong>, <strong>Iepaz\u012b\u0161an\u0101s<\/strong>, <strong>Finanses<\/strong>, <strong>Darbs<\/strong>, un <strong>Dz\u012bvesveids<\/strong>.<\/li>\n\n\n\n<li>M\u016bsu datpl\u016bsmas avoti ietver soci\u0101l\u0101s platformas, viet\u0113j\u0101s rekl\u0101mas un mekl\u0113t\u0101jprogrammas.<\/li>\n\n\n\n<li>M\u0113s atbild\u012bgi monetiz\u0113jam, izmantojot rekl\u0101mas partner\u012bbas ar <strong>Google rekl\u0101mu p\u0101rvaldnieks<\/strong>, <strong>ADX<\/strong>un citi uzticami SSP.<\/li>\n<\/ul>\n\n\n\n<hr class=\"wp-block-separator has-alpha-channel-opacity\"\/>\n\n\n\n<h3 class=\"wp-block-heading\">\ud83d\udd12 Caursp\u012bd\u012bgums un integrit\u0101te<\/h3>\n\n\n\n<p>M\u0113s esam ap\u0146\u0113mu\u0161ies nodro\u0161in\u0101t p\u0101rredzam\u012bbu. Rekl\u0101ma nekad neietekm\u0113 m\u016bsu rakstu redakcion\u0101lo toni, un m\u0113s iev\u0113rojam visus galvenos priv\u0101tuma noteikumus, tostarp <strong>GDPR<\/strong>, <strong>CCPA<\/strong>, un <strong>Google izdev\u0113ju politikas<\/strong>.<\/p>\n\n\n\n<hr class=\"wp-block-separator has-alpha-channel-opacity\"\/>\n\n\n\n<h3 class=\"wp-block-heading\">\ud83d\udcac Sazinieties<\/h3>\n\n\n\n<p>Vai jums ir atsauksmes, jaut\u0101jumi par uz\u0146\u0113m\u0113jdarb\u012bbu vai satura ieteikumi?<br>Sazinieties ar mums jebkur\u0101 laik\u0101, rakstot uz: <strong><a>contact@blog.pilapk.com<\/a><\/strong><\/p>\n\n\n\n<p>Paldies, ka esat da\u013ca no Pilapk kopienas.<\/p>","protected":false},"excerpt":{"rendered":"<p>blog.pilapk.com was built with a simple purpose: to deliver fast, relevant, and reliable content to digital audiences seeking actionable information. [&hellip;]<\/p>\n","protected":false},"author":1,"featured_media":0,"parent":0,"menu_order":0,"comment_status":"closed","ping_status":"closed","template":"","meta":{"site-sidebar-layout":"default","site-content-layout":"","ast-site-content-layout":"","site-content-style":"default","site-sidebar-style":"default","ast-global-header-display":"","ast-banner-title-visibility":"","ast-main-header-display":"","ast-hfb-above-header-display":"","ast-hfb-below-header-display":"","ast-hfb-mobile-header-display":"","site-post-title":"","ast-breadcrumbs-content":"","ast-featured-img":"","footer-sml-layout":"","theme-transparent-header-meta":"","adv-header-id-meta":"","stick-header-meta":"","header-above-stick-meta":"","header-main-stick-meta":"","header-below-stick-meta":"","astra-migrate-meta-layouts":"default","ast-page-background-enabled":"default","ast-page-background-meta":{"desktop":{"background-color":"var(--ast-global-color-4)","background-image":"","background-repeat":"repeat","background-position":"center center","background-size":"auto","background-attachment":"scroll","background-type":"","background-media":"","overlay-type":"","overlay-color":"","overlay-gradient":""},"tablet":{"background-color":"","background-image":"","background-repeat":"repeat","background-position":"center center","background-size":"auto","background-attachment":"scroll","background-type":"","background-media":"","overlay-type":"","overlay-color":"","overlay-gradient":""},"mobile":{"background-color":"","background-image":"","background-repeat":"repeat","background-position":"center center","background-size":"auto","background-attachment":"scroll","background-type":"","background-media":"","overlay-type":"","overlay-color":"","overlay-gradient":""}},"ast-content-background-meta":{"desktop":{"background-color":"var(--ast-global-color-5)","background-image":"","background-repeat":"repeat","background-position":"center center","background-size":"auto","background-attachment":"scroll","background-type":"","background-media":"","overlay-type":"","overlay-color":"","overlay-gradient":""},"tablet":{"background-color":"var(--ast-global-color-5)","background-image":"","background-repeat":"repeat","background-position":"center center","background-size":"auto","background-attachment":"scroll","background-type":"","background-media":"","overlay-type":"","overlay-color":"","overlay-gradient":""},"mobile":{"background-color":"var(--ast-global-color-5)","background-image":"","background-repeat":"repeat","background-position":"center center","background-size":"auto","background-attachment":"scroll","background-type":"","background-media":"","overlay-type":"","overlay-color":"","overlay-gradient":""}},"footnotes":""},"class_list":["post-76","page","type-page","status-publish","hentry"],"_links":{"self":[{"href":"https:\/\/blog.pilapk.com\/lv\/wp-json\/wp\/v2\/pages\/76","targetHints":{"allow":["GET"]}}],"collection":[{"href":"https:\/\/blog.pilapk.com\/lv\/wp-json\/wp\/v2\/pages"}],"about":[{"href":"https:\/\/blog.pilapk.com\/lv\/wp-json\/wp\/v2\/types\/page"}],"author":[{"embeddable":true,"href":"https:\/\/blog.pilapk.com\/lv\/wp-json\/wp\/v2\/users\/1"}],"replies":[{"embeddable":true,"href":"https:\/\/blog.pilapk.com\/lv\/wp-json\/wp\/v2\/comments?post=76"}],"version-history":[{"count":2,"href":"https:\/\/blog.pilapk.com\/lv\/wp-json\/wp\/v2\/pages\/76\/revisions"}],"predecessor-version":[{"id":405,"href":"https:\/\/blog.pilapk.com\/lv\/wp-json\/wp\/v2\/pages\/76\/revisions\/405"}],"wp:attachment":[{"href":"https:\/\/blog.pilapk.com\/lv\/wp-json\/wp\/v2\/media?parent=76"}],"curies":[{"name":"wp","href":"https:\/\/api.w.org\/{rel}","templated":true}]}}