{"id":78,"date":"2025-05-26T18:02:34","date_gmt":"2025-05-26T18:02:34","guid":{"rendered":"https:\/\/blog.pilapk.com\/?page_id=78"},"modified":"2025-05-26T18:02:36","modified_gmt":"2025-05-26T18:02:36","slug":"sikfailu-politika","status":"publish","type":"page","link":"https:\/\/blog.pilapk.com\/lv\/cookie-policy\/","title":{"rendered":"S\u012bkfailu politika"},"content":{"rendered":"<p><strong>Sp\u0113k\u0101 st\u0101\u0161an\u0101s datums:<\/strong> 2025. gada 26. maijs<br><strong>T\u012bmek\u013ca vietne:<\/strong> <a class=\"\" href=\"https:\/\/blog.pilapk.com\/lv\/\">https:\/\/blog.pilapk.com<\/a><\/p>\n\n\n\n<p>Plkst. <strong>Pilapk.com<\/strong>, p\u0101rredzam\u012bba ir viens no m\u016bsu pamatprincipiem. \u0160aj\u0101 s\u012bkfailu politik\u0101 ir izkl\u0101st\u012bts, k\u0101 m\u0113s izmantojam s\u012bkfailus un saist\u012bt\u0101s tehnolo\u0123ijas, lai nodro\u0161in\u0101tu \u0101tru, dro\u0161u un personaliz\u0113tu p\u0101rl\u016bko\u0161anas pieredzi. Taj\u0101 ir ar\u012b paskaidrots, k\u0101 j\u016bs varat kontrol\u0113t \u0161\u012bs tehnolo\u0123ijas saska\u0146\u0101 ar glob\u0101lajiem priv\u0101tuma noteikumiem.<\/p>\n\n\n\n<hr class=\"wp-block-separator has-alpha-channel-opacity\"\/>\n\n\n\n<h3 class=\"wp-block-heading\">1. <strong>S\u012bkfailu izpratne<\/strong><\/h3>\n\n\n\n<p>S\u012bkfaili ir mazi teksta faili, kas tiek saglab\u0101ti j\u016bsu dator\u0101 vai mobilaj\u0101 ier\u012bc\u0113, kad apmekl\u0113jat t\u012bmek\u013ca vietni. Tie pilda vair\u0101kas funkcijas, tostarp:<\/p>\n\n\n\n<ul class=\"wp-block-list\">\n<li>Lietot\u0101ja preferen\u010du atcer\u0113\u0161an\u0101s<\/li>\n\n\n\n<li>Dro\u0161as piek\u013cuves lap\u0101m iesp\u0113jo\u0161ana<\/li>\n\n\n\n<li>Satiksmes uzved\u012bbas anal\u012bze<\/li>\n\n\n\n<li>Atbalstot atbilsto\u0161u rekl\u0101mu r\u0101d\u012b\u0161anu<\/li>\n<\/ul>\n\n\n\n<p>M\u0113s varam ievietot s\u012bkfailus (\u201c<strong>pirm\u0101s puses s\u012bkfaili<\/strong>\u201c) vai tre\u0161\u0101s puses, kuru pakalpojumus m\u0113s izmantojam (\u201c)<strong>tre\u0161o pu\u0161u s\u012bkfaili<\/strong>&#8220;).<\/p>\n\n\n\n<hr class=\"wp-block-separator has-alpha-channel-opacity\"\/>\n\n\n\n<h3 class=\"wp-block-heading\">2. <strong>K\u0101p\u0113c m\u0113s izmantojam s\u012bkfailus<\/strong><\/h3>\n\n\n\n<p>M\u0113s izmantojam s\u012bkfailus, lai:<\/p>\n\n\n\n<ul class=\"wp-block-list\">\n<li><strong>Nodro\u0161iniet pareizu vietnes darb\u012bbu<\/strong><\/li>\n\n\n\n<li><strong>Analiz\u0113t veiktsp\u0113ju<\/strong> izmantojot t\u0101dus r\u012bkus k\u0101 Google Analytics<\/li>\n\n\n\n<li><strong>R\u0101d\u012bt m\u0113r\u0137tiec\u012bgu rekl\u0101mu<\/strong> izmantojot programmatiskas platformas, piem\u0113ram, Google Ad Manager, AdSense un piepras\u012bjuma puses partnerus<\/li>\n\n\n\n<li><strong>Iev\u0113rot juridisk\u0101s saist\u012bbas<\/strong> par datu apstr\u0101di un lietot\u0101ju piekri\u0161anu<\/li>\n<\/ul>\n\n\n\n<hr class=\"wp-block-separator has-alpha-channel-opacity\"\/>\n\n\n\n<h3 class=\"wp-block-heading\">3. <strong>Izmantoto s\u012bkfailu kategorijas<\/strong><\/h3>\n\n\n\n<h4 class=\"wp-block-heading\">a. <strong>Stingri nepiecie\u0161am\u0101s s\u012bkdatnes<\/strong><\/h4>\n\n\n\n<p>\u0160\u012bs s\u012bkdatnes ir nepiecie\u0161amas vietnes darb\u012bbai, un t\u0101s nevar atsp\u0113jot m\u016bsu sist\u0113m\u0101s.<\/p>\n\n\n\n<h4 class=\"wp-block-heading\">b. <strong>Veiktsp\u0113jas un anal\u012btikas s\u012bkfaili<\/strong><\/h4>\n\n\n\n<p>Izmanto, lai anon\u012bmi izsekotu lapu apmekl\u0113jumus, lietot\u0101ju pl\u016bsmu un uzved\u012bbu, lai uzlabotu veiktsp\u0113ju.<\/p>\n\n\n\n<h4 class=\"wp-block-heading\">apm. <strong>Funkcion\u0101l\u0101s s\u012bkdatnes<\/strong><\/h4>\n\n\n\n<p>Iesp\u0113jojiet uzlabot\u0101s funkcijas, piem\u0113ram, valodas izv\u0113li vai pieteik\u0161an\u0101s akredit\u0101cijas datu atcer\u0113\u0161anos.<\/p>\n\n\n\n<h4 class=\"wp-block-heading\">d. <strong>Rekl\u0101mas s\u012bkfaili<\/strong><\/h4>\n\n\n\n<p>M\u016bsu rekl\u0101mas partneri izmanto, lai r\u0101d\u012btu uz interes\u0113m balst\u012btas rekl\u0101mas, p\u0101rvald\u012btu seansu bie\u017eumu un izsekotu rekl\u0101mu efektivit\u0101ti da\u017e\u0101d\u0101s t\u012bmek\u013ca vietn\u0113s.<\/p>\n\n\n\n<hr class=\"wp-block-separator has-alpha-channel-opacity\"\/>\n\n\n\n<h3 class=\"wp-block-heading\">4. <strong>Tre\u0161o pu\u0161u s\u012bkfaili<\/strong><\/h3>\n\n\n\n<p>Da\u017eas s\u012bkdatnes ievieto m\u016bsu integr\u0113tie pakalpojumi, piem\u0113ram:<\/p>\n\n\n\n<ul class=\"wp-block-list\">\n<li><strong>Google Analytics<\/strong><\/li>\n\n\n\n<li><strong>Google rekl\u0101mu p\u0101rvaldnieks\/AdSense<\/strong><\/li>\n\n\n\n<li><strong>JoinAds, SSP un RTB partneri<\/strong><\/li>\n\n\n\n<li><strong>Piekri\u0161anas p\u0101rvald\u012bbas platformas (CMP)<\/strong><\/li>\n<\/ul>\n\n\n\n<p>\u0160\u012bs tre\u0161\u0101s puses var izmantot s\u012bkfailus, lai apkopotu lieto\u0161anas datus, ier\u012bces inform\u0101ciju un anonimiz\u0113tus identifikatorus.<\/p>\n\n\n\n<p>Vair\u0101k inform\u0101cijas varat atrast vi\u0146u attiec\u012bgaj\u0101s priv\u0101tuma politik\u0101s.<\/p>\n\n\n\n<hr class=\"wp-block-separator has-alpha-channel-opacity\"\/>\n\n\n\n<h3 class=\"wp-block-heading\">5. <strong>Piekri\u0161ana un lietot\u0101ja kontrole<\/strong><\/h3>\n\n\n\n<p>Pirmo reizi apmekl\u0113jot m\u016bsu t\u012bmek\u013ca vietni, jums tiks par\u0101d\u012bts s\u012bkfailu piekri\u0161anas baneris.<\/p>\n\n\n\n<p>J\u016bs varat:<\/p>\n\n\n\n<ul class=\"wp-block-list\">\n<li>Akcept\u0113t visas s\u012bkdatnes<\/li>\n\n\n\n<li>Noraid\u012bt neb\u016btiskas s\u012bkdatnes<\/li>\n\n\n\n<li>Piel\u0101gojiet savas preferences<\/li>\n<\/ul>\n\n\n\n<p>Savas preferences varat atjaunin\u0101t jebkur\u0101 laik\u0101, izmantojot <strong>\u201cS\u012bkfailu iestat\u012bjumi\u201d<\/strong> saite k\u0101jen\u0113.<\/p>\n\n\n\n<hr class=\"wp-block-separator has-alpha-channel-opacity\"\/>\n\n\n\n<h3 class=\"wp-block-heading\">6. <strong>S\u012bkfailu p\u0101rvald\u012bba j\u016bsu p\u0101rl\u016bkprogramm\u0101<\/strong><\/h3>\n\n\n\n<p>S\u012bkfailus varat kontrol\u0113t ar\u012b sav\u0101 p\u0101rl\u016bkprogramm\u0101. \u0160eit ir da\u017ei resursi:<\/p>\n\n\n\n<ul class=\"wp-block-list\">\n<li><a>Hroms<\/a><\/li>\n\n\n\n<li><a class=\"\" href=\"https:\/\/support.mozilla.org\/en-US\/kb\/enable-and-disable-cookies\">Firefox<\/a><\/li>\n\n\n\n<li><a class=\"\" href=\"https:\/\/support.apple.com\/en-us\/HT201265\">Safari<\/a><\/li>\n\n\n\n<li><a class=\"\" href=\"https:\/\/support.microsoft.com\/en-us\/microsoft-edge\/delete-cookies-in-microsoft-edge-63947406-40ac-c3b8-57b9-2a946a29ae09\">Mala<\/a><\/li>\n<\/ul>\n\n\n\n<hr class=\"wp-block-separator has-alpha-channel-opacity\"\/>\n\n\n\n<h3 class=\"wp-block-heading\">7. <strong>Atbilst\u012bba glob\u0101lajiem likumiem<\/strong><\/h3>\n\n\n\n<p>M\u0113s iev\u0113rojam \u0161\u0101dus noteikumus:<\/p>\n\n\n\n<ul class=\"wp-block-list\">\n<li><strong>GDPR<\/strong> (ES)\u00a0\u2014 neb\u016btisk\u0101m s\u012bkdatn\u0113m nepiecie\u0161ama nep\u0101rprotama piekri\u0161ana.<\/li>\n\n\n\n<li><strong>CCPA<\/strong> (Kalifornija)\u00a0\u2014 ties\u012bbas atteikties no datu koplieto\u0161anas un p\u0101rdo\u0161anas.<\/li>\n\n\n\n<li><strong>LGPD<\/strong> (Braz\u012blija)\u00a0\u2014 datu v\u0101k\u0161anas un likum\u012bgas izmanto\u0161anas p\u0101rredzam\u012bba.<\/li>\n<\/ul>\n\n\n\n<p>Attiec\u012bgo re\u0123ionu iedz\u012bvot\u0101ji var \u012bstenot savas ties\u012bbas, izmantojot \u012bpa\u0161as saites vai sazinoties ar mums tie\u0161i.<\/p>\n\n\n\n<hr class=\"wp-block-separator has-alpha-channel-opacity\"\/>\n\n\n\n<h3 class=\"wp-block-heading\">8. <strong>\u0160\u012bs politikas atjaunin\u0101jumi<\/strong><\/h3>\n\n\n\n<p>\u0160\u012b s\u012bkfailu politika var tikt periodiski p\u0101rskat\u012bta, lai atspogu\u013cotu izmai\u0146as juridiskaj\u0101s saist\u012bb\u0101s vai tehnolo\u0123ij\u0101s. Visas izmai\u0146as tiks public\u0113tas \u0161eit ar atjaunin\u0101tu \u201csp\u0113k\u0101 st\u0101\u0161an\u0101s datumu\u201d.<\/p>\n\n\n\n<hr class=\"wp-block-separator has-alpha-channel-opacity\"\/>\n\n\n\n<h3 class=\"wp-block-heading\">9. <strong>Sazinieties ar mums<\/strong><\/h3>\n\n\n\n<p>Jaut\u0101jumu vai piepras\u012bjumu gad\u012bjum\u0101 saist\u012bb\u0101 ar \u0161o politiku:<\/p>\n\n\n\n<p>\ud83d\udce7 <strong>E-pasts<\/strong>: <a>contact@blog.pilapk.com<\/a><br>\ud83c\udf10 <strong>T\u012bmek\u013ca vietne<\/strong>: <a class=\"\" href=\"https:\/\/blog.pilapk.com\/lv\/\">https:\/\/blog.pilapk.com<\/a><\/p>","protected":false},"excerpt":{"rendered":"<p>Effective Date: May 26, 2025Website: https:\/\/blog.pilapk.com At Pilapk.com, transparency is one of our core principles. This Cookie Policy outlines how [&hellip;]<\/p>\n","protected":false},"author":1,"featured_media":0,"parent":0,"menu_order":0,"comment_status":"closed","ping_status":"closed","template":"","meta":{"site-sidebar-layout":"default","site-content-layout":"","ast-site-content-layout":"","site-content-style":"default","site-sidebar-style":"default","ast-global-header-display":"","ast-banner-title-visibility":"","ast-main-header-display":"","ast-hfb-above-header-display":"","ast-hfb-below-header-display":"","ast-hfb-mobile-header-display":"","site-post-title":"","ast-breadcrumbs-content":"","ast-featured-img":"","footer-sml-layout":"","theme-transparent-header-meta":"","adv-header-id-meta":"","stick-header-meta":"","header-above-stick-meta":"","header-main-stick-meta":"","header-below-stick-meta":"","astra-migrate-meta-layouts":"default","ast-page-background-enabled":"default","ast-page-background-meta":{"desktop":{"background-color":"var(--ast-global-color-4)","background-image":"","background-repeat":"repeat","background-position":"center center","background-size":"auto","background-attachment":"scroll","background-type":"","background-media":"","overlay-type":"","overlay-color":"","overlay-gradient":""},"tablet":{"background-color":"","background-image":"","background-repeat":"repeat","background-position":"center center","background-size":"auto","background-attachment":"scroll","background-type":"","background-media":"","overlay-type":"","overlay-color":"","overlay-gradient":""},"mobile":{"background-color":"","background-image":"","background-repeat":"repeat","background-position":"center center","background-size":"auto","background-attachment":"scroll","background-type":"","background-media":"","overlay-type":"","overlay-color":"","overlay-gradient":""}},"ast-content-background-meta":{"desktop":{"background-color":"var(--ast-global-color-5)","background-image":"","background-repeat":"repeat","background-position":"center center","background-size":"auto","background-attachment":"scroll","background-type":"","background-media":"","overlay-type":"","overlay-color":"","overlay-gradient":""},"tablet":{"background-color":"var(--ast-global-color-5)","background-image":"","background-repeat":"repeat","background-position":"center center","background-size":"auto","background-attachment":"scroll","background-type":"","background-media":"","overlay-type":"","overlay-color":"","overlay-gradient":""},"mobile":{"background-color":"var(--ast-global-color-5)","background-image":"","background-repeat":"repeat","background-position":"center center","background-size":"auto","background-attachment":"scroll","background-type":"","background-media":"","overlay-type":"","overlay-color":"","overlay-gradient":""}},"footnotes":""},"class_list":["post-78","page","type-page","status-publish","hentry"],"_links":{"self":[{"href":"https:\/\/blog.pilapk.com\/lv\/wp-json\/wp\/v2\/pages\/78","targetHints":{"allow":["GET"]}}],"collection":[{"href":"https:\/\/blog.pilapk.com\/lv\/wp-json\/wp\/v2\/pages"}],"about":[{"href":"https:\/\/blog.pilapk.com\/lv\/wp-json\/wp\/v2\/types\/page"}],"author":[{"embeddable":true,"href":"https:\/\/blog.pilapk.com\/lv\/wp-json\/wp\/v2\/users\/1"}],"replies":[{"embeddable":true,"href":"https:\/\/blog.pilapk.com\/lv\/wp-json\/wp\/v2\/comments?post=78"}],"version-history":[{"count":1,"href":"https:\/\/blog.pilapk.com\/lv\/wp-json\/wp\/v2\/pages\/78\/revisions"}],"predecessor-version":[{"id":79,"href":"https:\/\/blog.pilapk.com\/lv\/wp-json\/wp\/v2\/pages\/78\/revisions\/79"}],"wp:attachment":[{"href":"https:\/\/blog.pilapk.com\/lv\/wp-json\/wp\/v2\/media?parent=78"}],"curies":[{"name":"wp","href":"https:\/\/api.w.org\/{rel}","templated":true}]}}