{"id":76,"date":"2025-05-26T18:01:31","date_gmt":"2025-05-26T18:01:31","guid":{"rendered":"https:\/\/blog.pilapk.com\/?page_id=76"},"modified":"2025-10-27T20:33:38","modified_gmt":"2025-10-27T20:33:38","slug":"om-oss","status":"publish","type":"page","link":"https:\/\/blog.pilapk.com\/nb\/about-us\/","title":{"rendered":"Om oss"},"content":{"rendered":"<p><strong>blog.pilapk.com<\/strong> ble bygget med et enkelt form\u00e5l: \u00e5 levere raskt, relevant og p\u00e5litelig innhold til digitale m\u00e5lgrupper som s\u00f8ker handlingsrettet informasjon. Enten du utforsker nye mobilapper, ser etter jobbmuligheter, administrerer \u00f8konomien din eller dykker ned i moderne forholdsr\u00e5d \u2013 m\u00e5let v\u00e5rt er \u00e5 bringe internettets mest nyttige innhold direkte til skjermen din.<\/p>\n\n\n\n<p>Vi forst\u00e5r hvor verdifull tiden din er. Derfor fokuserer vi p\u00e5 \u00e5 publisere innhold som er tydelig, tilgjengelig og utformet for \u00e5 m\u00f8te de virkelige behovene til nettlesere.<\/p>\n\n\n\n<hr class=\"wp-block-separator has-alpha-channel-opacity\"\/>\n\n\n\n<h3 class=\"wp-block-heading\">\ud83c\udf10 V\u00e5r tiln\u00e6rming<\/h3>\n\n\n\n<p>P\u00e5 <strong>Blog Pilapk<\/strong>Vi publiserer ikke bare artikler \u2013 vi kuraterer opplevelser. V\u00e5r redaksjonelle prosess kombinerer digital trendanalyse med menneskelig innholdsgjennomgang for \u00e5 sikre at hvert innlegg tilf\u00f8rer verdi. Vi overv\u00e5ker kontinuerlig hva brukerne s\u00f8ker etter og svarer med konsist, h\u00f8ytytende innhold optimalisert for alle enheter.<\/p>\n\n\n\n<hr class=\"wp-block-separator has-alpha-channel-opacity\"\/>\n\n\n\n<h3 class=\"wp-block-heading\">\ud83d\udcca Hvordan vi opererer<\/h3>\n\n\n\n<ul class=\"wp-block-list\">\n<li>Vi publiserer i kategorier som <strong>Apper<\/strong>, <strong>Dating<\/strong>, <strong>Finansiere<\/strong>, <strong>Jobber<\/strong>, og <strong>Livsstil<\/strong>.<\/li>\n\n\n\n<li>V\u00e5re trafikkilder inkluderer sosiale plattformer, native annonser og s\u00f8kemotorer.<\/li>\n\n\n\n<li>Vi tjener penger p\u00e5 en ansvarlig m\u00e5te gjennom reklamepartnerskap med <strong>Google Annonsebehandler<\/strong>, <strong>ADX<\/strong>og andre p\u00e5litelige SSP-er.<\/li>\n<\/ul>\n\n\n\n<hr class=\"wp-block-separator has-alpha-channel-opacity\"\/>\n\n\n\n<h3 class=\"wp-block-heading\">\ud83d\udd12 \u00c5penhet og integritet<\/h3>\n\n\n\n<p>Vi er forpliktet til \u00e5penhet. Reklame p\u00e5virker aldri den redaksjonelle tonen i artiklene v\u00e5re, og vi overholder alle viktige personvernforskrifter, inkludert <strong>GDPR<\/strong>, <strong>CCPA<\/strong>, og <strong>Googles retningslinjer for utgivere<\/strong>.<\/p>\n\n\n\n<hr class=\"wp-block-separator has-alpha-channel-opacity\"\/>\n\n\n\n<h3 class=\"wp-block-heading\">\ud83d\udcac Ta kontakt<\/h3>\n\n\n\n<p>Har du tilbakemeldinger, forretningsforesp\u00f8rsler eller forslag til innhold?<br>Kontakt oss n\u00e5r som helst p\u00e5: <strong><a>contact@blog.pilapk.com<\/a><\/strong><\/p>\n\n\n\n<p>Takk for at du er en del av Pilapk-fellesskapet.<\/p>","protected":false},"excerpt":{"rendered":"<p>blog.pilapk.com was built with a simple purpose: to deliver fast, relevant, and reliable content to digital audiences seeking actionable information. [&hellip;]<\/p>\n","protected":false},"author":1,"featured_media":0,"parent":0,"menu_order":0,"comment_status":"closed","ping_status":"closed","template":"","meta":{"site-sidebar-layout":"default","site-content-layout":"","ast-site-content-layout":"","site-content-style":"default","site-sidebar-style":"default","ast-global-header-display":"","ast-banner-title-visibility":"","ast-main-header-display":"","ast-hfb-above-header-display":"","ast-hfb-below-header-display":"","ast-hfb-mobile-header-display":"","site-post-title":"","ast-breadcrumbs-content":"","ast-featured-img":"","footer-sml-layout":"","theme-transparent-header-meta":"","adv-header-id-meta":"","stick-header-meta":"","header-above-stick-meta":"","header-main-stick-meta":"","header-below-stick-meta":"","astra-migrate-meta-layouts":"default","ast-page-background-enabled":"default","ast-page-background-meta":{"desktop":{"background-color":"var(--ast-global-color-4)","background-image":"","background-repeat":"repeat","background-position":"center center","background-size":"auto","background-attachment":"scroll","background-type":"","background-media":"","overlay-type":"","overlay-color":"","overlay-gradient":""},"tablet":{"background-color":"","background-image":"","background-repeat":"repeat","background-position":"center center","background-size":"auto","background-attachment":"scroll","background-type":"","background-media":"","overlay-type":"","overlay-color":"","overlay-gradient":""},"mobile":{"background-color":"","background-image":"","background-repeat":"repeat","background-position":"center center","background-size":"auto","background-attachment":"scroll","background-type":"","background-media":"","overlay-type":"","overlay-color":"","overlay-gradient":""}},"ast-content-background-meta":{"desktop":{"background-color":"var(--ast-global-color-5)","background-image":"","background-repeat":"repeat","background-position":"center center","background-size":"auto","background-attachment":"scroll","background-type":"","background-media":"","overlay-type":"","overlay-color":"","overlay-gradient":""},"tablet":{"background-color":"var(--ast-global-color-5)","background-image":"","background-repeat":"repeat","background-position":"center center","background-size":"auto","background-attachment":"scroll","background-type":"","background-media":"","overlay-type":"","overlay-color":"","overlay-gradient":""},"mobile":{"background-color":"var(--ast-global-color-5)","background-image":"","background-repeat":"repeat","background-position":"center center","background-size":"auto","background-attachment":"scroll","background-type":"","background-media":"","overlay-type":"","overlay-color":"","overlay-gradient":""}},"footnotes":""},"class_list":["post-76","page","type-page","status-publish","hentry"],"_links":{"self":[{"href":"https:\/\/blog.pilapk.com\/nb\/wp-json\/wp\/v2\/pages\/76","targetHints":{"allow":["GET"]}}],"collection":[{"href":"https:\/\/blog.pilapk.com\/nb\/wp-json\/wp\/v2\/pages"}],"about":[{"href":"https:\/\/blog.pilapk.com\/nb\/wp-json\/wp\/v2\/types\/page"}],"author":[{"embeddable":true,"href":"https:\/\/blog.pilapk.com\/nb\/wp-json\/wp\/v2\/users\/1"}],"replies":[{"embeddable":true,"href":"https:\/\/blog.pilapk.com\/nb\/wp-json\/wp\/v2\/comments?post=76"}],"version-history":[{"count":2,"href":"https:\/\/blog.pilapk.com\/nb\/wp-json\/wp\/v2\/pages\/76\/revisions"}],"predecessor-version":[{"id":405,"href":"https:\/\/blog.pilapk.com\/nb\/wp-json\/wp\/v2\/pages\/76\/revisions\/405"}],"wp:attachment":[{"href":"https:\/\/blog.pilapk.com\/nb\/wp-json\/wp\/v2\/media?parent=76"}],"curies":[{"name":"wp","href":"https:\/\/api.w.org\/{rel}","templated":true}]}}