{"id":78,"date":"2025-05-26T18:02:34","date_gmt":"2025-05-26T18:02:34","guid":{"rendered":"https:\/\/blog.pilapk.com\/?page_id=78"},"modified":"2025-05-26T18:02:36","modified_gmt":"2025-05-26T18:02:36","slug":"retningslinjer-for-informasjonskapsler","status":"publish","type":"page","link":"https:\/\/blog.pilapk.com\/nb\/cookie-policy\/","title":{"rendered":"Informasjonskapsler"},"content":{"rendered":"<p><strong>Ikrafttredelsesdato:<\/strong> 26. mai 2025<br><strong>Nettsted:<\/strong> <a class=\"\" href=\"https:\/\/blog.pilapk.com\/nb\/\">https:\/\/blog.pilapk.com<\/a><\/p>\n\n\n\n<p>P\u00e5 <strong>Pilapk.com<\/strong>\u00c5penhet er et av v\u00e5re kjerneprinsipper. Denne informasjonskapselpolicyen beskriver hvordan vi bruker informasjonskapsler og relaterte teknologier for \u00e5 levere en rask, sikker og personlig nettleseropplevelse. Den forklarer ogs\u00e5 hvordan du kan kontrollere disse teknologiene i samsvar med globale personvernregler.<\/p>\n\n\n\n<hr class=\"wp-block-separator has-alpha-channel-opacity\"\/>\n\n\n\n<h3 class=\"wp-block-heading\">1. <strong>Forst\u00e5 informasjonskapsler<\/strong><\/h3>\n\n\n\n<p>Informasjonskapsler er sm\u00e5 tekstfiler som lagres p\u00e5 datamaskinen eller mobilenheten din n\u00e5r du bes\u00f8ker et nettsted. De har flere funksjoner, inkludert:<\/p>\n\n\n\n<ul class=\"wp-block-list\">\n<li>Husker brukerpreferanser<\/li>\n\n\n\n<li>Aktivering av sikker tilgang til sider<\/li>\n\n\n\n<li>Analysere trafikkatferd<\/li>\n\n\n\n<li>St\u00f8tte til relevant annonselevering<\/li>\n<\/ul>\n\n\n\n<p>Informasjonskapsler kan plasseres av oss (\u00ab<strong>f\u00f8rsteparts informasjonskapsler<\/strong>\u00ab) eller av tredjeparter hvis tjenester vi bruker (\u00ab<strong>tredjeparts informasjonskapsler<\/strong>&#8220;).<\/p>\n\n\n\n<hr class=\"wp-block-separator has-alpha-channel-opacity\"\/>\n\n\n\n<h3 class=\"wp-block-heading\">2. <strong>Hvorfor vi bruker informasjonskapsler<\/strong><\/h3>\n\n\n\n<p>Vi bruker informasjonskapsler til \u00e5:<\/p>\n\n\n\n<ul class=\"wp-block-list\">\n<li><strong>S\u00f8rg for at nettstedet fungerer som det skal<\/strong><\/li>\n\n\n\n<li><strong>Analyser ytelse<\/strong> gjennom verkt\u00f8y som Google Analytics<\/li>\n\n\n\n<li><strong>Lever m\u00e5lrettet annonsering<\/strong> via programmatiske plattformer som Google Ad Manager, AdSense og ettersp\u00f8rselssidepartnere<\/li>\n\n\n\n<li><strong>Overholde juridiske forpliktelser<\/strong> ang\u00e5ende datah\u00e5ndtering og brukersamtykke<\/li>\n<\/ul>\n\n\n\n<hr class=\"wp-block-separator has-alpha-channel-opacity\"\/>\n\n\n\n<h3 class=\"wp-block-heading\">3. <strong>Kategorier av informasjonskapsler som brukes<\/strong><\/h3>\n\n\n\n<h4 class=\"wp-block-heading\">en. <strong>Strengt n\u00f8dvendige informasjonskapsler<\/strong><\/h4>\n\n\n\n<p>Disse informasjonskapslene er n\u00f8dvendige for at nettstedet skal fungere, og kan ikke deaktiveres i systemene v\u00e5re.<\/p>\n\n\n\n<h4 class=\"wp-block-heading\">b. <strong>Ytelses- og analyseinformasjonskapsler<\/strong><\/h4>\n\n\n\n<p>Brukes til \u00e5 spore sidebes\u00f8k, brukerflyt og atferd anonymt for \u00e5 forbedre ytelsen.<\/p>\n\n\n\n<h4 class=\"wp-block-heading\">c. <strong>Funksjonelle informasjonskapsler<\/strong><\/h4>\n\n\n\n<p>Aktiver forbedrede funksjoner som spr\u00e5kvalg eller hukommelse av p\u00e5loggingsinformasjon.<\/p>\n\n\n\n<h4 class=\"wp-block-heading\">d. <strong>Annonseringsinformasjonskapsler<\/strong><\/h4>\n\n\n\n<p>Brukes av v\u00e5re annonsepartnere til \u00e5 vise interessebaserte annonser, administrere visningsfrekvens og spore annonseeffektivitet p\u00e5 tvers av nettsteder.<\/p>\n\n\n\n<hr class=\"wp-block-separator has-alpha-channel-opacity\"\/>\n\n\n\n<h3 class=\"wp-block-heading\">4. <strong>Tredjeparts informasjonskapsler<\/strong><\/h3>\n\n\n\n<p>Noen informasjonskapsler plasseres av tjenester vi integrerer, for eksempel:<\/p>\n\n\n\n<ul class=\"wp-block-list\">\n<li><strong>Google Analytics<\/strong><\/li>\n\n\n\n<li><strong>Google Annonsebehandler \/ AdSense<\/strong><\/li>\n\n\n\n<li><strong>JoinAds, SSP-er og RTB-partnere<\/strong><\/li>\n\n\n\n<li><strong>Samtykkeh\u00e5ndteringsplattformer (CMP-er)<\/strong><\/li>\n<\/ul>\n\n\n\n<p>Disse tredjepartene kan bruke informasjonskapsler til \u00e5 samle inn bruksdata, enhetsinformasjon og anonymiserte identifikatorer.<\/p>\n\n\n\n<p>Du kan finne ut mer via deres respektive personvernregler.<\/p>\n\n\n\n<hr class=\"wp-block-separator has-alpha-channel-opacity\"\/>\n\n\n\n<h3 class=\"wp-block-heading\">5. <strong>Samtykke og brukerkontroll<\/strong><\/h3>\n\n\n\n<p>Ved ditt f\u00f8rste bes\u00f8k p\u00e5 nettstedet v\u00e5rt, vil du bli presentert et banner for samtykke til informasjonskapsler.<\/p>\n\n\n\n<p>Du kan:<\/p>\n\n\n\n<ul class=\"wp-block-list\">\n<li>Godta alle informasjonskapsler<\/li>\n\n\n\n<li>Avvis un\u00f8dvendige informasjonskapsler<\/li>\n\n\n\n<li>Tilpass preferansene dine<\/li>\n<\/ul>\n\n\n\n<p>Du kan oppdatere preferansene dine n\u00e5r som helst via <strong>\u00abInnstillinger for informasjonskapsler\u00bb<\/strong> lenke i bunnteksten.<\/p>\n\n\n\n<hr class=\"wp-block-separator has-alpha-channel-opacity\"\/>\n\n\n\n<h3 class=\"wp-block-heading\">6. <strong>Administrere informasjonskapsler i nettleseren din<\/strong><\/h3>\n\n\n\n<p>Du kan ogs\u00e5 kontrollere informasjonskapsler via nettleseren din. Her er noen ressurser:<\/p>\n\n\n\n<ul class=\"wp-block-list\">\n<li><a>Krom<\/a><\/li>\n\n\n\n<li><a class=\"\" href=\"https:\/\/support.mozilla.org\/en-US\/kb\/enable-and-disable-cookies\">Firefox<\/a><\/li>\n\n\n\n<li><a class=\"\" href=\"https:\/\/support.apple.com\/en-us\/HT201265\">Safari<\/a><\/li>\n\n\n\n<li><a class=\"\" href=\"https:\/\/support.microsoft.com\/en-us\/microsoft-edge\/delete-cookies-in-microsoft-edge-63947406-40ac-c3b8-57b9-2a946a29ae09\">Kant<\/a><\/li>\n<\/ul>\n\n\n\n<hr class=\"wp-block-separator has-alpha-channel-opacity\"\/>\n\n\n\n<h3 class=\"wp-block-heading\">7. <strong>Overholdelse av globale lover<\/strong><\/h3>\n\n\n\n<p>Vi overholder f\u00f8lgende forskrifter:<\/p>\n\n\n\n<ul class=\"wp-block-list\">\n<li><strong>GDPR<\/strong> (EU) \u2013 Eksplisitt samtykke kreves for ikke-essensielle informasjonskapsler.<\/li>\n\n\n\n<li><strong>CCPA<\/strong> (California) \u2013 Rett til \u00e5 reservere seg mot datadeling og -salg.<\/li>\n\n\n\n<li><strong>LGPD<\/strong> (Brasil) \u2013 \u00c5penhet om datainnsamling og lovlig bruk.<\/li>\n<\/ul>\n\n\n\n<p>Innbyggere i aktuelle regioner kan ut\u00f8ve sine rettigheter via dedikerte lenker eller ved \u00e5 kontakte oss direkte.<\/p>\n\n\n\n<hr class=\"wp-block-separator has-alpha-channel-opacity\"\/>\n\n\n\n<h3 class=\"wp-block-heading\">8. <strong>Oppdateringer av denne policyen<\/strong><\/h3>\n\n\n\n<p>Denne informasjonskapselpolicyen kan bli revidert med jevne mellomrom for \u00e5 gjenspeile endringer i juridiske forpliktelser eller teknologi. Eventuelle endringer vil bli publisert her med en oppdatert \u00abikrafttredelsesdato\u00bb.<\/p>\n\n\n\n<hr class=\"wp-block-separator has-alpha-channel-opacity\"\/>\n\n\n\n<h3 class=\"wp-block-heading\">9. <strong>Kontakt oss<\/strong><\/h3>\n\n\n\n<p>For sp\u00f8rsm\u00e5l eller foresp\u00f8rsler knyttet til denne policyen:<\/p>\n\n\n\n<p>\ud83d\udce7 <strong>E-post<\/strong>: <a>contact@blog.pilapk.com<\/a><br>\ud83c\udf10 <strong>Nettsted<\/strong>: <a class=\"\" href=\"https:\/\/blog.pilapk.com\/nb\/\">https:\/\/blog.pilapk.com<\/a><\/p>","protected":false},"excerpt":{"rendered":"<p>Effective Date: May 26, 2025Website: https:\/\/blog.pilapk.com At Pilapk.com, transparency is one of our core principles. This Cookie Policy outlines how [&hellip;]<\/p>\n","protected":false},"author":1,"featured_media":0,"parent":0,"menu_order":0,"comment_status":"closed","ping_status":"closed","template":"","meta":{"site-sidebar-layout":"default","site-content-layout":"","ast-site-content-layout":"","site-content-style":"default","site-sidebar-style":"default","ast-global-header-display":"","ast-banner-title-visibility":"","ast-main-header-display":"","ast-hfb-above-header-display":"","ast-hfb-below-header-display":"","ast-hfb-mobile-header-display":"","site-post-title":"","ast-breadcrumbs-content":"","ast-featured-img":"","footer-sml-layout":"","theme-transparent-header-meta":"","adv-header-id-meta":"","stick-header-meta":"","header-above-stick-meta":"","header-main-stick-meta":"","header-below-stick-meta":"","astra-migrate-meta-layouts":"default","ast-page-background-enabled":"default","ast-page-background-meta":{"desktop":{"background-color":"var(--ast-global-color-4)","background-image":"","background-repeat":"repeat","background-position":"center center","background-size":"auto","background-attachment":"scroll","background-type":"","background-media":"","overlay-type":"","overlay-color":"","overlay-gradient":""},"tablet":{"background-color":"","background-image":"","background-repeat":"repeat","background-position":"center center","background-size":"auto","background-attachment":"scroll","background-type":"","background-media":"","overlay-type":"","overlay-color":"","overlay-gradient":""},"mobile":{"background-color":"","background-image":"","background-repeat":"repeat","background-position":"center center","background-size":"auto","background-attachment":"scroll","background-type":"","background-media":"","overlay-type":"","overlay-color":"","overlay-gradient":""}},"ast-content-background-meta":{"desktop":{"background-color":"var(--ast-global-color-5)","background-image":"","background-repeat":"repeat","background-position":"center center","background-size":"auto","background-attachment":"scroll","background-type":"","background-media":"","overlay-type":"","overlay-color":"","overlay-gradient":""},"tablet":{"background-color":"var(--ast-global-color-5)","background-image":"","background-repeat":"repeat","background-position":"center center","background-size":"auto","background-attachment":"scroll","background-type":"","background-media":"","overlay-type":"","overlay-color":"","overlay-gradient":""},"mobile":{"background-color":"var(--ast-global-color-5)","background-image":"","background-repeat":"repeat","background-position":"center center","background-size":"auto","background-attachment":"scroll","background-type":"","background-media":"","overlay-type":"","overlay-color":"","overlay-gradient":""}},"footnotes":""},"class_list":["post-78","page","type-page","status-publish","hentry"],"_links":{"self":[{"href":"https:\/\/blog.pilapk.com\/nb\/wp-json\/wp\/v2\/pages\/78","targetHints":{"allow":["GET"]}}],"collection":[{"href":"https:\/\/blog.pilapk.com\/nb\/wp-json\/wp\/v2\/pages"}],"about":[{"href":"https:\/\/blog.pilapk.com\/nb\/wp-json\/wp\/v2\/types\/page"}],"author":[{"embeddable":true,"href":"https:\/\/blog.pilapk.com\/nb\/wp-json\/wp\/v2\/users\/1"}],"replies":[{"embeddable":true,"href":"https:\/\/blog.pilapk.com\/nb\/wp-json\/wp\/v2\/comments?post=78"}],"version-history":[{"count":1,"href":"https:\/\/blog.pilapk.com\/nb\/wp-json\/wp\/v2\/pages\/78\/revisions"}],"predecessor-version":[{"id":79,"href":"https:\/\/blog.pilapk.com\/nb\/wp-json\/wp\/v2\/pages\/78\/revisions\/79"}],"wp:attachment":[{"href":"https:\/\/blog.pilapk.com\/nb\/wp-json\/wp\/v2\/media?parent=78"}],"curies":[{"name":"wp","href":"https:\/\/api.w.org\/{rel}","templated":true}]}}