{"id":14,"date":"2025-04-09T11:58:20","date_gmt":"2025-04-09T11:58:20","guid":{"rendered":"https:\/\/blog.pilapk.com\/?page_id=14"},"modified":"2025-04-09T11:58:21","modified_gmt":"2025-04-09T11:58:21","slug":"servicevoorwaarden","status":"publish","type":"page","link":"https:\/\/blog.pilapk.com\/nl\/terms-of-service\/","title":{"rendered":"Servicevoorwaarden"},"content":{"rendered":"<h3 class=\"wp-block-heading\">1. Voorwaarden<\/h3>\n\n\n\n<p>Door de website te bezoeken op <a href=\"https:\/\/blog.pilapk.com\/nl\/\">pilapk<\/a> U gaat ermee akkoord gebonden te zijn aan deze servicevoorwaarden, alle toepasselijke wet- en regelgeving, en stemt ermee in dat u verantwoordelijk bent voor de naleving van alle toepasselijke lokale wetgeving. Indien u niet akkoord gaat met een van deze voorwaarden, is het u verboden deze website te gebruiken of te bezoeken. De materialen op deze website zijn beschermd door de toepasselijke auteursrecht- en merkenwetgeving.<\/p>\n\n\n\n<h3 class=\"wp-block-heading\">2. Gebruikslicentie<\/h3>\n\n\n\n<ol class=\"wp-block-list\">\n<li>Het is toegestaan om tijdelijk \u00e9\u00e9n kopie van de materialen (informatie of software) op de website van pilapk te downloaden, uitsluitend voor persoonlijke, niet-commerci\u00eble, tijdelijke weergave. Dit is de verlening van een licentie, geen overdracht van eigendom, en onder deze licentie mag u niet:<\/li>\n\n\n\n<li>de materialen wijzigen of kopi\u00ebren;<\/li>\n\n\n\n<li>de materialen gebruiken voor commerci\u00eble doeleinden of voor openbare vertoning (commercieel of niet-commercieel);<\/li>\n\n\n\n<li>proberen software op de pilapk-website te decompileren of reverse-engineeren;<\/li>\n\n\n\n<li>alle auteursrechtelijke of andere eigendomsvermeldingen van de materialen verwijderen; of<\/li>\n\n\n\n<li>de materialen overdragen aan een andere persoon of de materialen &#039;spiegelen&#039; op een andere server.<\/li>\n\n\n\n<li>Deze licentie wordt automatisch be\u00ebindigd indien u een van deze beperkingen overtreedt en kan te allen tijde door pilapk worden be\u00ebindigd. Na be\u00ebindiging van het bekijken van deze materialen of na be\u00ebindiging van deze licentie, dient u alle gedownloade materialen in uw bezit te vernietigen, zowel in elektronische als in gedrukte vorm.<\/li>\n<\/ol>\n\n\n\n<h3 class=\"wp-block-heading\">3. Vrijwaring<\/h3>\n\n\n\n<ol class=\"wp-block-list\">\n<li>De materialen op de website van pilapk worden verstrekt &#039;zoals ze zijn&#039;. pilapk geeft geen garanties, expliciet of impliciet, en wijst hierbij alle andere garanties af, waaronder, maar niet beperkt tot, impliciete garanties of voorwaarden van verhandelbaarheid, geschiktheid voor een bepaald doel of niet-inbreuk op intellectuele eigendomsrechten of andere schending van rechten.<\/li>\n\n\n\n<li>Bovendien geeft pilapk geen garanties en doet geen uitspraken over de nauwkeurigheid, de verwachte resultaten of de betrouwbaarheid van het gebruik van de materialen op haar website of anderszins met betrekking tot dergelijke materialen of op sites die aan deze site zijn gelinkt.<\/li>\n<\/ol>\n\n\n\n<h3 class=\"wp-block-heading\">4. Beperkingen<\/h3>\n\n\n\n<p>Pilapk of haar leveranciers zijn in geen geval aansprakelijk voor enige schade (inclusief, maar niet beperkt tot, schade door gegevensverlies of winstderving, of als gevolg van bedrijfsonderbreking) die voortvloeit uit het gebruik of de onmogelijkheid om de materialen op de website van Pilapk te gebruiken, zelfs indien Pilapk of een gemachtigde vertegenwoordiger van Pilapk mondeling of schriftelijk op de hoogte is gesteld van de mogelijkheid van dergelijke schade. Omdat sommige rechtsgebieden geen beperkingen op impliciete garanties of beperkingen van aansprakelijkheid voor gevolgschade of incidentele schade toestaan, zijn deze beperkingen mogelijk niet op u van toepassing.<\/p>\n\n\n\n<h3 class=\"wp-block-heading\">5. Nauwkeurigheid van materialen<\/h3>\n\n\n\n<p>De materialen op de website van Pilapk kunnen technische, typografische of fotografische fouten bevatten. Pilapk garandeert niet dat de materialen op haar website accuraat, volledig of actueel zijn. Pilapk kan de materialen op haar website te allen tijde en zonder voorafgaande kennisgeving wijzigen. Pilapk verbindt zich er echter niet toe de materialen bij te werken.<\/p>\n\n\n\n<h3 class=\"wp-block-heading\">6. Koppelingen<\/h3>\n\n\n\n<p>Pilapk heeft niet alle sites die aan haar website zijn gelinkt, beoordeeld en is niet verantwoordelijk voor de inhoud van dergelijke gelinkte sites. Het opnemen van een link impliceert niet dat Pilapk de site goedkeurt. Het gebruik van dergelijke gelinkte websites is op eigen risico.<\/p>\n\n\n\n<h3 class=\"wp-block-heading\">7. Wijzigingen<\/h3>\n\n\n\n<p>Pilapk kan deze servicevoorwaarden voor haar website te allen tijde en zonder voorafgaande kennisgeving wijzigen. Door deze website te gebruiken, gaat u ermee akkoord gebonden te zijn aan de dan geldende versie van deze servicevoorwaarden.<\/p>\n\n\n\n<h3 class=\"wp-block-heading\">8. Toepasselijk recht<\/h3>\n\n\n\n<p>Deze algemene voorwaarden worden beheerst door en ge\u00efnterpreteerd in overeenstemming met de wetten van pilapk en u onderwerpt zich onherroepelijk aan de exclusieve jurisdictie van de rechtbanken in die staat of locatie.<\/p>","protected":false},"excerpt":{"rendered":"<p>1. Terms By accessing the website at pilapk you are agreeing to be bound by these terms of service, all [&hellip;]<\/p>\n","protected":false},"author":1,"featured_media":0,"parent":0,"menu_order":0,"comment_status":"closed","ping_status":"closed","template":"","meta":{"site-sidebar-layout":"default","site-content-layout":"","ast-site-content-layout":"default","site-content-style":"default","site-sidebar-style":"default","ast-global-header-display":"","ast-banner-title-visibility":"","ast-main-header-display":"","ast-hfb-above-header-display":"","ast-hfb-below-header-display":"","ast-hfb-mobile-header-display":"","site-post-title":"","ast-breadcrumbs-content":"","ast-featured-img":"","footer-sml-layout":"","theme-transparent-header-meta":"","adv-header-id-meta":"","stick-header-meta":"","header-above-stick-meta":"","header-main-stick-meta":"","header-below-stick-meta":"","astra-migrate-meta-layouts":"default","ast-page-background-enabled":"default","ast-page-background-meta":{"desktop":{"background-color":"var(--ast-global-color-4)","background-image":"","background-repeat":"repeat","background-position":"center center","background-size":"auto","background-attachment":"scroll","background-type":"","background-media":"","overlay-type":"","overlay-color":"","overlay-opacity":"","overlay-gradient":""},"tablet":{"background-color":"","background-image":"","background-repeat":"repeat","background-position":"center center","background-size":"auto","background-attachment":"scroll","background-type":"","background-media":"","overlay-type":"","overlay-color":"","overlay-opacity":"","overlay-gradient":""},"mobile":{"background-color":"","background-image":"","background-repeat":"repeat","background-position":"center center","background-size":"auto","background-attachment":"scroll","background-type":"","background-media":"","overlay-type":"","overlay-color":"","overlay-opacity":"","overlay-gradient":""}},"ast-content-background-meta":{"desktop":{"background-color":"var(--ast-global-color-5)","background-image":"","background-repeat":"repeat","background-position":"center center","background-size":"auto","background-attachment":"scroll","background-type":"","background-media":"","overlay-type":"","overlay-color":"","overlay-opacity":"","overlay-gradient":""},"tablet":{"background-color":"var(--ast-global-color-5)","background-image":"","background-repeat":"repeat","background-position":"center center","background-size":"auto","background-attachment":"scroll","background-type":"","background-media":"","overlay-type":"","overlay-color":"","overlay-opacity":"","overlay-gradient":""},"mobile":{"background-color":"var(--ast-global-color-5)","background-image":"","background-repeat":"repeat","background-position":"center center","background-size":"auto","background-attachment":"scroll","background-type":"","background-media":"","overlay-type":"","overlay-color":"","overlay-opacity":"","overlay-gradient":""}},"footnotes":""},"class_list":["post-14","page","type-page","status-publish","hentry"],"_links":{"self":[{"href":"https:\/\/blog.pilapk.com\/nl\/wp-json\/wp\/v2\/pages\/14","targetHints":{"allow":["GET"]}}],"collection":[{"href":"https:\/\/blog.pilapk.com\/nl\/wp-json\/wp\/v2\/pages"}],"about":[{"href":"https:\/\/blog.pilapk.com\/nl\/wp-json\/wp\/v2\/types\/page"}],"author":[{"embeddable":true,"href":"https:\/\/blog.pilapk.com\/nl\/wp-json\/wp\/v2\/users\/1"}],"replies":[{"embeddable":true,"href":"https:\/\/blog.pilapk.com\/nl\/wp-json\/wp\/v2\/comments?post=14"}],"version-history":[{"count":1,"href":"https:\/\/blog.pilapk.com\/nl\/wp-json\/wp\/v2\/pages\/14\/revisions"}],"predecessor-version":[{"id":15,"href":"https:\/\/blog.pilapk.com\/nl\/wp-json\/wp\/v2\/pages\/14\/revisions\/15"}],"wp:attachment":[{"href":"https:\/\/blog.pilapk.com\/nl\/wp-json\/wp\/v2\/media?parent=14"}],"curies":[{"name":"wp","href":"https:\/\/api.w.org\/{rel}","templated":true}]}}