{"id":14,"date":"2025-04-09T11:58:20","date_gmt":"2025-04-09T11:58:20","guid":{"rendered":"https:\/\/blog.pilapk.com\/?page_id=14"},"modified":"2025-04-09T11:58:21","modified_gmt":"2025-04-09T11:58:21","slug":"warunki-korzystania-z-uslugi","status":"publish","type":"page","link":"https:\/\/blog.pilapk.com\/pl\/terms-of-service\/","title":{"rendered":"Warunki korzystania z us\u0142ugi"},"content":{"rendered":"<h3 class=\"wp-block-heading\">1. Warunki<\/h3>\n\n\n\n<p>Uzyskuj\u0105c dost\u0119p do witryny internetowej pod adresem <a href=\"https:\/\/blog.pilapk.com\/pl\/\">pilapk<\/a> Zgadzasz si\u0119 na przestrzeganie niniejszych warunk\u00f3w korzystania z us\u0142ugi, wszystkich obowi\u0105zuj\u0105cych przepis\u00f3w i regulacji oraz przyjmujesz odpowiedzialno\u015b\u0107 za przestrzeganie wszelkich obowi\u0105zuj\u0105cych przepis\u00f3w lokalnych. Je\u015bli nie zgadzasz si\u0119 z kt\u00f3rymkolwiek z tych warunk\u00f3w, korzystanie z tej witryny lub uzyskiwanie do niej dost\u0119pu jest zabronione. Materia\u0142y zawarte na tej stronie internetowej s\u0105 chronione obowi\u0105zuj\u0105cymi przepisami prawa autorskiego i prawa znak\u00f3w towarowych.<\/p>\n\n\n\n<h3 class=\"wp-block-heading\">2. Licencja u\u017cytkowania<\/h3>\n\n\n\n<ol class=\"wp-block-list\">\n<li>Udziela si\u0119 pozwolenia na tymczasowe pobranie jednej kopii materia\u0142\u00f3w (informacji lub oprogramowania) ze strony internetowej pilapk wy\u0142\u0105cznie do osobistego, niekomercyjnego, przej\u015bciowego przegl\u0105dania. Jest to udzielenie licencji, a nie przeniesienie tytu\u0142u w\u0142asno\u015bci, a na mocy tej licencji nie wolno:<\/li>\n\n\n\n<li>modyfikowa\u0107 lub kopiowa\u0107 materia\u0142y;<\/li>\n\n\n\n<li>u\u017cywa\u0107 materia\u0142\u00f3w do cel\u00f3w komercyjnych lub do publicznego wy\u015bwietlania (komercyjnego lub niekomercyjnego);<\/li>\n\n\n\n<li>podejmowa\u0107 pr\u00f3b dekompilowania lub dokonywania in\u017cynierii wstecznej jakiegokolwiek oprogramowania zawartego na stronie internetowej pilapk;<\/li>\n\n\n\n<li>usun\u0105\u0107 z materia\u0142\u00f3w wszelkie informacje o prawach autorskich lub inne informacje o w\u0142asno\u015bci; lub<\/li>\n\n\n\n<li>przekazywa\u0107 materia\u0142\u00f3w innej osobie lub \u201eprzenosi\u0107\u201d materia\u0142\u00f3w na jakikolwiek inny serwer.<\/li>\n\n\n\n<li>Niniejsza licencja ulega automatycznemu wyga\u015bni\u0119ciu w przypadku naruszenia kt\u00f3regokolwiek z niniejszych ogranicze\u0144 i mo\u017ce zosta\u0107 rozwi\u0105zana przez pilapk w dowolnym momencie. Po zako\u0144czeniu przegl\u0105dania tych materia\u0142\u00f3w lub po wyga\u015bni\u0119ciu niniejszej licencji, musisz zniszczy\u0107 wszelkie pobrane materia\u0142y b\u0119d\u0105ce w Twoim posiadaniu, niezale\u017cnie od tego, czy s\u0105 one w formie elektronicznej, czy drukowanej.<\/li>\n<\/ol>\n\n\n\n<h3 class=\"wp-block-heading\">3. Zastrze\u017cenie<\/h3>\n\n\n\n<ol class=\"wp-block-list\">\n<li>Materia\u0142y na stronie internetowej pilapk s\u0105 udost\u0119pniane \u201etak jak s\u0105\u201d. pilapk nie udziela \u017cadnych gwarancji, wyra\u017anych ani dorozumianych, i niniejszym zrzeka si\u0119 i neguje wszystkie inne gwarancje, w tym mi\u0119dzy innymi gwarancje dorozumiane lub warunki przydatno\u015bci handlowej, przydatno\u015bci do okre\u015blonego celu lub nienaruszania praw w\u0142asno\u015bci intelektualnej lub innego naruszenia praw.<\/li>\n\n\n\n<li>Ponadto pilapk nie udziela \u017cadnych gwarancji i nie sk\u0142ada \u017cadnych o\u015bwiadcze\u0144 dotycz\u0105cych dok\u0142adno\u015bci, prawdopodobnych wynik\u00f3w lub niezawodno\u015bci korzystania z materia\u0142\u00f3w zamieszczonych na swojej stronie internetowej lub w inny spos\u00f3b powi\u0105zanych z takimi materia\u0142ami b\u0105d\u017a z witrynami po\u0142\u0105czonymi z t\u0105 witryn\u0105.<\/li>\n<\/ol>\n\n\n\n<h3 class=\"wp-block-heading\">4. Ograniczenia<\/h3>\n\n\n\n<p>W \u017cadnym wypadku firma Pilapk ani jej dostawcy nie ponosz\u0105 odpowiedzialno\u015bci za jakiekolwiek szkody (w tym, mi\u0119dzy innymi, szkody z tytu\u0142u utraty danych lub zysk\u00f3w, lub z powodu przerwy w dzia\u0142alno\u015bci) wynikaj\u0105ce z korzystania lub niemo\u017cno\u015bci korzystania z materia\u0142\u00f3w na stronie internetowej Pilapk, nawet je\u015bli firma Pilapk lub jej upowa\u017cniony przedstawiciel zostali powiadomieni ustnie lub pisemnie o mo\u017cliwo\u015bci wyst\u0105pienia takich szk\u00f3d. Poniewa\u017c niekt\u00f3re jurysdykcje nie zezwalaj\u0105 na ograniczenia gwarancji dorozumianych ani ograniczenia odpowiedzialno\u015bci za szkody nast\u0119pcze lub przypadkowe, ograniczenia te mog\u0105 nie mie\u0107 zastosowania w Pa\u0144stwa przypadku.<\/p>\n\n\n\n<h3 class=\"wp-block-heading\">5. Dok\u0142adno\u015b\u0107 materia\u0142\u00f3w<\/h3>\n\n\n\n<p>Materia\u0142y zamieszczone na stronie internetowej Pilapk mog\u0105 zawiera\u0107 b\u0142\u0119dy techniczne, typograficzne lub fotograficzne. Pilapk nie gwarantuje dok\u0142adno\u015bci, kompletno\u015bci ani aktualno\u015bci materia\u0142\u00f3w zamieszczonych na swojej stronie internetowej. Pilapk mo\u017ce wprowadza\u0107 zmiany w materia\u0142ach zamieszczonych na swojej stronie internetowej w dowolnym momencie i bez uprzedzenia. Pilapk nie zobowi\u0105zuje si\u0119 jednak do aktualizacji tych materia\u0142\u00f3w.<\/p>\n\n\n\n<h3 class=\"wp-block-heading\">6. Linki<\/h3>\n\n\n\n<p>Firma pilapk nie sprawdzi\u0142a wszystkich stron internetowych, do kt\u00f3rych prowadz\u0105 linki z jej witryny, i nie ponosi odpowiedzialno\u015bci za ich zawarto\u015b\u0107. Zamieszczenie jakiegokolwiek linku nie oznacza, \u017ce pilapk popiera dan\u0105 witryn\u0119. Korzystanie z takich link\u00f3w odbywa si\u0119 na w\u0142asne ryzyko u\u017cytkownika.<\/p>\n\n\n\n<h3 class=\"wp-block-heading\">7. Modyfikacje<\/h3>\n\n\n\n<p>Pilapk mo\u017ce w dowolnym momencie i bez uprzedzenia zmieni\u0107 niniejsze warunki korzystania z serwisu. Korzystaj\u0105c z tej strony internetowej, wyra\u017casz zgod\u0119 na obowi\u0105zywanie aktualnej wersji niniejszych warunk\u00f3w korzystania z serwisu.<\/p>\n\n\n\n<h3 class=\"wp-block-heading\">8. Prawo w\u0142a\u015bciwe<\/h3>\n\n\n\n<p>Niniejsze warunki podlegaj\u0105 przepisom prawa pa\u0144stwa pilapk i zgodnie z nimi b\u0119d\u0105 interpretowane, a u\u017cytkownik nieodwo\u0142alnie poddaje si\u0119 wy\u0142\u0105cznej jurysdykcji s\u0105d\u00f3w tego pa\u0144stwa lub miejsca.<\/p>","protected":false},"excerpt":{"rendered":"<p>1. Terms By accessing the website at pilapk you are agreeing to be bound by these terms of service, all [&hellip;]<\/p>\n","protected":false},"author":1,"featured_media":0,"parent":0,"menu_order":0,"comment_status":"closed","ping_status":"closed","template":"","meta":{"site-sidebar-layout":"default","site-content-layout":"","ast-site-content-layout":"default","site-content-style":"default","site-sidebar-style":"default","ast-global-header-display":"","ast-banner-title-visibility":"","ast-main-header-display":"","ast-hfb-above-header-display":"","ast-hfb-below-header-display":"","ast-hfb-mobile-header-display":"","site-post-title":"","ast-breadcrumbs-content":"","ast-featured-img":"","footer-sml-layout":"","theme-transparent-header-meta":"","adv-header-id-meta":"","stick-header-meta":"","header-above-stick-meta":"","header-main-stick-meta":"","header-below-stick-meta":"","astra-migrate-meta-layouts":"default","ast-page-background-enabled":"default","ast-page-background-meta":{"desktop":{"background-color":"var(--ast-global-color-4)","background-image":"","background-repeat":"repeat","background-position":"center center","background-size":"auto","background-attachment":"scroll","background-type":"","background-media":"","overlay-type":"","overlay-color":"","overlay-opacity":"","overlay-gradient":""},"tablet":{"background-color":"","background-image":"","background-repeat":"repeat","background-position":"center center","background-size":"auto","background-attachment":"scroll","background-type":"","background-media":"","overlay-type":"","overlay-color":"","overlay-opacity":"","overlay-gradient":""},"mobile":{"background-color":"","background-image":"","background-repeat":"repeat","background-position":"center center","background-size":"auto","background-attachment":"scroll","background-type":"","background-media":"","overlay-type":"","overlay-color":"","overlay-opacity":"","overlay-gradient":""}},"ast-content-background-meta":{"desktop":{"background-color":"var(--ast-global-color-5)","background-image":"","background-repeat":"repeat","background-position":"center center","background-size":"auto","background-attachment":"scroll","background-type":"","background-media":"","overlay-type":"","overlay-color":"","overlay-opacity":"","overlay-gradient":""},"tablet":{"background-color":"var(--ast-global-color-5)","background-image":"","background-repeat":"repeat","background-position":"center center","background-size":"auto","background-attachment":"scroll","background-type":"","background-media":"","overlay-type":"","overlay-color":"","overlay-opacity":"","overlay-gradient":""},"mobile":{"background-color":"var(--ast-global-color-5)","background-image":"","background-repeat":"repeat","background-position":"center center","background-size":"auto","background-attachment":"scroll","background-type":"","background-media":"","overlay-type":"","overlay-color":"","overlay-opacity":"","overlay-gradient":""}},"footnotes":""},"class_list":["post-14","page","type-page","status-publish","hentry"],"_links":{"self":[{"href":"https:\/\/blog.pilapk.com\/pl\/wp-json\/wp\/v2\/pages\/14","targetHints":{"allow":["GET"]}}],"collection":[{"href":"https:\/\/blog.pilapk.com\/pl\/wp-json\/wp\/v2\/pages"}],"about":[{"href":"https:\/\/blog.pilapk.com\/pl\/wp-json\/wp\/v2\/types\/page"}],"author":[{"embeddable":true,"href":"https:\/\/blog.pilapk.com\/pl\/wp-json\/wp\/v2\/users\/1"}],"replies":[{"embeddable":true,"href":"https:\/\/blog.pilapk.com\/pl\/wp-json\/wp\/v2\/comments?post=14"}],"version-history":[{"count":1,"href":"https:\/\/blog.pilapk.com\/pl\/wp-json\/wp\/v2\/pages\/14\/revisions"}],"predecessor-version":[{"id":15,"href":"https:\/\/blog.pilapk.com\/pl\/wp-json\/wp\/v2\/pages\/14\/revisions\/15"}],"wp:attachment":[{"href":"https:\/\/blog.pilapk.com\/pl\/wp-json\/wp\/v2\/media?parent=14"}],"curies":[{"name":"wp","href":"https:\/\/api.w.org\/{rel}","templated":true}]}}