{"id":16,"date":"2025-04-09T11:59:10","date_gmt":"2025-04-09T11:59:10","guid":{"rendered":"https:\/\/blog.pilapk.com\/?page_id=16"},"modified":"2025-04-09T11:59:12","modified_gmt":"2025-04-09T11:59:12","slug":"polityka-prywatnosci","status":"publish","type":"page","link":"https:\/\/blog.pilapk.com\/pl\/privacy-policy\/","title":{"rendered":"Polityka prywatno\u015bci"},"content":{"rendered":"<p>Twoja prywatno\u015b\u0107 jest dla nas wa\u017cna. Polityk\u0105 Pilapk jest poszanowanie Twojej prywatno\u015bci w odniesieniu do wszelkich informacji, kt\u00f3re mo\u017cemy od Ciebie gromadzi\u0107 na naszej stronie internetowej. <a href=\"https:\/\/blog.pilapk.com\/pl\/\">pilapk<\/a>oraz inne witryny, kt\u00f3rych jeste\u015bmy w\u0142a\u015bcicielami i operatorami.<\/p>\n\n\n\n<p>Prosimy o podanie danych osobowych tylko wtedy, gdy jest to nam naprawd\u0119 potrzebne do \u015bwiadczenia Ci us\u0142ugi. Gromadzimy je w spos\u00f3b uczciwy i zgodny z prawem, za Twoj\u0105 wiedz\u0105 i zgod\u0105. Informujemy Ci\u0119 r\u00f3wnie\u017c, dlaczego je gromadzimy i jak b\u0119d\u0105 wykorzystywane.<\/p>\n\n\n\n<p>Zebrane informacje przechowujemy tylko tak d\u0142ugo, jak jest to konieczne do \u015bwiadczenia \u017c\u0105danej us\u0142ugi. Chronimy przechowywane przez nas dane w spos\u00f3b komercyjnie akceptowalny, aby zapobiec ich utracie i kradzie\u017cy, a tak\u017ce nieautoryzowanemu dost\u0119powi, ujawnieniu, kopiowaniu, wykorzystaniu lub modyfikacji.<\/p>\n\n\n\n<p>Nie udost\u0119pniamy \u017cadnych informacji umo\u017cliwiaj\u0105cych identyfikacj\u0119 u\u017cytkownika publicznie ani osobom trzecim, z wyj\u0105tkiem sytuacji, gdy wymaga tego prawo.<\/p>\n\n\n\n<p>Nasza strona internetowa mo\u017ce zawiera\u0107 linki do stron zewn\u0119trznych, kt\u00f3re nie s\u0105 przez nas obs\u0142ugiwane. Prosimy pami\u0119ta\u0107, \u017ce nie mamy kontroli nad tre\u015bci\u0105 ani praktykami stosowanymi na tych stronach i nie ponosimy odpowiedzialno\u015bci za ich polityk\u0119 prywatno\u015bci.<\/p>\n\n\n\n<p>Masz prawo odm\u00f3wi\u0107 podania swoich danych osobowych, ale pami\u0119taj, \u017ce w\u00f3wczas mo\u017cemy nie by\u0107 w stanie zapewni\u0107 Ci niekt\u00f3rych us\u0142ug, kt\u00f3rych oczekujesz.<\/p>\n\n\n\n<p>Dalsze korzystanie z naszej strony internetowej b\u0119dzie r\u00f3wnoznaczne z akceptacj\u0105 naszych praktyk dotycz\u0105cych prywatno\u015bci i danych osobowych. W razie pyta\u0144 dotycz\u0105cych sposobu przetwarzania danych u\u017cytkownik\u00f3w i danych osobowych prosimy o kontakt.<\/p>\n\n\n\n<h2 class=\"wp-block-heading\">Polityka plik\u00f3w cookie dla pilapk<\/h2>\n\n\n\n<p>To jest Polityka plik\u00f3w cookie dla serwisu pilapk, dost\u0119pna pod adresem URL https:\/\/blog.pilapk.com\/.<\/p>\n\n\n\n<h3 class=\"wp-block-heading\">Czym s\u0105 pliki cookie<\/h3>\n\n\n\n<p>Zgodnie z powszechn\u0105 praktyk\u0105 stosowan\u0105 na niemal wszystkich profesjonalnych stronach internetowych, ta strona korzysta z plik\u00f3w cookie, czyli niewielkich plik\u00f3w pobieranych na komputer w celu poprawy komfortu u\u017cytkowania. Na tej stronie opisano, jakie informacje s\u0105 gromadzone, jak je wykorzystujemy i dlaczego czasami musimy przechowywa\u0107 te pliki cookie. Podamy r\u00f3wnie\u017c informacje o tym, jak mo\u017cna zapobiec ich przechowywaniu, jednak mo\u017ce to obni\u017cy\u0107 jako\u015b\u0107 lub uniemo\u017cliwi\u0107 dzia\u0142anie niekt\u00f3rych element\u00f3w witryny.<\/p>\n\n\n\n<h3 class=\"wp-block-heading\">Jak u\u017cywamy plik\u00f3w cookie<\/h3>\n\n\n\n<p>U\u017cywamy plik\u00f3w cookie z r\u00f3\u017cnych powod\u00f3w, szczeg\u00f3\u0142owo opisanych poni\u017cej. Niestety, w wi\u0119kszo\u015bci przypadk\u00f3w nie ma standardowych w bran\u017cy opcji wy\u0142\u0105czania plik\u00f3w cookie bez ca\u0142kowitego wy\u0142\u0105czenia funkcjonalno\u015bci i funkcji, kt\u00f3re dodaj\u0105 one do tej witryny. Zalecamy pozostawienie wszystkich plik\u00f3w cookie w\u0142\u0105czonych, je\u015bli nie masz pewno\u015bci, czy ich potrzebujesz, w przypadku gdy s\u0105 one wykorzystywane do \u015bwiadczenia us\u0142ugi, z kt\u00f3rej korzystasz.<\/p>\n\n\n\n<h3 class=\"wp-block-heading\">Wy\u0142\u0105czanie plik\u00f3w cookie<\/h3>\n\n\n\n<p>Mo\u017cesz zapobiec zapisywaniu plik\u00f3w cookie, zmieniaj\u0105c ustawienia w swojej przegl\u0105darce (wi\u0119cej informacji znajdziesz w Pomocy przegl\u0105darki). Pami\u0119taj, \u017ce wy\u0142\u0105czenie plik\u00f3w cookie wp\u0142ynie na funkcjonalno\u015b\u0107 tej i wielu innych odwiedzanych przez Ciebie stron internetowych. Wy\u0142\u0105czenie plik\u00f3w cookie zazwyczaj powoduje r\u00f3wnie\u017c wy\u0142\u0105czenie niekt\u00f3rych funkcji i mo\u017cliwo\u015bci tej witryny. Dlatego zaleca si\u0119, aby nie wy\u0142\u0105cza\u0107 plik\u00f3w cookie.<\/p>\n\n\n\n<h3 class=\"wp-block-heading\">Pliki cookie, kt\u00f3re ustawiamy<\/h3>\n\n\n\n<h3 class=\"wp-block-heading\">Pliki cookie stron trzecich<\/h3>\n\n\n\n<p>W niekt\u00f3rych szczeg\u00f3lnych przypadkach wykorzystujemy r\u00f3wnie\u017c pliki cookie dostarczane przez zaufane podmioty zewn\u0119trzne. W poni\u017cszej sekcji opisano, z jakimi plikami cookie podmiot\u00f3w zewn\u0119trznych mo\u017cesz si\u0119 spotka\u0107 za po\u015brednictwem tej witryny.<\/p>\n\n\n\n<ul class=\"wp-block-list\">\n<li>Us\u0142uga Google AdSense, z kt\u00f3rej korzystamy do wy\u015bwietlania reklam, korzysta z pliku cookie DoubleClick w celu wy\u015bwietlania trafniejszych reklam w sieci i ograniczania liczby wy\u015bwietle\u0144 danej reklamy.<\/li>\n\n\n\n<li>Wi\u0119cej informacji na temat us\u0142ugi Google AdSense znajdziesz w oficjalnych FAQ dotycz\u0105cych prywatno\u015bci us\u0142ugi Google AdSense.<\/li>\n\n\n\n<li>U\u017cywamy reklam, aby pokry\u0107 koszty prowadzenia tej witryny i zapewni\u0107 finansowanie dalszego rozwoju. Pliki cookie reklam behawioralnych u\u017cywane przez t\u0119 witryn\u0119 maj\u0105 na celu zapewnienie Ci najbardziej trafnych reklam, w miar\u0119 mo\u017cliwo\u015bci poprzez anonimowe \u015bledzenie Twoich zainteresowa\u0144 i prezentowanie podobnych tre\u015bci, kt\u00f3re mog\u0105 Ci\u0119 zainteresowa\u0107.<\/li>\n\n\n\n<li>Kilku partner\u00f3w reklamuje si\u0119 w naszym imieniu, a pliki cookie \u015bledz\u0105ce partner\u00f3w po prostu pozwalaj\u0105 nam sprawdzi\u0107, czy nasi klienci trafili na nasz\u0105 stron\u0119 za po\u015brednictwem jednej z naszych witryn partnerskich, dzi\u0119ki czemu mo\u017cemy odpowiednio przyzna\u0107 im punkty, a w stosownych przypadkach umo\u017cliwi\u0107 naszym partnerom partnerskim przyznanie wszelkich bonus\u00f3w, jakie mog\u0105 przyzna\u0107 Ci za dokonanie zakupu.<\/li>\n<\/ul>\n\n\n\n<h3 class=\"wp-block-heading\">Obowi\u0105zki u\u017cytkownika<\/h3>\n\n\n\n<p>U\u017cytkownik zobowi\u0105zuje si\u0119 do w\u0142a\u015bciwego korzystania z tre\u015bci i informacji udost\u0119pnianych na stronie internetowej, poprzez zachowanie jednoznaczne, lecz nie na\u015bladowcze:<\/p>\n\n\n\n<ul class=\"wp-block-list\">\n<li>A) nie podejmowa\u0107 dzia\u0142a\u0144 niezgodnych z prawem lub z zasadami dobrej wiary i porz\u0105dkiem publicznym;<\/li>\n\n\n\n<li>B) Nie rozpowszechnia\u0107 propagandy ani tre\u015bci o charakterze rasistowskim, ksenofobicznym lub hazardowym, \u017cadnego rodzaju nielegalnej pornografii, twierdze\u0144 terrorystycznych ani tre\u015bci naruszaj\u0105cych prawa cz\u0142owieka;<\/li>\n\n\n\n<li>C) Nie wolno powodowa\u0107 uszkodze\u0144 system\u00f3w fizycznych (sprz\u0119tu) i nieosi\u0105galnych (oprogramowania) pilapk, jego dostawc\u00f3w lub os\u00f3b trzecich, wprowadza\u0107 lub rozpowszechnia\u0107 wirus\u00f3w komputerowych lub innego sprz\u0119tu lub system\u00f3w programowych mog\u0105cych spowodowa\u0107 szkody, o kt\u00f3rych mowa powy\u017cej.<\/li>\n<\/ul>\n\n\n\n<h3 class=\"wp-block-heading\">Wi\u0119cej informacji<\/h3>\n\n\n\n<p>Mamy nadziej\u0119, \u017ce powy\u017csze informacje rozja\u015bni\u0142y Ci sytuacj\u0119 i tak jak wspomniano wcze\u015bniej, je\u015bli nie jeste\u015b pewien, czy czego\u015b potrzebujesz, zazwyczaj bezpieczniej jest pozostawi\u0107 obs\u0142ug\u0119 plik\u00f3w cookie w\u0142\u0105czon\u0105, na wypadek gdyby wchodzi\u0142a ona w interakcj\u0119 z jedn\u0105 z funkcji, z kt\u00f3rych korzystasz na naszej stronie.<\/p>\n\n\n\n<p>Niniejsza polityka obowi\u0105zuje od dnia 9 kwietnia 2025 r. o godz. 11:57.<\/p>","protected":false},"excerpt":{"rendered":"<p>Your privacy is important to us. It is pilapk&#8217;s policy to respect your privacy regarding any information we may collect [&hellip;]<\/p>\n","protected":false},"author":1,"featured_media":0,"parent":0,"menu_order":0,"comment_status":"closed","ping_status":"closed","template":"","meta":{"site-sidebar-layout":"default","site-content-layout":"","ast-site-content-layout":"default","site-content-style":"default","site-sidebar-style":"default","ast-global-header-display":"","ast-banner-title-visibility":"","ast-main-header-display":"","ast-hfb-above-header-display":"","ast-hfb-below-header-display":"","ast-hfb-mobile-header-display":"","site-post-title":"","ast-breadcrumbs-content":"","ast-featured-img":"","footer-sml-layout":"","theme-transparent-header-meta":"","adv-header-id-meta":"","stick-header-meta":"","header-above-stick-meta":"","header-main-stick-meta":"","header-below-stick-meta":"","astra-migrate-meta-layouts":"default","ast-page-background-enabled":"default","ast-page-background-meta":{"desktop":{"background-color":"var(--ast-global-color-4)","background-image":"","background-repeat":"repeat","background-position":"center center","background-size":"auto","background-attachment":"scroll","background-type":"","background-media":"","overlay-type":"","overlay-color":"","overlay-opacity":"","overlay-gradient":""},"tablet":{"background-color":"","background-image":"","background-repeat":"repeat","background-position":"center center","background-size":"auto","background-attachment":"scroll","background-type":"","background-media":"","overlay-type":"","overlay-color":"","overlay-opacity":"","overlay-gradient":""},"mobile":{"background-color":"","background-image":"","background-repeat":"repeat","background-position":"center center","background-size":"auto","background-attachment":"scroll","background-type":"","background-media":"","overlay-type":"","overlay-color":"","overlay-opacity":"","overlay-gradient":""}},"ast-content-background-meta":{"desktop":{"background-color":"var(--ast-global-color-5)","background-image":"","background-repeat":"repeat","background-position":"center center","background-size":"auto","background-attachment":"scroll","background-type":"","background-media":"","overlay-type":"","overlay-color":"","overlay-opacity":"","overlay-gradient":""},"tablet":{"background-color":"var(--ast-global-color-5)","background-image":"","background-repeat":"repeat","background-position":"center center","background-size":"auto","background-attachment":"scroll","background-type":"","background-media":"","overlay-type":"","overlay-color":"","overlay-opacity":"","overlay-gradient":""},"mobile":{"background-color":"var(--ast-global-color-5)","background-image":"","background-repeat":"repeat","background-position":"center center","background-size":"auto","background-attachment":"scroll","background-type":"","background-media":"","overlay-type":"","overlay-color":"","overlay-opacity":"","overlay-gradient":""}},"footnotes":""},"class_list":["post-16","page","type-page","status-publish","hentry"],"_links":{"self":[{"href":"https:\/\/blog.pilapk.com\/pl\/wp-json\/wp\/v2\/pages\/16","targetHints":{"allow":["GET"]}}],"collection":[{"href":"https:\/\/blog.pilapk.com\/pl\/wp-json\/wp\/v2\/pages"}],"about":[{"href":"https:\/\/blog.pilapk.com\/pl\/wp-json\/wp\/v2\/types\/page"}],"author":[{"embeddable":true,"href":"https:\/\/blog.pilapk.com\/pl\/wp-json\/wp\/v2\/users\/1"}],"replies":[{"embeddable":true,"href":"https:\/\/blog.pilapk.com\/pl\/wp-json\/wp\/v2\/comments?post=16"}],"version-history":[{"count":1,"href":"https:\/\/blog.pilapk.com\/pl\/wp-json\/wp\/v2\/pages\/16\/revisions"}],"predecessor-version":[{"id":17,"href":"https:\/\/blog.pilapk.com\/pl\/wp-json\/wp\/v2\/pages\/16\/revisions\/17"}],"wp:attachment":[{"href":"https:\/\/blog.pilapk.com\/pl\/wp-json\/wp\/v2\/media?parent=16"}],"curies":[{"name":"wp","href":"https:\/\/api.w.org\/{rel}","templated":true}]}}