{"id":76,"date":"2025-05-26T18:01:31","date_gmt":"2025-05-26T18:01:31","guid":{"rendered":"https:\/\/blog.pilapk.com\/?page_id=76"},"modified":"2025-10-27T20:33:38","modified_gmt":"2025-10-27T20:33:38","slug":"o-nas","status":"publish","type":"page","link":"https:\/\/blog.pilapk.com\/pl\/about-us\/","title":{"rendered":"O nas"},"content":{"rendered":"<p><strong>blog.pilapk.com<\/strong> Zosta\u0142 stworzony z prostym celem: dostarcza\u0107 szybkie, trafne i rzetelne tre\u015bci odbiorcom cyfrowym poszukuj\u0105cym praktycznych informacji. Niezale\u017cnie od tego, czy odkrywasz nowe aplikacje mobilne, szukasz ofert pracy, zarz\u0105dzasz swoimi finansami, czy zg\u0142\u0119biasz nowoczesne porady dotycz\u0105ce zwi\u0105zk\u00f3w \u2014 naszym celem jest dostarczanie najbardziej przydatnych tre\u015bci z internetu bezpo\u015brednio na Tw\u00f3j ekran.<\/p>\n\n\n\n<p>Rozumiemy, jak cenny jest Tw\u00f3j czas. Dlatego skupiamy si\u0119 na publikowaniu tre\u015bci, kt\u00f3re s\u0105 przejrzyste, przyst\u0119pne i zaprojektowane tak, aby spe\u0142nia\u0107 rzeczywiste potrzeby czytelnik\u00f3w online.<\/p>\n\n\n\n<hr class=\"wp-block-separator has-alpha-channel-opacity\"\/>\n\n\n\n<h3 class=\"wp-block-heading\">\ud83c\udf10 Nasze podej\u015bcie<\/h3>\n\n\n\n<p>Na <strong>Blog Pilapk<\/strong>Nie tylko publikujemy artyku\u0142y \u2014 my r\u00f3wnie\u017c tworzymy do\u015bwiadczenia. Nasz proces redakcyjny \u0142\u0105czy analiz\u0119 trend\u00f3w cyfrowych z analiz\u0105 tre\u015bci wykonywan\u0105 przez ludzi, aby zapewni\u0107, \u017ce ka\u017cdy wpis wnosi warto\u015b\u0107. Stale monitorujemy, czego szukaj\u0105 u\u017cytkownicy i odpowiadamy zwi\u0119z\u0142ymi, skutecznymi tre\u015bciami zoptymalizowanymi pod k\u0105tem wszystkich urz\u0105dze\u0144.<\/p>\n\n\n\n<hr class=\"wp-block-separator has-alpha-channel-opacity\"\/>\n\n\n\n<h3 class=\"wp-block-heading\">\ud83d\udcca Jak dzia\u0142amy<\/h3>\n\n\n\n<ul class=\"wp-block-list\">\n<li>Publikujemy w kategoriach takich jak: <strong>Aplikacje<\/strong>, <strong>Randkowanie<\/strong>, <strong>Finanse<\/strong>, <strong>Praca<\/strong>, I <strong>Styl \u017cycia<\/strong>.<\/li>\n\n\n\n<li>Nasze \u017ar\u00f3d\u0142a ruchu obejmuj\u0105 platformy spo\u0142eczno\u015bciowe, reklamy natywne i wyszukiwarki.<\/li>\n\n\n\n<li>Monetyzujemy odpowiedzialnie poprzez partnerstwa reklamowe z <strong>Mened\u017cer reklam Google<\/strong>, <strong>ADX<\/strong>i innych zaufanych SSP.<\/li>\n<\/ul>\n\n\n\n<hr class=\"wp-block-separator has-alpha-channel-opacity\"\/>\n\n\n\n<h3 class=\"wp-block-heading\">\ud83d\udd12 Przejrzysto\u015b\u0107 i uczciwo\u015b\u0107<\/h3>\n\n\n\n<p>D\u0105\u017cymy do przejrzysto\u015bci. Reklamy nigdy nie wp\u0142ywaj\u0105 na ton redakcyjny naszych artyku\u0142\u00f3w, a my przestrzegamy wszystkich najwa\u017cniejszych przepis\u00f3w dotycz\u0105cych prywatno\u015bci, w tym <strong>RODO<\/strong>, <strong>CCPA<\/strong>, I <strong>Zasady Google dotycz\u0105ce wydawc\u00f3w<\/strong>.<\/p>\n\n\n\n<hr class=\"wp-block-separator has-alpha-channel-opacity\"\/>\n\n\n\n<h3 class=\"wp-block-heading\">\ud83d\udcac Skontaktuj si\u0119 z nami<\/h3>\n\n\n\n<p>Masz opini\u0119, zapytanie biznesowe lub sugestie dotycz\u0105ce tre\u015bci?<br>Mo\u017cesz si\u0119 z nami skontaktowa\u0107 w dowolnym momencie pod adresem: <strong><a>contact@blog.pilapk.com<\/a><\/strong><\/p>\n\n\n\n<p>Dzi\u0119kujemy, \u017ce jeste\u015b cz\u0119\u015bci\u0105 spo\u0142eczno\u015bci Pilapk.<\/p>","protected":false},"excerpt":{"rendered":"<p>blog.pilapk.com was built with a simple purpose: to deliver fast, relevant, and reliable content to digital audiences seeking actionable information. [&hellip;]<\/p>\n","protected":false},"author":1,"featured_media":0,"parent":0,"menu_order":0,"comment_status":"closed","ping_status":"closed","template":"","meta":{"site-sidebar-layout":"default","site-content-layout":"","ast-site-content-layout":"","site-content-style":"default","site-sidebar-style":"default","ast-global-header-display":"","ast-banner-title-visibility":"","ast-main-header-display":"","ast-hfb-above-header-display":"","ast-hfb-below-header-display":"","ast-hfb-mobile-header-display":"","site-post-title":"","ast-breadcrumbs-content":"","ast-featured-img":"","footer-sml-layout":"","theme-transparent-header-meta":"","adv-header-id-meta":"","stick-header-meta":"","header-above-stick-meta":"","header-main-stick-meta":"","header-below-stick-meta":"","astra-migrate-meta-layouts":"default","ast-page-background-enabled":"default","ast-page-background-meta":{"desktop":{"background-color":"var(--ast-global-color-4)","background-image":"","background-repeat":"repeat","background-position":"center center","background-size":"auto","background-attachment":"scroll","background-type":"","background-media":"","overlay-type":"","overlay-color":"","overlay-gradient":""},"tablet":{"background-color":"","background-image":"","background-repeat":"repeat","background-position":"center center","background-size":"auto","background-attachment":"scroll","background-type":"","background-media":"","overlay-type":"","overlay-color":"","overlay-gradient":""},"mobile":{"background-color":"","background-image":"","background-repeat":"repeat","background-position":"center center","background-size":"auto","background-attachment":"scroll","background-type":"","background-media":"","overlay-type":"","overlay-color":"","overlay-gradient":""}},"ast-content-background-meta":{"desktop":{"background-color":"var(--ast-global-color-5)","background-image":"","background-repeat":"repeat","background-position":"center center","background-size":"auto","background-attachment":"scroll","background-type":"","background-media":"","overlay-type":"","overlay-color":"","overlay-gradient":""},"tablet":{"background-color":"var(--ast-global-color-5)","background-image":"","background-repeat":"repeat","background-position":"center center","background-size":"auto","background-attachment":"scroll","background-type":"","background-media":"","overlay-type":"","overlay-color":"","overlay-gradient":""},"mobile":{"background-color":"var(--ast-global-color-5)","background-image":"","background-repeat":"repeat","background-position":"center center","background-size":"auto","background-attachment":"scroll","background-type":"","background-media":"","overlay-type":"","overlay-color":"","overlay-gradient":""}},"footnotes":""},"class_list":["post-76","page","type-page","status-publish","hentry"],"_links":{"self":[{"href":"https:\/\/blog.pilapk.com\/pl\/wp-json\/wp\/v2\/pages\/76","targetHints":{"allow":["GET"]}}],"collection":[{"href":"https:\/\/blog.pilapk.com\/pl\/wp-json\/wp\/v2\/pages"}],"about":[{"href":"https:\/\/blog.pilapk.com\/pl\/wp-json\/wp\/v2\/types\/page"}],"author":[{"embeddable":true,"href":"https:\/\/blog.pilapk.com\/pl\/wp-json\/wp\/v2\/users\/1"}],"replies":[{"embeddable":true,"href":"https:\/\/blog.pilapk.com\/pl\/wp-json\/wp\/v2\/comments?post=76"}],"version-history":[{"count":2,"href":"https:\/\/blog.pilapk.com\/pl\/wp-json\/wp\/v2\/pages\/76\/revisions"}],"predecessor-version":[{"id":405,"href":"https:\/\/blog.pilapk.com\/pl\/wp-json\/wp\/v2\/pages\/76\/revisions\/405"}],"wp:attachment":[{"href":"https:\/\/blog.pilapk.com\/pl\/wp-json\/wp\/v2\/media?parent=76"}],"curies":[{"name":"wp","href":"https:\/\/api.w.org\/{rel}","templated":true}]}}