{"id":78,"date":"2025-05-26T18:02:34","date_gmt":"2025-05-26T18:02:34","guid":{"rendered":"https:\/\/blog.pilapk.com\/?page_id=78"},"modified":"2025-05-26T18:02:36","modified_gmt":"2025-05-26T18:02:36","slug":"polityka-plikow-cookie","status":"publish","type":"page","link":"https:\/\/blog.pilapk.com\/pl\/cookie-policy\/","title":{"rendered":"Polityka plik\u00f3w cookie"},"content":{"rendered":"<p><strong>Data wej\u015bcia w \u017cycie:<\/strong> 26 maja 2025 r.<br><strong>Strona internetowa:<\/strong> <a class=\"\" href=\"https:\/\/blog.pilapk.com\/pl\/\">https:\/\/blog.pilapk.com<\/a><\/p>\n\n\n\n<p>Na <strong>Pilapk.com<\/strong>Przejrzysto\u015b\u0107 jest jedn\u0105 z naszych podstawowych zasad. Niniejsza Polityka plik\u00f3w cookie okre\u015bla, w jaki spos\u00f3b wykorzystujemy pliki cookie i powi\u0105zane technologie, aby zapewni\u0107 szybkie, bezpieczne i spersonalizowane przegl\u0105danie stron internetowych. Wyja\u015bnia r\u00f3wnie\u017c, jak mo\u017cna kontrolowa\u0107 te technologie zgodnie z globalnymi przepisami dotycz\u0105cymi prywatno\u015bci.<\/p>\n\n\n\n<hr class=\"wp-block-separator has-alpha-channel-opacity\"\/>\n\n\n\n<h3 class=\"wp-block-heading\">1. <strong>Zrozumienie plik\u00f3w cookie<\/strong><\/h3>\n\n\n\n<p>Pliki cookie to ma\u0142e pliki tekstowe zapisywane na Twoim komputerze lub urz\u0105dzeniu mobilnym podczas odwiedzania strony internetowej. Spe\u0142niaj\u0105 one wiele funkcji, w tym:<\/p>\n\n\n\n<ul class=\"wp-block-list\">\n<li>Zapami\u0119tywanie preferencji u\u017cytkownika<\/li>\n\n\n\n<li>W\u0142\u0105czanie bezpiecznego dost\u0119pu do stron<\/li>\n\n\n\n<li>Analiza zachowa\u0144 w ruchu drogowym<\/li>\n\n\n\n<li>Wspieranie dostarczania trafnych reklam<\/li>\n<\/ul>\n\n\n\n<p>Pliki cookie mog\u0105 by\u0107 przez nas umieszczane (\u201e<strong>pliki cookie pierwszej strony<\/strong>\u201e) lub przez osoby trzecie, z kt\u00f3rych us\u0142ug korzystamy (\u201e<strong>pliki cookie stron trzecich<\/strong>&#8220;).<\/p>\n\n\n\n<hr class=\"wp-block-separator has-alpha-channel-opacity\"\/>\n\n\n\n<h3 class=\"wp-block-heading\">2. <strong>Dlaczego u\u017cywamy plik\u00f3w cookie<\/strong><\/h3>\n\n\n\n<p>U\u017cywamy plik\u00f3w cookie, aby:<\/p>\n\n\n\n<ul class=\"wp-block-list\">\n<li><strong>Zapewnienie prawid\u0142owej funkcjonalno\u015bci witryny<\/strong><\/li>\n\n\n\n<li><strong>Analizuj wydajno\u015b\u0107<\/strong> za pomoc\u0105 narz\u0119dzi takich jak Google Analytics<\/li>\n\n\n\n<li><strong>Dostarczaj ukierunkowane reklamy<\/strong> za po\u015brednictwem platform programowych, takich jak Google Ad Manager, AdSense i partnerzy po stronie popytu<\/li>\n\n\n\n<li><strong>Przestrzega\u0107 obowi\u0105zk\u00f3w prawnych<\/strong> dotycz\u0105ce przetwarzania danych i zgody u\u017cytkownika<\/li>\n<\/ul>\n\n\n\n<hr class=\"wp-block-separator has-alpha-channel-opacity\"\/>\n\n\n\n<h3 class=\"wp-block-heading\">3. <strong>Kategorie u\u017cywanych plik\u00f3w cookie<\/strong><\/h3>\n\n\n\n<h4 class=\"wp-block-heading\">A. <strong>Niezb\u0119dne pliki cookie<\/strong><\/h4>\n\n\n\n<p>Te pliki cookie s\u0105 niezb\u0119dne do funkcjonowania witryny i nie mo\u017cna ich wy\u0142\u0105czy\u0107 w naszych systemach.<\/p>\n\n\n\n<h4 class=\"wp-block-heading\">B. <strong>Pliki cookie dotycz\u0105ce wydajno\u015bci i analizy<\/strong><\/h4>\n\n\n\n<p>S\u0142u\u017cy do anonimowego \u015bledzenia odwiedzin stron, przep\u0142ywu u\u017cytkownik\u00f3w i ich zachowa\u0144 w celu zwi\u0119kszenia wydajno\u015bci.<\/p>\n\n\n\n<h4 class=\"wp-block-heading\">C. <strong>Pliki cookie funkcjonalne<\/strong><\/h4>\n\n\n\n<p>W\u0142\u0105cz zaawansowane funkcje, takie jak wyb\u00f3r j\u0119zyka lub zapami\u0119tywanie danych logowania.<\/p>\n\n\n\n<h4 class=\"wp-block-heading\">D. <strong>Pliki cookie reklamowe<\/strong><\/h4>\n\n\n\n<p>U\u017cywane przez naszych partner\u00f3w reklamowych do wy\u015bwietlania reklam opartych na zainteresowaniach, zarz\u0105dzania cz\u0119stotliwo\u015bci\u0105 wy\u015bwietle\u0144 i \u015bledzenia skuteczno\u015bci reklam w r\u00f3\u017cnych witrynach.<\/p>\n\n\n\n<hr class=\"wp-block-separator has-alpha-channel-opacity\"\/>\n\n\n\n<h3 class=\"wp-block-heading\">4. <strong>Pliki cookie stron trzecich<\/strong><\/h3>\n\n\n\n<p>Niekt\u00f3re pliki cookie s\u0105 umieszczane przez us\u0142ugi, kt\u00f3re integrujemy, takie jak:<\/p>\n\n\n\n<ul class=\"wp-block-list\">\n<li><strong>Google Analytics<\/strong><\/li>\n\n\n\n<li><strong>Mened\u017cer reklam Google \/ AdSense<\/strong><\/li>\n\n\n\n<li><strong>Partnerzy JoinAds, SSP i RTB<\/strong><\/li>\n\n\n\n<li><strong>Platformy zarz\u0105dzania zgodami (CMP)<\/strong><\/li>\n<\/ul>\n\n\n\n<p>Te podmioty zewn\u0119trzne mog\u0105 u\u017cywa\u0107 plik\u00f3w cookie do gromadzenia danych o u\u017cytkowaniu, informacji o urz\u0105dzeniu i anonimowych identyfikator\u00f3w.<\/p>\n\n\n\n<p>Wi\u0119cej informacji mo\u017cesz znale\u017a\u0107 w ich politykach prywatno\u015bci.<\/p>\n\n\n\n<hr class=\"wp-block-separator has-alpha-channel-opacity\"\/>\n\n\n\n<h3 class=\"wp-block-heading\">5. <strong>Zgoda i kontrola u\u017cytkownika<\/strong><\/h3>\n\n\n\n<p>Podczas pierwszej wizyty na naszej stronie internetowej zostanie wy\u015bwietlony baner z pro\u015bb\u0105 o zgod\u0119 na wykorzystanie plik\u00f3w cookie.<\/p>\n\n\n\n<p>Mo\u017cesz:<\/p>\n\n\n\n<ul class=\"wp-block-list\">\n<li>Akceptuj wszystkie pliki cookie<\/li>\n\n\n\n<li>Odrzu\u0107 nieistotne pliki cookie<\/li>\n\n\n\n<li>Dostosuj swoje preferencje<\/li>\n<\/ul>\n\n\n\n<p>Mo\u017cesz w ka\u017cdej chwili zaktualizowa\u0107 swoje preferencje za pomoc\u0105 <strong>\u201eUstawienia plik\u00f3w cookie\u201d<\/strong> link w stopce.<\/p>\n\n\n\n<hr class=\"wp-block-separator has-alpha-channel-opacity\"\/>\n\n\n\n<h3 class=\"wp-block-heading\">6. <strong>Zarz\u0105dzanie plikami cookie w przegl\u0105darce<\/strong><\/h3>\n\n\n\n<p>Mo\u017cesz r\u00f3wnie\u017c kontrolowa\u0107 pliki cookie za po\u015brednictwem swojej przegl\u0105darki. Oto kilka \u017ar\u00f3de\u0142:<\/p>\n\n\n\n<ul class=\"wp-block-list\">\n<li><a>Chrom<\/a><\/li>\n\n\n\n<li><a class=\"\" href=\"https:\/\/support.mozilla.org\/en-US\/kb\/enable-and-disable-cookies\">Firefox<\/a><\/li>\n\n\n\n<li><a class=\"\" href=\"https:\/\/support.apple.com\/en-us\/HT201265\">Safari<\/a><\/li>\n\n\n\n<li><a class=\"\" href=\"https:\/\/support.microsoft.com\/en-us\/microsoft-edge\/delete-cookies-in-microsoft-edge-63947406-40ac-c3b8-57b9-2a946a29ae09\">Kraw\u0119d\u017a<\/a><\/li>\n<\/ul>\n\n\n\n<hr class=\"wp-block-separator has-alpha-channel-opacity\"\/>\n\n\n\n<h3 class=\"wp-block-heading\">7. <strong>Zgodno\u015b\u0107 z przepisami globalnymi<\/strong><\/h3>\n\n\n\n<p>Przestrzegamy nast\u0119puj\u0105cych przepis\u00f3w:<\/p>\n\n\n\n<ul class=\"wp-block-list\">\n<li><strong>RODO<\/strong> (UE) \u2013 W przypadku plik\u00f3w cookie, kt\u00f3re nie s\u0105 niezb\u0119dne, wymagana jest wyra\u017ana zgoda.<\/li>\n\n\n\n<li><strong>CCPA<\/strong> (Kalifornia) \u2013 Prawo do rezygnacji z udost\u0119pniania i sprzeda\u017cy danych.<\/li>\n\n\n\n<li><strong>LGPD<\/strong> (Brazylia) \u2013 Przejrzysto\u015b\u0107 w zakresie gromadzenia danych i ich zgodnego z prawem wykorzystania.<\/li>\n<\/ul>\n\n\n\n<p>Mieszka\u0144cy region\u00f3w, kt\u00f3rych to dotyczy, mog\u0105 skorzysta\u0107 ze swoich praw, korzystaj\u0105c z dedykowanych link\u00f3w lub kontaktuj\u0105c si\u0119 z nami bezpo\u015brednio.<\/p>\n\n\n\n<hr class=\"wp-block-separator has-alpha-channel-opacity\"\/>\n\n\n\n<h3 class=\"wp-block-heading\">8. <strong>Aktualizacje niniejszej Polityki<\/strong><\/h3>\n\n\n\n<p>Niniejsza Polityka Plik\u00f3w Cookie mo\u017ce by\u0107 okresowo aktualizowana w celu odzwierciedlenia zmian w obowi\u0105zkach prawnych lub technologiach. Wszelkie zmiany b\u0119d\u0105 publikowane tutaj z zaktualizowan\u0105 \u201eDat\u0105 wej\u015bcia w \u017cycie\u201d.<\/p>\n\n\n\n<hr class=\"wp-block-separator has-alpha-channel-opacity\"\/>\n\n\n\n<h3 class=\"wp-block-heading\">9. <strong>Skontaktuj si\u0119 z nami<\/strong><\/h3>\n\n\n\n<p>W przypadku pyta\u0144 lub pr\u00f3\u015bb zwi\u0105zanych z niniejsz\u0105 polityk\u0105:<\/p>\n\n\n\n<p>\ud83d\udce7 <strong>E-mail<\/strong>: <a>contact@blog.pilapk.com<\/a><br>\ud83c\udf10 <strong>Strona internetowa<\/strong>: <a class=\"\" href=\"https:\/\/blog.pilapk.com\/pl\/\">https:\/\/blog.pilapk.com<\/a><\/p>","protected":false},"excerpt":{"rendered":"<p>Effective Date: May 26, 2025Website: https:\/\/blog.pilapk.com At Pilapk.com, transparency is one of our core principles. This Cookie Policy outlines how [&hellip;]<\/p>\n","protected":false},"author":1,"featured_media":0,"parent":0,"menu_order":0,"comment_status":"closed","ping_status":"closed","template":"","meta":{"site-sidebar-layout":"default","site-content-layout":"","ast-site-content-layout":"","site-content-style":"default","site-sidebar-style":"default","ast-global-header-display":"","ast-banner-title-visibility":"","ast-main-header-display":"","ast-hfb-above-header-display":"","ast-hfb-below-header-display":"","ast-hfb-mobile-header-display":"","site-post-title":"","ast-breadcrumbs-content":"","ast-featured-img":"","footer-sml-layout":"","theme-transparent-header-meta":"","adv-header-id-meta":"","stick-header-meta":"","header-above-stick-meta":"","header-main-stick-meta":"","header-below-stick-meta":"","astra-migrate-meta-layouts":"default","ast-page-background-enabled":"default","ast-page-background-meta":{"desktop":{"background-color":"var(--ast-global-color-4)","background-image":"","background-repeat":"repeat","background-position":"center center","background-size":"auto","background-attachment":"scroll","background-type":"","background-media":"","overlay-type":"","overlay-color":"","overlay-gradient":""},"tablet":{"background-color":"","background-image":"","background-repeat":"repeat","background-position":"center center","background-size":"auto","background-attachment":"scroll","background-type":"","background-media":"","overlay-type":"","overlay-color":"","overlay-gradient":""},"mobile":{"background-color":"","background-image":"","background-repeat":"repeat","background-position":"center center","background-size":"auto","background-attachment":"scroll","background-type":"","background-media":"","overlay-type":"","overlay-color":"","overlay-gradient":""}},"ast-content-background-meta":{"desktop":{"background-color":"var(--ast-global-color-5)","background-image":"","background-repeat":"repeat","background-position":"center center","background-size":"auto","background-attachment":"scroll","background-type":"","background-media":"","overlay-type":"","overlay-color":"","overlay-gradient":""},"tablet":{"background-color":"var(--ast-global-color-5)","background-image":"","background-repeat":"repeat","background-position":"center center","background-size":"auto","background-attachment":"scroll","background-type":"","background-media":"","overlay-type":"","overlay-color":"","overlay-gradient":""},"mobile":{"background-color":"var(--ast-global-color-5)","background-image":"","background-repeat":"repeat","background-position":"center center","background-size":"auto","background-attachment":"scroll","background-type":"","background-media":"","overlay-type":"","overlay-color":"","overlay-gradient":""}},"footnotes":""},"class_list":["post-78","page","type-page","status-publish","hentry"],"_links":{"self":[{"href":"https:\/\/blog.pilapk.com\/pl\/wp-json\/wp\/v2\/pages\/78","targetHints":{"allow":["GET"]}}],"collection":[{"href":"https:\/\/blog.pilapk.com\/pl\/wp-json\/wp\/v2\/pages"}],"about":[{"href":"https:\/\/blog.pilapk.com\/pl\/wp-json\/wp\/v2\/types\/page"}],"author":[{"embeddable":true,"href":"https:\/\/blog.pilapk.com\/pl\/wp-json\/wp\/v2\/users\/1"}],"replies":[{"embeddable":true,"href":"https:\/\/blog.pilapk.com\/pl\/wp-json\/wp\/v2\/comments?post=78"}],"version-history":[{"count":1,"href":"https:\/\/blog.pilapk.com\/pl\/wp-json\/wp\/v2\/pages\/78\/revisions"}],"predecessor-version":[{"id":79,"href":"https:\/\/blog.pilapk.com\/pl\/wp-json\/wp\/v2\/pages\/78\/revisions\/79"}],"wp:attachment":[{"href":"https:\/\/blog.pilapk.com\/pl\/wp-json\/wp\/v2\/media?parent=78"}],"curies":[{"name":"wp","href":"https:\/\/api.w.org\/{rel}","templated":true}]}}