{"id":14,"date":"2025-04-09T11:58:20","date_gmt":"2025-04-09T11:58:20","guid":{"rendered":"https:\/\/blog.pilapk.com\/?page_id=14"},"modified":"2025-04-09T11:58:21","modified_gmt":"2025-04-09T11:58:21","slug":"termos-de-servico","status":"publish","type":"page","link":"https:\/\/blog.pilapk.com\/pt\/terms-of-service\/","title":{"rendered":"Termos de Servi\u00e7o"},"content":{"rendered":"<h3 class=\"wp-block-heading\">1. Termos<\/h3>\n\n\n\n<p>Acessando o site em <a href=\"https:\/\/blog.pilapk.com\/pt\/\">pilapk<\/a> Voc\u00ea concorda em obedecer a estes termos de servi\u00e7o, a todas as leis e regulamentos aplic\u00e1veis e concorda que \u00e9 respons\u00e1vel pelo cumprimento de todas as leis locais aplic\u00e1veis. Caso n\u00e3o concorde com qualquer um destes termos, voc\u00ea est\u00e1 proibido de usar ou acessar este site. Os materiais contidos neste site s\u00e3o protegidos pelas leis de direitos autorais e marcas registradas aplic\u00e1veis.<\/p>\n\n\n\n<h3 class=\"wp-block-heading\">2. Licen\u00e7a de uso<\/h3>\n\n\n\n<ol class=\"wp-block-list\">\n<li>\u00c9 concedida permiss\u00e3o para baixar temporariamente uma c\u00f3pia dos materiais (informa\u00e7\u00f5es ou software) no site da pilapk, apenas para visualiza\u00e7\u00e3o transit\u00f3ria pessoal e n\u00e3o comercial. Esta \u00e9 a concess\u00e3o de uma licen\u00e7a, n\u00e3o uma transfer\u00eancia de t\u00edtulo, e sob esta licen\u00e7a voc\u00ea n\u00e3o pode:<\/li>\n\n\n\n<li>modificar ou copiar os materiais;<\/li>\n\n\n\n<li>usar os materiais para qualquer finalidade comercial ou para qualquer exibi\u00e7\u00e3o p\u00fablica (comercial ou n\u00e3o comercial);<\/li>\n\n\n\n<li>tentar descompilar ou fazer engenharia reversa de qualquer software contido no site pilapk;<\/li>\n\n\n\n<li>remover quaisquer direitos autorais ou outras nota\u00e7\u00f5es de propriedade dos materiais; ou<\/li>\n\n\n\n<li>transferir os materiais para outra pessoa ou &#039;espelhar&#039; os materiais em qualquer outro servidor.<\/li>\n\n\n\n<li>Esta licen\u00e7a ser\u00e1 automaticamente rescindida caso voc\u00ea viole qualquer uma destas restri\u00e7\u00f5es e poder\u00e1 ser rescindida pela pilapk a qualquer momento. Ao encerrar a visualiza\u00e7\u00e3o destes materiais ou ap\u00f3s o t\u00e9rmino desta licen\u00e7a, voc\u00ea dever\u00e1 destruir todos os materiais baixados em sua posse, seja em formato eletr\u00f4nico ou impresso.<\/li>\n<\/ol>\n\n\n\n<h3 class=\"wp-block-heading\">3. Isen\u00e7\u00e3o de responsabilidade<\/h3>\n\n\n\n<ol class=\"wp-block-list\">\n<li>Os materiais no site da pilapk s\u00e3o fornecidos &quot;no estado em que se encontram&quot;. A pilapk n\u00e3o oferece garantias, expressas ou impl\u00edcitas, e, por meio deste, isenta e nega todas as outras garantias, incluindo, sem limita\u00e7\u00e3o, garantias ou condi\u00e7\u00f5es impl\u00edcitas de comercializa\u00e7\u00e3o, adequa\u00e7\u00e3o a uma finalidade espec\u00edfica ou n\u00e3o viola\u00e7\u00e3o de propriedade intelectual ou outra viola\u00e7\u00e3o de direitos.<\/li>\n\n\n\n<li>Al\u00e9m disso, o pilapk n\u00e3o garante nem faz quaisquer representa\u00e7\u00f5es sobre a precis\u00e3o, resultados prov\u00e1veis ou confiabilidade do uso dos materiais em seu site ou de outra forma relacionados a tais materiais ou em quaisquer sites vinculados a este site.<\/li>\n<\/ol>\n\n\n\n<h3 class=\"wp-block-heading\">4. Limita\u00e7\u00f5es<\/h3>\n\n\n\n<p>Em nenhuma hip\u00f3tese a pilapk ou seus fornecedores ser\u00e3o respons\u00e1veis por quaisquer danos (incluindo, sem limita\u00e7\u00e3o, danos por perda de dados ou lucro, ou devido \u00e0 interrup\u00e7\u00e3o dos neg\u00f3cios) decorrentes do uso ou da incapacidade de uso dos materiais no site da pilapk, mesmo que a pilapk ou um representante autorizado da pilapk tenha sido notificado oralmente ou por escrito da possibilidade de tais danos. Como algumas jurisdi\u00e7\u00f5es n\u00e3o permitem limita\u00e7\u00f5es em garantias impl\u00edcitas ou limita\u00e7\u00f5es de responsabilidade por danos consequentes ou incidentais, essas limita\u00e7\u00f5es podem n\u00e3o se aplicar a voc\u00ea.<\/p>\n\n\n\n<h3 class=\"wp-block-heading\">5. Precis\u00e3o dos materiais<\/h3>\n\n\n\n<p>Os materiais exibidos no site da pilapk podem incluir erros t\u00e9cnicos, tipogr\u00e1ficos ou fotogr\u00e1ficos. A pilapk n\u00e3o garante que qualquer material em seu site seja preciso, completo ou atual. A pilapk pode fazer altera\u00e7\u00f5es nos materiais contidos em seu site a qualquer momento, sem aviso pr\u00e9vio. No entanto, a pilapk n\u00e3o se compromete a atualizar os materiais.<\/p>\n\n\n\n<h3 class=\"wp-block-heading\">6. Liga\u00e7\u00f5es<\/h3>\n\n\n\n<p>O pilapk n\u00e3o analisou todos os sites vinculados ao seu website e n\u00e3o se responsabiliza pelo conte\u00fado de nenhum desses sites vinculados. A inclus\u00e3o de qualquer link n\u00e3o implica endosso do site pelo pilapk. O uso de qualquer site vinculado \u00e9 por conta e risco do usu\u00e1rio.<\/p>\n\n\n\n<h3 class=\"wp-block-heading\">7. Modifica\u00e7\u00f5es<\/h3>\n\n\n\n<p>A pilapk pode revisar estes termos de servi\u00e7o do seu site a qualquer momento, sem aviso pr\u00e9vio. Ao utilizar este site, voc\u00ea concorda em se comprometer com a vers\u00e3o atual destes termos de servi\u00e7o.<\/p>\n\n\n\n<h3 class=\"wp-block-heading\">8. Lei aplic\u00e1vel<\/h3>\n\n\n\n<p>Estes termos e condi\u00e7\u00f5es s\u00e3o regidos e interpretados de acordo com as leis do pilapk e voc\u00ea se submete irrevogavelmente \u00e0 jurisdi\u00e7\u00e3o exclusiva dos tribunais naquele Estado ou local.<\/p>","protected":false},"excerpt":{"rendered":"<p>1. Terms By accessing the website at pilapk you are agreeing to be bound by these terms of service, all [&hellip;]<\/p>\n","protected":false},"author":1,"featured_media":0,"parent":0,"menu_order":0,"comment_status":"closed","ping_status":"closed","template":"","meta":{"site-sidebar-layout":"default","site-content-layout":"","ast-site-content-layout":"default","site-content-style":"default","site-sidebar-style":"default","ast-global-header-display":"","ast-banner-title-visibility":"","ast-main-header-display":"","ast-hfb-above-header-display":"","ast-hfb-below-header-display":"","ast-hfb-mobile-header-display":"","site-post-title":"","ast-breadcrumbs-content":"","ast-featured-img":"","footer-sml-layout":"","theme-transparent-header-meta":"","adv-header-id-meta":"","stick-header-meta":"","header-above-stick-meta":"","header-main-stick-meta":"","header-below-stick-meta":"","astra-migrate-meta-layouts":"default","ast-page-background-enabled":"default","ast-page-background-meta":{"desktop":{"background-color":"var(--ast-global-color-4)","background-image":"","background-repeat":"repeat","background-position":"center center","background-size":"auto","background-attachment":"scroll","background-type":"","background-media":"","overlay-type":"","overlay-color":"","overlay-opacity":"","overlay-gradient":""},"tablet":{"background-color":"","background-image":"","background-repeat":"repeat","background-position":"center center","background-size":"auto","background-attachment":"scroll","background-type":"","background-media":"","overlay-type":"","overlay-color":"","overlay-opacity":"","overlay-gradient":""},"mobile":{"background-color":"","background-image":"","background-repeat":"repeat","background-position":"center center","background-size":"auto","background-attachment":"scroll","background-type":"","background-media":"","overlay-type":"","overlay-color":"","overlay-opacity":"","overlay-gradient":""}},"ast-content-background-meta":{"desktop":{"background-color":"var(--ast-global-color-5)","background-image":"","background-repeat":"repeat","background-position":"center center","background-size":"auto","background-attachment":"scroll","background-type":"","background-media":"","overlay-type":"","overlay-color":"","overlay-opacity":"","overlay-gradient":""},"tablet":{"background-color":"var(--ast-global-color-5)","background-image":"","background-repeat":"repeat","background-position":"center center","background-size":"auto","background-attachment":"scroll","background-type":"","background-media":"","overlay-type":"","overlay-color":"","overlay-opacity":"","overlay-gradient":""},"mobile":{"background-color":"var(--ast-global-color-5)","background-image":"","background-repeat":"repeat","background-position":"center center","background-size":"auto","background-attachment":"scroll","background-type":"","background-media":"","overlay-type":"","overlay-color":"","overlay-opacity":"","overlay-gradient":""}},"footnotes":""},"class_list":["post-14","page","type-page","status-publish","hentry"],"_links":{"self":[{"href":"https:\/\/blog.pilapk.com\/pt\/wp-json\/wp\/v2\/pages\/14","targetHints":{"allow":["GET"]}}],"collection":[{"href":"https:\/\/blog.pilapk.com\/pt\/wp-json\/wp\/v2\/pages"}],"about":[{"href":"https:\/\/blog.pilapk.com\/pt\/wp-json\/wp\/v2\/types\/page"}],"author":[{"embeddable":true,"href":"https:\/\/blog.pilapk.com\/pt\/wp-json\/wp\/v2\/users\/1"}],"replies":[{"embeddable":true,"href":"https:\/\/blog.pilapk.com\/pt\/wp-json\/wp\/v2\/comments?post=14"}],"version-history":[{"count":1,"href":"https:\/\/blog.pilapk.com\/pt\/wp-json\/wp\/v2\/pages\/14\/revisions"}],"predecessor-version":[{"id":15,"href":"https:\/\/blog.pilapk.com\/pt\/wp-json\/wp\/v2\/pages\/14\/revisions\/15"}],"wp:attachment":[{"href":"https:\/\/blog.pilapk.com\/pt\/wp-json\/wp\/v2\/media?parent=14"}],"curies":[{"name":"wp","href":"https:\/\/api.w.org\/{rel}","templated":true}]}}