{"id":16,"date":"2025-04-09T11:59:10","date_gmt":"2025-04-09T11:59:10","guid":{"rendered":"https:\/\/blog.pilapk.com\/?page_id=16"},"modified":"2025-04-09T11:59:12","modified_gmt":"2025-04-09T11:59:12","slug":"politica-de-privacidade","status":"publish","type":"page","link":"https:\/\/blog.pilapk.com\/pt\/privacy-policy\/","title":{"rendered":"pol\u00edtica de Privacidade"},"content":{"rendered":"<p>Sua privacidade \u00e9 importante para n\u00f3s. \u00c9 pol\u00edtica da pilapk respeitar a sua privacidade em rela\u00e7\u00e3o a qualquer informa\u00e7\u00e3o sua que possamos coletar em nosso site. <a href=\"https:\/\/blog.pilapk.com\/pt\/\">pilapk<\/a>, e outros sites que possu\u00edmos e operamos.<\/p>\n\n\n\n<p>Solicitamos informa\u00e7\u00f5es pessoais somente quando realmente precisamos delas para lhe prestar um servi\u00e7o. Coletamos essas informa\u00e7\u00f5es por meios justos e legais, com o seu conhecimento e consentimento. Tamb\u00e9m informamos por que as coletamos e como ser\u00e3o utilizadas.<\/p>\n\n\n\n<p>Retemos as informa\u00e7\u00f5es coletadas apenas pelo tempo necess\u00e1rio para fornecer o servi\u00e7o solicitado. Os dados que armazenamos s\u00e3o protegidos por meios comercialmente aceit\u00e1veis para evitar perdas e roubos, bem como acesso, divulga\u00e7\u00e3o, c\u00f3pia, uso ou modifica\u00e7\u00e3o n\u00e3o autorizados.<\/p>\n\n\n\n<p>N\u00e3o compartilhamos nenhuma informa\u00e7\u00e3o de identifica\u00e7\u00e3o pessoal publicamente ou com terceiros, exceto quando exigido por lei.<\/p>\n\n\n\n<p>Nosso site pode conter links para sites externos que n\u00e3o s\u00e3o operados por n\u00f3s. Esteja ciente de que n\u00e3o temos controle sobre o conte\u00fado e as pr\u00e1ticas desses sites e n\u00e3o podemos aceitar responsabilidade por suas respectivas pol\u00edticas de privacidade.<\/p>\n\n\n\n<p>Voc\u00ea tem a liberdade de recusar nossa solicita\u00e7\u00e3o de informa\u00e7\u00f5es pessoais, entendendo que talvez n\u00e3o possamos fornecer alguns dos servi\u00e7os desejados.<\/p>\n\n\n\n<p>O uso cont\u00ednuo do nosso site ser\u00e1 considerado como aceita\u00e7\u00e3o das nossas pr\u00e1ticas em rela\u00e7\u00e3o \u00e0 privacidade e \u00e0s informa\u00e7\u00f5es pessoais. Se tiver alguma d\u00favida sobre como lidamos com dados do usu\u00e1rio e informa\u00e7\u00f5es pessoais, entre em contato conosco.<\/p>\n\n\n\n<h2 class=\"wp-block-heading\">Pol\u00edtica de cookies para pilapk<\/h2>\n\n\n\n<p>Esta \u00e9 a Pol\u00edtica de Cookies do pilapk, acess\u00edvel no URL https:\/\/blog.pilapk.com\/.<\/p>\n\n\n\n<h3 class=\"wp-block-heading\">O que s\u00e3o cookies<\/h3>\n\n\n\n<p>Como \u00e9 pr\u00e1tica comum em quase todos os sites profissionais, este site utiliza cookies, que s\u00e3o pequenos arquivos baixados para o seu computador, para melhorar a sua experi\u00eancia. Esta p\u00e1gina descreve quais informa\u00e7\u00f5es eles coletam, como as utilizamos e por que, \u00e0s vezes, precisamos armazenar esses cookies. Tamb\u00e9m compartilharemos como voc\u00ea pode impedir o armazenamento desses cookies, mas isso pode prejudicar ou interromper a funcionalidade de certos elementos do site.<\/p>\n\n\n\n<h3 class=\"wp-block-heading\">Como usamos cookies<\/h3>\n\n\n\n<p>Utilizamos cookies por diversos motivos, detalhados abaixo. Infelizmente, na maioria dos casos, n\u00e3o existem op\u00e7\u00f5es padr\u00e3o do setor para desativar cookies sem desativar completamente a funcionalidade e os recursos que eles adicionam a este site. \u00c9 recomend\u00e1vel que voc\u00ea deixe todos os cookies ativados caso n\u00e3o tenha certeza se precisa deles ou n\u00e3o, caso sejam usados para fornecer um servi\u00e7o que voc\u00ea utiliza.<\/p>\n\n\n\n<h3 class=\"wp-block-heading\">Desativando Cookies<\/h3>\n\n\n\n<p>Voc\u00ea pode impedir a configura\u00e7\u00e3o de cookies ajustando as configura\u00e7\u00f5es do seu navegador (consulte a Ajuda do seu navegador para saber como fazer isso). Esteja ciente de que a desativa\u00e7\u00e3o de cookies afetar\u00e1 a funcionalidade deste e de muitos outros sites que voc\u00ea visita. A desativa\u00e7\u00e3o de cookies geralmente resulta na desativa\u00e7\u00e3o de determinadas funcionalidades e recursos deste site. Portanto, \u00e9 recomend\u00e1vel que voc\u00ea n\u00e3o desative os cookies.<\/p>\n\n\n\n<h3 class=\"wp-block-heading\">Os cookies que definimos<\/h3>\n\n\n\n<h3 class=\"wp-block-heading\">Cookies de terceiros<\/h3>\n\n\n\n<p>Em alguns casos especiais, tamb\u00e9m utilizamos cookies fornecidos por terceiros confi\u00e1veis. A se\u00e7\u00e3o a seguir detalha quais cookies de terceiros voc\u00ea pode encontrar neste site.<\/p>\n\n\n\n<ul class=\"wp-block-list\">\n<li>O servi\u00e7o Google AdSense que usamos para veicular publicidade usa um cookie DoubleClick para veicular an\u00fancios mais relevantes na web e limitar o n\u00famero de vezes que um determinado an\u00fancio \u00e9 exibido para voc\u00ea.<\/li>\n\n\n\n<li>Para mais informa\u00e7\u00f5es sobre o Google AdSense, consulte as Perguntas frequentes oficiais sobre privacidade do Google AdSense.<\/li>\n\n\n\n<li>Utilizamos an\u00fancios para compensar os custos de manuten\u00e7\u00e3o deste site e fornecer financiamento para desenvolvimento futuro. Os cookies de publicidade comportamental utilizados por este site s\u00e3o projetados para garantir que lhe forne\u00e7amos os an\u00fancios mais relevantes sempre que poss\u00edvel, rastreando anonimamente os seus interesses e apresentando conte\u00fados semelhantes que possam ser do seu interesse.<\/li>\n\n\n\n<li>V\u00e1rios parceiros anunciam em nosso nome e os cookies de rastreamento de afiliados simplesmente nos permitem ver se nossos clientes acessaram o site por meio de um dos sites de nossos parceiros para que possamos credit\u00e1-los adequadamente e, quando aplic\u00e1vel, permitir que nossos parceiros afiliados forne\u00e7am qualquer b\u00f4nus que eles possam fornecer a voc\u00ea por fazer uma compra.<\/li>\n<\/ul>\n\n\n\n<h3 class=\"wp-block-heading\">Responsabilidades do usu\u00e1rio<\/h3>\n\n\n\n<p>O utilizador compromete-se a fazer um uso adequado dos conte\u00fados e informa\u00e7\u00f5es oferecidos no site com um comportamento enunciativo, mas n\u00e3o imitativo:<\/p>\n\n\n\n<ul class=\"wp-block-list\">\n<li>A) N\u00e3o praticar atividades ilegais ou contr\u00e1rias \u00e0 boa-f\u00e9 e \u00e0 ordem p\u00fablica;<\/li>\n\n\n\n<li>B) N\u00e3o difundir propaganda ou conte\u00fado de cunho racista, xen\u00f3fobo, de jogos de azar, qualquer tipo de pornografia ilegal, de cunho terrorista ou contra os direitos humanos;<\/li>\n\n\n\n<li>C) N\u00e3o causar danos aos sistemas f\u00edsicos (hardware) e inating\u00edveis (software) da pilapk, de seus fornecedores ou de terceiros, nem introduzir ou disseminar v\u00edrus de computador ou quaisquer outros sistemas de hardware ou software que sejam capazes de causar os danos anteriormente mencionados.<\/li>\n<\/ul>\n\n\n\n<h3 class=\"wp-block-heading\">Mais informa\u00e7\u00f5es<\/h3>\n\n\n\n<p>Espero que isso tenha esclarecido as coisas para voc\u00ea e, como mencionado anteriormente, se houver algo que voc\u00ea n\u00e3o tem certeza se precisa ou n\u00e3o, geralmente \u00e9 mais seguro deixar os cookies ativados, caso isso interaja com um dos recursos que voc\u00ea usa em nosso site.<\/p>\n\n\n\n<p>Esta pol\u00edtica entra em vigor em 9 de abril de 2025, \u00e0s 11h57.<\/p>","protected":false},"excerpt":{"rendered":"<p>Your privacy is important to us. It is pilapk&#8217;s policy to respect your privacy regarding any information we may collect [&hellip;]<\/p>\n","protected":false},"author":1,"featured_media":0,"parent":0,"menu_order":0,"comment_status":"closed","ping_status":"closed","template":"","meta":{"site-sidebar-layout":"default","site-content-layout":"","ast-site-content-layout":"default","site-content-style":"default","site-sidebar-style":"default","ast-global-header-display":"","ast-banner-title-visibility":"","ast-main-header-display":"","ast-hfb-above-header-display":"","ast-hfb-below-header-display":"","ast-hfb-mobile-header-display":"","site-post-title":"","ast-breadcrumbs-content":"","ast-featured-img":"","footer-sml-layout":"","theme-transparent-header-meta":"","adv-header-id-meta":"","stick-header-meta":"","header-above-stick-meta":"","header-main-stick-meta":"","header-below-stick-meta":"","astra-migrate-meta-layouts":"default","ast-page-background-enabled":"default","ast-page-background-meta":{"desktop":{"background-color":"var(--ast-global-color-4)","background-image":"","background-repeat":"repeat","background-position":"center center","background-size":"auto","background-attachment":"scroll","background-type":"","background-media":"","overlay-type":"","overlay-color":"","overlay-opacity":"","overlay-gradient":""},"tablet":{"background-color":"","background-image":"","background-repeat":"repeat","background-position":"center center","background-size":"auto","background-attachment":"scroll","background-type":"","background-media":"","overlay-type":"","overlay-color":"","overlay-opacity":"","overlay-gradient":""},"mobile":{"background-color":"","background-image":"","background-repeat":"repeat","background-position":"center center","background-size":"auto","background-attachment":"scroll","background-type":"","background-media":"","overlay-type":"","overlay-color":"","overlay-opacity":"","overlay-gradient":""}},"ast-content-background-meta":{"desktop":{"background-color":"var(--ast-global-color-5)","background-image":"","background-repeat":"repeat","background-position":"center center","background-size":"auto","background-attachment":"scroll","background-type":"","background-media":"","overlay-type":"","overlay-color":"","overlay-opacity":"","overlay-gradient":""},"tablet":{"background-color":"var(--ast-global-color-5)","background-image":"","background-repeat":"repeat","background-position":"center center","background-size":"auto","background-attachment":"scroll","background-type":"","background-media":"","overlay-type":"","overlay-color":"","overlay-opacity":"","overlay-gradient":""},"mobile":{"background-color":"var(--ast-global-color-5)","background-image":"","background-repeat":"repeat","background-position":"center center","background-size":"auto","background-attachment":"scroll","background-type":"","background-media":"","overlay-type":"","overlay-color":"","overlay-opacity":"","overlay-gradient":""}},"footnotes":""},"class_list":["post-16","page","type-page","status-publish","hentry"],"_links":{"self":[{"href":"https:\/\/blog.pilapk.com\/pt\/wp-json\/wp\/v2\/pages\/16","targetHints":{"allow":["GET"]}}],"collection":[{"href":"https:\/\/blog.pilapk.com\/pt\/wp-json\/wp\/v2\/pages"}],"about":[{"href":"https:\/\/blog.pilapk.com\/pt\/wp-json\/wp\/v2\/types\/page"}],"author":[{"embeddable":true,"href":"https:\/\/blog.pilapk.com\/pt\/wp-json\/wp\/v2\/users\/1"}],"replies":[{"embeddable":true,"href":"https:\/\/blog.pilapk.com\/pt\/wp-json\/wp\/v2\/comments?post=16"}],"version-history":[{"count":1,"href":"https:\/\/blog.pilapk.com\/pt\/wp-json\/wp\/v2\/pages\/16\/revisions"}],"predecessor-version":[{"id":17,"href":"https:\/\/blog.pilapk.com\/pt\/wp-json\/wp\/v2\/pages\/16\/revisions\/17"}],"wp:attachment":[{"href":"https:\/\/blog.pilapk.com\/pt\/wp-json\/wp\/v2\/media?parent=16"}],"curies":[{"name":"wp","href":"https:\/\/api.w.org\/{rel}","templated":true}]}}