{"id":76,"date":"2025-05-26T18:01:31","date_gmt":"2025-05-26T18:01:31","guid":{"rendered":"https:\/\/blog.pilapk.com\/?page_id=76"},"modified":"2025-10-27T20:33:38","modified_gmt":"2025-10-27T20:33:38","slug":"sobre-nos","status":"publish","type":"page","link":"https:\/\/blog.pilapk.com\/pt\/about-us\/","title":{"rendered":"Sobre n\u00f3s"},"content":{"rendered":"<p><strong>blog.pilapk.com<\/strong> foi criado com um prop\u00f3sito simples: entregar conte\u00fado r\u00e1pido, relevante e confi\u00e1vel para p\u00fablicos digitais que buscam informa\u00e7\u00f5es \u00fateis. Seja explorando novos aplicativos para dispositivos m\u00f3veis, buscando oportunidades de emprego, gerenciando suas finan\u00e7as ou mergulhando em conselhos sobre relacionamentos modernos, nosso objetivo \u00e9 levar o conte\u00fado mais \u00fatil da internet diretamente para a sua tela.<\/p>\n\n\n\n<p>Entendemos o quanto o seu tempo \u00e9 valioso. \u00c9 por isso que nos concentramos em publicar conte\u00fado claro, acess\u00edvel e projetado para atender \u00e0s necessidades reais dos leitores online.<\/p>\n\n\n\n<hr class=\"wp-block-separator has-alpha-channel-opacity\"\/>\n\n\n\n<h3 class=\"wp-block-heading\">\ud83c\udf10 Nossa abordagem<\/h3>\n\n\n\n<p>No <strong>Blog Pilapk<\/strong>, n\u00e3o apenas publicamos artigos \u2014 n\u00f3s selecionamos experi\u00eancias. Nosso processo editorial combina an\u00e1lise de tend\u00eancias digitais com revis\u00e3o humana de conte\u00fado para garantir que cada publica\u00e7\u00e3o agregue valor. Monitoramos constantemente o que os usu\u00e1rios est\u00e3o buscando e respondemos com conte\u00fado conciso e de alto desempenho, otimizado para todos os dispositivos.<\/p>\n\n\n\n<hr class=\"wp-block-separator has-alpha-channel-opacity\"\/>\n\n\n\n<h3 class=\"wp-block-heading\">\ud83d\udcca Como operamos<\/h3>\n\n\n\n<ul class=\"wp-block-list\">\n<li>Publicamos em categorias como <strong>Aplicativos<\/strong>, <strong>Namorando<\/strong>, <strong>Financiar<\/strong>, <strong>Empregos<\/strong>, e <strong>Estilo de vida<\/strong>.<\/li>\n\n\n\n<li>Nossas fontes de tr\u00e1fego incluem plataformas sociais, an\u00fancios nativos e mecanismos de busca.<\/li>\n\n\n\n<li>N\u00f3s monetizamos de forma respons\u00e1vel por meio de parcerias de publicidade com <strong>Gerenciador de an\u00fancios do Google<\/strong>, <strong>ADX<\/strong>, e outros SSPs confi\u00e1veis.<\/li>\n<\/ul>\n\n\n\n<hr class=\"wp-block-separator has-alpha-channel-opacity\"\/>\n\n\n\n<h3 class=\"wp-block-heading\">\ud83d\udd12 Transpar\u00eancia e Integridade<\/h3>\n\n\n\n<p>Estamos comprometidos com a transpar\u00eancia. A publicidade nunca influencia o tom editorial dos nossos artigos e mantemos a conformidade com todas as principais normas de privacidade, incluindo <strong>RGPD<\/strong>, <strong>CCPA<\/strong>, e <strong>Pol\u00edticas para editores do Google<\/strong>.<\/p>\n\n\n\n<hr class=\"wp-block-separator has-alpha-channel-opacity\"\/>\n\n\n\n<h3 class=\"wp-block-heading\">\ud83d\udcac Entre em contato<\/h3>\n\n\n\n<p>Tem algum feedback, perguntas comerciais ou sugest\u00f5es de conte\u00fado?<br>Entre em contato conosco a qualquer momento em: <strong><a>contact@blog.pilapk.com<\/a><\/strong><\/p>\n\n\n\n<p>Obrigado por fazer parte da comunidade Pilapk.<\/p>","protected":false},"excerpt":{"rendered":"<p>blog.pilapk.com was built with a simple purpose: to deliver fast, relevant, and reliable content to digital audiences seeking actionable information. [&hellip;]<\/p>\n","protected":false},"author":1,"featured_media":0,"parent":0,"menu_order":0,"comment_status":"closed","ping_status":"closed","template":"","meta":{"site-sidebar-layout":"default","site-content-layout":"","ast-site-content-layout":"","site-content-style":"default","site-sidebar-style":"default","ast-global-header-display":"","ast-banner-title-visibility":"","ast-main-header-display":"","ast-hfb-above-header-display":"","ast-hfb-below-header-display":"","ast-hfb-mobile-header-display":"","site-post-title":"","ast-breadcrumbs-content":"","ast-featured-img":"","footer-sml-layout":"","theme-transparent-header-meta":"","adv-header-id-meta":"","stick-header-meta":"","header-above-stick-meta":"","header-main-stick-meta":"","header-below-stick-meta":"","astra-migrate-meta-layouts":"default","ast-page-background-enabled":"default","ast-page-background-meta":{"desktop":{"background-color":"var(--ast-global-color-4)","background-image":"","background-repeat":"repeat","background-position":"center center","background-size":"auto","background-attachment":"scroll","background-type":"","background-media":"","overlay-type":"","overlay-color":"","overlay-gradient":""},"tablet":{"background-color":"","background-image":"","background-repeat":"repeat","background-position":"center center","background-size":"auto","background-attachment":"scroll","background-type":"","background-media":"","overlay-type":"","overlay-color":"","overlay-gradient":""},"mobile":{"background-color":"","background-image":"","background-repeat":"repeat","background-position":"center center","background-size":"auto","background-attachment":"scroll","background-type":"","background-media":"","overlay-type":"","overlay-color":"","overlay-gradient":""}},"ast-content-background-meta":{"desktop":{"background-color":"var(--ast-global-color-5)","background-image":"","background-repeat":"repeat","background-position":"center center","background-size":"auto","background-attachment":"scroll","background-type":"","background-media":"","overlay-type":"","overlay-color":"","overlay-gradient":""},"tablet":{"background-color":"var(--ast-global-color-5)","background-image":"","background-repeat":"repeat","background-position":"center center","background-size":"auto","background-attachment":"scroll","background-type":"","background-media":"","overlay-type":"","overlay-color":"","overlay-gradient":""},"mobile":{"background-color":"var(--ast-global-color-5)","background-image":"","background-repeat":"repeat","background-position":"center center","background-size":"auto","background-attachment":"scroll","background-type":"","background-media":"","overlay-type":"","overlay-color":"","overlay-gradient":""}},"footnotes":""},"class_list":["post-76","page","type-page","status-publish","hentry"],"_links":{"self":[{"href":"https:\/\/blog.pilapk.com\/pt\/wp-json\/wp\/v2\/pages\/76","targetHints":{"allow":["GET"]}}],"collection":[{"href":"https:\/\/blog.pilapk.com\/pt\/wp-json\/wp\/v2\/pages"}],"about":[{"href":"https:\/\/blog.pilapk.com\/pt\/wp-json\/wp\/v2\/types\/page"}],"author":[{"embeddable":true,"href":"https:\/\/blog.pilapk.com\/pt\/wp-json\/wp\/v2\/users\/1"}],"replies":[{"embeddable":true,"href":"https:\/\/blog.pilapk.com\/pt\/wp-json\/wp\/v2\/comments?post=76"}],"version-history":[{"count":2,"href":"https:\/\/blog.pilapk.com\/pt\/wp-json\/wp\/v2\/pages\/76\/revisions"}],"predecessor-version":[{"id":405,"href":"https:\/\/blog.pilapk.com\/pt\/wp-json\/wp\/v2\/pages\/76\/revisions\/405"}],"wp:attachment":[{"href":"https:\/\/blog.pilapk.com\/pt\/wp-json\/wp\/v2\/media?parent=76"}],"curies":[{"name":"wp","href":"https:\/\/api.w.org\/{rel}","templated":true}]}}