{"id":14,"date":"2025-04-09T11:58:20","date_gmt":"2025-04-09T11:58:20","guid":{"rendered":"https:\/\/blog.pilapk.com\/?page_id=14"},"modified":"2025-04-09T11:58:21","modified_gmt":"2025-04-09T11:58:21","slug":"podmienky-sluzby","status":"publish","type":"page","link":"https:\/\/blog.pilapk.com\/sk\/terms-of-service\/","title":{"rendered":"Podmienky slu\u017eby"},"content":{"rendered":"<h3 class=\"wp-block-heading\">1. Podmienky<\/h3>\n\n\n\n<p>Pr\u00edstupom na webov\u00fa str\u00e1nku na adrese <a href=\"https:\/\/blog.pilapk.com\/sk\/\">pilap<\/a> S\u00fahlas\u00edte s t\u00fdm, \u017ee budete viazan\u00ed t\u00fdmito podmienkami slu\u017eby, v\u0161etk\u00fdmi platn\u00fdmi z\u00e1konmi a predpismi a s\u00fahlas\u00edte s t\u00fdm, \u017ee ste zodpovedn\u00ed za dodr\u017eiavanie v\u0161etk\u00fdch platn\u00fdch miestnych z\u00e1konov. Ak nes\u00fahlas\u00edte s niektorou z t\u00fdchto podmienok, m\u00e1te zak\u00e1zan\u00e9 pou\u017e\u00edva\u0165 t\u00fato str\u00e1nku alebo k nej pristupova\u0165. Materi\u00e1ly obsiahnut\u00e9 na tejto webovej str\u00e1nke s\u00fa chr\u00e1nen\u00e9 platn\u00fdmi autorsk\u00fdmi pr\u00e1vami a z\u00e1konmi o ochrann\u00fdch zn\u00e1mkach.<\/p>\n\n\n\n<h3 class=\"wp-block-heading\">2. Pou\u017e\u00edvajte licenciu<\/h3>\n\n\n\n<ol class=\"wp-block-list\">\n<li>Ude\u013euje sa povolenie na do\u010dasn\u00e9 stiahnutie jednej k\u00f3pie materi\u00e1lov (inform\u00e1ci\u00ed alebo softv\u00e9ru) z webovej str\u00e1nky pilapk len na osobn\u00e9, nekomer\u010dn\u00e9 a prechodn\u00e9 prezeranie. Ide o udelenie licencie, nie o prevod vlastn\u00edctva, a na z\u00e1klade tejto licencie nesmiete:<\/li>\n\n\n\n<li>upravova\u0165 alebo kop\u00edrova\u0165 materi\u00e1ly;<\/li>\n\n\n\n<li>pou\u017e\u00edva\u0165 materi\u00e1ly na ak\u00fdko\u013evek komer\u010dn\u00fd \u00fa\u010del alebo na ak\u00fako\u013evek verejn\u00fa prezent\u00e1ciu (komer\u010dn\u00fa alebo nekomer\u010dn\u00fa);<\/li>\n\n\n\n<li>pok\u00fa\u0161a\u0165 sa dekompilova\u0165 alebo sp\u00e4tne analyzova\u0165 ak\u00fdko\u013evek softv\u00e9r nach\u00e1dzaj\u00faci sa na webovej str\u00e1nke pilapk;<\/li>\n\n\n\n<li>odstr\u00e1ni\u0165 z materi\u00e1lov ak\u00e9ko\u013evek autorsk\u00e9 pr\u00e1va alebo in\u00e9 vlastn\u00edcke pozn\u00e1mky; alebo<\/li>\n\n\n\n<li>prenies\u0165 materi\u00e1ly na in\u00fa osobu alebo \u201ezrkadli\u0165\u201c materi\u00e1ly na ak\u00fdko\u013evek in\u00fd server.<\/li>\n\n\n\n<li>T\u00e1to licencia automaticky zanikne, ak poru\u0161\u00edte ktor\u00e9ko\u013evek z t\u00fdchto obmedzen\u00ed, a spolo\u010dnos\u0165 pilap ju m\u00f4\u017ee kedyko\u013evek ukon\u010di\u0165. Po ukon\u010den\u00ed prezerania t\u00fdchto materi\u00e1lov alebo po ukon\u010den\u00ed tejto licencie mus\u00edte zni\u010di\u0165 v\u0161etky stiahnut\u00e9 materi\u00e1ly, ktor\u00e9 m\u00e1te k dispoz\u00edcii, \u010di u\u017e v elektronickej alebo tla\u010denej forme.<\/li>\n<\/ol>\n\n\n\n<h3 class=\"wp-block-heading\">3. Vyhl\u00e1senie o odmietnut\u00ed zodpovednosti<\/h3>\n\n\n\n<ol class=\"wp-block-list\">\n<li>Materi\u00e1ly na webovej str\u00e1nke spolo\u010dnosti pilapk s\u00fa poskytovan\u00e9 \u201etak, ako s\u00fa\u201c. Spolo\u010dnos\u0165 pilapk neposkytuje \u017eiadne z\u00e1ruky, v\u00fdslovn\u00e9 ani implicitn\u00e9, a t\u00fdmto sa zrieka a neguje v\u0161etky ostatn\u00e9 z\u00e1ruky vr\u00e1tane, okrem in\u00e9ho, implicitn\u00fdch z\u00e1ruk alebo podmienok predajnosti, vhodnosti na konkr\u00e9tny \u00fa\u010del alebo neporu\u0161enia du\u0161evn\u00e9ho vlastn\u00edctva alebo in\u00e9ho poru\u0161enia pr\u00e1v.<\/li>\n\n\n\n<li>Spolo\u010dnos\u0165 pilapk \u010falej nezaru\u010duje ani neposkytuje \u017eiadne vyhl\u00e1senia t\u00fdkaj\u00face sa presnosti, pravdepodobn\u00fdch v\u00fdsledkov alebo spo\u013eahlivosti pou\u017eitia materi\u00e1lov na svojej webovej str\u00e1nke alebo inak s\u00favisiacich s tak\u00fdmito materi\u00e1lmi alebo na ak\u00fdchko\u013evek str\u00e1nkach prepojen\u00fdch s touto str\u00e1nkou.<\/li>\n<\/ol>\n\n\n\n<h3 class=\"wp-block-heading\">4. Obmedzenia<\/h3>\n\n\n\n<p>Spolo\u010dnos\u0165 pilapk ani jej dod\u00e1vatelia v \u017eiadnom pr\u00edpade nenes\u00fa zodpovednos\u0165 za \u017eiadne \u0161kody (vr\u00e1tane, okrem in\u00e9ho, \u0161k\u00f4d sp\u00f4soben\u00fdch stratou \u00fadajov alebo zisku alebo \u0161k\u00f4d sp\u00f4soben\u00fdch preru\u0161en\u00edm podnikania) vypl\u00fdvaj\u00face z pou\u017e\u00edvania alebo neschopnosti pou\u017e\u00edva\u0165 materi\u00e1ly na webovej str\u00e1nke spolo\u010dnosti pilapk, a to ani v pr\u00edpade, \u017ee spolo\u010dnos\u0165 pilapk alebo opr\u00e1vnen\u00fd z\u00e1stupca spolo\u010dnosti pilapk boli \u00fastne alebo p\u00edsomne upozornen\u00ed na mo\u017enos\u0165 vzniku takejto \u0161kody. Ke\u010f\u017ee niektor\u00e9 jurisdikcie nepovo\u013euj\u00fa obmedzenia implicitn\u00fdch z\u00e1ruk ani obmedzenia zodpovednosti za n\u00e1sledn\u00e9 alebo n\u00e1hodn\u00e9 \u0161kody, tieto obmedzenia sa na v\u00e1s nemusia vz\u0165ahova\u0165.<\/p>\n\n\n\n<h3 class=\"wp-block-heading\">5. Presnos\u0165 materi\u00e1lov<\/h3>\n\n\n\n<p>Materi\u00e1ly zobrazen\u00e9 na webovej str\u00e1nke spolo\u010dnosti pilapk m\u00f4\u017eu obsahova\u0165 technick\u00e9, typografick\u00e9 alebo fotografick\u00e9 chyby. Spolo\u010dnos\u0165 pilapk nezaru\u010duje, \u017ee ktor\u00fdko\u013evek z materi\u00e1lov na jej webovej str\u00e1nke je presn\u00fd, \u00fapln\u00fd alebo aktu\u00e1lny. Spolo\u010dnos\u0165 pilapk m\u00f4\u017ee kedyko\u013evek bez predch\u00e1dzaj\u00faceho upozornenia vykona\u0165 zmeny v materi\u00e1loch uveden\u00fdch na jej webovej str\u00e1nke. Spolo\u010dnos\u0165 pilapk sa v\u0161ak nezav\u00e4zuje materi\u00e1ly aktualizova\u0165.<\/p>\n\n\n\n<h3 class=\"wp-block-heading\">6. Odkazy<\/h3>\n\n\n\n<p>Spolo\u010dnos\u0165 pilapk nepresk\u00famala v\u0161etky str\u00e1nky prepojen\u00e9 s jej webovou str\u00e1nkou a nezodpoved\u00e1 za obsah \u017eiadnej z tak\u00fdchto prepojen\u00fdch str\u00e1nok. Zahrnutie ak\u00e9hoko\u013evek odkazu neznamen\u00e1 schv\u00e1lenie str\u00e1nky spolo\u010dnos\u0165ou pilapk. Pou\u017e\u00edvanie akejko\u013evek takejto prepojenej webovej str\u00e1nky je na vlastn\u00e9 riziko pou\u017e\u00edvate\u013ea.<\/p>\n\n\n\n<h3 class=\"wp-block-heading\">7. \u00dapravy<\/h3>\n\n\n\n<p>Spolo\u010dnos\u0165 pilapk si vyhradzuje pr\u00e1vo kedyko\u013evek bez predch\u00e1dzaj\u00faceho upozornenia zmeni\u0165 tieto podmienky pou\u017e\u00edvania svojej webovej str\u00e1nky. Pou\u017e\u00edvan\u00edm tejto webovej str\u00e1nky s\u00fahlas\u00edte s t\u00fdm, \u017ee budete viazan\u00ed aktu\u00e1lnou verziou t\u00fdchto podmienok pou\u017e\u00edvania.<\/p>\n\n\n\n<h3 class=\"wp-block-heading\">8. Rozhodn\u00e9 pr\u00e1vo<\/h3>\n\n\n\n<p>Tieto zmluvn\u00e9 podmienky sa riadia a vykladaj\u00fa v s\u00falade so z\u00e1konmi \u0161t\u00e1tu Pilapk a neodvolate\u013ene sa podria\u010fujete v\u00fdlu\u010dnej jurisdikcii s\u00fadov v danom \u0161t\u00e1te alebo mieste.<\/p>","protected":false},"excerpt":{"rendered":"<p>1. Terms By accessing the website at pilapk you are agreeing to be bound by these terms of service, all [&hellip;]<\/p>\n","protected":false},"author":1,"featured_media":0,"parent":0,"menu_order":0,"comment_status":"closed","ping_status":"closed","template":"","meta":{"site-sidebar-layout":"default","site-content-layout":"","ast-site-content-layout":"default","site-content-style":"default","site-sidebar-style":"default","ast-global-header-display":"","ast-banner-title-visibility":"","ast-main-header-display":"","ast-hfb-above-header-display":"","ast-hfb-below-header-display":"","ast-hfb-mobile-header-display":"","site-post-title":"","ast-breadcrumbs-content":"","ast-featured-img":"","footer-sml-layout":"","theme-transparent-header-meta":"","adv-header-id-meta":"","stick-header-meta":"","header-above-stick-meta":"","header-main-stick-meta":"","header-below-stick-meta":"","astra-migrate-meta-layouts":"default","ast-page-background-enabled":"default","ast-page-background-meta":{"desktop":{"background-color":"var(--ast-global-color-4)","background-image":"","background-repeat":"repeat","background-position":"center center","background-size":"auto","background-attachment":"scroll","background-type":"","background-media":"","overlay-type":"","overlay-color":"","overlay-opacity":"","overlay-gradient":""},"tablet":{"background-color":"","background-image":"","background-repeat":"repeat","background-position":"center center","background-size":"auto","background-attachment":"scroll","background-type":"","background-media":"","overlay-type":"","overlay-color":"","overlay-opacity":"","overlay-gradient":""},"mobile":{"background-color":"","background-image":"","background-repeat":"repeat","background-position":"center center","background-size":"auto","background-attachment":"scroll","background-type":"","background-media":"","overlay-type":"","overlay-color":"","overlay-opacity":"","overlay-gradient":""}},"ast-content-background-meta":{"desktop":{"background-color":"var(--ast-global-color-5)","background-image":"","background-repeat":"repeat","background-position":"center center","background-size":"auto","background-attachment":"scroll","background-type":"","background-media":"","overlay-type":"","overlay-color":"","overlay-opacity":"","overlay-gradient":""},"tablet":{"background-color":"var(--ast-global-color-5)","background-image":"","background-repeat":"repeat","background-position":"center center","background-size":"auto","background-attachment":"scroll","background-type":"","background-media":"","overlay-type":"","overlay-color":"","overlay-opacity":"","overlay-gradient":""},"mobile":{"background-color":"var(--ast-global-color-5)","background-image":"","background-repeat":"repeat","background-position":"center center","background-size":"auto","background-attachment":"scroll","background-type":"","background-media":"","overlay-type":"","overlay-color":"","overlay-opacity":"","overlay-gradient":""}},"footnotes":""},"class_list":["post-14","page","type-page","status-publish","hentry"],"_links":{"self":[{"href":"https:\/\/blog.pilapk.com\/sk\/wp-json\/wp\/v2\/pages\/14","targetHints":{"allow":["GET"]}}],"collection":[{"href":"https:\/\/blog.pilapk.com\/sk\/wp-json\/wp\/v2\/pages"}],"about":[{"href":"https:\/\/blog.pilapk.com\/sk\/wp-json\/wp\/v2\/types\/page"}],"author":[{"embeddable":true,"href":"https:\/\/blog.pilapk.com\/sk\/wp-json\/wp\/v2\/users\/1"}],"replies":[{"embeddable":true,"href":"https:\/\/blog.pilapk.com\/sk\/wp-json\/wp\/v2\/comments?post=14"}],"version-history":[{"count":1,"href":"https:\/\/blog.pilapk.com\/sk\/wp-json\/wp\/v2\/pages\/14\/revisions"}],"predecessor-version":[{"id":15,"href":"https:\/\/blog.pilapk.com\/sk\/wp-json\/wp\/v2\/pages\/14\/revisions\/15"}],"wp:attachment":[{"href":"https:\/\/blog.pilapk.com\/sk\/wp-json\/wp\/v2\/media?parent=14"}],"curies":[{"name":"wp","href":"https:\/\/api.w.org\/{rel}","templated":true}]}}