{"id":16,"date":"2025-04-09T11:59:10","date_gmt":"2025-04-09T11:59:10","guid":{"rendered":"https:\/\/blog.pilapk.com\/?page_id=16"},"modified":"2025-04-09T11:59:12","modified_gmt":"2025-04-09T11:59:12","slug":"zasady-ochrany-osobnych-udajov","status":"publish","type":"page","link":"https:\/\/blog.pilapk.com\/sk\/privacy-policy\/","title":{"rendered":"Z\u00e1sady ochrany osobn\u00fdch \u00fadajov"},"content":{"rendered":"<p>Va\u0161e s\u00fakromie je pre n\u00e1s d\u00f4le\u017eit\u00e9. Z\u00e1sadou spolo\u010dnosti pilapk je re\u0161pektova\u0165 va\u0161e s\u00fakromie, pokia\u013e ide o ak\u00e9ko\u013evek inform\u00e1cie, ktor\u00e9 od v\u00e1s m\u00f4\u017eeme zhroma\u017e\u010fova\u0165 prostredn\u00edctvom na\u0161ej webovej str\u00e1nky. <a href=\"https:\/\/blog.pilapk.com\/sk\/\">pilap<\/a>a \u010fal\u0161ie str\u00e1nky, ktor\u00e9 vlastn\u00edme a prev\u00e1dzkujeme.<\/p>\n\n\n\n<p>Osobn\u00e9 \u00fadaje \u017eiadame iba vtedy, ke\u010f ich skuto\u010dne potrebujeme na poskytnutie slu\u017eby. Zhroma\u017e\u010fujeme ich spravodliv\u00fdmi a z\u00e1konn\u00fdmi prostriedkami s va\u0161\u00edm vedom\u00edm a s\u00fahlasom. Taktie\u017e v\u00e1s informujeme, pre\u010do ich zhroma\u017e\u010fujeme a ako bud\u00fa pou\u017eit\u00e9.<\/p>\n\n\n\n<p>Zhroma\u017eden\u00e9 inform\u00e1cie uchov\u00e1vame iba tak dlho, ako je potrebn\u00e9 na poskytnutie vami po\u017eadovanej slu\u017eby. \u00dadaje, ktor\u00e9 uchov\u00e1vame, budeme chr\u00e1ni\u0165 komer\u010dne prijate\u013en\u00fdmi prostriedkami, aby sme predi\u0161li strate a kr\u00e1de\u017ei, ako aj neopr\u00e1vnen\u00e9mu pr\u00edstupu, zverejneniu, kop\u00edrovaniu, pou\u017eitiu alebo \u00faprave.<\/p>\n\n\n\n<p>Nezdie\u013eame \u017eiadne osobn\u00e9 \u00fadaje verejne ani s tret\u00edmi stranami, s v\u00fdnimkou pr\u00edpadov, ke\u010f to vy\u017eaduje z\u00e1kon.<\/p>\n\n\n\n<p>Na\u0161a webov\u00e1 str\u00e1nka m\u00f4\u017ee odkazova\u0165 na extern\u00e9 str\u00e1nky, ktor\u00e9 neprev\u00e1dzkujeme. Upozor\u0148ujeme, \u017ee nem\u00e1me \u017eiadnu kontrolu nad obsahom a postupmi t\u00fdchto str\u00e1nok a nem\u00f4\u017eeme prevzia\u0165 zodpovednos\u0165 za ich pr\u00edslu\u0161n\u00e9 z\u00e1sady ochrany osobn\u00fdch \u00fadajov.<\/p>\n\n\n\n<p>Na\u0161u \u017eiados\u0165 o va\u0161e osobn\u00e9 \u00fadaje m\u00f4\u017eete odmietnu\u0165 s vedom\u00edm, \u017ee v\u00e1m mo\u017eno nebudeme m\u00f4c\u0165 poskytn\u00fa\u0165 niektor\u00e9 z vami po\u017eadovan\u00fdch slu\u017eieb.<\/p>\n\n\n\n<p>Va\u0161e \u010fal\u0161ie pou\u017e\u00edvanie na\u0161ej webovej str\u00e1nky bude pova\u017eovan\u00e9 za s\u00fahlas s na\u0161imi postupmi t\u00fdkaj\u00facimi sa ochrany s\u00fakromia a osobn\u00fdch \u00fadajov. Ak m\u00e1te ak\u00e9ko\u013evek ot\u00e1zky t\u00fdkaj\u00face sa toho, ako naklad\u00e1me s \u00fadajmi pou\u017e\u00edvate\u013eov a osobn\u00fdmi \u00fadajmi, nev\u00e1hajte n\u00e1s kontaktova\u0165.<\/p>\n\n\n\n<h2 class=\"wp-block-heading\">Z\u00e1sady pou\u017e\u00edvania s\u00faborov cookie pre pilapk<\/h2>\n\n\n\n<p>Toto s\u00fa Z\u00e1sady pou\u017e\u00edvania s\u00faborov cookie pre pilapk, ktor\u00e9 s\u00fa dostupn\u00e9 na adrese URL https:\/\/blog.pilapk.com\/.<\/p>\n\n\n\n<h3 class=\"wp-block-heading\">\u010co s\u00fa s\u00fabory cookie<\/h3>\n\n\n\n<p>Ako je be\u017enou praxou takmer v\u0161etk\u00fdch profesion\u00e1lnych webov\u00fdch str\u00e1nok, aj t\u00e1to str\u00e1nka pou\u017e\u00edva s\u00fabory cookie, \u010do s\u00fa mal\u00e9 s\u00fabory, ktor\u00e9 sa s\u0165ahuj\u00fa do v\u00e1\u0161ho po\u010d\u00edta\u010da, na zlep\u0161enie v\u00e1\u0161ho z\u00e1\u017eitku. T\u00e1to str\u00e1nka popisuje, ak\u00e9 inform\u00e1cie zhroma\u017e\u010fuj\u00fa, ako ich pou\u017e\u00edvame a pre\u010do niekedy potrebujeme tieto s\u00fabory cookie uklada\u0165. Taktie\u017e sa podel\u00edme o to, ako m\u00f4\u017eete zabr\u00e1ni\u0165 ukladaniu t\u00fdchto s\u00faborov cookie, \u010do v\u0161ak m\u00f4\u017ee zn\u00ed\u017ei\u0165 alebo naru\u0161i\u0165 funk\u010dnos\u0165 ur\u010dit\u00fdch prvkov str\u00e1nok.<\/p>\n\n\n\n<h3 class=\"wp-block-heading\">Ako pou\u017e\u00edvame s\u00fabory cookie<\/h3>\n\n\n\n<p>S\u00fabory cookie pou\u017e\u00edvame z r\u00f4znych d\u00f4vodov, ktor\u00e9 s\u00fa podrobne uveden\u00e9 ni\u017e\u0161ie. Bohu\u017eia\u013e, vo v\u00e4\u010d\u0161ine pr\u00edpadov neexistuj\u00fa \u017eiadne \u0161tandardn\u00e9 mo\u017enosti na zak\u00e1zanie s\u00faborov cookie bez \u00fapln\u00e9ho zak\u00e1zania funkci\u00ed a vlastnost\u00ed, ktor\u00e9 prid\u00e1vaj\u00fa na t\u00fato str\u00e1nku. Odpor\u00fa\u010da sa ponecha\u0165 v\u0161etky s\u00fabory cookie zapnut\u00e9, ak si nie ste ist\u00ed, \u010di ich potrebujete alebo nie, v pr\u00edpade, \u017ee sa pou\u017e\u00edvaj\u00fa na poskytovanie slu\u017eby, ktor\u00fa pou\u017e\u00edvate.<\/p>\n\n\n\n<h3 class=\"wp-block-heading\">Zak\u00e1zanie s\u00faborov cookie<\/h3>\n\n\n\n<p>Ukladaniu s\u00faborov cookie m\u00f4\u017eete zabr\u00e1ni\u0165 \u00fapravou nastaven\u00ed vo va\u0161om prehliada\u010di (postup n\u00e1jdete v Pomocn\u00edkovi prehliada\u010da). Upozor\u0148ujeme, \u017ee vypnutie s\u00faborov cookie ovplyvn\u00ed funk\u010dnos\u0165 tejto a mnoh\u00fdch \u010fal\u0161\u00edch webov\u00fdch str\u00e1nok, ktor\u00e9 nav\u0161tevujete. Zak\u00e1zanie s\u00faborov cookie zvy\u010dajne vedie k zak\u00e1zaniu aj ur\u010dit\u00fdch funkci\u00ed a funkci\u00ed tejto str\u00e1nky. Preto sa odpor\u00fa\u010da, aby ste s\u00fabory cookie nezakazovali.<\/p>\n\n\n\n<h3 class=\"wp-block-heading\">S\u00fabory cookie, ktor\u00e9 nastavujeme<\/h3>\n\n\n\n<h3 class=\"wp-block-heading\">S\u00fabory cookie tret\u00edch str\u00e1n<\/h3>\n\n\n\n<p>V niektor\u00fdch \u0161peci\u00e1lnych pr\u00edpadoch pou\u017e\u00edvame aj s\u00fabory cookie poskytovan\u00e9 d\u00f4veryhodn\u00fdmi tret\u00edmi stranami. Nasleduj\u00faca \u010das\u0165 podrobne uv\u00e1dza, s ktor\u00fdmi s\u00fabormi cookie tret\u00edch str\u00e1n sa m\u00f4\u017eete stretn\u00fa\u0165 prostredn\u00edctvom tejto str\u00e1nky.<\/p>\n\n\n\n<ul class=\"wp-block-list\">\n<li>Slu\u017eba Google AdSense, ktor\u00fa pou\u017e\u00edvame na zobrazovanie rekl\u00e1m, pou\u017e\u00edva s\u00fabor cookie DoubleClick na zobrazovanie relevantnej\u0161\u00edch rekl\u00e1m na webe a obmedzenie po\u010dtu zobrazen\u00ed danej reklamy.<\/li>\n\n\n\n<li>Viac inform\u00e1ci\u00ed o slu\u017ebe Google AdSense n\u00e1jdete v ofici\u00e1lnych \u010casto kladen\u00fdch ot\u00e1zkach t\u00fdkaj\u00facich sa ochrany osobn\u00fdch \u00fadajov v slu\u017ebe Google AdSense.<\/li>\n\n\n\n<li>Reklamy pou\u017e\u00edvame na pokrytie n\u00e1kladov na prev\u00e1dzku tejto str\u00e1nky a na zabezpe\u010denie financovania \u010fal\u0161ieho rozvoja. S\u00fabory cookie pre behavior\u00e1lnu reklamu pou\u017e\u00edvan\u00e9 touto str\u00e1nkou s\u00fa navrhnut\u00e9 tak, aby sme v\u00e1m poskytovali \u010do najrelevantnej\u0161ie reklamy, kde je to mo\u017en\u00e9, anonymn\u00fdm sledovan\u00edm va\u0161ich z\u00e1ujmov a prezentovan\u00edm podobn\u00fdch vec\u00ed, ktor\u00e9 by v\u00e1s mohli zauj\u00edma\u0165.<\/li>\n\n\n\n<li>Nieko\u013eko partnerov inzeruje v na\u0161om mene a s\u00fabory cookie na sledovanie partnersk\u00fdch str\u00e1nok n\u00e1m jednoducho umo\u017e\u0148uj\u00fa zisti\u0165, \u010di na\u0161i z\u00e1kazn\u00edci pri\u0161li na str\u00e1nku prostredn\u00edctvom jednej z na\u0161ich partnersk\u00fdch str\u00e1nok, aby sme im mohli primerane prip\u00edsa\u0165 kredit a v pr\u00edpade potreby umo\u017eni\u0165 na\u0161im partnersk\u00fdm partnerom poskytn\u00fa\u0165 v\u00e1m ak\u00fdko\u013evek bonus, ktor\u00fd v\u00e1m m\u00f4\u017eu poskytn\u00fa\u0165 za uskuto\u010dnenie n\u00e1kupu.<\/li>\n<\/ul>\n\n\n\n<h3 class=\"wp-block-heading\">Zodpovednosti pou\u017e\u00edvate\u013ea<\/h3>\n\n\n\n<p>Pou\u017e\u00edvate\u013e sa zav\u00e4zuje, \u017ee bude obsah a inform\u00e1cie pon\u00fakan\u00e9 na str\u00e1nke pou\u017e\u00edva\u0165 vhodn\u00fdm sp\u00f4sobom, a to v\u00fdslovn\u00fdm, ale nie napodob\u0148ovac\u00edm sp\u00f4sobom:<\/p>\n\n\n\n<ul class=\"wp-block-list\">\n<li>A) Nezap\u00e1ja\u0165 sa do \u010dinnost\u00ed, ktor\u00e9 s\u00fa nez\u00e1konn\u00e9 alebo s\u00fa v rozpore s dobrou vierou a verejn\u00fdm poriadkom;<\/li>\n\n\n\n<li>B) Ne\u0161\u00edri\u0165 propagandu ani obsah rasistickej, xenof\u00f3bnej alebo hazardnej povahy, ak\u00fdko\u013evek druh neleg\u00e1lnej pornografie, teroristick\u00e9 tvrdenia alebo tvrdenia proti \u013eudsk\u00fdm pr\u00e1vam;<\/li>\n\n\n\n<li>C) Nepo\u0161kodzujte fyzick\u00e9 syst\u00e9my (hardv\u00e9r) a nedosiahnute\u013en\u00e9 zariadenia (softv\u00e9r) spolo\u010dnosti pilapk, jej dod\u00e1vate\u013eov alebo tret\u00edch str\u00e1n, zav\u00e1dzajte alebo \u0161\u00edrte po\u010d\u00edta\u010dov\u00e9 v\u00edrusy alebo ak\u00e9ko\u013evek in\u00e9 hardv\u00e9rov\u00e9 alebo softv\u00e9rov\u00e9 syst\u00e9my, ktor\u00e9 m\u00f4\u017eu sp\u00f4sobi\u0165 vy\u0161\u0161ie uveden\u00e9 po\u0161kodenie.<\/li>\n<\/ul>\n\n\n\n<h3 class=\"wp-block-heading\">Viac inform\u00e1ci\u00ed<\/h3>\n\n\n\n<p>D\u00fafame, \u017ee v\u00e1m to veci objasnilo, a ako u\u017e bolo spomenut\u00e9, ak si nie ste ist\u00ed, \u010di nie\u010do potrebujete alebo nie, zvy\u010dajne je bezpe\u010dnej\u0161ie ponecha\u0165 s\u00fabory cookie povolen\u00e9 pre pr\u00edpad, \u017ee by to interagovalo s niektorou z funkci\u00ed, ktor\u00e9 pou\u017e\u00edvate na na\u0161ej str\u00e1nke.<\/p>\n\n\n\n<p>Tieto z\u00e1sady s\u00fa \u00fa\u010dinn\u00e9 od 9. apr\u00edla 2025 o 11:57.<\/p>","protected":false},"excerpt":{"rendered":"<p>Your privacy is important to us. It is pilapk&#8217;s policy to respect your privacy regarding any information we may collect [&hellip;]<\/p>\n","protected":false},"author":1,"featured_media":0,"parent":0,"menu_order":0,"comment_status":"closed","ping_status":"closed","template":"","meta":{"site-sidebar-layout":"default","site-content-layout":"","ast-site-content-layout":"default","site-content-style":"default","site-sidebar-style":"default","ast-global-header-display":"","ast-banner-title-visibility":"","ast-main-header-display":"","ast-hfb-above-header-display":"","ast-hfb-below-header-display":"","ast-hfb-mobile-header-display":"","site-post-title":"","ast-breadcrumbs-content":"","ast-featured-img":"","footer-sml-layout":"","theme-transparent-header-meta":"","adv-header-id-meta":"","stick-header-meta":"","header-above-stick-meta":"","header-main-stick-meta":"","header-below-stick-meta":"","astra-migrate-meta-layouts":"default","ast-page-background-enabled":"default","ast-page-background-meta":{"desktop":{"background-color":"var(--ast-global-color-4)","background-image":"","background-repeat":"repeat","background-position":"center center","background-size":"auto","background-attachment":"scroll","background-type":"","background-media":"","overlay-type":"","overlay-color":"","overlay-opacity":"","overlay-gradient":""},"tablet":{"background-color":"","background-image":"","background-repeat":"repeat","background-position":"center center","background-size":"auto","background-attachment":"scroll","background-type":"","background-media":"","overlay-type":"","overlay-color":"","overlay-opacity":"","overlay-gradient":""},"mobile":{"background-color":"","background-image":"","background-repeat":"repeat","background-position":"center center","background-size":"auto","background-attachment":"scroll","background-type":"","background-media":"","overlay-type":"","overlay-color":"","overlay-opacity":"","overlay-gradient":""}},"ast-content-background-meta":{"desktop":{"background-color":"var(--ast-global-color-5)","background-image":"","background-repeat":"repeat","background-position":"center center","background-size":"auto","background-attachment":"scroll","background-type":"","background-media":"","overlay-type":"","overlay-color":"","overlay-opacity":"","overlay-gradient":""},"tablet":{"background-color":"var(--ast-global-color-5)","background-image":"","background-repeat":"repeat","background-position":"center center","background-size":"auto","background-attachment":"scroll","background-type":"","background-media":"","overlay-type":"","overlay-color":"","overlay-opacity":"","overlay-gradient":""},"mobile":{"background-color":"var(--ast-global-color-5)","background-image":"","background-repeat":"repeat","background-position":"center center","background-size":"auto","background-attachment":"scroll","background-type":"","background-media":"","overlay-type":"","overlay-color":"","overlay-opacity":"","overlay-gradient":""}},"footnotes":""},"class_list":["post-16","page","type-page","status-publish","hentry"],"_links":{"self":[{"href":"https:\/\/blog.pilapk.com\/sk\/wp-json\/wp\/v2\/pages\/16","targetHints":{"allow":["GET"]}}],"collection":[{"href":"https:\/\/blog.pilapk.com\/sk\/wp-json\/wp\/v2\/pages"}],"about":[{"href":"https:\/\/blog.pilapk.com\/sk\/wp-json\/wp\/v2\/types\/page"}],"author":[{"embeddable":true,"href":"https:\/\/blog.pilapk.com\/sk\/wp-json\/wp\/v2\/users\/1"}],"replies":[{"embeddable":true,"href":"https:\/\/blog.pilapk.com\/sk\/wp-json\/wp\/v2\/comments?post=16"}],"version-history":[{"count":1,"href":"https:\/\/blog.pilapk.com\/sk\/wp-json\/wp\/v2\/pages\/16\/revisions"}],"predecessor-version":[{"id":17,"href":"https:\/\/blog.pilapk.com\/sk\/wp-json\/wp\/v2\/pages\/16\/revisions\/17"}],"wp:attachment":[{"href":"https:\/\/blog.pilapk.com\/sk\/wp-json\/wp\/v2\/media?parent=16"}],"curies":[{"name":"wp","href":"https:\/\/api.w.org\/{rel}","templated":true}]}}