{"id":76,"date":"2025-05-26T18:01:31","date_gmt":"2025-05-26T18:01:31","guid":{"rendered":"https:\/\/blog.pilapk.com\/?page_id=76"},"modified":"2025-10-27T20:33:38","modified_gmt":"2025-10-27T20:33:38","slug":"o-nas","status":"publish","type":"page","link":"https:\/\/blog.pilapk.com\/sk\/about-us\/","title":{"rendered":"O n\u00e1s"},"content":{"rendered":"<p><strong>blog.pilapk.com<\/strong> bol vytvoren\u00fd s jednoduch\u00fdm cie\u013eom: poskytova\u0165 r\u00fdchly, relevantn\u00fd a spo\u013eahliv\u00fd obsah digit\u00e1lnemu publiku, ktor\u00e9 h\u013ead\u00e1 u\u017eito\u010dn\u00e9 inform\u00e1cie. \u010ci u\u017e sk\u00famate nov\u00e9 mobiln\u00e9 aplik\u00e1cie, h\u013ead\u00e1te pracovn\u00e9 ponuky, spravujete svoje financie alebo sa pon\u00e1rate do modern\u00fdch r\u00e1d oh\u013eadom vz\u0165ahov \u2013 na\u0161\u00edm cie\u013eom je prinies\u0165 naju\u017eito\u010dnej\u0161\u00ed obsah internetu priamo na va\u0161u obrazovku.<\/p>\n\n\n\n<p>Ch\u00e1peme, ak\u00fd cenn\u00fd je v\u00e1\u0161 \u010das. Preto sa zameriavame na publikovanie obsahu, ktor\u00fd je jasn\u00fd, pr\u00edstupn\u00fd a navrhnut\u00fd tak, aby sp\u013a\u0148al skuto\u010dn\u00e9 potreby online \u010ditate\u013eov.<\/p>\n\n\n\n<hr class=\"wp-block-separator has-alpha-channel-opacity\"\/>\n\n\n\n<h3 class=\"wp-block-heading\">\ud83c\udf10 N\u00e1\u0161 pr\u00edstup<\/h3>\n\n\n\n<p>O <strong>Blog Pilapk<\/strong>, nielen publikujeme \u010dl\u00e1nky \u2013 vytv\u00e1rame z\u00e1\u017eitky. N\u00e1\u0161 redak\u010dn\u00fd proces kombinuje anal\u00fdzu digit\u00e1lnych trendov s kontrolou obsahu \u013eu\u010fmi, aby sme zabezpe\u010dili, \u017ee ka\u017ed\u00fd pr\u00edspevok prin\u00e1\u0161a pridan\u00fa hodnotu. Neust\u00e1le monitorujeme, \u010do pou\u017e\u00edvatelia vyh\u013ead\u00e1vaj\u00fa, a reagujeme stru\u010dn\u00fdm a vysoko v\u00fdkonn\u00fdm obsahom optimalizovan\u00fdm pre v\u0161etky zariadenia.<\/p>\n\n\n\n<hr class=\"wp-block-separator has-alpha-channel-opacity\"\/>\n\n\n\n<h3 class=\"wp-block-heading\">\ud83d\udcca Ako fungujeme<\/h3>\n\n\n\n<ul class=\"wp-block-list\">\n<li>Publikujeme v kateg\u00f3ri\u00e1ch ako napr\u00edklad <strong>Aplik\u00e1cie<\/strong>, <strong>Zoznamka<\/strong>, <strong>Financie<\/strong>, <strong>Pracovn\u00e9 miesta<\/strong>a <strong>\u017divotn\u00fd \u0161t\u00fdl<\/strong>.<\/li>\n\n\n\n<li>Medzi na\u0161e zdroje n\u00e1v\u0161tevnosti patria soci\u00e1lne platformy, nat\u00edvna reklama a vyh\u013ead\u00e1va\u010de.<\/li>\n\n\n\n<li>Zodpovedne spe\u0148a\u017eujeme prostredn\u00edctvom reklamn\u00fdch partnerstiev s <strong>Spr\u00e1vca rekl\u00e1m Google<\/strong>, <strong>ADX<\/strong>a \u010fal\u0161\u00ed d\u00f4veryhodn\u00ed poskytovatelia SSP.<\/li>\n<\/ul>\n\n\n\n<hr class=\"wp-block-separator has-alpha-channel-opacity\"\/>\n\n\n\n<h3 class=\"wp-block-heading\">\ud83d\udd12 Transparentnos\u0165 a integrita<\/h3>\n\n\n\n<p>Zaviazali sme sa k transparentnosti. Reklama nikdy neovplyv\u0148uje redak\u010dn\u00fd t\u00f3n na\u0161ich \u010dl\u00e1nkov a dodr\u017eiavame v\u0161etky hlavn\u00e9 predpisy o ochrane osobn\u00fdch \u00fadajov vr\u00e1tane <strong>GDPR<\/strong>, <strong>CCPA<\/strong>a <strong>Pravidl\u00e1 spolo\u010dnosti Google pre vydavate\u013eov<\/strong>.<\/p>\n\n\n\n<hr class=\"wp-block-separator has-alpha-channel-opacity\"\/>\n\n\n\n<h3 class=\"wp-block-heading\">\ud83d\udcac Kontaktujte n\u00e1s<\/h3>\n\n\n\n<p>M\u00e1te sp\u00e4tn\u00fa v\u00e4zbu, obchodn\u00e9 ot\u00e1zky alebo n\u00e1vrhy na obsah?<br>Kontaktujte n\u00e1s kedyko\u013evek na adrese: <strong><a>contact@blog.pilapk.com<\/a><\/strong><\/p>\n\n\n\n<p>\u010eakujeme, \u017ee ste s\u00fa\u010das\u0165ou komunity Pilapk.<\/p>","protected":false},"excerpt":{"rendered":"<p>blog.pilapk.com was built with a simple purpose: to deliver fast, relevant, and reliable content to digital audiences seeking actionable information. [&hellip;]<\/p>\n","protected":false},"author":1,"featured_media":0,"parent":0,"menu_order":0,"comment_status":"closed","ping_status":"closed","template":"","meta":{"site-sidebar-layout":"default","site-content-layout":"","ast-site-content-layout":"","site-content-style":"default","site-sidebar-style":"default","ast-global-header-display":"","ast-banner-title-visibility":"","ast-main-header-display":"","ast-hfb-above-header-display":"","ast-hfb-below-header-display":"","ast-hfb-mobile-header-display":"","site-post-title":"","ast-breadcrumbs-content":"","ast-featured-img":"","footer-sml-layout":"","theme-transparent-header-meta":"","adv-header-id-meta":"","stick-header-meta":"","header-above-stick-meta":"","header-main-stick-meta":"","header-below-stick-meta":"","astra-migrate-meta-layouts":"default","ast-page-background-enabled":"default","ast-page-background-meta":{"desktop":{"background-color":"var(--ast-global-color-4)","background-image":"","background-repeat":"repeat","background-position":"center center","background-size":"auto","background-attachment":"scroll","background-type":"","background-media":"","overlay-type":"","overlay-color":"","overlay-gradient":""},"tablet":{"background-color":"","background-image":"","background-repeat":"repeat","background-position":"center center","background-size":"auto","background-attachment":"scroll","background-type":"","background-media":"","overlay-type":"","overlay-color":"","overlay-gradient":""},"mobile":{"background-color":"","background-image":"","background-repeat":"repeat","background-position":"center center","background-size":"auto","background-attachment":"scroll","background-type":"","background-media":"","overlay-type":"","overlay-color":"","overlay-gradient":""}},"ast-content-background-meta":{"desktop":{"background-color":"var(--ast-global-color-5)","background-image":"","background-repeat":"repeat","background-position":"center center","background-size":"auto","background-attachment":"scroll","background-type":"","background-media":"","overlay-type":"","overlay-color":"","overlay-gradient":""},"tablet":{"background-color":"var(--ast-global-color-5)","background-image":"","background-repeat":"repeat","background-position":"center center","background-size":"auto","background-attachment":"scroll","background-type":"","background-media":"","overlay-type":"","overlay-color":"","overlay-gradient":""},"mobile":{"background-color":"var(--ast-global-color-5)","background-image":"","background-repeat":"repeat","background-position":"center center","background-size":"auto","background-attachment":"scroll","background-type":"","background-media":"","overlay-type":"","overlay-color":"","overlay-gradient":""}},"footnotes":""},"class_list":["post-76","page","type-page","status-publish","hentry"],"_links":{"self":[{"href":"https:\/\/blog.pilapk.com\/sk\/wp-json\/wp\/v2\/pages\/76","targetHints":{"allow":["GET"]}}],"collection":[{"href":"https:\/\/blog.pilapk.com\/sk\/wp-json\/wp\/v2\/pages"}],"about":[{"href":"https:\/\/blog.pilapk.com\/sk\/wp-json\/wp\/v2\/types\/page"}],"author":[{"embeddable":true,"href":"https:\/\/blog.pilapk.com\/sk\/wp-json\/wp\/v2\/users\/1"}],"replies":[{"embeddable":true,"href":"https:\/\/blog.pilapk.com\/sk\/wp-json\/wp\/v2\/comments?post=76"}],"version-history":[{"count":2,"href":"https:\/\/blog.pilapk.com\/sk\/wp-json\/wp\/v2\/pages\/76\/revisions"}],"predecessor-version":[{"id":405,"href":"https:\/\/blog.pilapk.com\/sk\/wp-json\/wp\/v2\/pages\/76\/revisions\/405"}],"wp:attachment":[{"href":"https:\/\/blog.pilapk.com\/sk\/wp-json\/wp\/v2\/media?parent=76"}],"curies":[{"name":"wp","href":"https:\/\/api.w.org\/{rel}","templated":true}]}}