{"id":78,"date":"2025-05-26T18:02:34","date_gmt":"2025-05-26T18:02:34","guid":{"rendered":"https:\/\/blog.pilapk.com\/?page_id=78"},"modified":"2025-05-26T18:02:36","modified_gmt":"2025-05-26T18:02:36","slug":"zasady-pouzivania-suborov-cookie","status":"publish","type":"page","link":"https:\/\/blog.pilapk.com\/sk\/cookie-policy\/","title":{"rendered":"Z\u00e1sady pou\u017e\u00edvania s\u00faborov cookie"},"content":{"rendered":"<p><strong>D\u00e1tum \u00fa\u010dinnosti:<\/strong> 26. m\u00e1ja 2025<br><strong>Webov\u00e1 str\u00e1nka:<\/strong> <a class=\"\" href=\"https:\/\/blog.pilapk.com\/sk\/\">https:\/\/blog.pilapk.com<\/a><\/p>\n\n\n\n<p>O <strong>Pilapk.com<\/strong>, transparentnos\u0165 je jednou z na\u0161ich z\u00e1kladn\u00fdch z\u00e1sad. Tieto Z\u00e1sady pou\u017e\u00edvania s\u00faborov cookie opisuj\u00fa, ako pou\u017e\u00edvame s\u00fabory cookie a s\u00favisiace technol\u00f3gie na zabezpe\u010denie r\u00fdchleho, bezpe\u010dn\u00e9ho a prisp\u00f4soben\u00e9ho prehliadania. Vysvet\u013euj\u00fa tie\u017e, ako m\u00f4\u017eete tieto technol\u00f3gie ovl\u00e1da\u0165 v s\u00falade s glob\u00e1lnymi predpismi o ochrane osobn\u00fdch \u00fadajov.<\/p>\n\n\n\n<hr class=\"wp-block-separator has-alpha-channel-opacity\"\/>\n\n\n\n<h3 class=\"wp-block-heading\">1. <strong>Pochopenie s\u00faborov cookie<\/strong><\/h3>\n\n\n\n<p>S\u00fabory cookie s\u00fa mal\u00e9 textov\u00e9 s\u00fabory ulo\u017een\u00e9 vo va\u0161om po\u010d\u00edta\u010di alebo mobilnom zariaden\u00ed pri n\u00e1v\u0161teve webovej str\u00e1nky. Sl\u00fa\u017eia viacer\u00fdm funkci\u00e1m vr\u00e1tane:<\/p>\n\n\n\n<ul class=\"wp-block-list\">\n<li>Zapam\u00e4tanie si pou\u017e\u00edvate\u013esk\u00fdch preferenci\u00ed<\/li>\n\n\n\n<li>Povolenie zabezpe\u010den\u00e9ho pr\u00edstupu k str\u00e1nkam<\/li>\n\n\n\n<li>Anal\u00fdza spr\u00e1vania n\u00e1v\u0161tevn\u00edkov<\/li>\n\n\n\n<li>Podpora zobrazovania relevantnej reklamy<\/li>\n<\/ul>\n\n\n\n<p>S\u00fabory cookie m\u00f4\u017eeme umiestni\u0165 my (\u201e<strong>s\u00fabory cookie prvej strany<\/strong>\u201e) alebo tret\u00edmi stranami, ktor\u00fdch slu\u017eby vyu\u017e\u00edvame (\u201e<strong>s\u00fabory cookie tret\u00edch str\u00e1n<\/strong>&#8220;).<\/p>\n\n\n\n<hr class=\"wp-block-separator has-alpha-channel-opacity\"\/>\n\n\n\n<h3 class=\"wp-block-heading\">2. <strong>Pre\u010do pou\u017e\u00edvame s\u00fabory cookie<\/strong><\/h3>\n\n\n\n<p>S\u00fabory cookie pou\u017e\u00edvame na:<\/p>\n\n\n\n<ul class=\"wp-block-list\">\n<li><strong>Zabezpe\u010denie spr\u00e1vnej funk\u010dnosti webovej str\u00e1nky<\/strong><\/li>\n\n\n\n<li><strong>Analyzova\u0165 v\u00fdkon<\/strong> prostredn\u00edctvom n\u00e1strojov ako Google Analytics<\/li>\n\n\n\n<li><strong>Zobrazujte cielen\u00fa reklamu<\/strong> prostredn\u00edctvom programatick\u00fdch platforiem, ako s\u00fa Google Ad Manager, AdSense a partneri na strane dopytu<\/li>\n\n\n\n<li><strong>Dodr\u017eiavajte z\u00e1konn\u00e9 povinnosti<\/strong> t\u00fdkaj\u00face sa spracovania \u00fadajov a s\u00fahlasu pou\u017e\u00edvate\u013ea<\/li>\n<\/ul>\n\n\n\n<hr class=\"wp-block-separator has-alpha-channel-opacity\"\/>\n\n\n\n<h3 class=\"wp-block-heading\">3. <strong>Kateg\u00f3rie pou\u017e\u00edvan\u00fdch s\u00faborov cookie<\/strong><\/h3>\n\n\n\n<h4 class=\"wp-block-heading\">a. <strong>Nevyhnutne potrebn\u00e9 s\u00fabory cookie<\/strong><\/h4>\n\n\n\n<p>Tieto s\u00fabory cookie s\u00fa nevyhnutn\u00e9 pre fungovanie str\u00e1nky a v na\u0161ich syst\u00e9moch ich nemo\u017eno zak\u00e1za\u0165.<\/p>\n\n\n\n<h4 class=\"wp-block-heading\">b. <strong>S\u00fabory cookie pre v\u00fdkon a analytiku<\/strong><\/h4>\n\n\n\n<p>Pou\u017e\u00edva sa na anonymn\u00e9 sledovanie n\u00e1v\u0161tev str\u00e1nok, toku pou\u017e\u00edvate\u013eov a spr\u00e1vania s cie\u013eom zlep\u0161i\u0165 v\u00fdkon.<\/p>\n\n\n\n<h4 class=\"wp-block-heading\">cca. <strong>Funk\u010dn\u00e9 s\u00fabory cookie<\/strong><\/h4>\n\n\n\n<p>Povoli\u0165 roz\u0161\u00edren\u00e9 funkcie, ako je v\u00fdber jazyka alebo zapam\u00e4tanie prihlasovac\u00edch \u00fadajov.<\/p>\n\n\n\n<h4 class=\"wp-block-heading\">d. <strong>Reklamn\u00e9 s\u00fabory cookie<\/strong><\/h4>\n\n\n\n<p>Pou\u017e\u00edvaj\u00fa ich na\u0161i reklamn\u00ed partneri na zobrazovanie rekl\u00e1m zalo\u017een\u00fdch na z\u00e1ujmoch, spr\u00e1vu frekvencie zobrazen\u00ed a sledovanie \u00fa\u010dinnosti rekl\u00e1m na webov\u00fdch str\u00e1nkach.<\/p>\n\n\n\n<hr class=\"wp-block-separator has-alpha-channel-opacity\"\/>\n\n\n\n<h3 class=\"wp-block-heading\">4. <strong>S\u00fabory cookie tret\u00edch str\u00e1n<\/strong><\/h3>\n\n\n\n<p>Niektor\u00e9 s\u00fabory cookie umiest\u0148uj\u00fa slu\u017eby, ktor\u00e9 integrujeme, ako napr\u00edklad:<\/p>\n\n\n\n<ul class=\"wp-block-list\">\n<li><strong>Google Analytics<\/strong><\/li>\n\n\n\n<li><strong>Spr\u00e1vca rekl\u00e1m Google \/ AdSense<\/strong><\/li>\n\n\n\n<li><strong>JoinAds, SSP a RTB partneri<\/strong><\/li>\n\n\n\n<li><strong>Platformy na spr\u00e1vu s\u00fahlasu (CMP)<\/strong><\/li>\n<\/ul>\n\n\n\n<p>Tieto tretie strany m\u00f4\u017eu pou\u017e\u00edva\u0165 s\u00fabory cookie na zhroma\u017e\u010fovanie \u00fadajov o pou\u017e\u00edvan\u00ed, inform\u00e1ci\u00ed o zariadeniach a anonymizovan\u00fdch identifik\u00e1torov.<\/p>\n\n\n\n<p>Viac sa dozviete v ich pr\u00edslu\u0161n\u00fdch z\u00e1sad\u00e1ch ochrany osobn\u00fdch \u00fadajov.<\/p>\n\n\n\n<hr class=\"wp-block-separator has-alpha-channel-opacity\"\/>\n\n\n\n<h3 class=\"wp-block-heading\">5. <strong>S\u00fahlas a kontrola pou\u017e\u00edvate\u013ea<\/strong><\/h3>\n\n\n\n<p>Pri va\u0161ej prvej n\u00e1v\u0161teve na\u0161ej webovej str\u00e1nky sa v\u00e1m zobraz\u00ed banner so s\u00fahlasom s pou\u017e\u00edvan\u00edm s\u00faborov cookie.<\/p>\n\n\n\n<p>M\u00f4\u017eete:<\/p>\n\n\n\n<ul class=\"wp-block-list\">\n<li>Prija\u0165 v\u0161etky s\u00fabory cookie<\/li>\n\n\n\n<li>Odmietnu\u0165 nepodstatn\u00e9 s\u00fabory cookie<\/li>\n\n\n\n<li>Prisp\u00f4sobte si svoje preferencie<\/li>\n<\/ul>\n\n\n\n<p>Svoje preferencie m\u00f4\u017eete kedyko\u013evek aktualizova\u0165 prostredn\u00edctvom <strong>\u201eNastavenia s\u00faborov cookie\u201c<\/strong> odkaz v p\u00e4te.<\/p>\n\n\n\n<hr class=\"wp-block-separator has-alpha-channel-opacity\"\/>\n\n\n\n<h3 class=\"wp-block-heading\">6. <strong>Spr\u00e1va s\u00faborov cookie vo va\u0161om prehliada\u010di<\/strong><\/h3>\n\n\n\n<p>S\u00fabory cookie m\u00f4\u017eete spravova\u0165 aj prostredn\u00edctvom prehliada\u010da. Tu je nieko\u013eko zdrojov:<\/p>\n\n\n\n<ul class=\"wp-block-list\">\n<li><a>Chrome<\/a><\/li>\n\n\n\n<li><a class=\"\" href=\"https:\/\/support.mozilla.org\/en-US\/kb\/enable-and-disable-cookies\">Firefox<\/a><\/li>\n\n\n\n<li><a class=\"\" href=\"https:\/\/support.apple.com\/en-us\/HT201265\">Safari<\/a><\/li>\n\n\n\n<li><a class=\"\" href=\"https:\/\/support.microsoft.com\/en-us\/microsoft-edge\/delete-cookies-in-microsoft-edge-63947406-40ac-c3b8-57b9-2a946a29ae09\">Okraj<\/a><\/li>\n<\/ul>\n\n\n\n<hr class=\"wp-block-separator has-alpha-channel-opacity\"\/>\n\n\n\n<h3 class=\"wp-block-heading\">7. <strong>Dodr\u017eiavanie glob\u00e1lnych z\u00e1konov<\/strong><\/h3>\n\n\n\n<p>Dodr\u017eiavame nasleduj\u00face predpisy:<\/p>\n\n\n\n<ul class=\"wp-block-list\">\n<li><strong>GDPR<\/strong> (E\u00da) \u2013 Pre nepodstatn\u00e9 s\u00fabory cookie sa vy\u017eaduje v\u00fdslovn\u00fd s\u00fahlas.<\/li>\n\n\n\n<li><strong>CCPA<\/strong> (Kalifornia) \u2013 Pr\u00e1vo odmietnu\u0165 zdie\u013eanie a predaj \u00fadajov.<\/li>\n\n\n\n<li><strong>LGPD<\/strong> (Braz\u00edlia) \u2013 Transparentnos\u0165 pri zhroma\u017e\u010fovan\u00ed \u00fadajov a ich z\u00e1konnom pou\u017e\u00edvan\u00ed.<\/li>\n<\/ul>\n\n\n\n<p>Obyvatelia pr\u00edslu\u0161n\u00fdch regi\u00f3nov si m\u00f4\u017eu uplatni\u0165 svoje pr\u00e1va prostredn\u00edctvom vyhraden\u00fdch odkazov alebo priamym kontaktovan\u00edm n\u00e1s.<\/p>\n\n\n\n<hr class=\"wp-block-separator has-alpha-channel-opacity\"\/>\n\n\n\n<h3 class=\"wp-block-heading\">8. <strong>Aktualiz\u00e1cie t\u00fdchto z\u00e1sad<\/strong><\/h3>\n\n\n\n<p>Tieto Z\u00e1sady pou\u017e\u00edvania s\u00faborov cookie m\u00f4\u017eu by\u0165 pravidelne revidovan\u00e9, aby odr\u00e1\u017eali zmeny v z\u00e1konn\u00fdch povinnostiach alebo technol\u00f3gi\u00e1ch. Ak\u00e9ko\u013evek zmeny bud\u00fa zverejnen\u00e9 tu s aktualizovan\u00fdm \u201eD\u00e1tumom \u00fa\u010dinnosti\u201c.<\/p>\n\n\n\n<hr class=\"wp-block-separator has-alpha-channel-opacity\"\/>\n\n\n\n<h3 class=\"wp-block-heading\">9. <strong>Kontaktujte n\u00e1s<\/strong><\/h3>\n\n\n\n<p>V pr\u00edpade ot\u00e1zok alebo \u017eiadost\u00ed t\u00fdkaj\u00facich sa t\u00fdchto z\u00e1sad:<\/p>\n\n\n\n<p>\ud83d\udce7 <strong>E-mail<\/strong>: <a>contact@blog.pilapk.com<\/a><br>\ud83c\udf10 <strong>Webov\u00e1 str\u00e1nka<\/strong>: <a class=\"\" href=\"https:\/\/blog.pilapk.com\/sk\/\">https:\/\/blog.pilapk.com<\/a><\/p>","protected":false},"excerpt":{"rendered":"<p>Effective Date: May 26, 2025Website: https:\/\/blog.pilapk.com At Pilapk.com, transparency is one of our core principles. This Cookie Policy outlines how [&hellip;]<\/p>\n","protected":false},"author":1,"featured_media":0,"parent":0,"menu_order":0,"comment_status":"closed","ping_status":"closed","template":"","meta":{"site-sidebar-layout":"default","site-content-layout":"","ast-site-content-layout":"","site-content-style":"default","site-sidebar-style":"default","ast-global-header-display":"","ast-banner-title-visibility":"","ast-main-header-display":"","ast-hfb-above-header-display":"","ast-hfb-below-header-display":"","ast-hfb-mobile-header-display":"","site-post-title":"","ast-breadcrumbs-content":"","ast-featured-img":"","footer-sml-layout":"","theme-transparent-header-meta":"","adv-header-id-meta":"","stick-header-meta":"","header-above-stick-meta":"","header-main-stick-meta":"","header-below-stick-meta":"","astra-migrate-meta-layouts":"default","ast-page-background-enabled":"default","ast-page-background-meta":{"desktop":{"background-color":"var(--ast-global-color-4)","background-image":"","background-repeat":"repeat","background-position":"center center","background-size":"auto","background-attachment":"scroll","background-type":"","background-media":"","overlay-type":"","overlay-color":"","overlay-gradient":""},"tablet":{"background-color":"","background-image":"","background-repeat":"repeat","background-position":"center center","background-size":"auto","background-attachment":"scroll","background-type":"","background-media":"","overlay-type":"","overlay-color":"","overlay-gradient":""},"mobile":{"background-color":"","background-image":"","background-repeat":"repeat","background-position":"center center","background-size":"auto","background-attachment":"scroll","background-type":"","background-media":"","overlay-type":"","overlay-color":"","overlay-gradient":""}},"ast-content-background-meta":{"desktop":{"background-color":"var(--ast-global-color-5)","background-image":"","background-repeat":"repeat","background-position":"center center","background-size":"auto","background-attachment":"scroll","background-type":"","background-media":"","overlay-type":"","overlay-color":"","overlay-gradient":""},"tablet":{"background-color":"var(--ast-global-color-5)","background-image":"","background-repeat":"repeat","background-position":"center center","background-size":"auto","background-attachment":"scroll","background-type":"","background-media":"","overlay-type":"","overlay-color":"","overlay-gradient":""},"mobile":{"background-color":"var(--ast-global-color-5)","background-image":"","background-repeat":"repeat","background-position":"center center","background-size":"auto","background-attachment":"scroll","background-type":"","background-media":"","overlay-type":"","overlay-color":"","overlay-gradient":""}},"footnotes":""},"class_list":["post-78","page","type-page","status-publish","hentry"],"_links":{"self":[{"href":"https:\/\/blog.pilapk.com\/sk\/wp-json\/wp\/v2\/pages\/78","targetHints":{"allow":["GET"]}}],"collection":[{"href":"https:\/\/blog.pilapk.com\/sk\/wp-json\/wp\/v2\/pages"}],"about":[{"href":"https:\/\/blog.pilapk.com\/sk\/wp-json\/wp\/v2\/types\/page"}],"author":[{"embeddable":true,"href":"https:\/\/blog.pilapk.com\/sk\/wp-json\/wp\/v2\/users\/1"}],"replies":[{"embeddable":true,"href":"https:\/\/blog.pilapk.com\/sk\/wp-json\/wp\/v2\/comments?post=78"}],"version-history":[{"count":1,"href":"https:\/\/blog.pilapk.com\/sk\/wp-json\/wp\/v2\/pages\/78\/revisions"}],"predecessor-version":[{"id":79,"href":"https:\/\/blog.pilapk.com\/sk\/wp-json\/wp\/v2\/pages\/78\/revisions\/79"}],"wp:attachment":[{"href":"https:\/\/blog.pilapk.com\/sk\/wp-json\/wp\/v2\/media?parent=78"}],"curies":[{"name":"wp","href":"https:\/\/api.w.org\/{rel}","templated":true}]}}