{"id":14,"date":"2025-04-09T11:58:20","date_gmt":"2025-04-09T11:58:20","guid":{"rendered":"https:\/\/blog.pilapk.com\/?page_id=14"},"modified":"2025-04-09T11:58:21","modified_gmt":"2025-04-09T11:58:21","slug":"pogoji-storitve","status":"publish","type":"page","link":"https:\/\/blog.pilapk.com\/sl\/terms-of-service\/","title":{"rendered":"Pogoji storitve"},"content":{"rendered":"<h3 class=\"wp-block-heading\">1. Pogoji<\/h3>\n\n\n\n<p>Z dostopom do spletnega mesta na <a href=\"https:\/\/blog.pilapk.com\/sl\/\">pilap<\/a> Strinjate se, da vas zavezujejo ti pogoji storitve, vsi veljavni zakoni in predpisi ter da ste odgovorni za skladnost z vsemi veljavnimi lokalnimi zakoni. \u010ce se s katerim koli od teh pogojev ne strinjate, vam je prepovedana uporaba ali dostop do tega spletnega mesta. Gradiva na tem spletnem mestu so za\u0161\u010ditena z veljavno zakonodajo o avtorskih pravicah in blagovnih znamkah.<\/p>\n\n\n\n<h3 class=\"wp-block-heading\">2. Uporabi licenco<\/h3>\n\n\n\n<ol class=\"wp-block-list\">\n<li>Dovoljeno je za\u010dasno prenesti eno kopijo gradiva (informacij ali programske opreme) s spletnega mesta pilapk samo za osebni, nekomercialni in prehodni ogled. To je podelitev licence, ne prenos lastni\u0161tva, in v skladu s to licenco ne smete:<\/li>\n\n\n\n<li>spreminjati ali kopirati gradiva;<\/li>\n\n\n\n<li>uporabljati gradiva za kakr\u0161en koli komercialni namen ali za kakr\u0161no koli javno predstavitev (komercialno ali nekomercialno);<\/li>\n\n\n\n<li>posku\u0161ati dekompilirati ali izvajati obratnega in\u017eeniringa katere koli programske opreme, ki je na spletni strani pilapk;<\/li>\n\n\n\n<li>odstraniti vse avtorske pravice ali druge lastni\u0161ke oznake iz gradiv; ali<\/li>\n\n\n\n<li>prenesti gradiva na drugo osebo ali \u00bbzrcaliti\u00ab gradiva na katerem koli drugem stre\u017eniku.<\/li>\n\n\n\n<li>Ta licenca samodejno preneha veljati, \u010de kr\u0161ite katero koli od teh omejitev, pilapk pa jo lahko kadar koli prekine. Po prenehanju ogleda teh gradiv ali po prenehanju te licence morate uni\u010diti vsa prenesena gradiva, ki jih imate v lasti, bodisi v elektronski bodisi v tiskani obliki.<\/li>\n<\/ol>\n\n\n\n<h3 class=\"wp-block-heading\">3. Izjava o omejitvi odgovornosti<\/h3>\n\n\n\n<ol class=\"wp-block-list\">\n<li>Gradiva na spletni strani pilapk so na voljo \u00bbkot so\u00ab. pilapk ne daje nobenih jamstev, izrecnih ali implicitnih, in s tem zavra\u010da in zanika vsa druga jamstva, vklju\u010dno z, vendar ne omejeno na, implicitna jamstva ali pogoje prodajnosti, primernosti za dolo\u010den namen ali nekr\u0161itve intelektualne lastnine ali druge kr\u0161itve pravic.<\/li>\n\n\n\n<li>Poleg tega pilapk ne jam\u010di in ne daje nobenih zagotovil glede to\u010dnosti, verjetnih rezultatov ali zanesljivosti uporabe gradiv na svojem spletnem mestu ali kako druga\u010de v zvezi s takimi gradivi ali na katerih koli spletnih mestih, povezanih s tem spletnim mestom.<\/li>\n<\/ol>\n\n\n\n<h3 class=\"wp-block-heading\">4. Omejitve<\/h3>\n\n\n\n<p>Dru\u017eba pilapk ali njeni dobavitelji v nobenem primeru ne odgovarjajo za kakr\u0161no koli \u0161kodo (vklju\u010dno z, vendar ne omejeno na, \u0161kodo zaradi izgube podatkov ali dobi\u010dka ali zaradi prekinitve poslovanja), ki bi nastala zaradi uporabe ali nezmo\u017enosti uporabe gradiv na spletni strani dru\u017ebe pilapk, tudi \u010de je bila dru\u017eba pilapk ali poobla\u0161\u010deni zastopnik dru\u017ebe pilapk ustno ali pisno obve\u0161\u010dena o mo\u017enosti tak\u0161ne \u0161kode. Ker nekatere jurisdikcije ne dovoljujejo omejitev implicitnih jamstev ali omejitev odgovornosti za posledi\u010dno ali naklju\u010dno \u0161kodo, te omejitve morda ne veljajo za vas.<\/p>\n\n\n\n<h3 class=\"wp-block-heading\">5. Natan\u010dnost materialov<\/h3>\n\n\n\n<p>Gradiva, ki se pojavljajo na spletni strani pilapk, lahko vsebujejo tehni\u010dne, tipografske ali fotografske napake. pilapk ne jam\u010di, da so katera koli gradiva na njegovi spletni strani to\u010dna, popolna ali a\u017eurna. pilapk lahko kadar koli brez predhodnega obvestila spremeni gradiva na svoji spletni strani. Vendar pilapk ne prevzema nobene obveznosti glede posodabljanja gradiv.<\/p>\n\n\n\n<h3 class=\"wp-block-heading\">6. Povezave<\/h3>\n\n\n\n<p>pilapk ni pregledal vseh spletnih mest, povezanih z njegovim spletnim mestom, in ni odgovoren za vsebino nobenega od teh povezanih spletnih mest. Vklju\u010ditev katere koli povezave ne pomeni, da pilapk odobrava to spletno mesto. Uporaba katerega koli od teh povezanih spletnih mest je na lastno odgovornost uporabnika.<\/p>\n\n\n\n<h3 class=\"wp-block-heading\">7. Spremembe<\/h3>\n\n\n\n<p>pilapk lahko kadar koli brez predhodnega obvestila spremeni te pogoje storitve za svoje spletno mesto. Z uporabo tega spletnega mesta se strinjate, da vas zavezuje takrat veljavna razli\u010dica teh pogojev storitve.<\/p>\n\n\n\n<h3 class=\"wp-block-heading\">8. Veljavno pravo<\/h3>\n\n\n\n<p>Te pogoje poslovanja ureja in razlaga zakonodaja Pilapka, vi pa se nepreklicno podrejate izklju\u010dni pristojnosti sodi\u0161\u010d v tej dr\u017eavi ali lokaciji.<\/p>","protected":false},"excerpt":{"rendered":"<p>1. Terms By accessing the website at pilapk you are agreeing to be bound by these terms of service, all [&hellip;]<\/p>\n","protected":false},"author":1,"featured_media":0,"parent":0,"menu_order":0,"comment_status":"closed","ping_status":"closed","template":"","meta":{"site-sidebar-layout":"default","site-content-layout":"","ast-site-content-layout":"default","site-content-style":"default","site-sidebar-style":"default","ast-global-header-display":"","ast-banner-title-visibility":"","ast-main-header-display":"","ast-hfb-above-header-display":"","ast-hfb-below-header-display":"","ast-hfb-mobile-header-display":"","site-post-title":"","ast-breadcrumbs-content":"","ast-featured-img":"","footer-sml-layout":"","theme-transparent-header-meta":"","adv-header-id-meta":"","stick-header-meta":"","header-above-stick-meta":"","header-main-stick-meta":"","header-below-stick-meta":"","astra-migrate-meta-layouts":"default","ast-page-background-enabled":"default","ast-page-background-meta":{"desktop":{"background-color":"var(--ast-global-color-4)","background-image":"","background-repeat":"repeat","background-position":"center center","background-size":"auto","background-attachment":"scroll","background-type":"","background-media":"","overlay-type":"","overlay-color":"","overlay-opacity":"","overlay-gradient":""},"tablet":{"background-color":"","background-image":"","background-repeat":"repeat","background-position":"center center","background-size":"auto","background-attachment":"scroll","background-type":"","background-media":"","overlay-type":"","overlay-color":"","overlay-opacity":"","overlay-gradient":""},"mobile":{"background-color":"","background-image":"","background-repeat":"repeat","background-position":"center center","background-size":"auto","background-attachment":"scroll","background-type":"","background-media":"","overlay-type":"","overlay-color":"","overlay-opacity":"","overlay-gradient":""}},"ast-content-background-meta":{"desktop":{"background-color":"var(--ast-global-color-5)","background-image":"","background-repeat":"repeat","background-position":"center center","background-size":"auto","background-attachment":"scroll","background-type":"","background-media":"","overlay-type":"","overlay-color":"","overlay-opacity":"","overlay-gradient":""},"tablet":{"background-color":"var(--ast-global-color-5)","background-image":"","background-repeat":"repeat","background-position":"center center","background-size":"auto","background-attachment":"scroll","background-type":"","background-media":"","overlay-type":"","overlay-color":"","overlay-opacity":"","overlay-gradient":""},"mobile":{"background-color":"var(--ast-global-color-5)","background-image":"","background-repeat":"repeat","background-position":"center center","background-size":"auto","background-attachment":"scroll","background-type":"","background-media":"","overlay-type":"","overlay-color":"","overlay-opacity":"","overlay-gradient":""}},"footnotes":""},"class_list":["post-14","page","type-page","status-publish","hentry"],"_links":{"self":[{"href":"https:\/\/blog.pilapk.com\/sl\/wp-json\/wp\/v2\/pages\/14","targetHints":{"allow":["GET"]}}],"collection":[{"href":"https:\/\/blog.pilapk.com\/sl\/wp-json\/wp\/v2\/pages"}],"about":[{"href":"https:\/\/blog.pilapk.com\/sl\/wp-json\/wp\/v2\/types\/page"}],"author":[{"embeddable":true,"href":"https:\/\/blog.pilapk.com\/sl\/wp-json\/wp\/v2\/users\/1"}],"replies":[{"embeddable":true,"href":"https:\/\/blog.pilapk.com\/sl\/wp-json\/wp\/v2\/comments?post=14"}],"version-history":[{"count":1,"href":"https:\/\/blog.pilapk.com\/sl\/wp-json\/wp\/v2\/pages\/14\/revisions"}],"predecessor-version":[{"id":15,"href":"https:\/\/blog.pilapk.com\/sl\/wp-json\/wp\/v2\/pages\/14\/revisions\/15"}],"wp:attachment":[{"href":"https:\/\/blog.pilapk.com\/sl\/wp-json\/wp\/v2\/media?parent=14"}],"curies":[{"name":"delovni list","href":"https:\/\/api.w.org\/{rel}","templated":true}]}}