{"id":16,"date":"2025-04-09T11:59:10","date_gmt":"2025-04-09T11:59:10","guid":{"rendered":"https:\/\/blog.pilapk.com\/?page_id=16"},"modified":"2025-04-09T11:59:12","modified_gmt":"2025-04-09T11:59:12","slug":"politika-zasebnosti","status":"publish","type":"page","link":"https:\/\/blog.pilapk.com\/sl\/privacy-policy\/","title":{"rendered":"Pravilnik o zasebnosti"},"content":{"rendered":"<p>Va\u0161a zasebnost nam je pomembna. Politika podjetja pilapk je, da spo\u0161tuje va\u0161o zasebnost glede vseh informacij, ki jih lahko zberemo od vas na na\u0161i spletni strani, <a href=\"https:\/\/blog.pilapk.com\/sl\/\">pilap<\/a>in druga spletna mesta, ki jih imamo v lasti in upravljamo.<\/p>\n\n\n\n<p>Osebne podatke zahtevamo le, kadar jih resni\u010dno potrebujemo za zagotavljanje storitve. Zbiramo jih na po\u0161ten in zakonit na\u010din, z va\u0161im vedenjem in soglasjem. Prav tako vas obvestimo, zakaj jih zbiramo in kako bodo uporabljeni.<\/p>\n\n\n\n<p>Zbrane podatke hranimo le toliko \u010dasa, kolikor je potrebno, da vam zagotovimo zahtevano storitev. Podatke, ki jih shranimo, bomo za\u0161\u010ditili na komercialno sprejemljiv na\u010din, da prepre\u010dimo izgubo in krajo ter nepoobla\u0161\u010den dostop, razkritje, kopiranje, uporabo ali spreminjanje.<\/p>\n\n\n\n<p>Osebnih podatkov ne delimo javno ali s tretjimi osebami, razen kadar to zahteva zakon.<\/p>\n\n\n\n<p>Na\u0161e spletno mesto lahko vsebuje povezave do zunanjih spletnih mest, ki jih ne upravljamo mi. Upo\u0161tevajte, da nimamo nadzora nad vsebino in praksami teh spletnih mest in ne moremo prevzeti odgovornosti za njihove politike zasebnosti.<\/p>\n\n\n\n<p>Na\u0161o zahtevo za va\u0161e osebne podatke lahko zavrnete, pri \u010demer se zavedate, da vam morda ne bomo mogli zagotoviti nekaterih \u017eelenih storitev.<\/p>\n\n\n\n<p>Va\u0161a nadaljnja uporaba na\u0161ega spletnega mesta bo \u0161tela za sprejetje na\u0161ih praks glede zasebnosti in osebnih podatkov. \u010ce imate kakr\u0161na koli vpra\u0161anja o tem, kako ravnamo s podatki uporabnikov in osebnimi podatki, nas prosim kontaktirajte.<\/p>\n\n\n\n<h2 class=\"wp-block-heading\">Pravilnik o pi\u0161kotkih za pilapk<\/h2>\n\n\n\n<p>To je politika pi\u0161kotkov za pilapk, dostopna na URL-ju https:\/\/blog.pilapk.com\/.<\/p>\n\n\n\n<h3 class=\"wp-block-heading\">Kaj so pi\u0161kotki<\/h3>\n\n\n\n<p>Kot je obi\u010dajna praksa pri skoraj vseh profesionalnih spletnih mestih, tudi to spletno mesto uporablja pi\u0161kotke, ki so majhne datoteke, ki se prenesejo na va\u0161 ra\u010dunalnik, za izbolj\u0161anje va\u0161e izku\u0161nje. Ta stran opisuje, katere podatke zbirajo, kako jih uporabljamo in zakaj v\u010dasih moramo shraniti te pi\u0161kotke. Delili bomo tudi s tem, kako lahko prepre\u010dite shranjevanje teh pi\u0161kotkov, vendar lahko to poslab\u0161a ali prekine delovanje nekaterih elementov spletnega mesta.<\/p>\n\n\n\n<h3 class=\"wp-block-heading\">Kako uporabljamo pi\u0161kotke<\/h3>\n\n\n\n<p>Pi\u0161kotke uporabljamo iz razli\u010dnih razlogov, ki so podrobno opisani spodaj. \u017dal v ve\u010dini primerov ni standardnih mo\u017enosti za onemogo\u010danje pi\u0161kotkov, ne da bi popolnoma onemogo\u010dili funkcionalnost in lastnosti, ki jih dodajo na to spletno mesto. Priporo\u010dljivo je, da pustite vse pi\u0161kotke vklopljene, \u010de niste prepri\u010dani, ali jih potrebujete ali ne, v primeru, da se uporabljajo za zagotavljanje storitve, ki jo uporabljate.<\/p>\n\n\n\n<h3 class=\"wp-block-heading\">Onemogo\u010danje pi\u0161kotkov<\/h3>\n\n\n\n<p>Nastavitev pi\u0161kotkov lahko prepre\u010dite tako, da prilagodite nastavitve v svojem brskalniku (za navodila glejte pomo\u010d brskalnika). Zavedajte se, da bo onemogo\u010danje pi\u0161kotkov vplivalo na delovanje tega in mnogih drugih spletnih mest, ki jih obi\u0161\u010dete. Onemogo\u010danje pi\u0161kotkov obi\u010dajno povzro\u010di tudi onemogo\u010danje dolo\u010denih funkcij in funkcij tega spletnega mesta. Zato je priporo\u010dljivo, da pi\u0161kotkov ne onemogo\u010dite.<\/p>\n\n\n\n<h3 class=\"wp-block-heading\">Pi\u0161kotki, ki jih nastavimo<\/h3>\n\n\n\n<h3 class=\"wp-block-heading\">Pi\u0161kotki tretjih oseb<\/h3>\n\n\n\n<p>V nekaterih posebnih primerih uporabljamo tudi pi\u0161kotke, ki jih zagotavljajo zaupanja vredne tretje osebe. V naslednjem razdelku je podrobno opisano, s katerimi pi\u0161kotki tretjih oseb se lahko sre\u010date na tem spletnem mestu.<\/p>\n\n\n\n<ul class=\"wp-block-list\">\n<li>Storitev Google AdSense, ki jo uporabljamo za prikazovanje oglasov, uporablja pi\u0161kotek DoubleClick za prikazovanje ustreznej\u0161ih oglasov po spletu in omejitev \u0161tevila prikazov dolo\u010denega oglasa.<\/li>\n\n\n\n<li>Za ve\u010d informacij o storitvi Google AdSense si oglejte uradna pogosta vpra\u0161anja o zasebnosti v storitvi Google AdSense.<\/li>\n\n\n\n<li>Oglase uporabljamo za kritje stro\u0161kov delovanja te spletne strani in zagotavljanje sredstev za nadaljnji razvoj. Pi\u0161kotki za vedenjsko ogla\u0161evanje, ki jih uporablja ta spletna stran, so zasnovani tako, da vam, kjer je to mogo\u010de, prikazujemo najustreznej\u0161e oglase z anonimnim sledenjem va\u0161im interesom in predstavljanjem podobnih stvari, ki bi vas lahko zanimale.<\/li>\n\n\n\n<li>Ve\u010d partnerjev ogla\u0161uje v na\u0161em imenu, pi\u0161kotki za sledenje partnerskim programom pa nam preprosto omogo\u010dajo, da vidimo, ali so na\u0161e stranke pri\u0161le na spletno mesto prek enega od na\u0161ih partnerskih spletnih mest, da jim lahko ustrezno pripi\u0161emo kredit in po potrebi omogo\u010dimo na\u0161im partnerskim programom, da vam zagotovijo morebitne bonuse, ki vam jih lahko ponudijo za nakup.<\/li>\n<\/ul>\n\n\n\n<h3 class=\"wp-block-heading\">Odgovornosti uporabnika<\/h3>\n\n\n\n<p>Uporabnik se zavezuje, da bo vsebine in informacije, ki so na voljo na spletnem mestu, uporabljal na ustrezen na\u010din, z izjavljalnim, a ne posnemovalnim vedenjem:<\/p>\n\n\n\n<ul class=\"wp-block-list\">\n<li>A) Ne ukvarjati se z dejavnostmi, ki so nezakonite ali v nasprotju z dobro vero in javnim redom;<\/li>\n\n\n\n<li>B) Ne \u0161iriti propagande ali vsebin rasisti\u010dne, ksenofobne ali igralni\u0161ke narave, kakr\u0161ne koli nezakonite pornografije, teroristi\u010dnih trditev ali trditev, ki so v nasprotju s \u010dlovekovimi pravicami;<\/li>\n\n\n\n<li>C) Ne povzro\u010dajte \u0161kode fizi\u010dnim sistemom (strojna oprema) in nedosegljivim sistemom (programska oprema) podjetja Pilapk, njegovih dobaviteljev ali tretjih oseb, ne vna\u0161ajte ali \u0161irite ra\u010dunalni\u0161kih virusov ali katere koli druge strojne ali programske opreme, ki bi lahko povzro\u010dile prej omenjeno \u0161kodo.<\/li>\n<\/ul>\n\n\n\n<h3 class=\"wp-block-heading\">Ve\u010d informacij<\/h3>\n\n\n\n<p>Upam, da vam je to razjasnilo stvari, in kot je bilo \u017ee omenjeno, \u010de obstaja nekaj, za kar niste prepri\u010dani, ali ga potrebujete ali ne, je obi\u010dajno varneje, da pi\u0161kotke pustite omogo\u010dene, \u010de to vpliva na eno od funkcij, ki jih uporabljate na na\u0161em spletnem mestu.<\/p>\n\n\n\n<p>Ta politika velja od 9. aprila 2025 ob 11:57.<\/p>","protected":false},"excerpt":{"rendered":"<p>Your privacy is important to us. It is pilapk&#8217;s policy to respect your privacy regarding any information we may collect [&hellip;]<\/p>\n","protected":false},"author":1,"featured_media":0,"parent":0,"menu_order":0,"comment_status":"closed","ping_status":"closed","template":"","meta":{"site-sidebar-layout":"default","site-content-layout":"","ast-site-content-layout":"default","site-content-style":"default","site-sidebar-style":"default","ast-global-header-display":"","ast-banner-title-visibility":"","ast-main-header-display":"","ast-hfb-above-header-display":"","ast-hfb-below-header-display":"","ast-hfb-mobile-header-display":"","site-post-title":"","ast-breadcrumbs-content":"","ast-featured-img":"","footer-sml-layout":"","theme-transparent-header-meta":"","adv-header-id-meta":"","stick-header-meta":"","header-above-stick-meta":"","header-main-stick-meta":"","header-below-stick-meta":"","astra-migrate-meta-layouts":"default","ast-page-background-enabled":"default","ast-page-background-meta":{"desktop":{"background-color":"var(--ast-global-color-4)","background-image":"","background-repeat":"repeat","background-position":"center center","background-size":"auto","background-attachment":"scroll","background-type":"","background-media":"","overlay-type":"","overlay-color":"","overlay-opacity":"","overlay-gradient":""},"tablet":{"background-color":"","background-image":"","background-repeat":"repeat","background-position":"center center","background-size":"auto","background-attachment":"scroll","background-type":"","background-media":"","overlay-type":"","overlay-color":"","overlay-opacity":"","overlay-gradient":""},"mobile":{"background-color":"","background-image":"","background-repeat":"repeat","background-position":"center center","background-size":"auto","background-attachment":"scroll","background-type":"","background-media":"","overlay-type":"","overlay-color":"","overlay-opacity":"","overlay-gradient":""}},"ast-content-background-meta":{"desktop":{"background-color":"var(--ast-global-color-5)","background-image":"","background-repeat":"repeat","background-position":"center center","background-size":"auto","background-attachment":"scroll","background-type":"","background-media":"","overlay-type":"","overlay-color":"","overlay-opacity":"","overlay-gradient":""},"tablet":{"background-color":"var(--ast-global-color-5)","background-image":"","background-repeat":"repeat","background-position":"center center","background-size":"auto","background-attachment":"scroll","background-type":"","background-media":"","overlay-type":"","overlay-color":"","overlay-opacity":"","overlay-gradient":""},"mobile":{"background-color":"var(--ast-global-color-5)","background-image":"","background-repeat":"repeat","background-position":"center center","background-size":"auto","background-attachment":"scroll","background-type":"","background-media":"","overlay-type":"","overlay-color":"","overlay-opacity":"","overlay-gradient":""}},"footnotes":""},"class_list":["post-16","page","type-page","status-publish","hentry"],"_links":{"self":[{"href":"https:\/\/blog.pilapk.com\/sl\/wp-json\/wp\/v2\/pages\/16","targetHints":{"allow":["GET"]}}],"collection":[{"href":"https:\/\/blog.pilapk.com\/sl\/wp-json\/wp\/v2\/pages"}],"about":[{"href":"https:\/\/blog.pilapk.com\/sl\/wp-json\/wp\/v2\/types\/page"}],"author":[{"embeddable":true,"href":"https:\/\/blog.pilapk.com\/sl\/wp-json\/wp\/v2\/users\/1"}],"replies":[{"embeddable":true,"href":"https:\/\/blog.pilapk.com\/sl\/wp-json\/wp\/v2\/comments?post=16"}],"version-history":[{"count":1,"href":"https:\/\/blog.pilapk.com\/sl\/wp-json\/wp\/v2\/pages\/16\/revisions"}],"predecessor-version":[{"id":17,"href":"https:\/\/blog.pilapk.com\/sl\/wp-json\/wp\/v2\/pages\/16\/revisions\/17"}],"wp:attachment":[{"href":"https:\/\/blog.pilapk.com\/sl\/wp-json\/wp\/v2\/media?parent=16"}],"curies":[{"name":"delovni list","href":"https:\/\/api.w.org\/{rel}","templated":true}]}}