{"id":76,"date":"2025-05-26T18:01:31","date_gmt":"2025-05-26T18:01:31","guid":{"rendered":"https:\/\/blog.pilapk.com\/?page_id=76"},"modified":"2025-10-27T20:33:38","modified_gmt":"2025-10-27T20:33:38","slug":"o-nas","status":"publish","type":"page","link":"https:\/\/blog.pilapk.com\/sl\/about-us\/","title":{"rendered":"O nas"},"content":{"rendered":"<p><strong>blog.pilapk.com<\/strong> je bil ustvarjen s preprostim namenom: zagotoviti hitro, ustrezno in zanesljivo vsebino digitalnemu ob\u010dinstvu, ki i\u0161\u010de uporabne informacije. Ne glede na to, ali raziskujete nove mobilne aplikacije, i\u0161\u010dete zaposlitvene prilo\u017enosti, upravljate svoje finance ali se poglabljate v sodobne nasvete o odnosih \u2013 na\u0161 cilj je, da vam najbolj uporabne vsebine interneta prinesemo neposredno na zaslon.<\/p>\n\n\n\n<p>Razumemo, kako dragocen je va\u0161 \u010das. Zato se osredoto\u010damo na objavljanje vsebin, ki so jasne, dostopne in zasnovane tako, da zadovoljujejo resni\u010dne potrebe spletnih bralcev.<\/p>\n\n\n\n<hr class=\"wp-block-separator has-alpha-channel-opacity\"\/>\n\n\n\n<h3 class=\"wp-block-heading\">\ud83c\udf10 Na\u0161 pristop<\/h3>\n\n\n\n<p>Ob <strong>Blog Pilapk<\/strong>Ne objavljamo samo \u010dlankov \u2013 ustvarjamo izku\u0161nje. Na\u0161 uredni\u0161ki proces zdru\u017euje analizo digitalnih trendov s pregledovanjem vsebine s strani ljudi, da zagotovimo, da vsaka objava doda vrednost. Nenehno spremljamo, kaj uporabniki i\u0161\u010dejo, in se odzivamo z jedrnato, visoko u\u010dinkovito vsebino, optimizirano za vse naprave.<\/p>\n\n\n\n<hr class=\"wp-block-separator has-alpha-channel-opacity\"\/>\n\n\n\n<h3 class=\"wp-block-heading\">\ud83d\udcca Kako delujemo<\/h3>\n\n\n\n<ul class=\"wp-block-list\">\n<li>Objavljamo v kategorijah, kot so <strong>Aplikacije<\/strong>, <strong>Zmenki<\/strong>, <strong>Finance<\/strong>, <strong>Zaposlitve<\/strong>in <strong>\u017divljenjski slog<\/strong>.<\/li>\n\n\n\n<li>Na\u0161i viri prometa vklju\u010dujejo dru\u017ebena omre\u017eja, izvorne oglase in iskalnike.<\/li>\n\n\n\n<li>Odgovorno monetiziramo prek ogla\u0161evalskih partnerstev z <strong>Upravitelj oglasov Google<\/strong>, <strong>ADX<\/strong>in drugi zaupanja vredni ponudniki SSP-jev.<\/li>\n<\/ul>\n\n\n\n<hr class=\"wp-block-separator has-alpha-channel-opacity\"\/>\n\n\n\n<h3 class=\"wp-block-heading\">\ud83d\udd12 Transparentnost in integriteta<\/h3>\n\n\n\n<p>Zavezani smo k preglednosti. Ogla\u0161evanje nikoli ne vpliva na uredni\u0161ki ton na\u0161ih \u010dlankov in ohranjamo skladnost z vsemi glavnimi predpisi o zasebnosti, vklju\u010dno z <strong>GDPR<\/strong>, <strong>CCPA<\/strong>in <strong>Googlovi pravilniki za zalo\u017enike<\/strong>.<\/p>\n\n\n\n<hr class=\"wp-block-separator has-alpha-channel-opacity\"\/>\n\n\n\n<h3 class=\"wp-block-heading\">\ud83d\udcac Stopite v stik<\/h3>\n\n\n\n<p>Imate povratne informacije, poslovna vpra\u0161anja ali predloge za vsebino?<br>Kadarkoli nas kontaktirajte na: <strong><a>contact@blog.pilapk.com<\/a><\/strong><\/p>\n\n\n\n<p>Hvala, ker ste del skupnosti Pilapk.<\/p>","protected":false},"excerpt":{"rendered":"<p>blog.pilapk.com was built with a simple purpose: to deliver fast, relevant, and reliable content to digital audiences seeking actionable information. [&hellip;]<\/p>\n","protected":false},"author":1,"featured_media":0,"parent":0,"menu_order":0,"comment_status":"closed","ping_status":"closed","template":"","meta":{"site-sidebar-layout":"default","site-content-layout":"","ast-site-content-layout":"","site-content-style":"default","site-sidebar-style":"default","ast-global-header-display":"","ast-banner-title-visibility":"","ast-main-header-display":"","ast-hfb-above-header-display":"","ast-hfb-below-header-display":"","ast-hfb-mobile-header-display":"","site-post-title":"","ast-breadcrumbs-content":"","ast-featured-img":"","footer-sml-layout":"","theme-transparent-header-meta":"","adv-header-id-meta":"","stick-header-meta":"","header-above-stick-meta":"","header-main-stick-meta":"","header-below-stick-meta":"","astra-migrate-meta-layouts":"default","ast-page-background-enabled":"default","ast-page-background-meta":{"desktop":{"background-color":"var(--ast-global-color-4)","background-image":"","background-repeat":"repeat","background-position":"center center","background-size":"auto","background-attachment":"scroll","background-type":"","background-media":"","overlay-type":"","overlay-color":"","overlay-gradient":""},"tablet":{"background-color":"","background-image":"","background-repeat":"repeat","background-position":"center center","background-size":"auto","background-attachment":"scroll","background-type":"","background-media":"","overlay-type":"","overlay-color":"","overlay-gradient":""},"mobile":{"background-color":"","background-image":"","background-repeat":"repeat","background-position":"center center","background-size":"auto","background-attachment":"scroll","background-type":"","background-media":"","overlay-type":"","overlay-color":"","overlay-gradient":""}},"ast-content-background-meta":{"desktop":{"background-color":"var(--ast-global-color-5)","background-image":"","background-repeat":"repeat","background-position":"center center","background-size":"auto","background-attachment":"scroll","background-type":"","background-media":"","overlay-type":"","overlay-color":"","overlay-gradient":""},"tablet":{"background-color":"var(--ast-global-color-5)","background-image":"","background-repeat":"repeat","background-position":"center center","background-size":"auto","background-attachment":"scroll","background-type":"","background-media":"","overlay-type":"","overlay-color":"","overlay-gradient":""},"mobile":{"background-color":"var(--ast-global-color-5)","background-image":"","background-repeat":"repeat","background-position":"center center","background-size":"auto","background-attachment":"scroll","background-type":"","background-media":"","overlay-type":"","overlay-color":"","overlay-gradient":""}},"footnotes":""},"class_list":["post-76","page","type-page","status-publish","hentry"],"_links":{"self":[{"href":"https:\/\/blog.pilapk.com\/sl\/wp-json\/wp\/v2\/pages\/76","targetHints":{"allow":["GET"]}}],"collection":[{"href":"https:\/\/blog.pilapk.com\/sl\/wp-json\/wp\/v2\/pages"}],"about":[{"href":"https:\/\/blog.pilapk.com\/sl\/wp-json\/wp\/v2\/types\/page"}],"author":[{"embeddable":true,"href":"https:\/\/blog.pilapk.com\/sl\/wp-json\/wp\/v2\/users\/1"}],"replies":[{"embeddable":true,"href":"https:\/\/blog.pilapk.com\/sl\/wp-json\/wp\/v2\/comments?post=76"}],"version-history":[{"count":2,"href":"https:\/\/blog.pilapk.com\/sl\/wp-json\/wp\/v2\/pages\/76\/revisions"}],"predecessor-version":[{"id":405,"href":"https:\/\/blog.pilapk.com\/sl\/wp-json\/wp\/v2\/pages\/76\/revisions\/405"}],"wp:attachment":[{"href":"https:\/\/blog.pilapk.com\/sl\/wp-json\/wp\/v2\/media?parent=76"}],"curies":[{"name":"delovni list","href":"https:\/\/api.w.org\/{rel}","templated":true}]}}