{"id":78,"date":"2025-05-26T18:02:34","date_gmt":"2025-05-26T18:02:34","guid":{"rendered":"https:\/\/blog.pilapk.com\/?page_id=78"},"modified":"2025-05-26T18:02:36","modified_gmt":"2025-05-26T18:02:36","slug":"politika-piskotkov","status":"publish","type":"page","link":"https:\/\/blog.pilapk.com\/sl\/cookie-policy\/","title":{"rendered":"Pravilnik o pi\u0161kotkih"},"content":{"rendered":"<p><strong>Datum veljavnosti:<\/strong> 26. maj 2025<br><strong>Spletna stran:<\/strong> <a class=\"\" href=\"https:\/\/blog.pilapk.com\/sl\/\">https:\/\/blog.pilapk.com<\/a><\/p>\n\n\n\n<p>Ob <strong>Pilapk.com<\/strong>, preglednost je eno na\u0161ih temeljnih na\u010del. Ta politika pi\u0161kotkov opisuje, kako uporabljamo pi\u0161kotke in sorodne tehnologije za zagotavljanje hitre, varne in prilagojene izku\u0161nje brskanja. Pojasnjuje tudi, kako lahko te tehnologije nadzorujete v skladu z globalnimi predpisi o zasebnosti.<\/p>\n\n\n\n<hr class=\"wp-block-separator has-alpha-channel-opacity\"\/>\n\n\n\n<h3 class=\"wp-block-heading\">1. <strong>Razumevanje pi\u0161kotkov<\/strong><\/h3>\n\n\n\n<p>Pi\u0161kotki so majhne besedilne datoteke, ki se shranijo v va\u0161 ra\u010dunalnik ali mobilno napravo, ko obi\u0161\u010dete spletno mesto. Imajo ve\u010d funkcij, vklju\u010dno z:<\/p>\n\n\n\n<ul class=\"wp-block-list\">\n<li>Zapomni si uporabni\u0161ke nastavitve<\/li>\n\n\n\n<li>Omogo\u010danje varnega dostopa do strani<\/li>\n\n\n\n<li>Analiza vedenja prometa<\/li>\n\n\n\n<li>Podpora prikazovanju ustreznih oglasov<\/li>\n<\/ul>\n\n\n\n<p>Pi\u0161kotke lahko namestimo mi (&quot;<strong>pi\u0161kotki lastne strani<\/strong>\u201c) ali s strani tretjih oseb, katerih storitve uporabljamo (\u201e<strong>pi\u0161kotki tretjih oseb<\/strong>&#8220;).<\/p>\n\n\n\n<hr class=\"wp-block-separator has-alpha-channel-opacity\"\/>\n\n\n\n<h3 class=\"wp-block-heading\">2. <strong>Zakaj uporabljamo pi\u0161kotke<\/strong><\/h3>\n\n\n\n<p>Pi\u0161kotke uporabljamo za:<\/p>\n\n\n\n<ul class=\"wp-block-list\">\n<li><strong>Zagotovite pravilno delovanje spletnega mesta<\/strong><\/li>\n\n\n\n<li><strong>Analizirajte uspe\u0161nost<\/strong> prek orodij, kot je Google Analytics<\/li>\n\n\n\n<li><strong>Zagotavljanje ciljno usmerjenega ogla\u0161evanja<\/strong> prek programskih platform, kot so Google Ad Manager, AdSense in partnerji na strani povpra\u0161evanja<\/li>\n\n\n\n<li><strong>Izpolnjevanje zakonskih obveznosti<\/strong> glede obdelave podatkov in soglasja uporabnika<\/li>\n<\/ul>\n\n\n\n<hr class=\"wp-block-separator has-alpha-channel-opacity\"\/>\n\n\n\n<h3 class=\"wp-block-heading\">3. <strong>Kategorije uporabljenih pi\u0161kotkov<\/strong><\/h3>\n\n\n\n<h4 class=\"wp-block-heading\">a. <strong>Nujno potrebni pi\u0161kotki<\/strong><\/h4>\n\n\n\n<p>Ti pi\u0161kotki so bistveni za delovanje spletnega mesta in jih v na\u0161ih sistemih ni mogo\u010de onemogo\u010diti.<\/p>\n\n\n\n<h4 class=\"wp-block-heading\">b. <strong>Pi\u0161kotki za u\u010dinkovitost delovanja in analitiko<\/strong><\/h4>\n\n\n\n<p>Uporablja se za anonimno sledenje obiskov strani, pretoka uporabnikov in vedenja za izbolj\u0161anje u\u010dinkovitosti.<\/p>\n\n\n\n<h4 class=\"wp-block-heading\">c. <strong>Funkcionalni pi\u0161kotki<\/strong><\/h4>\n\n\n\n<p>Omogo\u010dite izbolj\u0161ane funkcije, kot sta izbira jezika ali pomnjenje prijavnih poverilnic.<\/p>\n\n\n\n<h4 class=\"wp-block-heading\">d. <strong>Ogla\u0161evalski pi\u0161kotki<\/strong><\/h4>\n\n\n\n<p>Uporabljajo ga na\u0161i ogla\u0161evalski partnerji za prikazovanje oglasov na podlagi interesov, upravljanje pogostosti prikazov in sledenje u\u010dinkovitosti oglasov na spletnih mestih.<\/p>\n\n\n\n<hr class=\"wp-block-separator has-alpha-channel-opacity\"\/>\n\n\n\n<h3 class=\"wp-block-heading\">4. <strong>Pi\u0161kotki tretjih oseb<\/strong><\/h3>\n\n\n\n<p>Nekatere pi\u0161kotke namestijo storitve, ki jih integriramo, kot so:<\/p>\n\n\n\n<ul class=\"wp-block-list\">\n<li><strong>Google Analytics<\/strong><\/li>\n\n\n\n<li><strong>Upravitelj oglasov Google \/ AdSense<\/strong><\/li>\n\n\n\n<li><strong>JoinAds, SSP-ji in partnerji RTB<\/strong><\/li>\n\n\n\n<li><strong>Platforme za upravljanje soglasij (CMP)<\/strong><\/li>\n<\/ul>\n\n\n\n<p>Te tretje osebe lahko uporabljajo pi\u0161kotke za zbiranje podatkov o uporabi, informacij o napravi in anonimiziranih identifikatorjev.<\/p>\n\n\n\n<p>Ve\u010d o tem lahko izveste v njihovih ustreznih politikah zasebnosti.<\/p>\n\n\n\n<hr class=\"wp-block-separator has-alpha-channel-opacity\"\/>\n\n\n\n<h3 class=\"wp-block-heading\">5. <strong>Soglasje in uporabni\u0161ki nadzor<\/strong><\/h3>\n\n\n\n<p>Ob va\u0161em prvem obisku na\u0161ega spletnega mesta se vam bo prikazal pasica za soglasje k pi\u0161kotkom.<\/p>\n\n\n\n<p>Lahko:<\/p>\n\n\n\n<ul class=\"wp-block-list\">\n<li>Sprejmi vse pi\u0161kotke<\/li>\n\n\n\n<li>Zavrni nebistvene pi\u0161kotke<\/li>\n\n\n\n<li>Prilagodite svoje nastavitve<\/li>\n<\/ul>\n\n\n\n<p>Svoje nastavitve lahko kadar koli posodobite prek <strong>\u00bbNastavitve pi\u0161kotkov\u00ab<\/strong> povezava v nogi strani.<\/p>\n\n\n\n<hr class=\"wp-block-separator has-alpha-channel-opacity\"\/>\n\n\n\n<h3 class=\"wp-block-heading\">6. <strong>Upravljanje pi\u0161kotkov v va\u0161em brskalniku<\/strong><\/h3>\n\n\n\n<p>Pi\u0161kotke lahko nadzorujete tudi prek brskalnika. Tukaj je nekaj virov:<\/p>\n\n\n\n<ul class=\"wp-block-list\">\n<li><a>Chrome<\/a><\/li>\n\n\n\n<li><a class=\"\" href=\"https:\/\/support.mozilla.org\/en-US\/kb\/enable-and-disable-cookies\">Firefox<\/a><\/li>\n\n\n\n<li><a class=\"\" href=\"https:\/\/support.apple.com\/en-us\/HT201265\">Safari<\/a><\/li>\n\n\n\n<li><a class=\"\" href=\"https:\/\/support.microsoft.com\/en-us\/microsoft-edge\/delete-cookies-in-microsoft-edge-63947406-40ac-c3b8-57b9-2a946a29ae09\">Rob<\/a><\/li>\n<\/ul>\n\n\n\n<hr class=\"wp-block-separator has-alpha-channel-opacity\"\/>\n\n\n\n<h3 class=\"wp-block-heading\">7. <strong>Skladnost z globalnimi zakoni<\/strong><\/h3>\n\n\n\n<p>Upo\u0161tevamo naslednje predpise:<\/p>\n\n\n\n<ul class=\"wp-block-list\">\n<li><strong>GDPR<\/strong> (EU) \u2013 Za nebistvene pi\u0161kotke je potrebno izrecno soglasje.<\/li>\n\n\n\n<li><strong>CCPA<\/strong> (Kalifornija) \u2013 Pravica do zavrnitve deljenja in prodaje podatkov.<\/li>\n\n\n\n<li><strong>LGPD<\/strong> (Brazilija) \u2013 Preglednost zbiranja podatkov in njihove zakonite uporabe.<\/li>\n<\/ul>\n\n\n\n<p>Prebivalci ustreznih regij lahko uveljavljajo svoje pravice prek namenskih povezav ali tako, da se obrnejo neposredno na nas.<\/p>\n\n\n\n<hr class=\"wp-block-separator has-alpha-channel-opacity\"\/>\n\n\n\n<h3 class=\"wp-block-heading\">8. <strong>Posodobitve te politike<\/strong><\/h3>\n\n\n\n<p>Ta politika pi\u0161kotkov se lahko ob\u010dasno spreminja, da odra\u017ea spremembe zakonskih obveznosti ali tehnologije. Vse spremembe bodo objavljene tukaj s posodobljenim \u00bbdatumom za\u010detka veljavnosti\u00ab.<\/p>\n\n\n\n<hr class=\"wp-block-separator has-alpha-channel-opacity\"\/>\n\n\n\n<h3 class=\"wp-block-heading\">9. <strong>Kontaktirajte nas<\/strong><\/h3>\n\n\n\n<p>Za vpra\u0161anja ali zahteve v zvezi s to politiko:<\/p>\n\n\n\n<p>\ud83d\udce7 <strong>E-po\u0161ta<\/strong>: <a>contact@blog.pilapk.com<\/a><br>\ud83c\udf10 <strong>Spletna stran<\/strong>: <a class=\"\" href=\"https:\/\/blog.pilapk.com\/sl\/\">https:\/\/blog.pilapk.com<\/a><\/p>","protected":false},"excerpt":{"rendered":"<p>Effective Date: May 26, 2025Website: https:\/\/blog.pilapk.com At Pilapk.com, transparency is one of our core principles. This Cookie Policy outlines how [&hellip;]<\/p>\n","protected":false},"author":1,"featured_media":0,"parent":0,"menu_order":0,"comment_status":"closed","ping_status":"closed","template":"","meta":{"site-sidebar-layout":"default","site-content-layout":"","ast-site-content-layout":"","site-content-style":"default","site-sidebar-style":"default","ast-global-header-display":"","ast-banner-title-visibility":"","ast-main-header-display":"","ast-hfb-above-header-display":"","ast-hfb-below-header-display":"","ast-hfb-mobile-header-display":"","site-post-title":"","ast-breadcrumbs-content":"","ast-featured-img":"","footer-sml-layout":"","theme-transparent-header-meta":"","adv-header-id-meta":"","stick-header-meta":"","header-above-stick-meta":"","header-main-stick-meta":"","header-below-stick-meta":"","astra-migrate-meta-layouts":"default","ast-page-background-enabled":"default","ast-page-background-meta":{"desktop":{"background-color":"var(--ast-global-color-4)","background-image":"","background-repeat":"repeat","background-position":"center center","background-size":"auto","background-attachment":"scroll","background-type":"","background-media":"","overlay-type":"","overlay-color":"","overlay-gradient":""},"tablet":{"background-color":"","background-image":"","background-repeat":"repeat","background-position":"center center","background-size":"auto","background-attachment":"scroll","background-type":"","background-media":"","overlay-type":"","overlay-color":"","overlay-gradient":""},"mobile":{"background-color":"","background-image":"","background-repeat":"repeat","background-position":"center center","background-size":"auto","background-attachment":"scroll","background-type":"","background-media":"","overlay-type":"","overlay-color":"","overlay-gradient":""}},"ast-content-background-meta":{"desktop":{"background-color":"var(--ast-global-color-5)","background-image":"","background-repeat":"repeat","background-position":"center center","background-size":"auto","background-attachment":"scroll","background-type":"","background-media":"","overlay-type":"","overlay-color":"","overlay-gradient":""},"tablet":{"background-color":"var(--ast-global-color-5)","background-image":"","background-repeat":"repeat","background-position":"center center","background-size":"auto","background-attachment":"scroll","background-type":"","background-media":"","overlay-type":"","overlay-color":"","overlay-gradient":""},"mobile":{"background-color":"var(--ast-global-color-5)","background-image":"","background-repeat":"repeat","background-position":"center center","background-size":"auto","background-attachment":"scroll","background-type":"","background-media":"","overlay-type":"","overlay-color":"","overlay-gradient":""}},"footnotes":""},"class_list":["post-78","page","type-page","status-publish","hentry"],"_links":{"self":[{"href":"https:\/\/blog.pilapk.com\/sl\/wp-json\/wp\/v2\/pages\/78","targetHints":{"allow":["GET"]}}],"collection":[{"href":"https:\/\/blog.pilapk.com\/sl\/wp-json\/wp\/v2\/pages"}],"about":[{"href":"https:\/\/blog.pilapk.com\/sl\/wp-json\/wp\/v2\/types\/page"}],"author":[{"embeddable":true,"href":"https:\/\/blog.pilapk.com\/sl\/wp-json\/wp\/v2\/users\/1"}],"replies":[{"embeddable":true,"href":"https:\/\/blog.pilapk.com\/sl\/wp-json\/wp\/v2\/comments?post=78"}],"version-history":[{"count":1,"href":"https:\/\/blog.pilapk.com\/sl\/wp-json\/wp\/v2\/pages\/78\/revisions"}],"predecessor-version":[{"id":79,"href":"https:\/\/blog.pilapk.com\/sl\/wp-json\/wp\/v2\/pages\/78\/revisions\/79"}],"wp:attachment":[{"href":"https:\/\/blog.pilapk.com\/sl\/wp-json\/wp\/v2\/media?parent=78"}],"curies":[{"name":"delovni list","href":"https:\/\/api.w.org\/{rel}","templated":true}]}}