{"id":76,"date":"2025-05-26T18:01:31","date_gmt":"2025-05-26T18:01:31","guid":{"rendered":"https:\/\/blog.pilapk.com\/?page_id=76"},"modified":"2025-10-27T20:33:38","modified_gmt":"2025-10-27T20:33:38","slug":"om-oss","status":"publish","type":"page","link":"https:\/\/blog.pilapk.com\/sv\/about-us\/","title":{"rendered":"Om oss"},"content":{"rendered":"<p><strong>blog.pilapk.com<\/strong> byggdes med ett enkelt syfte: att leverera snabbt, relevant och tillf\u00f6rlitligt inneh\u00e5ll till digitala m\u00e5lgrupper som s\u00f6ker anv\u00e4ndbar information. Oavsett om du utforskar nya mobilappar, letar efter jobbannonser, hanterar din ekonomi eller f\u00f6rdjupar dig i moderna relationsr\u00e5d \u2013 \u00e4r v\u00e5rt m\u00e5l att ge internets mest anv\u00e4ndbara inneh\u00e5ll direkt till din sk\u00e4rm.<\/p>\n\n\n\n<p>Vi f\u00f6rst\u00e5r hur v\u00e4rdefull din tid \u00e4r. D\u00e4rf\u00f6r fokuserar vi p\u00e5 att publicera inneh\u00e5ll som \u00e4r tydligt, l\u00e4ttillg\u00e4ngligt och utformat f\u00f6r att m\u00f6ta de verkliga behoven hos onlinel\u00e4sare.<\/p>\n\n\n\n<hr class=\"wp-block-separator has-alpha-channel-opacity\"\/>\n\n\n\n<h3 class=\"wp-block-heading\">\ud83c\udf10 V\u00e5rt tillv\u00e4gag\u00e5ngss\u00e4tt<\/h3>\n\n\n\n<p>P\u00e5 <strong>Blog Pilapk<\/strong>Vi publicerar inte bara artiklar \u2013 vi sammanst\u00e4ller upplevelser. V\u00e5r redaktionella process kombinerar digital trendanalys med granskning av m\u00e4nskligt inneh\u00e5ll f\u00f6r att s\u00e4kerst\u00e4lla att varje inl\u00e4gg ger merv\u00e4rde. Vi \u00f6vervakar st\u00e4ndigt vad anv\u00e4ndarna s\u00f6ker efter och svarar med koncist, h\u00f6gpresterande inneh\u00e5ll optimerat f\u00f6r alla enheter.<\/p>\n\n\n\n<hr class=\"wp-block-separator has-alpha-channel-opacity\"\/>\n\n\n\n<h3 class=\"wp-block-heading\">\ud83d\udcca S\u00e5 h\u00e4r arbetar vi<\/h3>\n\n\n\n<ul class=\"wp-block-list\">\n<li>Vi publicerar inom kategorier som <strong>Appar<\/strong>, <strong>Dejting<\/strong>, <strong>Finansiera<\/strong>, <strong>Jobb<\/strong>och <strong>Livsstil<\/strong>.<\/li>\n\n\n\n<li>V\u00e5ra trafikk\u00e4llor inkluderar sociala plattformar, native-annonser och s\u00f6kmotorer.<\/li>\n\n\n\n<li>Vi tj\u00e4nar pengar p\u00e5 ett ansvarsfullt s\u00e4tt genom annonspartnerskap med <strong>Google Ad Manager<\/strong>, <strong>ADX<\/strong>och andra betrodda SSP:er.<\/li>\n<\/ul>\n\n\n\n<hr class=\"wp-block-separator has-alpha-channel-opacity\"\/>\n\n\n\n<h3 class=\"wp-block-heading\">\ud83d\udd12 Transparens och integritet<\/h3>\n\n\n\n<p>Vi \u00e4r engagerade i transparens. Reklam p\u00e5verkar aldrig den redaktionella tonen i v\u00e5ra artiklar, och vi f\u00f6ljer alla viktiga integritetsregler, inklusive <strong>GDPR<\/strong>, <strong>CCPA<\/strong>och <strong>Googles utgivarpolicyer<\/strong>.<\/p>\n\n\n\n<hr class=\"wp-block-separator has-alpha-channel-opacity\"\/>\n\n\n\n<h3 class=\"wp-block-heading\">\ud83d\udcac Kontakta oss<\/h3>\n\n\n\n<p>Har du feedback, aff\u00e4rsf\u00f6rfr\u00e5gningar eller f\u00f6rslag p\u00e5 inneh\u00e5ll?<br>N\u00e5 oss n\u00e4r som helst p\u00e5: <strong><a>contact@blog.pilapk.com<\/a><\/strong><\/p>\n\n\n\n<p>Tack f\u00f6r att du \u00e4r en del av Pilapk-gemenskapen.<\/p>","protected":false},"excerpt":{"rendered":"<p>blog.pilapk.com was built with a simple purpose: to deliver fast, relevant, and reliable content to digital audiences seeking actionable information. [&hellip;]<\/p>\n","protected":false},"author":1,"featured_media":0,"parent":0,"menu_order":0,"comment_status":"closed","ping_status":"closed","template":"","meta":{"site-sidebar-layout":"default","site-content-layout":"","ast-site-content-layout":"","site-content-style":"default","site-sidebar-style":"default","ast-global-header-display":"","ast-banner-title-visibility":"","ast-main-header-display":"","ast-hfb-above-header-display":"","ast-hfb-below-header-display":"","ast-hfb-mobile-header-display":"","site-post-title":"","ast-breadcrumbs-content":"","ast-featured-img":"","footer-sml-layout":"","theme-transparent-header-meta":"","adv-header-id-meta":"","stick-header-meta":"","header-above-stick-meta":"","header-main-stick-meta":"","header-below-stick-meta":"","astra-migrate-meta-layouts":"default","ast-page-background-enabled":"default","ast-page-background-meta":{"desktop":{"background-color":"var(--ast-global-color-4)","background-image":"","background-repeat":"repeat","background-position":"center center","background-size":"auto","background-attachment":"scroll","background-type":"","background-media":"","overlay-type":"","overlay-color":"","overlay-gradient":""},"tablet":{"background-color":"","background-image":"","background-repeat":"repeat","background-position":"center center","background-size":"auto","background-attachment":"scroll","background-type":"","background-media":"","overlay-type":"","overlay-color":"","overlay-gradient":""},"mobile":{"background-color":"","background-image":"","background-repeat":"repeat","background-position":"center center","background-size":"auto","background-attachment":"scroll","background-type":"","background-media":"","overlay-type":"","overlay-color":"","overlay-gradient":""}},"ast-content-background-meta":{"desktop":{"background-color":"var(--ast-global-color-5)","background-image":"","background-repeat":"repeat","background-position":"center center","background-size":"auto","background-attachment":"scroll","background-type":"","background-media":"","overlay-type":"","overlay-color":"","overlay-gradient":""},"tablet":{"background-color":"var(--ast-global-color-5)","background-image":"","background-repeat":"repeat","background-position":"center center","background-size":"auto","background-attachment":"scroll","background-type":"","background-media":"","overlay-type":"","overlay-color":"","overlay-gradient":""},"mobile":{"background-color":"var(--ast-global-color-5)","background-image":"","background-repeat":"repeat","background-position":"center center","background-size":"auto","background-attachment":"scroll","background-type":"","background-media":"","overlay-type":"","overlay-color":"","overlay-gradient":""}},"footnotes":""},"class_list":["post-76","page","type-page","status-publish","hentry"],"_links":{"self":[{"href":"https:\/\/blog.pilapk.com\/sv\/wp-json\/wp\/v2\/pages\/76","targetHints":{"allow":["GET"]}}],"collection":[{"href":"https:\/\/blog.pilapk.com\/sv\/wp-json\/wp\/v2\/pages"}],"about":[{"href":"https:\/\/blog.pilapk.com\/sv\/wp-json\/wp\/v2\/types\/page"}],"author":[{"embeddable":true,"href":"https:\/\/blog.pilapk.com\/sv\/wp-json\/wp\/v2\/users\/1"}],"replies":[{"embeddable":true,"href":"https:\/\/blog.pilapk.com\/sv\/wp-json\/wp\/v2\/comments?post=76"}],"version-history":[{"count":2,"href":"https:\/\/blog.pilapk.com\/sv\/wp-json\/wp\/v2\/pages\/76\/revisions"}],"predecessor-version":[{"id":405,"href":"https:\/\/blog.pilapk.com\/sv\/wp-json\/wp\/v2\/pages\/76\/revisions\/405"}],"wp:attachment":[{"href":"https:\/\/blog.pilapk.com\/sv\/wp-json\/wp\/v2\/media?parent=76"}],"curies":[{"name":"wp","href":"https:\/\/api.w.org\/{rel}","templated":true}]}}