{"id":78,"date":"2025-05-26T18:02:34","date_gmt":"2025-05-26T18:02:34","guid":{"rendered":"https:\/\/blog.pilapk.com\/?page_id=78"},"modified":"2025-05-26T18:02:36","modified_gmt":"2025-05-26T18:02:36","slug":"cookiepolicy","status":"publish","type":"page","link":"https:\/\/blog.pilapk.com\/sv\/cookie-policy\/","title":{"rendered":"Cookiepolicy"},"content":{"rendered":"<p><strong>Ikrafttr\u00e4dandedatum:<\/strong> 26 maj 2025<br><strong>Webbplats:<\/strong> <a class=\"\" href=\"https:\/\/blog.pilapk.com\/sv\/\">https:\/\/blog.pilapk.com<\/a><\/p>\n\n\n\n<p>P\u00e5 <strong>Pilapk.com<\/strong>, transparens \u00e4r en av v\u00e5ra k\u00e4rnprinciper. Denna cookiepolicy beskriver hur vi anv\u00e4nder cookies och relaterade tekniker f\u00f6r att leverera en snabb, s\u00e4ker och personlig webbupplevelse. Den f\u00f6rklarar ocks\u00e5 hur du kan kontrollera dessa tekniker i enlighet med globala integritetsregler.<\/p>\n\n\n\n<hr class=\"wp-block-separator has-alpha-channel-opacity\"\/>\n\n\n\n<h3 class=\"wp-block-heading\">1. <strong>F\u00f6rst\u00e5 cookies<\/strong><\/h3>\n\n\n\n<p>Cookies \u00e4r sm\u00e5 textfiler som lagras p\u00e5 din dator eller mobila enhet n\u00e4r du bes\u00f6ker en webbplats. De har flera funktioner, inklusive:<\/p>\n\n\n\n<ul class=\"wp-block-list\">\n<li>Komma ih\u00e5g anv\u00e4ndarinst\u00e4llningar<\/li>\n\n\n\n<li>Aktivera s\u00e4ker \u00e5tkomst till sidor<\/li>\n\n\n\n<li>Analysera trafikbeteende<\/li>\n\n\n\n<li>St\u00f6dja relevant annonsleverans<\/li>\n<\/ul>\n\n\n\n<p>Vi kan komma att placera kakor (\u201c<strong>f\u00f6rstapartscookies<\/strong>\u201c) eller av tredje parter vars tj\u00e4nster vi anv\u00e4nder (\u201c<strong>tredjepartscookies<\/strong>&#8220;).<\/p>\n\n\n\n<hr class=\"wp-block-separator has-alpha-channel-opacity\"\/>\n\n\n\n<h3 class=\"wp-block-heading\">2. <strong>Varf\u00f6r vi anv\u00e4nder cookies<\/strong><\/h3>\n\n\n\n<p>Vi anv\u00e4nder cookies f\u00f6r att:<\/p>\n\n\n\n<ul class=\"wp-block-list\">\n<li><strong>S\u00e4kerst\u00e4ll att webbplatsen fungerar korrekt<\/strong><\/li>\n\n\n\n<li><strong>Analysera prestanda<\/strong> genom verktyg som Google Analytics<\/li>\n\n\n\n<li><strong>Leverera riktad annonsering<\/strong> via programmatiska plattformar som Google Ad Manager, AdSense och partners p\u00e5 efterfr\u00e5gesidan<\/li>\n\n\n\n<li><strong>F\u00f6lja r\u00e4ttsliga skyldigheter<\/strong> g\u00e4llande datahantering och anv\u00e4ndares samtycke<\/li>\n<\/ul>\n\n\n\n<hr class=\"wp-block-separator has-alpha-channel-opacity\"\/>\n\n\n\n<h3 class=\"wp-block-heading\">3. <strong>Kategorier av cookies som anv\u00e4nds<\/strong><\/h3>\n\n\n\n<h4 class=\"wp-block-heading\">en. <strong>Absolut n\u00f6dv\u00e4ndiga cookies<\/strong><\/h4>\n\n\n\n<p>Dessa cookies \u00e4r n\u00f6dv\u00e4ndiga f\u00f6r att webbplatsen ska fungera och kan inte inaktiveras i v\u00e5ra system.<\/p>\n\n\n\n<h4 class=\"wp-block-heading\">b. <strong>Prestanda- och analyscookies<\/strong><\/h4>\n\n\n\n<p>Anv\u00e4nds f\u00f6r att anonymt sp\u00e5ra sidbes\u00f6k, anv\u00e4ndarfl\u00f6de och beteende f\u00f6r att f\u00f6rb\u00e4ttra prestanda.<\/p>\n\n\n\n<h4 class=\"wp-block-heading\">c. <strong>Funktionella cookies<\/strong><\/h4>\n\n\n\n<p>Aktivera f\u00f6rb\u00e4ttrade funktioner som spr\u00e5kval eller att komma ih\u00e5g inloggningsuppgifter.<\/p>\n\n\n\n<h4 class=\"wp-block-heading\">d. <strong>Reklamkakor<\/strong><\/h4>\n\n\n\n<p>Anv\u00e4nds av v\u00e5ra annonspartners f\u00f6r att visa intressebaserade annonser, hantera visningsfrekvens och sp\u00e5ra annonsers effektivitet p\u00e5 olika webbplatser.<\/p>\n\n\n\n<hr class=\"wp-block-separator has-alpha-channel-opacity\"\/>\n\n\n\n<h3 class=\"wp-block-heading\">4. <strong>Tredjepartscookies<\/strong><\/h3>\n\n\n\n<p>Vissa cookies placeras av tj\u00e4nster vi integrerar, till exempel:<\/p>\n\n\n\n<ul class=\"wp-block-list\">\n<li><strong>Google Analytics<\/strong><\/li>\n\n\n\n<li><strong>Google Ad Manager \/ AdSense<\/strong><\/li>\n\n\n\n<li><strong>JoinAds, SSP:er och RTB-partners<\/strong><\/li>\n\n\n\n<li><strong>Plattformar f\u00f6r samtyckeshantering (CMP)<\/strong><\/li>\n<\/ul>\n\n\n\n<p>Dessa tredje parter kan anv\u00e4nda cookies f\u00f6r att samla in anv\u00e4ndningsdata, enhetsinformation och anonymiserade identifierare.<\/p>\n\n\n\n<p>Du kan l\u00e4sa mer via deras respektive integritetspolicyer.<\/p>\n\n\n\n<hr class=\"wp-block-separator has-alpha-channel-opacity\"\/>\n\n\n\n<h3 class=\"wp-block-heading\">5. <strong>Samtycke och anv\u00e4ndarkontroll<\/strong><\/h3>\n\n\n\n<p>Vid ditt f\u00f6rsta bes\u00f6k p\u00e5 v\u00e5r webbplats kommer du att se en banner f\u00f6r samtycke till cookies.<\/p>\n\n\n\n<p>Du kan:<\/p>\n\n\n\n<ul class=\"wp-block-list\">\n<li>Acceptera alla cookies<\/li>\n\n\n\n<li>Avvisa icke-n\u00f6dv\u00e4ndiga cookies<\/li>\n\n\n\n<li>Anpassa dina inst\u00e4llningar<\/li>\n<\/ul>\n\n\n\n<p>Du kan uppdatera dina inst\u00e4llningar n\u00e4r som helst via <strong>&quot;Cookie-inst\u00e4llningar&quot;<\/strong> l\u00e4nk i sidfoten.<\/p>\n\n\n\n<hr class=\"wp-block-separator has-alpha-channel-opacity\"\/>\n\n\n\n<h3 class=\"wp-block-heading\">6. <strong>Hantera cookies i din webbl\u00e4sare<\/strong><\/h3>\n\n\n\n<p>Du kan ocks\u00e5 kontrollera cookies via din webbl\u00e4sare. H\u00e4r \u00e4r n\u00e5gra resurser:<\/p>\n\n\n\n<ul class=\"wp-block-list\">\n<li><a>Krom<\/a><\/li>\n\n\n\n<li><a class=\"\" href=\"https:\/\/support.mozilla.org\/en-US\/kb\/enable-and-disable-cookies\">Firefox<\/a><\/li>\n\n\n\n<li><a class=\"\" href=\"https:\/\/support.apple.com\/en-us\/HT201265\">Safari<\/a><\/li>\n\n\n\n<li><a class=\"\" href=\"https:\/\/support.microsoft.com\/en-us\/microsoft-edge\/delete-cookies-in-microsoft-edge-63947406-40ac-c3b8-57b9-2a946a29ae09\">Kant<\/a><\/li>\n<\/ul>\n\n\n\n<hr class=\"wp-block-separator has-alpha-channel-opacity\"\/>\n\n\n\n<h3 class=\"wp-block-heading\">7. <strong>Efterlevnad av globala lagar<\/strong><\/h3>\n\n\n\n<p>Vi f\u00f6ljer f\u00f6ljande regler:<\/p>\n\n\n\n<ul class=\"wp-block-list\">\n<li><strong>GDPR<\/strong> (EU) \u2013 Uttryckligt samtycke kr\u00e4vs f\u00f6r icke-n\u00f6dv\u00e4ndiga cookies.<\/li>\n\n\n\n<li><strong>CCPA<\/strong> (Kalifornien) \u2013 R\u00e4tt att v\u00e4lja bort datadelning och f\u00f6rs\u00e4ljning.<\/li>\n\n\n\n<li><strong>LGPD<\/strong> (Brasilien) \u2013 Transparens kring datainsamling och laglig anv\u00e4ndning.<\/li>\n<\/ul>\n\n\n\n<p>Inv\u00e5nare i till\u00e4mpliga regioner kan ut\u00f6va sina r\u00e4ttigheter via s\u00e4rskilda l\u00e4nkar eller genom att kontakta oss direkt.<\/p>\n\n\n\n<hr class=\"wp-block-separator has-alpha-channel-opacity\"\/>\n\n\n\n<h3 class=\"wp-block-heading\">8. <strong>Uppdateringar av denna policy<\/strong><\/h3>\n\n\n\n<p>Denna cookiepolicy kan komma att revideras regelbundet f\u00f6r att \u00e5terspegla f\u00f6r\u00e4ndringar i juridiska skyldigheter eller teknik. Eventuella \u00e4ndringar kommer att publiceras h\u00e4r med ett uppdaterat &quot;ikrafttr\u00e4dandedatum&quot;.<\/p>\n\n\n\n<hr class=\"wp-block-separator has-alpha-channel-opacity\"\/>\n\n\n\n<h3 class=\"wp-block-heading\">9. <strong>Kontakta oss<\/strong><\/h3>\n\n\n\n<p>F\u00f6r fr\u00e5gor eller f\u00f6rfr\u00e5gningar relaterade till denna policy:<\/p>\n\n\n\n<p>\ud83d\udce7 <strong>E-post<\/strong>: <a>contact@blog.pilapk.com<\/a><br>\ud83c\udf10 <strong>Webbplats<\/strong>: <a class=\"\" href=\"https:\/\/blog.pilapk.com\/sv\/\">https:\/\/blog.pilapk.com<\/a><\/p>","protected":false},"excerpt":{"rendered":"<p>Effective Date: May 26, 2025Website: https:\/\/blog.pilapk.com At Pilapk.com, transparency is one of our core principles. This Cookie Policy outlines how [&hellip;]<\/p>\n","protected":false},"author":1,"featured_media":0,"parent":0,"menu_order":0,"comment_status":"closed","ping_status":"closed","template":"","meta":{"site-sidebar-layout":"default","site-content-layout":"","ast-site-content-layout":"","site-content-style":"default","site-sidebar-style":"default","ast-global-header-display":"","ast-banner-title-visibility":"","ast-main-header-display":"","ast-hfb-above-header-display":"","ast-hfb-below-header-display":"","ast-hfb-mobile-header-display":"","site-post-title":"","ast-breadcrumbs-content":"","ast-featured-img":"","footer-sml-layout":"","theme-transparent-header-meta":"","adv-header-id-meta":"","stick-header-meta":"","header-above-stick-meta":"","header-main-stick-meta":"","header-below-stick-meta":"","astra-migrate-meta-layouts":"default","ast-page-background-enabled":"default","ast-page-background-meta":{"desktop":{"background-color":"var(--ast-global-color-4)","background-image":"","background-repeat":"repeat","background-position":"center center","background-size":"auto","background-attachment":"scroll","background-type":"","background-media":"","overlay-type":"","overlay-color":"","overlay-gradient":""},"tablet":{"background-color":"","background-image":"","background-repeat":"repeat","background-position":"center center","background-size":"auto","background-attachment":"scroll","background-type":"","background-media":"","overlay-type":"","overlay-color":"","overlay-gradient":""},"mobile":{"background-color":"","background-image":"","background-repeat":"repeat","background-position":"center center","background-size":"auto","background-attachment":"scroll","background-type":"","background-media":"","overlay-type":"","overlay-color":"","overlay-gradient":""}},"ast-content-background-meta":{"desktop":{"background-color":"var(--ast-global-color-5)","background-image":"","background-repeat":"repeat","background-position":"center center","background-size":"auto","background-attachment":"scroll","background-type":"","background-media":"","overlay-type":"","overlay-color":"","overlay-gradient":""},"tablet":{"background-color":"var(--ast-global-color-5)","background-image":"","background-repeat":"repeat","background-position":"center center","background-size":"auto","background-attachment":"scroll","background-type":"","background-media":"","overlay-type":"","overlay-color":"","overlay-gradient":""},"mobile":{"background-color":"var(--ast-global-color-5)","background-image":"","background-repeat":"repeat","background-position":"center center","background-size":"auto","background-attachment":"scroll","background-type":"","background-media":"","overlay-type":"","overlay-color":"","overlay-gradient":""}},"footnotes":""},"class_list":["post-78","page","type-page","status-publish","hentry"],"_links":{"self":[{"href":"https:\/\/blog.pilapk.com\/sv\/wp-json\/wp\/v2\/pages\/78","targetHints":{"allow":["GET"]}}],"collection":[{"href":"https:\/\/blog.pilapk.com\/sv\/wp-json\/wp\/v2\/pages"}],"about":[{"href":"https:\/\/blog.pilapk.com\/sv\/wp-json\/wp\/v2\/types\/page"}],"author":[{"embeddable":true,"href":"https:\/\/blog.pilapk.com\/sv\/wp-json\/wp\/v2\/users\/1"}],"replies":[{"embeddable":true,"href":"https:\/\/blog.pilapk.com\/sv\/wp-json\/wp\/v2\/comments?post=78"}],"version-history":[{"count":1,"href":"https:\/\/blog.pilapk.com\/sv\/wp-json\/wp\/v2\/pages\/78\/revisions"}],"predecessor-version":[{"id":79,"href":"https:\/\/blog.pilapk.com\/sv\/wp-json\/wp\/v2\/pages\/78\/revisions\/79"}],"wp:attachment":[{"href":"https:\/\/blog.pilapk.com\/sv\/wp-json\/wp\/v2\/media?parent=78"}],"curies":[{"name":"wp","href":"https:\/\/api.w.org\/{rel}","templated":true}]}}